{"id":12548,"date":"2017-02-03T15:02:41","date_gmt":"2017-02-03T14:02:41","guid":{"rendered":"http:\/\/blog.getscenario.com\/fr\/?page_id=12548"},"modified":"2019-02-24T23:09:03","modified_gmt":"2019-02-24T22:09:03","slug":"comment-skype-pourrait-ameliorer-sa-homepage-avec-scenario","status":"publish","type":"page","link":"https:\/\/www.convertize.com\/fr\/comment-skype-pourrait-ameliorer-sa-homepage-avec-scenario\/","title":{"rendered":"Comment Skype pourrait am\u00e9liorer sa Homepage avec Convertize"},"content":{"rendered":"<span class=\"rt-reading-time\" style=\"display: block;\"><span class=\"rt-label rt-prefix\">Temps de lecture : <\/span> <span class=\"rt-time\">2<\/span> <span class=\"rt-label rt-postfix\">minutes<\/span><\/span><p><strong>Site web :<\/strong> Skype<\/p>\n<p><strong>Tactique utilis\u00e9e sur Convertize :<\/strong>\u00a0Tactique 10 &#8211; Ajoutez des t\u00e9moignages et avis clients sur votre Home page.<\/p>\n<p><strong>Originale :<\/strong><\/p>\n<p><img loading=\"lazy\" decoding=\"async\" class=\"alignnone size-full wp-image-12549\" src=\" https:\/\/www.convertize.com\/fr\/wp-content\/uploads\/2017\/02\/1-Skype-Original-1024x690.png\" alt=\"\" width=\"1024\" height=\"690\" \/><\/p>\n<p><strong>Tactique 10 :<\/strong> Offrir une preuve sociale (<a href=\"https:\/\/www.convertize.com\/fr\/influence-sociale\/\">effet d&rsquo;influence sociale<\/a>) est un moyen puissant de persuader les internautes d&rsquo;acheter vos produits ou d&rsquo;utiliser vos services.<\/p>\n<p><img loading=\"lazy\" decoding=\"async\" class=\"alignnone size-full wp-image-12550\" src=\" https:\/\/www.convertize.com\/fr\/wp-content\/uploads\/2017\/02\/2-Skype-Add-tactic-1024x690.png\" alt=\"\" width=\"1024\" height=\"690\" \/><\/p>\n<p><strong>\u00c9diteur (Tactique 10) :<\/strong> Il y a deux fa\u00e7ons d&rsquo;ajouter un \u00e9l\u00e9ment \u00e0 la page &#8211; vous pouvez soit ajouter du texte, soit des images. Dans ce cas, le texte a \u00e9t\u00e9 ajout\u00e9 dans un espace vide pr\u00e9d\u00e9fini pour ajouter les t\u00e9moignages.<\/p>\n<p><img loading=\"lazy\" decoding=\"async\" class=\"alignnone size-full wp-image-12551\" src=\" https:\/\/www.convertize.com\/fr\/wp-content\/uploads\/2017\/02\/3-Skype-apply-tactic-1024x712.png\" alt=\"\" width=\"1024\" height=\"712\" \/><\/p>\n<p><strong>Version actualis\u00e9e :\u00a0<\/strong>Sur cette capture d&rsquo;\u00e9cran, vous pouvez voir les t\u00e9moignages qui ont \u00e9t\u00e9 ajout\u00e9s, offrant la preuve sociale que le produit est r\u00e9ellement utilis\u00e9 par d&rsquo;autres utilisateurs.<\/p>\n<p><img loading=\"lazy\" decoding=\"async\" class=\"alignnone size-full wp-image-12552\" src=\" https:\/\/www.convertize.com\/fr\/wp-content\/uploads\/2017\/02\/4-Skype-final-1024x680.png\" alt=\"\" width=\"1024\" height=\"680\" \/><\/p>\n<div class=\"social-btn\"><a class=\"col-1 sbtn s-twitter\" onclick=\"popupwindow('https:\/\/twitter.com\/intent\/tweet?text=Comment%20Skype%20pourrait%20am\u00e9liorer%20sa%20Homepage%20avec%20Convertize&amp;url=https%3A%2F%2Fwww.convertize.com%2Ffr%2Fcomment-skype-pourrait-ameliorer-sa-homepage-avec-scenario%2F&amp;via=convertize','Twitter Follow','600','600')\" href=\"javascript:void(0);\" target=\"_blank\" rel=\"nofollow\"><span>Share on Twitter<\/span><\/a><a class=\"col-1 sbtn s-facebook\" onclick=\"popupwindow('https:\/\/www.facebook.com\/sharer\/sharer.php?u=https%3A%2F%2Fwww.convertize.com%2Ffr%2Fcomment-skype-pourrait-ameliorer-sa-homepage-avec-scenario%2F','Facebook Follow','600','600')\" href=\"javascript:void(0);\" target=\"_blank\" rel=\"nofollow\"><span>Share on Facebook<\/span><\/a><a class=\"col-1 sbtn s-linkedin\" onclick=\"popupwindow('https:\/\/www.linkedin.com\/shareArticle?mini=true&url=https%3A%2F%2Fwww.convertize.com%2Ffr%2Fcomment-skype-pourrait-ameliorer-sa-homepage-avec-scenario%2F&amp;title=Comment%20Skype%20pourrait%20am\u00e9liorer%20sa%20Homepage%20avec%20Convertize&amp;description=','Linkedin Follow','600','600')\" href=\"javascript:void(0);\" target=\"_blank\" rel=\"nofollow\"><span>Share on Linkedin<\/span><\/a><\/div>","protected":false},"excerpt":{"rendered":"<p><span class=\"rt-reading-time\" style=\"display: block;\"><span class=\"rt-label rt-prefix\">Temps de lecture : <\/span> <span class=\"rt-time\">2<\/span> <span class=\"rt-label rt-postfix\">minutes<\/span><\/span> Site web : Skype Tactique utilis\u00e9e sur Convertize :\u00a0Tactique 10 &#8211; Ajoutez des t\u00e9moignages et avis clients sur votre Home page. Originale : Tactique 10 : Offrir une preuve sociale (effet d&rsquo;influence sociale) est un moyen puissant de persuader les internautes d&rsquo;acheter vos produits ou d&rsquo;utiliser vos services. \u00c9diteur (Tactique 10) : Il y a [&hellip;]<\/p>\n","protected":false},"author":19,"featured_media":0,"parent":0,"menu_order":0,"comment_status":"closed","ping_status":"closed","template":"page-examples.php","meta":{"_genesis_hide_title":false,"_genesis_hide_breadcrumbs":false,"_genesis_hide_singular_image":false,"_genesis_hide_footer_widgets":false,"_genesis_custom_body_class":"","_genesis_custom_post_class":"","_genesis_layout":"","footnotes":""},"categories":[],"tags":[],"class_list":{"0":"post-12548","1":"page","2":"type-page","3":"status-publish","5":"entry"},"yoast_head":"<!-- This site is optimized with the Yoast SEO plugin v23.7 - https:\/\/yoast.com\/wordpress\/plugins\/seo\/ -->\n<title>Comment Skype pourrait am\u00e9liorer sa Homepage avec Convertize - Convertize<\/title>\n<meta name=\"robots\" content=\"index, follow, max-snippet:-1, max-image-preview:large, max-video-preview:-1\" \/>\n<link rel=\"canonical\" href=\"https:\/\/www.convertize.com\/fr\/comment-skype-pourrait-ameliorer-sa-homepage-avec-scenario\/\" \/>\n<meta property=\"og:locale\" content=\"fr_FR\" \/>\n<meta property=\"og:type\" content=\"article\" \/>\n<meta property=\"og:title\" content=\"Comment Skype pourrait am\u00e9liorer sa Homepage avec Convertize - Convertize\" \/>\n<meta property=\"og:description\" content=\"Temps de lecture : 2 minutes Site web : Skype Tactique utilis\u00e9e sur Convertize :\u00a0Tactique 10 &#8211; Ajoutez des t\u00e9moignages et avis clients sur votre Home page. Originale : Tactique 10 : Offrir une preuve sociale (effet d&rsquo;influence sociale) est un moyen puissant de persuader les internautes d&rsquo;acheter vos produits ou d&rsquo;utiliser vos services. \u00c9diteur (Tactique 10) : Il y a [&hellip;]\" \/>\n<meta property=\"og:url\" content=\"https:\/\/www.convertize.com\/fr\/comment-skype-pourrait-ameliorer-sa-homepage-avec-scenario\/\" \/>\n<meta property=\"og:site_name\" content=\"Convertize\" \/>\n<meta property=\"article:modified_time\" content=\"2019-02-24T22:09:03+00:00\" \/>\n<meta name=\"twitter:card\" content=\"summary_large_image\" \/>\n<meta name=\"twitter:label1\" content=\"Dur\u00e9e de lecture estim\u00e9e\" \/>\n\t<meta name=\"twitter:data1\" content=\"1 minute\" \/>\n<script type=\"application\/ld+json\" class=\"yoast-schema-graph\">{\"@context\":\"https:\/\/schema.org\",\"@graph\":[{\"@type\":\"WebPage\",\"@id\":\"https:\/\/www.convertize.com\/fr\/comment-skype-pourrait-ameliorer-sa-homepage-avec-scenario\/\",\"url\":\"https:\/\/www.convertize.com\/fr\/comment-skype-pourrait-ameliorer-sa-homepage-avec-scenario\/\",\"name\":\"Comment Skype pourrait am\u00e9liorer sa Homepage avec Convertize - Convertize\",\"isPartOf\":{\"@id\":\"https:\/\/www.convertize.com\/fr\/#website\"},\"datePublished\":\"2017-02-03T14:02:41+00:00\",\"dateModified\":\"2019-02-24T22:09:03+00:00\",\"inLanguage\":\"fr-FR\",\"potentialAction\":[{\"@type\":\"ReadAction\",\"target\":[\"https:\/\/www.convertize.com\/fr\/comment-skype-pourrait-ameliorer-sa-homepage-avec-scenario\/\"]}]},{\"@type\":\"WebSite\",\"@id\":\"https:\/\/www.convertize.com\/fr\/#website\",\"url\":\"https:\/\/www.convertize.com\/fr\/\",\"name\":\"Convertize\",\"description\":\"May 2026\",\"potentialAction\":[{\"@type\":\"SearchAction\",\"target\":{\"@type\":\"EntryPoint\",\"urlTemplate\":\"https:\/\/www.convertize.com\/fr\/?s={search_term_string}\"},\"query-input\":{\"@type\":\"PropertyValueSpecification\",\"valueRequired\":true,\"valueName\":\"search_term_string\"}}],\"inLanguage\":\"fr-FR\"}]}<\/script>\n<!-- \/ Yoast SEO plugin. -->","yoast_head_json":{"title":"Comment Skype pourrait am\u00e9liorer sa Homepage avec Convertize - Convertize","robots":{"index":"index","follow":"follow","max-snippet":"max-snippet:-1","max-image-preview":"max-image-preview:large","max-video-preview":"max-video-preview:-1"},"canonical":"https:\/\/www.convertize.com\/fr\/comment-skype-pourrait-ameliorer-sa-homepage-avec-scenario\/","og_locale":"fr_FR","og_type":"article","og_title":"Comment Skype pourrait am\u00e9liorer sa Homepage avec Convertize - Convertize","og_description":"Temps de lecture : 2 minutes Site web : Skype Tactique utilis\u00e9e sur Convertize :\u00a0Tactique 10 &#8211; Ajoutez des t\u00e9moignages et avis clients sur votre Home page. Originale : Tactique 10 : Offrir une preuve sociale (effet d&rsquo;influence sociale) est un moyen puissant de persuader les internautes d&rsquo;acheter vos produits ou d&rsquo;utiliser vos services. \u00c9diteur (Tactique 10) : Il y a [&hellip;]","og_url":"https:\/\/www.convertize.com\/fr\/comment-skype-pourrait-ameliorer-sa-homepage-avec-scenario\/","og_site_name":"Convertize","article_modified_time":"2019-02-24T22:09:03+00:00","twitter_card":"summary_large_image","twitter_misc":{"Dur\u00e9e de lecture estim\u00e9e":"1 minute"},"schema":{"@context":"https:\/\/schema.org","@graph":[{"@type":"WebPage","@id":"https:\/\/www.convertize.com\/fr\/comment-skype-pourrait-ameliorer-sa-homepage-avec-scenario\/","url":"https:\/\/www.convertize.com\/fr\/comment-skype-pourrait-ameliorer-sa-homepage-avec-scenario\/","name":"Comment Skype pourrait am\u00e9liorer sa Homepage avec Convertize - Convertize","isPartOf":{"@id":"https:\/\/www.convertize.com\/fr\/#website"},"datePublished":"2017-02-03T14:02:41+00:00","dateModified":"2019-02-24T22:09:03+00:00","inLanguage":"fr-FR","potentialAction":[{"@type":"ReadAction","target":["https:\/\/www.convertize.com\/fr\/comment-skype-pourrait-ameliorer-sa-homepage-avec-scenario\/"]}]},{"@type":"WebSite","@id":"https:\/\/www.convertize.com\/fr\/#website","url":"https:\/\/www.convertize.com\/fr\/","name":"Convertize","description":"May 2026","potentialAction":[{"@type":"SearchAction","target":{"@type":"EntryPoint","urlTemplate":"https:\/\/www.convertize.com\/fr\/?s={search_term_string}"},"query-input":{"@type":"PropertyValueSpecification","valueRequired":true,"valueName":"search_term_string"}}],"inLanguage":"fr-FR"}]}},"_links":{"self":[{"href":"https:\/\/www.convertize.com\/fr\/wp-json\/wp\/v2\/pages\/12548"}],"collection":[{"href":"https:\/\/www.convertize.com\/fr\/wp-json\/wp\/v2\/pages"}],"about":[{"href":"https:\/\/www.convertize.com\/fr\/wp-json\/wp\/v2\/types\/page"}],"author":[{"embeddable":true,"href":"https:\/\/www.convertize.com\/fr\/wp-json\/wp\/v2\/users\/19"}],"replies":[{"embeddable":true,"href":"https:\/\/www.convertize.com\/fr\/wp-json\/wp\/v2\/comments?post=12548"}],"version-history":[{"count":0,"href":"https:\/\/www.convertize.com\/fr\/wp-json\/wp\/v2\/pages\/12548\/revisions"}],"wp:attachment":[{"href":"https:\/\/www.convertize.com\/fr\/wp-json\/wp\/v2\/media?parent=12548"}],"wp:term":[{"taxonomy":"category","embeddable":true,"href":"https:\/\/www.convertize.com\/fr\/wp-json\/wp\/v2\/categories?post=12548"},{"taxonomy":"post_tag","embeddable":true,"href":"https:\/\/www.convertize.com\/fr\/wp-json\/wp\/v2\/tags?post=12548"}],"curies":[{"name":"wp","href":"https:\/\/api.w.org\/{rel}","templated":true}]}}