{"id":12567,"date":"2017-02-03T16:38:57","date_gmt":"2017-02-03T15:38:57","guid":{"rendered":"http:\/\/blog.getscenario.com\/fr\/?page_id=12567"},"modified":"2018-03-15T15:01:06","modified_gmt":"2018-03-15T14:01:06","slug":"comment-sports-direct-pourrait-ameliorer-ses-pages-categorie-avec-scenario","status":"publish","type":"page","link":"https:\/\/www.convertize.com\/fr\/comment-sports-direct-pourrait-ameliorer-ses-pages-categorie-avec-scenario\/","title":{"rendered":"Comment Sports Direct pourrait am\u00e9liorer ses pages cat\u00e9gorie avec Convertize"},"content":{"rendered":"<span class=\"rt-reading-time\" style=\"display: block;\"><span class=\"rt-label rt-prefix\">Temps de lecture : <\/span> <span class=\"rt-time\">2<\/span> <span class=\"rt-label rt-postfix\">minutes<\/span><\/span><p><strong>Site web : Sports Direct<\/strong><\/p>\n<p><strong>Tactique utilis\u00e9e sur Convertize :<\/strong><\/p>\n<p>Tactique 61 &#8211; Choisissez des noms de produits uniques et descriptifs.<\/p>\n<p>Tactique 284 &#8211; Montrez plusieurs personnes ou le m\u00eame produit plusieurs fois sur vos photos.<\/p>\n<p>Tactique 136 &#8211; Utilisez des mod\u00e8les attirants sur votre site (lorsque c&rsquo;est pertinent).<\/p>\n<p><strong>Original:<\/strong><\/p>\n<p><img loading=\"lazy\" decoding=\"async\" class=\"alignnone size-full wp-image-1452\" src=\" https:\/\/www.convertize.com\/wp-content\/uploads\/2017\/02\/1-Sportdirect-Original.png\" alt=\"\" width=\"1305\" height=\"960\" \/><\/p>\n<p><strong>Tactique 61 :<\/strong> Choisir un nom de produit unique et descriptif permet d&rsquo;\u00e9viter de rendre vos utilisateurs confus et offre \u00e9galement des avantages pour le SEO.<\/p>\n<p><img loading=\"lazy\" decoding=\"async\" class=\"alignnone size-full wp-image-1455\" src=\" https:\/\/www.convertize.com\/wp-content\/uploads\/2017\/02\/2-Sportdirect-Add-tactic-1.png\" alt=\"\" width=\"1305\" height=\"960\" \/><\/p>\n<p><strong>\u00c9diteur (Tactique 61) :\u00a0<\/strong>Les noms des produits sont modifi\u00e9s pour \u00eatre plus descriptifs et plus pr\u00e9cis.<\/p>\n<p><img loading=\"lazy\" decoding=\"async\" class=\"alignnone size-full wp-image-1456\" src=\" https:\/\/www.convertize.com\/wp-content\/uploads\/2017\/02\/2-Sportdirect-Add-tactic-1-1.png\" alt=\"\" width=\"1305\" height=\"960\" \/><\/p>\n<p><strong>Tactique 284 :\u00a0<\/strong>Aidez votre client \u00e0 visualiser le produit en lui montrant des images de son utilisation, de diverses fa\u00e7ons.<\/p>\n<p><img loading=\"lazy\" decoding=\"async\" class=\"alignnone size-full wp-image-1457\" src=\" https:\/\/www.convertize.com\/wp-content\/uploads\/2017\/02\/4-Sportdirect-Add-Tactic-2.png\" alt=\"\" width=\"1305\" height=\"960\" \/><\/p>\n<p><strong>Tactique 136 :\u00a0<\/strong>Ajoutez de la cr\u00e9dibilit\u00e9 \u00e0 votre produit en utilisant des mod\u00e8les attirants.<\/p>\n<p><img loading=\"lazy\" decoding=\"async\" class=\"alignnone size-full wp-image-1458\" src=\" https:\/\/www.convertize.com\/wp-content\/uploads\/2017\/02\/5-Sportdirect-Add-Tactic-3.png\" alt=\"\" width=\"1305\" height=\"960\" \/><\/p>\n<p><strong>\u00c9diteur (Tactiques 284 &amp; 136) :\u00a0<\/strong>Il est facile de remplacer les images existantes par de nouvelles versions plus attirantes. Les images sont simplement li\u00e9es \u00e0 leurs URLs et s&rsquo;appliquent automatiquement \u00e0 la page.<\/p>\n<p><img loading=\"lazy\" decoding=\"async\" class=\"alignnone size-full wp-image-1459\" src=\" https:\/\/www.convertize.com\/wp-content\/uploads\/2017\/02\/6-Sportdirect-Apply-tactic-2-3.png\" alt=\"\" width=\"1305\" height=\"960\" \/><\/p>\n<p><strong>Version actualis\u00e9e :<\/strong>\u00a0Les titres des produits ont \u00e9galement \u00e9t\u00e9 modifi\u00e9s pour \u00eatre plus descriptifs. Les images ont \u00e9t\u00e9 remplac\u00e9es par de nouvelles afin de montrer de quelle fa\u00e7on le produit est utilis\u00e9 en prenant par exemple des mod\u00e8les attirants.<\/p>\n<p><img loading=\"lazy\" decoding=\"async\" class=\"alignnone size-full wp-image-1460\" src=\" https:\/\/www.convertize.com\/wp-content\/uploads\/2017\/02\/7-Sportdirect-Final.png\" alt=\"\" width=\"1305\" height=\"960\" \/><\/p>\n<div class=\"social-btn\"><a class=\"col-1 sbtn s-twitter\" onclick=\"popupwindow('https:\/\/twitter.com\/intent\/tweet?text=Comment%20Sports%20Direct%20pourrait%20am\u00e9liorer%20ses%20pages%20cat\u00e9gorie%20avec%20Convertize&amp;url=https%3A%2F%2Fwww.convertize.com%2Ffr%2Fcomment-sports-direct-pourrait-ameliorer-ses-pages-categorie-avec-scenario%2F&amp;via=convertize','Twitter Follow','600','600')\" href=\"javascript:void(0);\" target=\"_blank\" rel=\"nofollow\"><span>Share on Twitter<\/span><\/a><a class=\"col-1 sbtn s-facebook\" onclick=\"popupwindow('https:\/\/www.facebook.com\/sharer\/sharer.php?u=https%3A%2F%2Fwww.convertize.com%2Ffr%2Fcomment-sports-direct-pourrait-ameliorer-ses-pages-categorie-avec-scenario%2F','Facebook Follow','600','600')\" href=\"javascript:void(0);\" target=\"_blank\" rel=\"nofollow\"><span>Share on Facebook<\/span><\/a><a class=\"col-1 sbtn s-linkedin\" onclick=\"popupwindow('https:\/\/www.linkedin.com\/shareArticle?mini=true&url=https%3A%2F%2Fwww.convertize.com%2Ffr%2Fcomment-sports-direct-pourrait-ameliorer-ses-pages-categorie-avec-scenario%2F&amp;title=Comment%20Sports%20Direct%20pourrait%20am\u00e9liorer%20ses%20pages%20cat\u00e9gorie%20avec%20Convertize&amp;description=','Linkedin Follow','600','600')\" href=\"javascript:void(0);\" target=\"_blank\" rel=\"nofollow\"><span>Share on Linkedin<\/span><\/a><\/div>","protected":false},"excerpt":{"rendered":"<p><span class=\"rt-reading-time\" style=\"display: block;\"><span class=\"rt-label rt-prefix\">Temps de lecture : <\/span> <span class=\"rt-time\">2<\/span> <span class=\"rt-label rt-postfix\">minutes<\/span><\/span> Site web : Sports Direct Tactique utilis\u00e9e sur Convertize : Tactique 61 &#8211; Choisissez des noms de produits uniques et descriptifs. Tactique 284 &#8211; Montrez plusieurs personnes ou le m\u00eame produit plusieurs fois sur vos photos. Tactique 136 &#8211; Utilisez des mod\u00e8les attirants sur votre site (lorsque c&rsquo;est pertinent). Original: Tactique 61 : Choisir un [&hellip;]<\/p>\n","protected":false},"author":19,"featured_media":0,"parent":0,"menu_order":0,"comment_status":"closed","ping_status":"closed","template":"page-examples.php","meta":{"_genesis_hide_title":false,"_genesis_hide_breadcrumbs":false,"_genesis_hide_singular_image":false,"_genesis_hide_footer_widgets":false,"_genesis_custom_body_class":"","_genesis_custom_post_class":"","_genesis_layout":"","footnotes":""},"categories":[],"tags":[],"class_list":{"0":"post-12567","1":"page","2":"type-page","3":"status-publish","5":"entry"},"yoast_head":"<!-- This site is optimized with the Yoast SEO plugin v23.7 - https:\/\/yoast.com\/wordpress\/plugins\/seo\/ -->\n<title>Comment Sports Direct pourrait am\u00e9liorer ses pages cat\u00e9gorie avec Convertize - Convertize<\/title>\n<meta name=\"robots\" content=\"index, follow, max-snippet:-1, max-image-preview:large, max-video-preview:-1\" \/>\n<link rel=\"canonical\" href=\"https:\/\/www.convertize.com\/fr\/comment-sports-direct-pourrait-ameliorer-ses-pages-categorie-avec-scenario\/\" \/>\n<meta property=\"og:locale\" content=\"fr_FR\" \/>\n<meta property=\"og:type\" content=\"article\" \/>\n<meta property=\"og:title\" content=\"Comment Sports Direct pourrait am\u00e9liorer ses pages cat\u00e9gorie avec Convertize - Convertize\" \/>\n<meta property=\"og:description\" content=\"Temps de lecture : 2 minutes Site web : Sports Direct Tactique utilis\u00e9e sur Convertize : Tactique 61 &#8211; Choisissez des noms de produits uniques et descriptifs. Tactique 284 &#8211; Montrez plusieurs personnes ou le m\u00eame produit plusieurs fois sur vos photos. Tactique 136 &#8211; Utilisez des mod\u00e8les attirants sur votre site (lorsque c&rsquo;est pertinent). Original: Tactique 61 : Choisir un [&hellip;]\" \/>\n<meta property=\"og:url\" content=\"https:\/\/www.convertize.com\/fr\/comment-sports-direct-pourrait-ameliorer-ses-pages-categorie-avec-scenario\/\" \/>\n<meta property=\"og:site_name\" content=\"Convertize\" \/>\n<meta property=\"article:modified_time\" content=\"2018-03-15T14:01:06+00:00\" \/>\n<meta name=\"twitter:card\" content=\"summary_large_image\" \/>\n<meta name=\"twitter:label1\" content=\"Dur\u00e9e de lecture estim\u00e9e\" \/>\n\t<meta name=\"twitter:data1\" content=\"1 minute\" \/>\n<script type=\"application\/ld+json\" class=\"yoast-schema-graph\">{\"@context\":\"https:\/\/schema.org\",\"@graph\":[{\"@type\":\"WebPage\",\"@id\":\"https:\/\/www.convertize.com\/fr\/comment-sports-direct-pourrait-ameliorer-ses-pages-categorie-avec-scenario\/\",\"url\":\"https:\/\/www.convertize.com\/fr\/comment-sports-direct-pourrait-ameliorer-ses-pages-categorie-avec-scenario\/\",\"name\":\"Comment Sports Direct pourrait am\u00e9liorer ses pages cat\u00e9gorie avec Convertize - Convertize\",\"isPartOf\":{\"@id\":\"https:\/\/www.convertize.com\/fr\/#website\"},\"datePublished\":\"2017-02-03T15:38:57+00:00\",\"dateModified\":\"2018-03-15T14:01:06+00:00\",\"inLanguage\":\"fr-FR\",\"potentialAction\":[{\"@type\":\"ReadAction\",\"target\":[\"https:\/\/www.convertize.com\/fr\/comment-sports-direct-pourrait-ameliorer-ses-pages-categorie-avec-scenario\/\"]}]},{\"@type\":\"WebSite\",\"@id\":\"https:\/\/www.convertize.com\/fr\/#website\",\"url\":\"https:\/\/www.convertize.com\/fr\/\",\"name\":\"Convertize\",\"description\":\"May 2026\",\"potentialAction\":[{\"@type\":\"SearchAction\",\"target\":{\"@type\":\"EntryPoint\",\"urlTemplate\":\"https:\/\/www.convertize.com\/fr\/?s={search_term_string}\"},\"query-input\":{\"@type\":\"PropertyValueSpecification\",\"valueRequired\":true,\"valueName\":\"search_term_string\"}}],\"inLanguage\":\"fr-FR\"}]}<\/script>\n<!-- \/ Yoast SEO plugin. -->","yoast_head_json":{"title":"Comment Sports Direct pourrait am\u00e9liorer ses pages cat\u00e9gorie avec Convertize - Convertize","robots":{"index":"index","follow":"follow","max-snippet":"max-snippet:-1","max-image-preview":"max-image-preview:large","max-video-preview":"max-video-preview:-1"},"canonical":"https:\/\/www.convertize.com\/fr\/comment-sports-direct-pourrait-ameliorer-ses-pages-categorie-avec-scenario\/","og_locale":"fr_FR","og_type":"article","og_title":"Comment Sports Direct pourrait am\u00e9liorer ses pages cat\u00e9gorie avec Convertize - Convertize","og_description":"Temps de lecture : 2 minutes Site web : Sports Direct Tactique utilis\u00e9e sur Convertize : Tactique 61 &#8211; Choisissez des noms de produits uniques et descriptifs. Tactique 284 &#8211; Montrez plusieurs personnes ou le m\u00eame produit plusieurs fois sur vos photos. Tactique 136 &#8211; Utilisez des mod\u00e8les attirants sur votre site (lorsque c&rsquo;est pertinent). Original: Tactique 61 : Choisir un [&hellip;]","og_url":"https:\/\/www.convertize.com\/fr\/comment-sports-direct-pourrait-ameliorer-ses-pages-categorie-avec-scenario\/","og_site_name":"Convertize","article_modified_time":"2018-03-15T14:01:06+00:00","twitter_card":"summary_large_image","twitter_misc":{"Dur\u00e9e de lecture estim\u00e9e":"1 minute"},"schema":{"@context":"https:\/\/schema.org","@graph":[{"@type":"WebPage","@id":"https:\/\/www.convertize.com\/fr\/comment-sports-direct-pourrait-ameliorer-ses-pages-categorie-avec-scenario\/","url":"https:\/\/www.convertize.com\/fr\/comment-sports-direct-pourrait-ameliorer-ses-pages-categorie-avec-scenario\/","name":"Comment Sports Direct pourrait am\u00e9liorer ses pages cat\u00e9gorie avec Convertize - Convertize","isPartOf":{"@id":"https:\/\/www.convertize.com\/fr\/#website"},"datePublished":"2017-02-03T15:38:57+00:00","dateModified":"2018-03-15T14:01:06+00:00","inLanguage":"fr-FR","potentialAction":[{"@type":"ReadAction","target":["https:\/\/www.convertize.com\/fr\/comment-sports-direct-pourrait-ameliorer-ses-pages-categorie-avec-scenario\/"]}]},{"@type":"WebSite","@id":"https:\/\/www.convertize.com\/fr\/#website","url":"https:\/\/www.convertize.com\/fr\/","name":"Convertize","description":"May 2026","potentialAction":[{"@type":"SearchAction","target":{"@type":"EntryPoint","urlTemplate":"https:\/\/www.convertize.com\/fr\/?s={search_term_string}"},"query-input":{"@type":"PropertyValueSpecification","valueRequired":true,"valueName":"search_term_string"}}],"inLanguage":"fr-FR"}]}},"_links":{"self":[{"href":"https:\/\/www.convertize.com\/fr\/wp-json\/wp\/v2\/pages\/12567"}],"collection":[{"href":"https:\/\/www.convertize.com\/fr\/wp-json\/wp\/v2\/pages"}],"about":[{"href":"https:\/\/www.convertize.com\/fr\/wp-json\/wp\/v2\/types\/page"}],"author":[{"embeddable":true,"href":"https:\/\/www.convertize.com\/fr\/wp-json\/wp\/v2\/users\/19"}],"replies":[{"embeddable":true,"href":"https:\/\/www.convertize.com\/fr\/wp-json\/wp\/v2\/comments?post=12567"}],"version-history":[{"count":0,"href":"https:\/\/www.convertize.com\/fr\/wp-json\/wp\/v2\/pages\/12567\/revisions"}],"wp:attachment":[{"href":"https:\/\/www.convertize.com\/fr\/wp-json\/wp\/v2\/media?parent=12567"}],"wp:term":[{"taxonomy":"category","embeddable":true,"href":"https:\/\/www.convertize.com\/fr\/wp-json\/wp\/v2\/categories?post=12567"},{"taxonomy":"post_tag","embeddable":true,"href":"https:\/\/www.convertize.com\/fr\/wp-json\/wp\/v2\/tags?post=12567"}],"curies":[{"name":"wp","href":"https:\/\/api.w.org\/{rel}","templated":true}]}}