{"id":12570,"date":"2017-02-03T16:37:21","date_gmt":"2017-02-03T15:37:21","guid":{"rendered":"http:\/\/blog.getscenario.com\/fr\/?page_id=12570"},"modified":"2018-03-15T15:02:39","modified_gmt":"2018-03-15T14:02:39","slug":"comment-spotify-pourrait-ameliorer-sa-page-de-tarifs-avec-scenario","status":"publish","type":"page","link":"https:\/\/www.convertize.com\/fr\/comment-spotify-pourrait-ameliorer-sa-page-de-tarifs-avec-scenario\/","title":{"rendered":"Comment Spotify pourrait am\u00e9liorer sa page de tarifs avec Convertize"},"content":{"rendered":"<span class=\"rt-reading-time\" style=\"display: block;\"><span class=\"rt-label rt-prefix\">Temps de lecture : <\/span> <span class=\"rt-time\">2<\/span> <span class=\"rt-label rt-postfix\">minutes<\/span><\/span><p><strong>Site web :<\/strong> Spotify<\/p>\n<p><strong>Tactique utilis\u00e9e sur Convertize :<\/strong><\/p>\n<p>Tactique 26 &#8211; Introduisez une formule \u00e0 tarif \u00e9lev\u00e9 afin de valoriser la formule que vous souhaitez vendre et plus abordable<\/p>\n<p><strong>Originale :<\/strong><\/p>\n<p><img loading=\"lazy\" decoding=\"async\" class=\"alignnone size-full wp-image-1463\" src=\" https:\/\/www.convertize.com\/wp-content\/uploads\/2017\/02\/1-Spotifyy-Original-1024x740.png\" alt=\"\" width=\"1024\" height=\"740\" \/><\/p>\n<p><strong>Tactique 26 :\u00a0<\/strong>Utilisez un plan de tarification plus cher pour souligner la diff\u00e9rence de prix avec vos autres plans.<\/p>\n<p><img loading=\"lazy\" decoding=\"async\" class=\"alignnone size-full wp-image-1464\" src=\" https:\/\/www.convertize.com\/wp-content\/uploads\/2017\/02\/2-Spotifyy-Add-tactic-1024x740.png\" alt=\"\" width=\"1024\" height=\"740\" \/><\/p>\n<p><strong>\u00c9diteur (Tactiques 26) :<\/strong>\u00a0La fa\u00e7on la plus simple d&rsquo;ajouter un troisi\u00e8me plan est de copier et coller le code HTML de l&rsquo;autre plan d\u00e9j\u00e0 pr\u00e9sent sur la page. La version copi\u00e9e est alors facilement modifiable en changeant le contenu directement dans le code HTML. Cette partie du code est accessible dans Options avanc\u00e9es lorsque vous cliquez sur l&rsquo;\u00e9l\u00e9ment \u00e0 modifier.<\/p>\n<p><img loading=\"lazy\" decoding=\"async\" class=\"alignnone size-full wp-image-1465\" src=\" https:\/\/www.convertize.com\/wp-content\/uploads\/2017\/02\/3-Spotifyy-Apply-1024x740.png\" alt=\"\" width=\"1024\" height=\"740\" \/><\/p>\n<p><strong>Version actualis\u00e9e :<\/strong>\u00a0Le troisi\u00e8me plan a \u00e9t\u00e9 ajout\u00e9 pour persuader l&rsquo;utilisateur que le plan interm\u00e9diaire est comparativement plus int\u00e9ressant en termes de prix. Ce plan interm\u00e9diaire est mis en \u00e9vidence pour attirer l&rsquo;attention de l&rsquo;utilisateur.<\/p>\n<p><img loading=\"lazy\" decoding=\"async\" class=\"alignnone size-full wp-image-1466\" src=\" https:\/\/www.convertize.com\/wp-content\/uploads\/2017\/02\/4-Spotifyy-Final-1024x740.png\" alt=\"\" width=\"1024\" height=\"740\" \/><\/p>\n<div class=\"social-btn\"><a class=\"col-1 sbtn s-twitter\" onclick=\"popupwindow('https:\/\/twitter.com\/intent\/tweet?text=Comment%20Spotify%20pourrait%20am\u00e9liorer%20sa%20page%20de%20tarifs%20avec%20Convertize&amp;url=https%3A%2F%2Fwww.convertize.com%2Ffr%2Fcomment-spotify-pourrait-ameliorer-sa-page-de-tarifs-avec-scenario%2F&amp;via=convertize','Twitter Follow','600','600')\" href=\"javascript:void(0);\" target=\"_blank\" rel=\"nofollow\"><span>Share on Twitter<\/span><\/a><a class=\"col-1 sbtn s-facebook\" onclick=\"popupwindow('https:\/\/www.facebook.com\/sharer\/sharer.php?u=https%3A%2F%2Fwww.convertize.com%2Ffr%2Fcomment-spotify-pourrait-ameliorer-sa-page-de-tarifs-avec-scenario%2F','Facebook Follow','600','600')\" href=\"javascript:void(0);\" target=\"_blank\" rel=\"nofollow\"><span>Share on Facebook<\/span><\/a><a class=\"col-1 sbtn s-linkedin\" onclick=\"popupwindow('https:\/\/www.linkedin.com\/shareArticle?mini=true&url=https%3A%2F%2Fwww.convertize.com%2Ffr%2Fcomment-spotify-pourrait-ameliorer-sa-page-de-tarifs-avec-scenario%2F&amp;title=Comment%20Spotify%20pourrait%20am\u00e9liorer%20sa%20page%20de%20tarifs%20avec%20Convertize&amp;description=','Linkedin Follow','600','600')\" href=\"javascript:void(0);\" target=\"_blank\" rel=\"nofollow\"><span>Share on Linkedin<\/span><\/a><\/div>","protected":false},"excerpt":{"rendered":"<p><span class=\"rt-reading-time\" style=\"display: block;\"><span class=\"rt-label rt-prefix\">Temps de lecture : <\/span> <span class=\"rt-time\">2<\/span> <span class=\"rt-label rt-postfix\">minutes<\/span><\/span> Site web : Spotify Tactique utilis\u00e9e sur Convertize : Tactique 26 &#8211; Introduisez une formule \u00e0 tarif \u00e9lev\u00e9 afin de valoriser la formule que vous souhaitez vendre et plus abordable Originale : Tactique 26 :\u00a0Utilisez un plan de tarification plus cher pour souligner la diff\u00e9rence de prix avec vos autres plans. \u00c9diteur (Tactiques 26) :\u00a0La [&hellip;]<\/p>\n","protected":false},"author":19,"featured_media":0,"parent":0,"menu_order":0,"comment_status":"closed","ping_status":"closed","template":"page-examples.php","meta":{"_genesis_hide_title":false,"_genesis_hide_breadcrumbs":false,"_genesis_hide_singular_image":false,"_genesis_hide_footer_widgets":false,"_genesis_custom_body_class":"","_genesis_custom_post_class":"","_genesis_layout":"","footnotes":""},"categories":[],"tags":[],"class_list":{"0":"post-12570","1":"page","2":"type-page","3":"status-publish","5":"entry"},"yoast_head":"<!-- This site is optimized with the Yoast SEO plugin v23.7 - https:\/\/yoast.com\/wordpress\/plugins\/seo\/ -->\n<title>Comment Spotify pourrait am\u00e9liorer sa page de tarifs avec Convertize - Convertize<\/title>\n<meta name=\"robots\" content=\"index, follow, max-snippet:-1, max-image-preview:large, max-video-preview:-1\" \/>\n<link rel=\"canonical\" href=\"https:\/\/www.convertize.com\/fr\/comment-spotify-pourrait-ameliorer-sa-page-de-tarifs-avec-scenario\/\" \/>\n<meta property=\"og:locale\" content=\"fr_FR\" \/>\n<meta property=\"og:type\" content=\"article\" \/>\n<meta property=\"og:title\" content=\"Comment Spotify pourrait am\u00e9liorer sa page de tarifs avec Convertize - Convertize\" \/>\n<meta property=\"og:description\" content=\"Temps de lecture : 2 minutes Site web : Spotify Tactique utilis\u00e9e sur Convertize : Tactique 26 &#8211; Introduisez une formule \u00e0 tarif \u00e9lev\u00e9 afin de valoriser la formule que vous souhaitez vendre et plus abordable Originale : Tactique 26 :\u00a0Utilisez un plan de tarification plus cher pour souligner la diff\u00e9rence de prix avec vos autres plans. \u00c9diteur (Tactiques 26) :\u00a0La [&hellip;]\" \/>\n<meta property=\"og:url\" content=\"https:\/\/www.convertize.com\/fr\/comment-spotify-pourrait-ameliorer-sa-page-de-tarifs-avec-scenario\/\" \/>\n<meta property=\"og:site_name\" content=\"Convertize\" \/>\n<meta property=\"article:modified_time\" content=\"2018-03-15T14:02:39+00:00\" \/>\n<meta name=\"twitter:card\" content=\"summary_large_image\" \/>\n<meta name=\"twitter:label1\" content=\"Dur\u00e9e de lecture estim\u00e9e\" \/>\n\t<meta name=\"twitter:data1\" content=\"1 minute\" \/>\n<script type=\"application\/ld+json\" class=\"yoast-schema-graph\">{\"@context\":\"https:\/\/schema.org\",\"@graph\":[{\"@type\":\"WebPage\",\"@id\":\"https:\/\/www.convertize.com\/fr\/comment-spotify-pourrait-ameliorer-sa-page-de-tarifs-avec-scenario\/\",\"url\":\"https:\/\/www.convertize.com\/fr\/comment-spotify-pourrait-ameliorer-sa-page-de-tarifs-avec-scenario\/\",\"name\":\"Comment Spotify pourrait am\u00e9liorer sa page de tarifs avec Convertize - Convertize\",\"isPartOf\":{\"@id\":\"https:\/\/www.convertize.com\/fr\/#website\"},\"datePublished\":\"2017-02-03T15:37:21+00:00\",\"dateModified\":\"2018-03-15T14:02:39+00:00\",\"inLanguage\":\"fr-FR\",\"potentialAction\":[{\"@type\":\"ReadAction\",\"target\":[\"https:\/\/www.convertize.com\/fr\/comment-spotify-pourrait-ameliorer-sa-page-de-tarifs-avec-scenario\/\"]}]},{\"@type\":\"WebSite\",\"@id\":\"https:\/\/www.convertize.com\/fr\/#website\",\"url\":\"https:\/\/www.convertize.com\/fr\/\",\"name\":\"Convertize\",\"description\":\"May 2026\",\"potentialAction\":[{\"@type\":\"SearchAction\",\"target\":{\"@type\":\"EntryPoint\",\"urlTemplate\":\"https:\/\/www.convertize.com\/fr\/?s={search_term_string}\"},\"query-input\":{\"@type\":\"PropertyValueSpecification\",\"valueRequired\":true,\"valueName\":\"search_term_string\"}}],\"inLanguage\":\"fr-FR\"}]}<\/script>\n<!-- \/ Yoast SEO plugin. -->","yoast_head_json":{"title":"Comment Spotify pourrait am\u00e9liorer sa page de tarifs avec Convertize - Convertize","robots":{"index":"index","follow":"follow","max-snippet":"max-snippet:-1","max-image-preview":"max-image-preview:large","max-video-preview":"max-video-preview:-1"},"canonical":"https:\/\/www.convertize.com\/fr\/comment-spotify-pourrait-ameliorer-sa-page-de-tarifs-avec-scenario\/","og_locale":"fr_FR","og_type":"article","og_title":"Comment Spotify pourrait am\u00e9liorer sa page de tarifs avec Convertize - Convertize","og_description":"Temps de lecture : 2 minutes Site web : Spotify Tactique utilis\u00e9e sur Convertize : Tactique 26 &#8211; Introduisez une formule \u00e0 tarif \u00e9lev\u00e9 afin de valoriser la formule que vous souhaitez vendre et plus abordable Originale : Tactique 26 :\u00a0Utilisez un plan de tarification plus cher pour souligner la diff\u00e9rence de prix avec vos autres plans. \u00c9diteur (Tactiques 26) :\u00a0La [&hellip;]","og_url":"https:\/\/www.convertize.com\/fr\/comment-spotify-pourrait-ameliorer-sa-page-de-tarifs-avec-scenario\/","og_site_name":"Convertize","article_modified_time":"2018-03-15T14:02:39+00:00","twitter_card":"summary_large_image","twitter_misc":{"Dur\u00e9e de lecture estim\u00e9e":"1 minute"},"schema":{"@context":"https:\/\/schema.org","@graph":[{"@type":"WebPage","@id":"https:\/\/www.convertize.com\/fr\/comment-spotify-pourrait-ameliorer-sa-page-de-tarifs-avec-scenario\/","url":"https:\/\/www.convertize.com\/fr\/comment-spotify-pourrait-ameliorer-sa-page-de-tarifs-avec-scenario\/","name":"Comment Spotify pourrait am\u00e9liorer sa page de tarifs avec Convertize - Convertize","isPartOf":{"@id":"https:\/\/www.convertize.com\/fr\/#website"},"datePublished":"2017-02-03T15:37:21+00:00","dateModified":"2018-03-15T14:02:39+00:00","inLanguage":"fr-FR","potentialAction":[{"@type":"ReadAction","target":["https:\/\/www.convertize.com\/fr\/comment-spotify-pourrait-ameliorer-sa-page-de-tarifs-avec-scenario\/"]}]},{"@type":"WebSite","@id":"https:\/\/www.convertize.com\/fr\/#website","url":"https:\/\/www.convertize.com\/fr\/","name":"Convertize","description":"May 2026","potentialAction":[{"@type":"SearchAction","target":{"@type":"EntryPoint","urlTemplate":"https:\/\/www.convertize.com\/fr\/?s={search_term_string}"},"query-input":{"@type":"PropertyValueSpecification","valueRequired":true,"valueName":"search_term_string"}}],"inLanguage":"fr-FR"}]}},"_links":{"self":[{"href":"https:\/\/www.convertize.com\/fr\/wp-json\/wp\/v2\/pages\/12570"}],"collection":[{"href":"https:\/\/www.convertize.com\/fr\/wp-json\/wp\/v2\/pages"}],"about":[{"href":"https:\/\/www.convertize.com\/fr\/wp-json\/wp\/v2\/types\/page"}],"author":[{"embeddable":true,"href":"https:\/\/www.convertize.com\/fr\/wp-json\/wp\/v2\/users\/19"}],"replies":[{"embeddable":true,"href":"https:\/\/www.convertize.com\/fr\/wp-json\/wp\/v2\/comments?post=12570"}],"version-history":[{"count":0,"href":"https:\/\/www.convertize.com\/fr\/wp-json\/wp\/v2\/pages\/12570\/revisions"}],"wp:attachment":[{"href":"https:\/\/www.convertize.com\/fr\/wp-json\/wp\/v2\/media?parent=12570"}],"wp:term":[{"taxonomy":"category","embeddable":true,"href":"https:\/\/www.convertize.com\/fr\/wp-json\/wp\/v2\/categories?post=12570"},{"taxonomy":"post_tag","embeddable":true,"href":"https:\/\/www.convertize.com\/fr\/wp-json\/wp\/v2\/tags?post=12570"}],"curies":[{"name":"wp","href":"https:\/\/api.w.org\/{rel}","templated":true}]}}