{"id":12610,"date":"2017-02-15T15:22:33","date_gmt":"2017-02-15T14:22:33","guid":{"rendered":"http:\/\/blog.getscenario.com\/fr\/?page_id=12610"},"modified":"2017-03-27T16:41:20","modified_gmt":"2017-03-27T14:41:20","slug":"deux-changements-simples-pour-maximiser-vos-conversions","status":"publish","type":"page","link":"https:\/\/www.convertize.com\/fr\/deux-changements-simples-pour-maximiser-vos-conversions\/","title":{"rendered":"Deux changements simples pour maximiser vos conversions"},"content":{"rendered":"<span class=\"rt-reading-time\" style=\"display: block;\"><span class=\"rt-label rt-prefix\">Temps de lecture : <\/span> <span class=\"rt-time\">3<\/span> <span class=\"rt-label rt-postfix\">minutes<\/span><\/span><p>Ci-dessus, vous pouvez voir la version actuelle de la Landing Page\u00a0de British Airways, ainsi que la nouvelle version optimis\u00e9e avec Convertize.<\/p>\n<h1><span style=\"font-weight: 400;\">Comment sommes-nous\u00a0pass\u00e9s de A \u00e0 B ?<\/span><\/h1>\n<p><span style=\"font-weight: 400;\">Cela a pris 28 minutes et n&rsquo;a n\u00e9cessit\u00e9 aucune connaissance de codage ou d&rsquo;optimisation de site web.<\/span><\/p>\n<p><span style=\"font-weight: 400;\">La premi\u00e8re \u00e9tape consiste \u00e0 ouvrir Convertize et \u00e0 entrer les d\u00e9tails du site. Une fois que c&rsquo;est fait, vous arrivez sur le tableau de bord o\u00f9 vous trouverez une librairie de tactiques de persuasion prouv\u00e9es et pertinentes pour ce type sp\u00e9cifique de page.<\/span><\/p>\n<p><span style=\"font-weight: 400;\">Dans le cas de la Homepage de British Airways, Convertize sugg\u00e8re 45 tactiques utilisables\u00a0(105 pour ceux sur nos plans Agency ou Team). Pour cette exp\u00e9rience, nous en avons choisi deux \u00e0 mettre en \u0153uvre.<\/span><\/p>\n<p><span style=\"font-weight: 400;\">La premi\u00e8re tactique choisie, la tactique 85, conseille de <strong>r\u00e9duire le nombre de champs<\/strong> du formulaire et de ne conserver que les plus importants. Dans la version actuelle de British Airways, il y a effectivement beaucoup de champs, dont certains sont moins importants que d&rsquo;autres et qui pourraient \u00eatre retir\u00e9s.<\/span><\/p>\n<p><strong>Home page originale :<\/strong><\/p>\n<p><img loading=\"lazy\" decoding=\"async\" class=\"alignnone size-full wp-image-12638\" src=\" https:\/\/www.convertize.com\/fr\/wp-content\/uploads\/2017\/02\/1BA-Original-1024x587-1.png\" alt=\"\" width=\"1024\" height=\"587\" \/><\/p>\n<h1><span style=\"font-weight: 400;\">\u00c9tape 1 : Cr\u00e9ez un sc\u00e9nario en utilisant la tactique 85<\/span><\/h1>\n<p><span style=\"font-weight: 400;\">Apr\u00e8s avoir compris la tactique, cliquez sur le bouton \u201cCreate a new scenario\u201d qui est situ\u00e9 en bas \u00e0 droite.<\/span><\/p>\n<p><img loading=\"lazy\" decoding=\"async\" class=\"alignnone size-full wp-image-12622\" src=\" https:\/\/www.convertize.com\/fr\/wp-content\/uploads\/2017\/02\/2BA-Tactic-85-1024x746-1-1.jpg\" alt=\"\" width=\"1024\" height=\"746\" \/><\/p>\n<h1><span style=\"font-weight: 400;\">\u00c9tape 2 : Appliquez la tactique en utilisant l\u2019\u00e9diteur<\/span><\/h1>\n<p><span style=\"font-weight: 400;\">L&rsquo;\u00e9diteur de \u00ab\u00a0drag and drop \u00a0\u00bb (glisser-d\u00e9placer) de Convertize vous permet de d\u00e9placer facilement les \u00e9l\u00e9ments de la page et, dans ce cas, de r\u00e9duire le nombre de champs du formulaire.<\/span><\/p>\n<p><img loading=\"lazy\" decoding=\"async\" class=\"alignnone size-full wp-image-12624\" src=\" https:\/\/www.convertize.com\/fr\/wp-content\/uploads\/2017\/02\/3BA-Apply-tactic-85-1024x746-1-1.png\" alt=\"\" width=\"1024\" height=\"746\" \/><\/p>\n<h1><span style=\"font-weight: 400;\">\u00c9tape 3 : Impl\u00e9mentez la tactique 7<\/span><\/h1>\n<p><span style=\"font-weight: 400;\">La prochaine tactique que nous avons choisie est la tactique 7 qui conseille de<strong> choisir un CTA (Call-to-Action) de couleur et de taille diff\u00e9rente<\/strong> pour le mettre en avant. C&rsquo;est un bon moyen d&rsquo;am\u00e9liorer le taux de conversion de la page, car cela attire l&rsquo;attention de l&rsquo;utilisateur.<\/span><\/p>\n<p><img loading=\"lazy\" decoding=\"async\" class=\"alignnone size-full wp-image-12627\" src=\" https:\/\/www.convertize.com\/fr\/wp-content\/uploads\/2017\/02\/4BA-Tactic-7-1024x746-1-1.jpg\" alt=\"\" width=\"1024\" height=\"746\" \/><\/p>\n<h1><span style=\"font-weight: 400;\">\u00c9tape 4 : Modifiez le CTA principal ainsi que le secondaire<\/span><\/h1>\n<p><span style=\"font-weight: 400;\">Dans la version actuelle de la page, le CTA principal est trop petit pour attirer l&rsquo;attention et n&rsquo;est pas situ\u00e9 dans la meilleure partie du formulaire. Il est rouge, ce qui n&rsquo;est d&rsquo;habitude pas une couleur efficace pour un CTA (consid\u00e9r\u00e9e comme trop agressif). Dans ce cas, il semble qu&rsquo;il s&rsquo;agisse d&rsquo;une question de \u00ab\u00a0branding\u00a0\u00bb &#8211; le rouge \u00e9tant l&rsquo;une des deux couleurs de British Airways.<\/span><\/p>\n<p><span style=\"font-weight: 400;\">De plus, le CTA secondaire (\u00ab\u00a0Book by 31 March\u00a0\u00bb dans le cadre du carrousel) n&rsquo;est pas clair ni visible. Une fois encore, \u00e0 l&rsquo;aide de l&rsquo;\u00e9diteur Convertize, il est facile de modifier ces deux \u00e9l\u00e9ments.<\/span><\/p>\n<p><img loading=\"lazy\" decoding=\"async\" class=\"alignnone size-full wp-image-12628\" src=\" https:\/\/www.convertize.com\/fr\/wp-content\/uploads\/2017\/02\/5BA-Apply-tactic-7-NEW-1024x773-1.png\" alt=\"\" width=\"1024\" height=\"773\" \/><\/p>\n<p><span style=\"font-weight: 400;\">Et voil\u00e0. \u00c0 ce stade, si vous mettez en \u0153uvre et appliquez les changements sur votre site, Convertize vous permet de mettre en place facilement un test AB pour mesurer la diff\u00e9rence de performance entre la page originale et la nouvelle version optimis\u00e9e.<\/span><\/p>\n<p><strong>Home page optimis\u00e9e :<\/strong><\/p>\n<p><img loading=\"lazy\" decoding=\"async\" class=\"alignnone size-full wp-image-12633\" src=\" https:\/\/www.convertize.com\/fr\/wp-content\/uploads\/2017\/02\/6BA-Final-version-1024x587-1-1.png\" alt=\"\" width=\"1024\" height=\"587\" \/><\/p>\n<div class=\"boxed-list\">\n<h3>Un court r\u00e9sum\u00e9 des changements :<\/h3>\n<ul class=\"list\">\n<li><strong>R\u00e9duction du nombre<\/strong> <strong>de champs<\/strong> dans le formulaire, en ne gardant que les champs les plus importants.<\/li>\n<li>Changement de la taille et de l&#8217;emplacement du <strong>CTA principal<\/strong> pour le faire ressortir.<\/li>\n<li>Changement du <strong>CTA secondaire<\/strong> \u00ab\u00a0Book by 31 March\u00a0\u00bb pour un bouton pour le rendre beaucoup plus visible.<\/li>\n<\/ul>\n<\/div>\n<div class=\"social-btn\"><a class=\"col-1 sbtn s-twitter\" onclick=\"popupwindow('https:\/\/twitter.com\/intent\/tweet?text=Deux%20changements%20simples%20pour%20maximiser%20vos%20conversions&amp;url=https%3A%2F%2Fwww.convertize.com%2Ffr%2Fdeux-changements-simples-pour-maximiser-vos-conversions%2F&amp;via=convertize','Twitter Follow','600','600')\" href=\"javascript:void(0);\" target=\"_blank\" rel=\"nofollow\"><span>Share on Twitter<\/span><\/a><a class=\"col-1 sbtn s-facebook\" onclick=\"popupwindow('https:\/\/www.facebook.com\/sharer\/sharer.php?u=https%3A%2F%2Fwww.convertize.com%2Ffr%2Fdeux-changements-simples-pour-maximiser-vos-conversions%2F','Facebook Follow','600','600')\" href=\"javascript:void(0);\" target=\"_blank\" rel=\"nofollow\"><span>Share on Facebook<\/span><\/a><a class=\"col-1 sbtn s-linkedin\" onclick=\"popupwindow('https:\/\/www.linkedin.com\/shareArticle?mini=true&url=https%3A%2F%2Fwww.convertize.com%2Ffr%2Fdeux-changements-simples-pour-maximiser-vos-conversions%2F&amp;title=Deux%20changements%20simples%20pour%20maximiser%20vos%20conversions&amp;description=','Linkedin Follow','600','600')\" href=\"javascript:void(0);\" target=\"_blank\" rel=\"nofollow\"><span>Share on Linkedin<\/span><\/a><\/div>","protected":false},"excerpt":{"rendered":"<p><span class=\"rt-reading-time\" style=\"display: block;\"><span class=\"rt-label rt-prefix\">Temps de lecture : <\/span> <span class=\"rt-time\">3<\/span> <span class=\"rt-label rt-postfix\">minutes<\/span><\/span> Ci-dessus, vous pouvez voir la version actuelle de la Landing Page\u00a0de British Airways, ainsi que la nouvelle version optimis\u00e9e avec Convertize. Comment sommes-nous\u00a0pass\u00e9s de A \u00e0 B ? Cela a pris 28 minutes et n&rsquo;a n\u00e9cessit\u00e9 aucune connaissance de codage ou d&rsquo;optimisation de site web. La premi\u00e8re \u00e9tape consiste \u00e0 ouvrir Convertize et \u00e0 entrer [&hellip;]<\/p>\n","protected":false},"author":19,"featured_media":0,"parent":0,"menu_order":0,"comment_status":"closed","ping_status":"closed","template":"page-examples.php","meta":{"_genesis_hide_title":false,"_genesis_hide_breadcrumbs":false,"_genesis_hide_singular_image":false,"_genesis_hide_footer_widgets":false,"_genesis_custom_body_class":"","_genesis_custom_post_class":"","_genesis_layout":"","footnotes":""},"categories":[],"tags":[],"class_list":{"0":"post-12610","1":"page","2":"type-page","3":"status-publish","5":"entry"},"yoast_head":"<!-- This site is optimized with the Yoast SEO plugin v23.7 - https:\/\/yoast.com\/wordpress\/plugins\/seo\/ -->\n<title>Deux changements simples pour maximiser vos conversions - Convertize<\/title>\n<meta name=\"robots\" content=\"index, follow, max-snippet:-1, max-image-preview:large, max-video-preview:-1\" \/>\n<link rel=\"canonical\" href=\"https:\/\/www.convertize.com\/fr\/deux-changements-simples-pour-maximiser-vos-conversions\/\" \/>\n<meta property=\"og:locale\" content=\"fr_FR\" \/>\n<meta property=\"og:type\" content=\"article\" \/>\n<meta property=\"og:title\" content=\"Deux changements simples pour maximiser vos conversions - Convertize\" \/>\n<meta property=\"og:description\" content=\"Temps de lecture : 3 minutes Ci-dessus, vous pouvez voir la version actuelle de la Landing Page\u00a0de British Airways, ainsi que la nouvelle version optimis\u00e9e avec Convertize. Comment sommes-nous\u00a0pass\u00e9s de A \u00e0 B ? Cela a pris 28 minutes et n&rsquo;a n\u00e9cessit\u00e9 aucune connaissance de codage ou d&rsquo;optimisation de site web. La premi\u00e8re \u00e9tape consiste \u00e0 ouvrir Convertize et \u00e0 entrer [&hellip;]\" \/>\n<meta property=\"og:url\" content=\"https:\/\/www.convertize.com\/fr\/deux-changements-simples-pour-maximiser-vos-conversions\/\" \/>\n<meta property=\"og:site_name\" content=\"Convertize\" \/>\n<meta property=\"article:modified_time\" content=\"2017-03-27T14:41:20+00:00\" \/>\n<meta name=\"twitter:card\" content=\"summary_large_image\" \/>\n<meta name=\"twitter:label1\" content=\"Dur\u00e9e de lecture estim\u00e9e\" \/>\n\t<meta name=\"twitter:data1\" content=\"3 minutes\" \/>\n<script type=\"application\/ld+json\" class=\"yoast-schema-graph\">{\"@context\":\"https:\/\/schema.org\",\"@graph\":[{\"@type\":\"WebPage\",\"@id\":\"https:\/\/www.convertize.com\/fr\/deux-changements-simples-pour-maximiser-vos-conversions\/\",\"url\":\"https:\/\/www.convertize.com\/fr\/deux-changements-simples-pour-maximiser-vos-conversions\/\",\"name\":\"Deux changements simples pour maximiser vos conversions - Convertize\",\"isPartOf\":{\"@id\":\"https:\/\/www.convertize.com\/fr\/#website\"},\"datePublished\":\"2017-02-15T14:22:33+00:00\",\"dateModified\":\"2017-03-27T14:41:20+00:00\",\"inLanguage\":\"fr-FR\",\"potentialAction\":[{\"@type\":\"ReadAction\",\"target\":[\"https:\/\/www.convertize.com\/fr\/deux-changements-simples-pour-maximiser-vos-conversions\/\"]}]},{\"@type\":\"WebSite\",\"@id\":\"https:\/\/www.convertize.com\/fr\/#website\",\"url\":\"https:\/\/www.convertize.com\/fr\/\",\"name\":\"Convertize\",\"description\":\"April 2026\",\"potentialAction\":[{\"@type\":\"SearchAction\",\"target\":{\"@type\":\"EntryPoint\",\"urlTemplate\":\"https:\/\/www.convertize.com\/fr\/?s={search_term_string}\"},\"query-input\":{\"@type\":\"PropertyValueSpecification\",\"valueRequired\":true,\"valueName\":\"search_term_string\"}}],\"inLanguage\":\"fr-FR\"}]}<\/script>\n<!-- \/ Yoast SEO plugin. -->","yoast_head_json":{"title":"Deux changements simples pour maximiser vos conversions - Convertize","robots":{"index":"index","follow":"follow","max-snippet":"max-snippet:-1","max-image-preview":"max-image-preview:large","max-video-preview":"max-video-preview:-1"},"canonical":"https:\/\/www.convertize.com\/fr\/deux-changements-simples-pour-maximiser-vos-conversions\/","og_locale":"fr_FR","og_type":"article","og_title":"Deux changements simples pour maximiser vos conversions - Convertize","og_description":"Temps de lecture : 3 minutes Ci-dessus, vous pouvez voir la version actuelle de la Landing Page\u00a0de British Airways, ainsi que la nouvelle version optimis\u00e9e avec Convertize. Comment sommes-nous\u00a0pass\u00e9s de A \u00e0 B ? Cela a pris 28 minutes et n&rsquo;a n\u00e9cessit\u00e9 aucune connaissance de codage ou d&rsquo;optimisation de site web. La premi\u00e8re \u00e9tape consiste \u00e0 ouvrir Convertize et \u00e0 entrer [&hellip;]","og_url":"https:\/\/www.convertize.com\/fr\/deux-changements-simples-pour-maximiser-vos-conversions\/","og_site_name":"Convertize","article_modified_time":"2017-03-27T14:41:20+00:00","twitter_card":"summary_large_image","twitter_misc":{"Dur\u00e9e de lecture estim\u00e9e":"3 minutes"},"schema":{"@context":"https:\/\/schema.org","@graph":[{"@type":"WebPage","@id":"https:\/\/www.convertize.com\/fr\/deux-changements-simples-pour-maximiser-vos-conversions\/","url":"https:\/\/www.convertize.com\/fr\/deux-changements-simples-pour-maximiser-vos-conversions\/","name":"Deux changements simples pour maximiser vos conversions - Convertize","isPartOf":{"@id":"https:\/\/www.convertize.com\/fr\/#website"},"datePublished":"2017-02-15T14:22:33+00:00","dateModified":"2017-03-27T14:41:20+00:00","inLanguage":"fr-FR","potentialAction":[{"@type":"ReadAction","target":["https:\/\/www.convertize.com\/fr\/deux-changements-simples-pour-maximiser-vos-conversions\/"]}]},{"@type":"WebSite","@id":"https:\/\/www.convertize.com\/fr\/#website","url":"https:\/\/www.convertize.com\/fr\/","name":"Convertize","description":"April 2026","potentialAction":[{"@type":"SearchAction","target":{"@type":"EntryPoint","urlTemplate":"https:\/\/www.convertize.com\/fr\/?s={search_term_string}"},"query-input":{"@type":"PropertyValueSpecification","valueRequired":true,"valueName":"search_term_string"}}],"inLanguage":"fr-FR"}]}},"_links":{"self":[{"href":"https:\/\/www.convertize.com\/fr\/wp-json\/wp\/v2\/pages\/12610"}],"collection":[{"href":"https:\/\/www.convertize.com\/fr\/wp-json\/wp\/v2\/pages"}],"about":[{"href":"https:\/\/www.convertize.com\/fr\/wp-json\/wp\/v2\/types\/page"}],"author":[{"embeddable":true,"href":"https:\/\/www.convertize.com\/fr\/wp-json\/wp\/v2\/users\/19"}],"replies":[{"embeddable":true,"href":"https:\/\/www.convertize.com\/fr\/wp-json\/wp\/v2\/comments?post=12610"}],"version-history":[{"count":0,"href":"https:\/\/www.convertize.com\/fr\/wp-json\/wp\/v2\/pages\/12610\/revisions"}],"wp:attachment":[{"href":"https:\/\/www.convertize.com\/fr\/wp-json\/wp\/v2\/media?parent=12610"}],"wp:term":[{"taxonomy":"category","embeddable":true,"href":"https:\/\/www.convertize.com\/fr\/wp-json\/wp\/v2\/categories?post=12610"},{"taxonomy":"post_tag","embeddable":true,"href":"https:\/\/www.convertize.com\/fr\/wp-json\/wp\/v2\/tags?post=12610"}],"curies":[{"name":"wp","href":"https:\/\/api.w.org\/{rel}","templated":true}]}}