{"id":12684,"date":"2017-02-17T12:30:35","date_gmt":"2017-02-17T11:30:35","guid":{"rendered":"http:\/\/blog.getscenario.com\/fr\/?page_id=12684"},"modified":"2019-03-05T12:35:04","modified_gmt":"2019-03-05T11:35:04","slug":"optimisez-votre-formulaire-de-recherche-en-deux-etapes-elementaires","status":"publish","type":"page","link":"https:\/\/www.convertize.com\/fr\/optimisez-votre-formulaire-de-recherche-en-deux-etapes-elementaires\/","title":{"rendered":"Optimisez votre formulaire de recherche en deux \u00e9tapes \u00e9l\u00e9mentaires"},"content":{"rendered":"<span class=\"rt-reading-time\" style=\"display: block;\"><span class=\"rt-label rt-prefix\">Temps de lecture : <\/span> <span class=\"rt-time\">&lt;\u00a01<\/span> <span class=\"rt-label rt-postfix\">minute<\/span><\/span><p>Dans cette \u00e9tude de cas, nous allons vous montrer un moyen facile pour\u00a0am\u00e9liorer votre formulaire de recherche avec Convertize. Vous verrez la tactique choisie et sa\u00a0mise en \u0153uvre \u00e0 l&rsquo;aide de l&rsquo;\u00e9diteur de Convertize.<\/p>\n<p><strong>Tactique 147 :\u00a0Augmentez la quantit\u00e9 d&rsquo;espace blanc laiss\u00e9 vide<\/strong><\/p>\n<p>Rendez le traitement de l&rsquo;information plus facile en y mettant de l&rsquo;ordre et en montrant le contenu pertinent de mani\u00e8re claire.<\/p>\n<p><img loading=\"lazy\" decoding=\"async\" class=\"alignnone size-full wp-image-12685\" src=\" https:\/\/www.convertize.com\/fr\/wp-content\/uploads\/2017\/02\/2-Booking-Add-tactic-1024x723-1.png\" alt=\"\" width=\"1024\" height=\"723\" \/><\/p>\n<p><strong>\u00c9diteur :\u00a0<\/strong>Vous pouvez modifier la taille des \u00e9l\u00e9ments dans l&rsquo;\u00e9diteur en cliquant sur l&rsquo;\u00e9l\u00e9ment pour choisir la largeur et la hauteur que vous souhaitez.<\/p>\n<p><img loading=\"lazy\" decoding=\"async\" class=\"alignnone size-full wp-image-12686\" src=\" https:\/\/www.convertize.com\/fr\/wp-content\/uploads\/2017\/02\/3-Booking-Apply-tactic-1024x723-1.png\" alt=\"\" width=\"1024\" height=\"723\" \/><\/p>\n<p><strong>Version actualis\u00e9e :<\/strong>\u00a0La version finale montre un champ de recherche plus large et met en avant moins d&rsquo;\u00e9l\u00e9ments afin que l&rsquo;internaute se concentre davantage sur le but principal de la page &#8211; le formulaire de recherche.<\/p>\n<p><img loading=\"lazy\" decoding=\"async\" class=\"alignnone size-full wp-image-12687\" src=\" https:\/\/www.convertize.com\/fr\/wp-content\/uploads\/2017\/02\/4-Booking-Final-1024x723-1.png\" alt=\"\" width=\"1024\" height=\"723\" \/><\/p>\n<div class=\"social-btn\"><a class=\"col-1 sbtn s-twitter\" onclick=\"popupwindow('https:\/\/twitter.com\/intent\/tweet?text=Optimisez%20votre%20formulaire%20de%20recherche%20en%20deux%20\u00e9tapes%20\u00e9l\u00e9mentaires&amp;url=https%3A%2F%2Fwww.convertize.com%2Ffr%2Foptimisez-votre-formulaire-de-recherche-en-deux-etapes-elementaires%2F&amp;via=convertize','Twitter Follow','600','600')\" href=\"javascript:void(0);\" target=\"_blank\" rel=\"nofollow\"><span>Share on Twitter<\/span><\/a><a class=\"col-1 sbtn s-facebook\" onclick=\"popupwindow('https:\/\/www.facebook.com\/sharer\/sharer.php?u=https%3A%2F%2Fwww.convertize.com%2Ffr%2Foptimisez-votre-formulaire-de-recherche-en-deux-etapes-elementaires%2F','Facebook Follow','600','600')\" href=\"javascript:void(0);\" target=\"_blank\" rel=\"nofollow\"><span>Share on Facebook<\/span><\/a><a class=\"col-1 sbtn s-linkedin\" onclick=\"popupwindow('https:\/\/www.linkedin.com\/shareArticle?mini=true&url=https%3A%2F%2Fwww.convertize.com%2Ffr%2Foptimisez-votre-formulaire-de-recherche-en-deux-etapes-elementaires%2F&amp;title=Optimisez%20votre%20formulaire%20de%20recherche%20en%20deux%20\u00e9tapes%20\u00e9l\u00e9mentaires&amp;description=','Linkedin Follow','600','600')\" href=\"javascript:void(0);\" target=\"_blank\" rel=\"nofollow\"><span>Share on Linkedin<\/span><\/a><\/div>","protected":false},"excerpt":{"rendered":"<p><span class=\"rt-reading-time\" style=\"display: block;\"><span class=\"rt-label rt-prefix\">Temps de lecture : <\/span> <span class=\"rt-time\">&lt;\u00a01<\/span> <span class=\"rt-label rt-postfix\">minute<\/span><\/span> Dans cette \u00e9tude de cas, nous allons vous montrer un moyen facile pour\u00a0am\u00e9liorer votre formulaire de recherche avec Convertize. Vous verrez la tactique choisie et sa\u00a0mise en \u0153uvre \u00e0 l&rsquo;aide de l&rsquo;\u00e9diteur de Convertize. Tactique 147 :\u00a0Augmentez la quantit\u00e9 d&rsquo;espace blanc laiss\u00e9 vide Rendez le traitement de l&rsquo;information plus facile en y mettant de l&rsquo;ordre [&hellip;]<\/p>\n","protected":false},"author":19,"featured_media":0,"parent":0,"menu_order":0,"comment_status":"closed","ping_status":"closed","template":"page-examples.php","meta":{"_genesis_hide_title":false,"_genesis_hide_breadcrumbs":false,"_genesis_hide_singular_image":false,"_genesis_hide_footer_widgets":false,"_genesis_custom_body_class":"","_genesis_custom_post_class":"","_genesis_layout":"","footnotes":""},"categories":[],"tags":[],"class_list":{"0":"post-12684","1":"page","2":"type-page","3":"status-publish","5":"entry"},"yoast_head":"<!-- This site is optimized with the Yoast SEO plugin v23.7 - https:\/\/yoast.com\/wordpress\/plugins\/seo\/ -->\n<title>Optimisez votre formulaire de recherche en deux \u00e9tapes \u00e9l\u00e9mentaires - Convertize<\/title>\n<meta name=\"robots\" content=\"index, follow, max-snippet:-1, max-image-preview:large, max-video-preview:-1\" \/>\n<link rel=\"canonical\" href=\"https:\/\/www.convertize.com\/fr\/optimisez-votre-formulaire-de-recherche-en-deux-etapes-elementaires\/\" \/>\n<meta property=\"og:locale\" content=\"fr_FR\" \/>\n<meta property=\"og:type\" content=\"article\" \/>\n<meta property=\"og:title\" content=\"Optimisez votre formulaire de recherche en deux \u00e9tapes \u00e9l\u00e9mentaires - Convertize\" \/>\n<meta property=\"og:description\" content=\"Temps de lecture : &lt;\u00a01 minute Dans cette \u00e9tude de cas, nous allons vous montrer un moyen facile pour\u00a0am\u00e9liorer votre formulaire de recherche avec Convertize. Vous verrez la tactique choisie et sa\u00a0mise en \u0153uvre \u00e0 l&rsquo;aide de l&rsquo;\u00e9diteur de Convertize. Tactique 147 :\u00a0Augmentez la quantit\u00e9 d&rsquo;espace blanc laiss\u00e9 vide Rendez le traitement de l&rsquo;information plus facile en y mettant de l&rsquo;ordre [&hellip;]\" \/>\n<meta property=\"og:url\" content=\"https:\/\/www.convertize.com\/fr\/optimisez-votre-formulaire-de-recherche-en-deux-etapes-elementaires\/\" \/>\n<meta property=\"og:site_name\" content=\"Convertize\" \/>\n<meta property=\"article:modified_time\" content=\"2019-03-05T11:35:04+00:00\" \/>\n<meta name=\"twitter:card\" content=\"summary_large_image\" \/>\n<meta name=\"twitter:label1\" content=\"Dur\u00e9e de lecture estim\u00e9e\" \/>\n\t<meta name=\"twitter:data1\" content=\"1 minute\" \/>\n<script type=\"application\/ld+json\" class=\"yoast-schema-graph\">{\"@context\":\"https:\/\/schema.org\",\"@graph\":[{\"@type\":\"WebPage\",\"@id\":\"https:\/\/www.convertize.com\/fr\/optimisez-votre-formulaire-de-recherche-en-deux-etapes-elementaires\/\",\"url\":\"https:\/\/www.convertize.com\/fr\/optimisez-votre-formulaire-de-recherche-en-deux-etapes-elementaires\/\",\"name\":\"Optimisez votre formulaire de recherche en deux \u00e9tapes \u00e9l\u00e9mentaires - Convertize\",\"isPartOf\":{\"@id\":\"https:\/\/www.convertize.com\/fr\/#website\"},\"datePublished\":\"2017-02-17T11:30:35+00:00\",\"dateModified\":\"2019-03-05T11:35:04+00:00\",\"inLanguage\":\"fr-FR\",\"potentialAction\":[{\"@type\":\"ReadAction\",\"target\":[\"https:\/\/www.convertize.com\/fr\/optimisez-votre-formulaire-de-recherche-en-deux-etapes-elementaires\/\"]}]},{\"@type\":\"WebSite\",\"@id\":\"https:\/\/www.convertize.com\/fr\/#website\",\"url\":\"https:\/\/www.convertize.com\/fr\/\",\"name\":\"Convertize\",\"description\":\"April 2026\",\"potentialAction\":[{\"@type\":\"SearchAction\",\"target\":{\"@type\":\"EntryPoint\",\"urlTemplate\":\"https:\/\/www.convertize.com\/fr\/?s={search_term_string}\"},\"query-input\":{\"@type\":\"PropertyValueSpecification\",\"valueRequired\":true,\"valueName\":\"search_term_string\"}}],\"inLanguage\":\"fr-FR\"}]}<\/script>\n<!-- \/ Yoast SEO plugin. -->","yoast_head_json":{"title":"Optimisez votre formulaire de recherche en deux \u00e9tapes \u00e9l\u00e9mentaires - Convertize","robots":{"index":"index","follow":"follow","max-snippet":"max-snippet:-1","max-image-preview":"max-image-preview:large","max-video-preview":"max-video-preview:-1"},"canonical":"https:\/\/www.convertize.com\/fr\/optimisez-votre-formulaire-de-recherche-en-deux-etapes-elementaires\/","og_locale":"fr_FR","og_type":"article","og_title":"Optimisez votre formulaire de recherche en deux \u00e9tapes \u00e9l\u00e9mentaires - Convertize","og_description":"Temps de lecture : &lt;\u00a01 minute Dans cette \u00e9tude de cas, nous allons vous montrer un moyen facile pour\u00a0am\u00e9liorer votre formulaire de recherche avec Convertize. Vous verrez la tactique choisie et sa\u00a0mise en \u0153uvre \u00e0 l&rsquo;aide de l&rsquo;\u00e9diteur de Convertize. Tactique 147 :\u00a0Augmentez la quantit\u00e9 d&rsquo;espace blanc laiss\u00e9 vide Rendez le traitement de l&rsquo;information plus facile en y mettant de l&rsquo;ordre [&hellip;]","og_url":"https:\/\/www.convertize.com\/fr\/optimisez-votre-formulaire-de-recherche-en-deux-etapes-elementaires\/","og_site_name":"Convertize","article_modified_time":"2019-03-05T11:35:04+00:00","twitter_card":"summary_large_image","twitter_misc":{"Dur\u00e9e de lecture estim\u00e9e":"1 minute"},"schema":{"@context":"https:\/\/schema.org","@graph":[{"@type":"WebPage","@id":"https:\/\/www.convertize.com\/fr\/optimisez-votre-formulaire-de-recherche-en-deux-etapes-elementaires\/","url":"https:\/\/www.convertize.com\/fr\/optimisez-votre-formulaire-de-recherche-en-deux-etapes-elementaires\/","name":"Optimisez votre formulaire de recherche en deux \u00e9tapes \u00e9l\u00e9mentaires - Convertize","isPartOf":{"@id":"https:\/\/www.convertize.com\/fr\/#website"},"datePublished":"2017-02-17T11:30:35+00:00","dateModified":"2019-03-05T11:35:04+00:00","inLanguage":"fr-FR","potentialAction":[{"@type":"ReadAction","target":["https:\/\/www.convertize.com\/fr\/optimisez-votre-formulaire-de-recherche-en-deux-etapes-elementaires\/"]}]},{"@type":"WebSite","@id":"https:\/\/www.convertize.com\/fr\/#website","url":"https:\/\/www.convertize.com\/fr\/","name":"Convertize","description":"April 2026","potentialAction":[{"@type":"SearchAction","target":{"@type":"EntryPoint","urlTemplate":"https:\/\/www.convertize.com\/fr\/?s={search_term_string}"},"query-input":{"@type":"PropertyValueSpecification","valueRequired":true,"valueName":"search_term_string"}}],"inLanguage":"fr-FR"}]}},"_links":{"self":[{"href":"https:\/\/www.convertize.com\/fr\/wp-json\/wp\/v2\/pages\/12684"}],"collection":[{"href":"https:\/\/www.convertize.com\/fr\/wp-json\/wp\/v2\/pages"}],"about":[{"href":"https:\/\/www.convertize.com\/fr\/wp-json\/wp\/v2\/types\/page"}],"author":[{"embeddable":true,"href":"https:\/\/www.convertize.com\/fr\/wp-json\/wp\/v2\/users\/19"}],"replies":[{"embeddable":true,"href":"https:\/\/www.convertize.com\/fr\/wp-json\/wp\/v2\/comments?post=12684"}],"version-history":[{"count":0,"href":"https:\/\/www.convertize.com\/fr\/wp-json\/wp\/v2\/pages\/12684\/revisions"}],"wp:attachment":[{"href":"https:\/\/www.convertize.com\/fr\/wp-json\/wp\/v2\/media?parent=12684"}],"wp:term":[{"taxonomy":"category","embeddable":true,"href":"https:\/\/www.convertize.com\/fr\/wp-json\/wp\/v2\/categories?post=12684"},{"taxonomy":"post_tag","embeddable":true,"href":"https:\/\/www.convertize.com\/fr\/wp-json\/wp\/v2\/tags?post=12684"}],"curies":[{"name":"wp","href":"https:\/\/api.w.org\/{rel}","templated":true}]}}