{"id":12697,"date":"2017-02-17T13:10:34","date_gmt":"2017-02-17T12:10:34","guid":{"rendered":"http:\/\/blog.getscenario.com\/fr\/?page_id=12697"},"modified":"2017-03-27T16:45:34","modified_gmt":"2017-03-27T14:45:34","slug":"deux-facons-simples-daugmenter-les-conversions-dune-page-produit","status":"publish","type":"page","link":"https:\/\/www.convertize.com\/fr\/deux-facons-simples-daugmenter-les-conversions-dune-page-produit\/","title":{"rendered":"Deux fa\u00e7ons simples d&rsquo;augmenter les conversions d&rsquo;une page produit"},"content":{"rendered":"<span class=\"rt-reading-time\" style=\"display: block;\"><span class=\"rt-label rt-prefix\">Temps de lecture : <\/span> <span class=\"rt-time\">2<\/span> <span class=\"rt-label rt-postfix\">minutes<\/span><\/span><p>Dans cette \u00e9tude de cas, nous vous montrons deux fa\u00e7ons efficaces d&rsquo;augmenter les conversions d&rsquo;une page produit en utilisant l&rsquo;exemple d&rsquo;Ebay. Vous verrez \u00e9galement combien il est facile et rapide de les mettre en \u0153uvre sur votre propre site Web en utilisant Convertize.<\/p>\n<p><strong>Tactique 7 : Choisissez un Call-to-Action de couleur et taille diff\u00e9rente pour le mettre en avant.<\/strong><\/p>\n<p>Assurez-vous que votre CTA se distingue et attire l&rsquo;attention de vos utilisateurs. Cela augmentera la probabilit\u00e9 qu&rsquo;ils cliquent dessus et convertissent.<\/p>\n<p><img loading=\"lazy\" decoding=\"async\" class=\"alignnone size-full wp-image-1666\" src=\" https:\/\/www.convertize.com\/wp-content\/uploads\/2017\/02\/2-Ebay-Add-tactic-1.png\" alt=\"\" width=\"1305\" height=\"960\" \/><\/p>\n<p><strong>\u00c9diteur (Tactique 7) :\u00a0<\/strong>Avec Convertize, quelques secondes suffisent pour changer la couleur de fond d&rsquo;un \u00e9l\u00e9ment. Cliquez sur l&rsquo;\u00e9l\u00e9ment et s\u00e9lectionnez l&rsquo;option d&rsquo;arri\u00e8re plan pour effectuer la modification souhait\u00e9e.<\/p>\n<p><img loading=\"lazy\" decoding=\"async\" class=\"alignnone size-full wp-image-1283\" src=\" https:\/\/www.convertize.com\/wp-content\/uploads\/2017\/01\/3-Apply-tactic-1.png\" alt=\"\" width=\"1305\" height=\"960\" \/><\/p>\n<p><strong>Tactique 289 :\u00a0\u00a0\u00c9vitez les trous dans vos blocs de contenus\u00a0<\/strong><\/p>\n<p><img loading=\"lazy\" decoding=\"async\" class=\"alignnone size-full wp-image-1284\" src=\" https:\/\/www.convertize.com\/wp-content\/uploads\/2017\/01\/4-Ebay-Add-tactic-2.png\" alt=\"\" width=\"1305\" height=\"960\" \/><\/p>\n<p><strong>\u00c9diteur (Tactique 289) :<\/strong>\u00a0Dans ce cas, la vid\u00e9o a \u00e9t\u00e9 d\u00e9plac\u00e9e \u00e0 c\u00f4t\u00e9 des images du produit en cliquant simplement sur l&rsquo;\u00e9l\u00e9ment et en ajustant son emplacement.<\/p>\n<p><img loading=\"lazy\" decoding=\"async\" class=\"alignnone size-full wp-image-1285\" src=\" https:\/\/www.convertize.com\/wp-content\/uploads\/2017\/01\/5-Ebay-apply-tactic.png\" alt=\"\" width=\"1305\" height=\"960\" \/><\/p>\n<p><strong>Version actualis\u00e9e :\u00a0<\/strong>Nous avons pass\u00e9 la couleur du CTA principal en vert pour le diff\u00e9rencier du reste. Nous avons retir\u00e9 la couleur rouge et avons appliqu\u00e9 des couleurs moins agressives (du vert pour le nombre de produits similaires vendus, et de l&rsquo;orange pour l&rsquo;indication du nombre de personnes regardant la m\u00eame page). La phrase a \u00e9t\u00e9 modifi\u00e9e de \u00ab69 watching\u00bb \u00e0 \u00ab69 people are looking at this product now\u00bb pour le rendre plus clair et souligner l&rsquo;effet d&rsquo;urgence. La vid\u00e9o a \u00e9t\u00e9 d\u00e9plac\u00e9e \u00e0 c\u00f4t\u00e9 des images du produit pour \u00e9viter un espace vide et am\u00e9liorer la fluidit\u00e9 de la lecture de la page.<\/p>\n<p><img loading=\"lazy\" decoding=\"async\" class=\"alignnone size-full wp-image-1286\" src=\" https:\/\/www.convertize.com\/wp-content\/uploads\/2017\/01\/6-Ebay-Final.png\" alt=\"\" width=\"1305\" height=\"960\" \/><\/p>\n<div class=\"social-btn\"><a class=\"col-1 sbtn s-twitter\" onclick=\"popupwindow('https:\/\/twitter.com\/intent\/tweet?text=Deux%20fa\u00e7ons%20simples%20d&rsquo;augmenter%20les%20conversions%20d&rsquo;une%20page%20produit&amp;url=https%3A%2F%2Fwww.convertize.com%2Ffr%2Fdeux-facons-simples-daugmenter-les-conversions-dune-page-produit%2F&amp;via=convertize','Twitter Follow','600','600')\" href=\"javascript:void(0);\" target=\"_blank\" rel=\"nofollow\"><span>Share on Twitter<\/span><\/a><a class=\"col-1 sbtn s-facebook\" onclick=\"popupwindow('https:\/\/www.facebook.com\/sharer\/sharer.php?u=https%3A%2F%2Fwww.convertize.com%2Ffr%2Fdeux-facons-simples-daugmenter-les-conversions-dune-page-produit%2F','Facebook Follow','600','600')\" href=\"javascript:void(0);\" target=\"_blank\" rel=\"nofollow\"><span>Share on Facebook<\/span><\/a><a class=\"col-1 sbtn s-linkedin\" onclick=\"popupwindow('https:\/\/www.linkedin.com\/shareArticle?mini=true&url=https%3A%2F%2Fwww.convertize.com%2Ffr%2Fdeux-facons-simples-daugmenter-les-conversions-dune-page-produit%2F&amp;title=Deux%20fa\u00e7ons%20simples%20d&rsquo;augmenter%20les%20conversions%20d&rsquo;une%20page%20produit&amp;description=','Linkedin Follow','600','600')\" href=\"javascript:void(0);\" target=\"_blank\" rel=\"nofollow\"><span>Share on Linkedin<\/span><\/a><\/div>","protected":false},"excerpt":{"rendered":"<p><span class=\"rt-reading-time\" style=\"display: block;\"><span class=\"rt-label rt-prefix\">Temps de lecture : <\/span> <span class=\"rt-time\">2<\/span> <span class=\"rt-label rt-postfix\">minutes<\/span><\/span> Dans cette \u00e9tude de cas, nous vous montrons deux fa\u00e7ons efficaces d&rsquo;augmenter les conversions d&rsquo;une page produit en utilisant l&rsquo;exemple d&rsquo;Ebay. Vous verrez \u00e9galement combien il est facile et rapide de les mettre en \u0153uvre sur votre propre site Web en utilisant Convertize. Tactique 7 : Choisissez un Call-to-Action de couleur et taille diff\u00e9rente pour [&hellip;]<\/p>\n","protected":false},"author":19,"featured_media":0,"parent":0,"menu_order":0,"comment_status":"closed","ping_status":"closed","template":"page-examples.php","meta":{"_genesis_hide_title":false,"_genesis_hide_breadcrumbs":false,"_genesis_hide_singular_image":false,"_genesis_hide_footer_widgets":false,"_genesis_custom_body_class":"","_genesis_custom_post_class":"","_genesis_layout":"","footnotes":""},"categories":[],"tags":[],"class_list":{"0":"post-12697","1":"page","2":"type-page","3":"status-publish","5":"entry"},"yoast_head":"<!-- This site is optimized with the Yoast SEO plugin v23.7 - https:\/\/yoast.com\/wordpress\/plugins\/seo\/ -->\n<title>Deux fa\u00e7ons simples d&#039;augmenter les conversions d&#039;une page produit - Convertize<\/title>\n<meta name=\"robots\" content=\"index, follow, max-snippet:-1, max-image-preview:large, max-video-preview:-1\" \/>\n<link rel=\"canonical\" href=\"https:\/\/www.convertize.com\/fr\/deux-facons-simples-daugmenter-les-conversions-dune-page-produit\/\" \/>\n<meta property=\"og:locale\" content=\"fr_FR\" \/>\n<meta property=\"og:type\" content=\"article\" \/>\n<meta property=\"og:title\" content=\"Deux fa\u00e7ons simples d&#039;augmenter les conversions d&#039;une page produit - Convertize\" \/>\n<meta property=\"og:description\" content=\"Temps de lecture : 2 minutes Dans cette \u00e9tude de cas, nous vous montrons deux fa\u00e7ons efficaces d&rsquo;augmenter les conversions d&rsquo;une page produit en utilisant l&rsquo;exemple d&rsquo;Ebay. Vous verrez \u00e9galement combien il est facile et rapide de les mettre en \u0153uvre sur votre propre site Web en utilisant Convertize. Tactique 7 : Choisissez un Call-to-Action de couleur et taille diff\u00e9rente pour [&hellip;]\" \/>\n<meta property=\"og:url\" content=\"https:\/\/www.convertize.com\/fr\/deux-facons-simples-daugmenter-les-conversions-dune-page-produit\/\" \/>\n<meta property=\"og:site_name\" content=\"Convertize\" \/>\n<meta property=\"article:modified_time\" content=\"2017-03-27T14:45:34+00:00\" \/>\n<meta name=\"twitter:card\" content=\"summary_large_image\" \/>\n<meta name=\"twitter:label1\" content=\"Dur\u00e9e de lecture estim\u00e9e\" \/>\n\t<meta name=\"twitter:data1\" content=\"1 minute\" \/>\n<script type=\"application\/ld+json\" class=\"yoast-schema-graph\">{\"@context\":\"https:\/\/schema.org\",\"@graph\":[{\"@type\":\"WebPage\",\"@id\":\"https:\/\/www.convertize.com\/fr\/deux-facons-simples-daugmenter-les-conversions-dune-page-produit\/\",\"url\":\"https:\/\/www.convertize.com\/fr\/deux-facons-simples-daugmenter-les-conversions-dune-page-produit\/\",\"name\":\"Deux fa\u00e7ons simples d'augmenter les conversions d'une page produit - Convertize\",\"isPartOf\":{\"@id\":\"https:\/\/www.convertize.com\/fr\/#website\"},\"datePublished\":\"2017-02-17T12:10:34+00:00\",\"dateModified\":\"2017-03-27T14:45:34+00:00\",\"inLanguage\":\"fr-FR\",\"potentialAction\":[{\"@type\":\"ReadAction\",\"target\":[\"https:\/\/www.convertize.com\/fr\/deux-facons-simples-daugmenter-les-conversions-dune-page-produit\/\"]}]},{\"@type\":\"WebSite\",\"@id\":\"https:\/\/www.convertize.com\/fr\/#website\",\"url\":\"https:\/\/www.convertize.com\/fr\/\",\"name\":\"Convertize\",\"description\":\"April 2026\",\"potentialAction\":[{\"@type\":\"SearchAction\",\"target\":{\"@type\":\"EntryPoint\",\"urlTemplate\":\"https:\/\/www.convertize.com\/fr\/?s={search_term_string}\"},\"query-input\":{\"@type\":\"PropertyValueSpecification\",\"valueRequired\":true,\"valueName\":\"search_term_string\"}}],\"inLanguage\":\"fr-FR\"}]}<\/script>\n<!-- \/ Yoast SEO plugin. -->","yoast_head_json":{"title":"Deux fa\u00e7ons simples d'augmenter les conversions d'une page produit - Convertize","robots":{"index":"index","follow":"follow","max-snippet":"max-snippet:-1","max-image-preview":"max-image-preview:large","max-video-preview":"max-video-preview:-1"},"canonical":"https:\/\/www.convertize.com\/fr\/deux-facons-simples-daugmenter-les-conversions-dune-page-produit\/","og_locale":"fr_FR","og_type":"article","og_title":"Deux fa\u00e7ons simples d'augmenter les conversions d'une page produit - Convertize","og_description":"Temps de lecture : 2 minutes Dans cette \u00e9tude de cas, nous vous montrons deux fa\u00e7ons efficaces d&rsquo;augmenter les conversions d&rsquo;une page produit en utilisant l&rsquo;exemple d&rsquo;Ebay. Vous verrez \u00e9galement combien il est facile et rapide de les mettre en \u0153uvre sur votre propre site Web en utilisant Convertize. Tactique 7 : Choisissez un Call-to-Action de couleur et taille diff\u00e9rente pour [&hellip;]","og_url":"https:\/\/www.convertize.com\/fr\/deux-facons-simples-daugmenter-les-conversions-dune-page-produit\/","og_site_name":"Convertize","article_modified_time":"2017-03-27T14:45:34+00:00","twitter_card":"summary_large_image","twitter_misc":{"Dur\u00e9e de lecture estim\u00e9e":"1 minute"},"schema":{"@context":"https:\/\/schema.org","@graph":[{"@type":"WebPage","@id":"https:\/\/www.convertize.com\/fr\/deux-facons-simples-daugmenter-les-conversions-dune-page-produit\/","url":"https:\/\/www.convertize.com\/fr\/deux-facons-simples-daugmenter-les-conversions-dune-page-produit\/","name":"Deux fa\u00e7ons simples d'augmenter les conversions d'une page produit - Convertize","isPartOf":{"@id":"https:\/\/www.convertize.com\/fr\/#website"},"datePublished":"2017-02-17T12:10:34+00:00","dateModified":"2017-03-27T14:45:34+00:00","inLanguage":"fr-FR","potentialAction":[{"@type":"ReadAction","target":["https:\/\/www.convertize.com\/fr\/deux-facons-simples-daugmenter-les-conversions-dune-page-produit\/"]}]},{"@type":"WebSite","@id":"https:\/\/www.convertize.com\/fr\/#website","url":"https:\/\/www.convertize.com\/fr\/","name":"Convertize","description":"April 2026","potentialAction":[{"@type":"SearchAction","target":{"@type":"EntryPoint","urlTemplate":"https:\/\/www.convertize.com\/fr\/?s={search_term_string}"},"query-input":{"@type":"PropertyValueSpecification","valueRequired":true,"valueName":"search_term_string"}}],"inLanguage":"fr-FR"}]}},"_links":{"self":[{"href":"https:\/\/www.convertize.com\/fr\/wp-json\/wp\/v2\/pages\/12697"}],"collection":[{"href":"https:\/\/www.convertize.com\/fr\/wp-json\/wp\/v2\/pages"}],"about":[{"href":"https:\/\/www.convertize.com\/fr\/wp-json\/wp\/v2\/types\/page"}],"author":[{"embeddable":true,"href":"https:\/\/www.convertize.com\/fr\/wp-json\/wp\/v2\/users\/19"}],"replies":[{"embeddable":true,"href":"https:\/\/www.convertize.com\/fr\/wp-json\/wp\/v2\/comments?post=12697"}],"version-history":[{"count":0,"href":"https:\/\/www.convertize.com\/fr\/wp-json\/wp\/v2\/pages\/12697\/revisions"}],"wp:attachment":[{"href":"https:\/\/www.convertize.com\/fr\/wp-json\/wp\/v2\/media?parent=12697"}],"wp:term":[{"taxonomy":"category","embeddable":true,"href":"https:\/\/www.convertize.com\/fr\/wp-json\/wp\/v2\/categories?post=12697"},{"taxonomy":"post_tag","embeddable":true,"href":"https:\/\/www.convertize.com\/fr\/wp-json\/wp\/v2\/tags?post=12697"}],"curies":[{"name":"wp","href":"https:\/\/api.w.org\/{rel}","templated":true}]}}