{"id":12782,"date":"2017-03-21T10:46:15","date_gmt":"2017-03-21T09:46:15","guid":{"rendered":"http:\/\/convertize.blog\/fr\/?page_id=12782"},"modified":"2017-03-27T16:53:58","modified_gmt":"2017-03-27T14:53:58","slug":"augmenter-engagement-homepage-graze","status":"publish","type":"page","link":"https:\/\/www.convertize.com\/fr\/augmenter-engagement-homepage-graze\/","title":{"rendered":"Comment augmenter l&rsquo;engagement sur la homepage de Graze"},"content":{"rendered":"<span class=\"rt-reading-time\" style=\"display: block;\"><span class=\"rt-label rt-prefix\">Temps de lecture : <\/span> <span class=\"rt-time\">4<\/span> <span class=\"rt-label rt-postfix\">minutes<\/span><\/span><p>Dans cette \u00e9tude de cas, nous allons vous montrer un moyen efficace\u00a0pour\u00a0am\u00e9liorer votre homepage\u00a0avec Convertize en prenant comme exemple la homepage de Graze.<\/p>\n<h1><span style=\"font-weight: 400;\">Comment sommes-nous\u00a0pass\u00e9s de A \u00e0 B ?<\/span><\/h1>\n<p>Cela a pris 38\u00a0minutes et n&rsquo;a n\u00e9cessit\u00e9 aucune connaissance pr\u00e9alable en codage ou en optimisation de site web.<\/p>\n<p>La premi\u00e8re \u00e9tape a consist\u00e9\u00a0\u00e0 ouvrir Convertize et \u00e0 entrer l&rsquo;URL et les d\u00e9tails du site en question. Une fois ces \u00e9tapes pass\u00e9es, nous sommes arriv\u00e9s sur l&rsquo;Editing room o\u00f9 une s\u00e9rie\u00a0de tactiques de persuasion pertinentes pour ce type de page est\u00a0propos\u00e9e. Dans ce cas l\u00e0, Convertize sugg\u00e8re 37 tactiques possibles (105 se seraient affich\u00e9s pour ceux qui utilisent nos plans Agency ou Team).<\/p>\n<p>Pour cette exp\u00e9rience, nous avons choisi d&rsquo;appliquer 3 tactiques :<\/p>\n<h1>Tactique 277 :\u00a0\u00a0N&rsquo;affichez pas deux fois un Call-to-action sur une m\u00eame page<\/h1>\n<p>La premi\u00e8re tactique choisie est la tactique 277, qui conseille de <strong>ne pas afficher un Call-to-action\u00a0deux fois sur une page<\/strong> afin que l&rsquo;utilisateur comprenne ce qu&rsquo;il doit faire pour continuer jusqu&rsquo;\u00e0 l&rsquo;\u00e9tape suivante. Dans la version actuelle de la homepage de Graze, il y a deux Call-to-Action (CTA) \u00ab\u00a0Get started\u00a0\u00bb ainsi qu&rsquo;un un label de promotion qui ressemble \u00e0 un autre CTA, m\u00eame si il n&rsquo;est pas cliquable.<br \/>\n<img loading=\"lazy\" decoding=\"async\" class=\"alignnone wp-image-12784 size-full\" title=\"exemple_efficacit\u00e9_convertize\" src=\" https:\/\/www.convertize.com\/fr\/wp-content\/uploads\/2017\/03\/example_processing_efficacy_convertize.png\" alt=\"exemple_efficacit\u00e9_convertize\" width=\"1024\" height=\"639\" \/><\/p>\n<p>Dans le SmartEditor\u2122, nous avons donc s\u00e9lectionn\u00e9 le CTA secondaire \u00abGet started\u00bb pour le\u00a0modifier. Nous avons chang\u00e9 le texte en le rempla\u00e7ant par\u00a0\u00abconnexion\u00bb. Ensuite, la couleur du CTA a \u00e9t\u00e9 modifi\u00e9e pour la faire correspondre au bleu turquoise du site. Enfin, nous avons chang\u00e9 l&rsquo;URL pour rediriger les utilisateurs\u00a0vers la page de connexion en utilisant l&rsquo;option avanc\u00e9e.<br \/>\n<img loading=\"lazy\" decoding=\"async\" class=\"alignnone size-full wp-image-12785\" src=\" https:\/\/www.convertize.com\/fr\/wp-content\/uploads\/2017\/03\/appliquer_biais_attention_graze_convertize.png\" alt=\"appliquer_biais_attention_graze_convertize\" width=\"1237\" height=\"775\" \/><\/p>\n<h1>Tactique 174 :\u00a0Construisez votre proposition de valeur unique (USP) autour du profil de votre client\u00e8le cible<\/h1>\n<p>La tactique 174 conseille <strong>d&rsquo;afficher une proposition de valeur unique\u00a0(USP)<\/strong> en fonction de votre client\u00e8le cible. Cette d\u00e9marche est b\u00e9n\u00e9fique pour votre\u00a0taux de conversion car\u00a0les utilisateurs sont alors en mesure d&rsquo;identifier plus facilement\u00a0vos produits et de se sentir plus connect\u00e9s\u00a0avec votre marque\/site.<br \/>\n<img loading=\"lazy\" decoding=\"async\" class=\"alignnone size-full wp-image-12786\" src=\" https:\/\/www.convertize.com\/fr\/wp-content\/uploads\/2017\/03\/exemple_congnition_sociale_convertize.png\" alt=\"exemple_congnition_sociale_convertize\" width=\"1024\" height=\"640\" \/><\/p>\n<p><img loading=\"lazy\" decoding=\"async\" class=\"alignnone size-full wp-image-12787\" src=\" https:\/\/www.convertize.com\/fr\/wp-content\/uploads\/2017\/03\/appliquer_coginition_social_graze_convertize.png\" alt=\"appliquer_coginition_social_graze_convertize\" width=\"1024\" height=\"643\" \/><\/p>\n<p>Pour mettre en \u0153uvre cette tactique, rien de plus\u00a0simple que d&rsquo;aller sur\u00a0le SmartEditor\u2122 et\u00a0de cliquer sur le texte que vous souhaitez modifier pour faire vos modifications. Dans cet exemple, nous avons ajout\u00e9 d&rsquo;autres arguments clefs de vente pour engager davantage les\u00a0clients de la cible du site.<\/p>\n<h1>Tactique 274 :\u00a0\u00a0Organisez le texte de fa\u00e7on \u00e0 ce qu&rsquo;il conduise au call-to-action<\/h1>\n<p>La derni\u00e8re tactique choisie est la\u00a0274, qui conseille d&rsquo;organiser le texte de fa\u00e7on \u00e0 ce\u00a0qu&rsquo;il attire l&rsquo;attention sur votre CTA. Dans la version actuelle du site, le CTA principal est situ\u00e9 au milieu de beaucoup de contenus, d&rsquo;images et de couleurs. De plus, il n&rsquo;est pas plac\u00e9 dans\u00a0la meilleure section\u00a0de la page. Rien n&rsquo;attire l&rsquo;attention sur ce\u00a0CTA.<\/p>\n<p>En revanche, sa couleur verte est efficace pour un CTA (couleur li\u00e9e \u00e0 la positivit\u00e9, l&rsquo;\u00e9quilibre et la s\u00e9curit\u00e9), c&rsquo;est un point positif \u00e0 retenir. Mais dans ce cas, il y a d\u00e9j\u00e0 beaucoup de couleurs diff\u00e9rentes sur la page, en particulier sur l&rsquo;image de fond, qui est tr\u00e8s charg\u00e9e et trop imposante.<\/p>\n<p>Nous avons donc utilis\u00e9 le SmartEditor\u2122 pour r\u00e9organiser le contenu (titres, textes\u00a0et CTA) afin de\u00a0mettre en avant les \u00e9l\u00e9ments importants. Enfin, nous avons utilis\u00e9 le principe de\u00a0rep\u00e9rage visuel pour attirer l&rsquo;attention sur le CTA en modifiant la disposition du texte.<br \/>\n<img loading=\"lazy\" decoding=\"async\" class=\"alignnone wp-image-12788 size-full\" src=\" https:\/\/www.convertize.com\/fr\/wp-content\/uploads\/2017\/03\/exemple_reperage_visuel_convertize.png\" alt=\"exemple_reperage_visuel_convertize\" width=\"1024\" height=\"490\" \/><\/p>\n<p><img loading=\"lazy\" decoding=\"async\" class=\"alignnone size-full wp-image-12789\" src=\" https:\/\/www.convertize.com\/fr\/wp-content\/uploads\/2017\/03\/modifier_texte_graze_convertize.png\" alt=\"modifier_texte_graze_convertize\" width=\"1024\" height=\"641\" \/><\/p>\n<p>A ce stade, si les changements \u00e9taient r\u00e9ellement appliqu\u00e9s, Convertize vous permettrait de lancer\u00a0facilement un test AB pour mesurer les diff\u00e9rentes performances entre la page originale et cette nouvelle version optimis\u00e9e.<\/p>\n<p><strong>Homepage originale :<\/strong><br \/>\n<img loading=\"lazy\" decoding=\"async\" class=\"alignnone size-full wp-image-12790\" src=\" https:\/\/www.convertize.com\/fr\/wp-content\/uploads\/2017\/03\/optimiser_homepage_graze_convertize.png\" alt=\"optimiser_homepage_graze_convertize\" width=\"1024\" height=\"641\" \/><\/p>\n<p><strong>Homepage optimis\u00e9e :<\/strong><br \/>\n<img loading=\"lazy\" decoding=\"async\" class=\"alignnone size-full wp-image-12791\" src=\" https:\/\/www.convertize.com\/fr\/wp-content\/uploads\/2017\/03\/ameliorer_homepage_graze_convertize.png\" alt=\"ameliorer_homepage_graze_convertize\" width=\"1024\" height=\"681\" \/><\/p>\n<div class=\"boxed-list\">\n<h3>Un court r\u00e9sum\u00e9 des changements :<\/h3>\n<ul class=\"list\">\n<li>Suppression du Call-to-action secondaire \u00ab\u00a0Get Started\u00a0\u00bb<\/li>\n<li>Changement du contenu de la proposition de valeur<\/li>\n<li>Pr\u00e9sentation visuelle modifi\u00e9e pour attirer l&rsquo;attention sur le Call-to-action<\/li>\n<\/ul>\n<\/div>\n<div class=\"social-btn\"><a class=\"col-1 sbtn s-twitter\" onclick=\"popupwindow('https:\/\/twitter.com\/intent\/tweet?text=Comment%20augmenter%20l&rsquo;engagement%20sur%20la%20homepage%20de%20Graze&amp;url=https%3A%2F%2Fwww.convertize.com%2Ffr%2Faugmenter-engagement-homepage-graze%2F&amp;via=convertize','Twitter Follow','600','600')\" href=\"javascript:void(0);\" target=\"_blank\" rel=\"nofollow\"><span>Share on Twitter<\/span><\/a><a class=\"col-1 sbtn s-facebook\" onclick=\"popupwindow('https:\/\/www.facebook.com\/sharer\/sharer.php?u=https%3A%2F%2Fwww.convertize.com%2Ffr%2Faugmenter-engagement-homepage-graze%2F','Facebook Follow','600','600')\" href=\"javascript:void(0);\" target=\"_blank\" rel=\"nofollow\"><span>Share on Facebook<\/span><\/a><a class=\"col-1 sbtn s-linkedin\" onclick=\"popupwindow('https:\/\/www.linkedin.com\/shareArticle?mini=true&url=https%3A%2F%2Fwww.convertize.com%2Ffr%2Faugmenter-engagement-homepage-graze%2F&amp;title=Comment%20augmenter%20l&rsquo;engagement%20sur%20la%20homepage%20de%20Graze&amp;description=','Linkedin Follow','600','600')\" href=\"javascript:void(0);\" target=\"_blank\" rel=\"nofollow\"><span>Share on Linkedin<\/span><\/a><\/div>","protected":false},"excerpt":{"rendered":"<p><span class=\"rt-reading-time\" style=\"display: block;\"><span class=\"rt-label rt-prefix\">Temps de lecture : <\/span> <span class=\"rt-time\">4<\/span> <span class=\"rt-label rt-postfix\">minutes<\/span><\/span> Dans cette \u00e9tude de cas, nous allons vous montrer un moyen efficace\u00a0pour\u00a0am\u00e9liorer votre homepage\u00a0avec Convertize en prenant comme exemple la homepage de Graze. Comment sommes-nous\u00a0pass\u00e9s de A \u00e0 B ? Cela a pris 38\u00a0minutes et n&rsquo;a n\u00e9cessit\u00e9 aucune connaissance pr\u00e9alable en codage ou en optimisation de site web. La premi\u00e8re \u00e9tape a consist\u00e9\u00a0\u00e0 ouvrir Convertize [&hellip;]<\/p>\n","protected":false},"author":19,"featured_media":0,"parent":0,"menu_order":0,"comment_status":"closed","ping_status":"closed","template":"page-examples.php","meta":{"_genesis_hide_title":false,"_genesis_hide_breadcrumbs":false,"_genesis_hide_singular_image":false,"_genesis_hide_footer_widgets":false,"_genesis_custom_body_class":"","_genesis_custom_post_class":"","_genesis_layout":"","footnotes":""},"categories":[],"tags":[],"class_list":{"0":"post-12782","1":"page","2":"type-page","3":"status-publish","5":"entry"},"yoast_head":"<!-- This site is optimized with the Yoast SEO plugin v23.7 - https:\/\/yoast.com\/wordpress\/plugins\/seo\/ -->\n<title>Comment augmenter l&#039;engagement sur la homepage de Graze - Convertize<\/title>\n<meta name=\"robots\" content=\"index, follow, max-snippet:-1, max-image-preview:large, max-video-preview:-1\" \/>\n<link rel=\"canonical\" href=\"https:\/\/www.convertize.com\/fr\/augmenter-engagement-homepage-graze\/\" \/>\n<meta property=\"og:locale\" content=\"fr_FR\" \/>\n<meta property=\"og:type\" content=\"article\" \/>\n<meta property=\"og:title\" content=\"Comment augmenter l&#039;engagement sur la homepage de Graze - Convertize\" \/>\n<meta property=\"og:description\" content=\"Temps de lecture : 4 minutes Dans cette \u00e9tude de cas, nous allons vous montrer un moyen efficace\u00a0pour\u00a0am\u00e9liorer votre homepage\u00a0avec Convertize en prenant comme exemple la homepage de Graze. Comment sommes-nous\u00a0pass\u00e9s de A \u00e0 B ? Cela a pris 38\u00a0minutes et n&rsquo;a n\u00e9cessit\u00e9 aucune connaissance pr\u00e9alable en codage ou en optimisation de site web. La premi\u00e8re \u00e9tape a consist\u00e9\u00a0\u00e0 ouvrir Convertize [&hellip;]\" \/>\n<meta property=\"og:url\" content=\"https:\/\/www.convertize.com\/fr\/augmenter-engagement-homepage-graze\/\" \/>\n<meta property=\"og:site_name\" content=\"Convertize\" \/>\n<meta property=\"article:modified_time\" content=\"2017-03-27T14:53:58+00:00\" \/>\n<meta name=\"twitter:card\" content=\"summary_large_image\" \/>\n<meta name=\"twitter:label1\" content=\"Dur\u00e9e de lecture estim\u00e9e\" \/>\n\t<meta name=\"twitter:data1\" content=\"3 minutes\" \/>\n<script type=\"application\/ld+json\" class=\"yoast-schema-graph\">{\"@context\":\"https:\/\/schema.org\",\"@graph\":[{\"@type\":\"WebPage\",\"@id\":\"https:\/\/www.convertize.com\/fr\/augmenter-engagement-homepage-graze\/\",\"url\":\"https:\/\/www.convertize.com\/fr\/augmenter-engagement-homepage-graze\/\",\"name\":\"Comment augmenter l'engagement sur la homepage de Graze - Convertize\",\"isPartOf\":{\"@id\":\"https:\/\/www.convertize.com\/fr\/#website\"},\"datePublished\":\"2017-03-21T09:46:15+00:00\",\"dateModified\":\"2017-03-27T14:53:58+00:00\",\"inLanguage\":\"fr-FR\",\"potentialAction\":[{\"@type\":\"ReadAction\",\"target\":[\"https:\/\/www.convertize.com\/fr\/augmenter-engagement-homepage-graze\/\"]}]},{\"@type\":\"WebSite\",\"@id\":\"https:\/\/www.convertize.com\/fr\/#website\",\"url\":\"https:\/\/www.convertize.com\/fr\/\",\"name\":\"Convertize\",\"description\":\"April 2026\",\"potentialAction\":[{\"@type\":\"SearchAction\",\"target\":{\"@type\":\"EntryPoint\",\"urlTemplate\":\"https:\/\/www.convertize.com\/fr\/?s={search_term_string}\"},\"query-input\":{\"@type\":\"PropertyValueSpecification\",\"valueRequired\":true,\"valueName\":\"search_term_string\"}}],\"inLanguage\":\"fr-FR\"}]}<\/script>\n<!-- \/ Yoast SEO plugin. -->","yoast_head_json":{"title":"Comment augmenter l'engagement sur la homepage de Graze - Convertize","robots":{"index":"index","follow":"follow","max-snippet":"max-snippet:-1","max-image-preview":"max-image-preview:large","max-video-preview":"max-video-preview:-1"},"canonical":"https:\/\/www.convertize.com\/fr\/augmenter-engagement-homepage-graze\/","og_locale":"fr_FR","og_type":"article","og_title":"Comment augmenter l'engagement sur la homepage de Graze - Convertize","og_description":"Temps de lecture : 4 minutes Dans cette \u00e9tude de cas, nous allons vous montrer un moyen efficace\u00a0pour\u00a0am\u00e9liorer votre homepage\u00a0avec Convertize en prenant comme exemple la homepage de Graze. Comment sommes-nous\u00a0pass\u00e9s de A \u00e0 B ? Cela a pris 38\u00a0minutes et n&rsquo;a n\u00e9cessit\u00e9 aucune connaissance pr\u00e9alable en codage ou en optimisation de site web. La premi\u00e8re \u00e9tape a consist\u00e9\u00a0\u00e0 ouvrir Convertize [&hellip;]","og_url":"https:\/\/www.convertize.com\/fr\/augmenter-engagement-homepage-graze\/","og_site_name":"Convertize","article_modified_time":"2017-03-27T14:53:58+00:00","twitter_card":"summary_large_image","twitter_misc":{"Dur\u00e9e de lecture estim\u00e9e":"3 minutes"},"schema":{"@context":"https:\/\/schema.org","@graph":[{"@type":"WebPage","@id":"https:\/\/www.convertize.com\/fr\/augmenter-engagement-homepage-graze\/","url":"https:\/\/www.convertize.com\/fr\/augmenter-engagement-homepage-graze\/","name":"Comment augmenter l'engagement sur la homepage de Graze - Convertize","isPartOf":{"@id":"https:\/\/www.convertize.com\/fr\/#website"},"datePublished":"2017-03-21T09:46:15+00:00","dateModified":"2017-03-27T14:53:58+00:00","inLanguage":"fr-FR","potentialAction":[{"@type":"ReadAction","target":["https:\/\/www.convertize.com\/fr\/augmenter-engagement-homepage-graze\/"]}]},{"@type":"WebSite","@id":"https:\/\/www.convertize.com\/fr\/#website","url":"https:\/\/www.convertize.com\/fr\/","name":"Convertize","description":"April 2026","potentialAction":[{"@type":"SearchAction","target":{"@type":"EntryPoint","urlTemplate":"https:\/\/www.convertize.com\/fr\/?s={search_term_string}"},"query-input":{"@type":"PropertyValueSpecification","valueRequired":true,"valueName":"search_term_string"}}],"inLanguage":"fr-FR"}]}},"_links":{"self":[{"href":"https:\/\/www.convertize.com\/fr\/wp-json\/wp\/v2\/pages\/12782"}],"collection":[{"href":"https:\/\/www.convertize.com\/fr\/wp-json\/wp\/v2\/pages"}],"about":[{"href":"https:\/\/www.convertize.com\/fr\/wp-json\/wp\/v2\/types\/page"}],"author":[{"embeddable":true,"href":"https:\/\/www.convertize.com\/fr\/wp-json\/wp\/v2\/users\/19"}],"replies":[{"embeddable":true,"href":"https:\/\/www.convertize.com\/fr\/wp-json\/wp\/v2\/comments?post=12782"}],"version-history":[{"count":0,"href":"https:\/\/www.convertize.com\/fr\/wp-json\/wp\/v2\/pages\/12782\/revisions"}],"wp:attachment":[{"href":"https:\/\/www.convertize.com\/fr\/wp-json\/wp\/v2\/media?parent=12782"}],"wp:term":[{"taxonomy":"category","embeddable":true,"href":"https:\/\/www.convertize.com\/fr\/wp-json\/wp\/v2\/categories?post=12782"},{"taxonomy":"post_tag","embeddable":true,"href":"https:\/\/www.convertize.com\/fr\/wp-json\/wp\/v2\/tags?post=12782"}],"curies":[{"name":"wp","href":"https:\/\/api.w.org\/{rel}","templated":true}]}}