{"id":12806,"date":"2017-03-21T10:58:01","date_gmt":"2017-03-21T09:58:01","guid":{"rendered":"http:\/\/convertize.blog\/fr\/?page_id=12806"},"modified":"2018-03-15T13:25:19","modified_gmt":"2018-03-15T12:25:19","slug":"comment-optimiser-la-page-produit-de-zalando","status":"publish","type":"page","link":"https:\/\/www.convertize.com\/fr\/comment-optimiser-la-page-produit-de-zalando\/","title":{"rendered":"Comment optimiser la page produit de Zalando"},"content":{"rendered":"<span class=\"rt-reading-time\" style=\"display: block;\"><span class=\"rt-label rt-prefix\">Temps de lecture : <\/span> <span class=\"rt-time\">3<\/span> <span class=\"rt-label rt-postfix\">minutes<\/span><\/span><p>Dans cette \u00e9tude de cas, nous vous montrerons\u00a0des changements simples \u00e0 op\u00e9rer sur une\u00a0page produit\u00a0pour augmenter vos ventes, en utilisant l&rsquo;exemple de Zalando.<\/p>\n<p><strong>Page originale :<\/strong><br \/>\n<img loading=\"lazy\" decoding=\"async\" class=\"alignnone size-full wp-image-12808\" src=\" https:\/\/www.convertize.com\/fr\/wp-content\/uploads\/2017\/03\/optimiser_page_produit_zalando_convertize-1.png\" alt=\"optimiser_page_produit_zalando_convertize\" width=\"1248\" height=\"862\" \/><\/p>\n<p>&nbsp;<\/p>\n<p><strong>Tactic 344 : Cr\u00e9ez un sc\u00e9nario en utilisant le SmartPlugin\u2122<\/strong><\/p>\n<p>L&rsquo;utilisation du SmartPlugin\u2122 Urgency induira un effet d&rsquo;urgence sur vos clients en affichant la rapidit\u00e9 avec laquelle ils doivent agir afin de b\u00e9n\u00e9ficier de la livraison express.<br \/>\n<img loading=\"lazy\" decoding=\"async\" class=\"alignnone size-full wp-image-12810\" src=\" https:\/\/www.convertize.com\/fr\/wp-content\/uploads\/2017\/03\/exemple_effet_urgence_zalando_convertize-1.png\" alt=\"exemple_effet_urgence_zalando_convertize\" width=\"1246\" height=\"861\" \/><\/p>\n<p>&nbsp;<\/p>\n<p><strong>\u00c9diteur (Tactique 344) :<\/strong>\u00a0Rien de plus facile\u00a0\u00e0 mettre en \u0153uvre. Il vous suffit d&rsquo;installer le SmartPlugin\u2122, puis de remplir le\u00a0d\u00e9lai de livraison et de pr\u00e9paration pour l&rsquo;envoi du produit en question.<br \/>\n<img loading=\"lazy\" decoding=\"async\" class=\"alignnone size-full wp-image-12811\" src=\" https:\/\/www.convertize.com\/fr\/wp-content\/uploads\/2017\/03\/plugin_urgence_zalando_convertize.png\" alt=\"plugin_urgence_zalando_convertize\" width=\"1246\" height=\"860\" \/><\/p>\n<p>&nbsp;<\/p>\n<p><strong>Tactique 61 :\u00a0\u00a0Choisissez des noms de produits uniques et descriptifs<\/strong><\/p>\n<p>Pour \u00e9viter toute confusion ou malentendu entre vos diff\u00e9rents produits, donnez \u00e0 chaque produit un nom unique qui comprend des informations d\u00e9taill\u00e9es. De cette fa\u00e7on, les utilisateurs n&rsquo;auront pas \u00e0 penser ou ne seront pas frustr\u00e9s\u00a0lors de la recherche d&rsquo;un produit particulier.<br \/>\n<img loading=\"lazy\" decoding=\"async\" class=\"alignnone size-full wp-image-12812\" src=\" https:\/\/www.convertize.com\/fr\/wp-content\/uploads\/2017\/03\/exemple_malediction_du_savoir_zalando_convertize.png\" alt=\"exemple_malediction_du_savoir_zalando_convertize\" width=\"1246\" height=\"861\" \/><\/p>\n<p>&nbsp;<\/p>\n<p><strong>\u00c9diteur (Tactique 61) :<\/strong> Dans l&rsquo;exemple de Zalando, nous avons jou\u00e9\u00a0avec le positionnement des \u00e9l\u00e9ments. Nous avons interverti le logo Levi&rsquo;s et le texte descriptif du produit \u00ab\u00a0511 SLIM, Slim fit jeans &#8211; harbour\u00a0\u00bb. Pour faire ce changement, nous avons utilis\u00e9 l&rsquo;option \u00ab\u00a0R\u00e9organiser\u00a0\u00bb comme illustr\u00e9 ci-dessous.<br \/>\n<img loading=\"lazy\" decoding=\"async\" class=\"alignnone size-full wp-image-12813\" src=\" https:\/\/www.convertize.com\/fr\/wp-content\/uploads\/2017\/03\/changer_ordre_element_page_zalando_convertize.png\" alt=\"\" width=\"1245\" height=\"860\" \/><\/p>\n<p>&nbsp;<\/p>\n<p><strong>Tactique 306 :\u00a0\u00a0S\u00e9parez les fonctions ou options principales avec des espaces ou de la couleur<\/strong><\/p>\n<p>Pour \u00e9viter de cliquer sur le mauvais \u00e9l\u00e9ment, assurez-vous que les fonctions importantes soient\u00a0diff\u00e9renci\u00e9es en les s\u00e9parant et en utilisant des couleurs diff\u00e9rentes. Cela aidera\u00a0l&rsquo;utilisateur \u00e0 identifier\u00a0les diff\u00e9rentes fonctions et \u00e0 ne pas cliquer accidentellement sur un \u00e9l\u00e9ment.<br \/>\n<img loading=\"lazy\" decoding=\"async\" class=\"alignnone size-full wp-image-12814\" src=\" https:\/\/www.convertize.com\/fr\/wp-content\/uploads\/2017\/03\/von_restorff_applique_sur_zalando_convertize.png\" alt=\"von_restorff_applique_sur_zalando_convertize\" width=\"901\" height=\"592\" \/><\/p>\n<p>&nbsp;<\/p>\n<p><strong>Editeur (Tactique 306) :<\/strong> Pour Zalando, nous avons utilis\u00e9 l&rsquo;option \u00ab\u00a0Edit style\u00a0\u00bb pour apporter des modifications au filtre \u00ab\u00a0Choose size\u00a0\u00bb et \u00e0 l&rsquo;option \u00ab\u00a0Add to wishlist\u00a0\u00bb. Nous avons tout simplement chang\u00e9 la taille du filtre \u00ab\u00a0Choose size\u00a0\u00bb et retir\u00e9\u00a0le cadre autour du CTA \u00ab\u00a0Add to wishlist\u00a0\u00bb\u00a0afin de le rendre moins imposant.<br \/>\n<img loading=\"lazy\" decoding=\"async\" class=\"alignnone size-full wp-image-12815\" src=\" https:\/\/www.convertize.com\/fr\/wp-content\/uploads\/2017\/03\/exemple_von_restorff_zalando_convertize.png\" alt=\"exemple_von_restorff_zalando_convertize\" width=\"1247\" height=\"861\" \/><\/p>\n<p>Afin d&rsquo;aider l&rsquo;utilisateur \u00e0 prendre une d\u00e9cision, nous avons \u00e9galement ajout\u00e9\u00a0une option de \u00absize guide\u00bb rempla\u00e7ant le contenu statique pr\u00e9c\u00e9dent \u00abUK size\u00bb. Lorsque l&rsquo;on\u00a0clique dessus, une page de guide\u00a0des tailles de pantalon\u00a0s&rsquo;affiche (le contenu existait d\u00e9j\u00e0 sur Zalando, nous avons simplement\u00a0ajout\u00e9 le lien ici en utilisant l&rsquo;option \u00ab\u00a0HTML avanc\u00e9\u00a0\u00bb).<\/p>\n<p><strong>Tactique 6: Proposez une politique de garantie et de remboursement et mettez-la en avant<\/strong><\/p>\n<p>En offrant clairement une garantie attrayante ou un\u00a0remboursement, les clients ne trouveront pas le processus de paiement aussi difficile ou n\u00e9gatif car ils\u00a0savent qu&rsquo;ils seront en mesure de retourner\u00a0le produit et d&rsquo;\u00eatre rembours\u00e9s\u00a0s&rsquo;ils n&rsquo;aiment pas leur achat.<br \/>\n<img loading=\"lazy\" decoding=\"async\" class=\"alignnone size-full wp-image-12816\" src=\" https:\/\/www.convertize.com\/fr\/wp-content\/uploads\/2017\/03\/exemple_besoin_de_certitude_zalando_convertize.png\" alt=\"exemple_besoin_de_certitude_zalando_convertize\" width=\"1024\" height=\"639\" \/><\/p>\n<p><img loading=\"lazy\" decoding=\"async\" class=\"alignnone size-full wp-image-12817\" src=\" https:\/\/www.convertize.com\/fr\/wp-content\/uploads\/2017\/03\/ajouter_certitude_page_produit_zalando_convertize.png\" alt=\"ajouter_certitude_page_produit_zalando_convertize\" width=\"1024\" height=\"707\" \/><\/p>\n<p>&nbsp;<\/p>\n<p><strong>Page modifi\u00e9e :\u00a0<\/strong><\/p>\n<p>Le sentiment d&rsquo;urgence a \u00e9t\u00e9 ajout\u00e9\u00a0sur cette page afin d&rsquo;encourager les utilisateurs \u00e0 commander d\u00e8s que possible. Le titre, le logo du produit, les filtres et les CTA ont \u00e9t\u00e9 r\u00e9organis\u00e9s pour am\u00e9liorer la hi\u00e9rarchie et la lisibilit\u00e9.<br \/>\n<img loading=\"lazy\" decoding=\"async\" class=\"alignnone size-full wp-image-12818\" src=\" https:\/\/www.convertize.com\/fr\/wp-content\/uploads\/2017\/03\/optimiser_pages_produits_zalando_convertize.png\" alt=\"optimiser_pages_produits_zalando_convertize\" width=\"1024\" height=\"651\" \/><\/p>\n<p>&nbsp;<\/p>\n<div class=\"boxed-list\">\n<h3>Un court r\u00e9sum\u00e9 des changements :<\/h3>\n<ul class=\"list\">\n<li>Ajout de l&rsquo;effet d&rsquo;urgence avec le SmartPlugin\u2122 Urgency<\/li>\n<li>Mise en valeur de\u00a0la livraison gratuite et des\u00a0retours<\/li>\n<li>Modification des Call-To-Action pour attirer l&rsquo;attention sur le bouton principal<\/li>\n<\/ul>\n<\/div>\n<div class=\"social-btn\"><a class=\"col-1 sbtn s-twitter\" onclick=\"popupwindow('https:\/\/twitter.com\/intent\/tweet?text=Comment%20optimiser%20la%20page%20produit%20de%20Zalando&amp;url=https%3A%2F%2Fwww.convertize.com%2Ffr%2Fcomment-optimiser-la-page-produit-de-zalando%2F&amp;via=convertize','Twitter Follow','600','600')\" href=\"javascript:void(0);\" target=\"_blank\" rel=\"nofollow\"><span>Share on Twitter<\/span><\/a><a class=\"col-1 sbtn s-facebook\" onclick=\"popupwindow('https:\/\/www.facebook.com\/sharer\/sharer.php?u=https%3A%2F%2Fwww.convertize.com%2Ffr%2Fcomment-optimiser-la-page-produit-de-zalando%2F','Facebook Follow','600','600')\" href=\"javascript:void(0);\" target=\"_blank\" rel=\"nofollow\"><span>Share on Facebook<\/span><\/a><a class=\"col-1 sbtn s-linkedin\" onclick=\"popupwindow('https:\/\/www.linkedin.com\/shareArticle?mini=true&url=https%3A%2F%2Fwww.convertize.com%2Ffr%2Fcomment-optimiser-la-page-produit-de-zalando%2F&amp;title=Comment%20optimiser%20la%20page%20produit%20de%20Zalando&amp;description=','Linkedin Follow','600','600')\" href=\"javascript:void(0);\" target=\"_blank\" rel=\"nofollow\"><span>Share on Linkedin<\/span><\/a><\/div>","protected":false},"excerpt":{"rendered":"<p><span class=\"rt-reading-time\" style=\"display: block;\"><span class=\"rt-label rt-prefix\">Temps de lecture : <\/span> <span class=\"rt-time\">3<\/span> <span class=\"rt-label rt-postfix\">minutes<\/span><\/span> Dans cette \u00e9tude de cas, nous vous montrerons\u00a0des changements simples \u00e0 op\u00e9rer sur une\u00a0page produit\u00a0pour augmenter vos ventes, en utilisant l&rsquo;exemple de Zalando. Page originale : &nbsp; Tactic 344 : Cr\u00e9ez un sc\u00e9nario en utilisant le SmartPlugin\u2122 L&rsquo;utilisation du SmartPlugin\u2122 Urgency induira un effet d&rsquo;urgence sur vos clients en affichant la rapidit\u00e9 avec laquelle ils [&hellip;]<\/p>\n","protected":false},"author":19,"featured_media":0,"parent":0,"menu_order":0,"comment_status":"closed","ping_status":"closed","template":"page-examples.php","meta":{"_genesis_hide_title":false,"_genesis_hide_breadcrumbs":false,"_genesis_hide_singular_image":false,"_genesis_hide_footer_widgets":false,"_genesis_custom_body_class":"","_genesis_custom_post_class":"","_genesis_layout":"","footnotes":""},"categories":[],"tags":[],"class_list":{"0":"post-12806","1":"page","2":"type-page","3":"status-publish","5":"entry"},"yoast_head":"<!-- This site is optimized with the Yoast SEO plugin v23.7 - https:\/\/yoast.com\/wordpress\/plugins\/seo\/ -->\n<title>Comment optimiser la page produit de Zalando - Convertize<\/title>\n<meta name=\"robots\" content=\"index, follow, max-snippet:-1, max-image-preview:large, max-video-preview:-1\" \/>\n<link rel=\"canonical\" href=\"https:\/\/www.convertize.com\/fr\/comment-optimiser-la-page-produit-de-zalando\/\" \/>\n<meta property=\"og:locale\" content=\"fr_FR\" \/>\n<meta property=\"og:type\" content=\"article\" \/>\n<meta property=\"og:title\" content=\"Comment optimiser la page produit de Zalando - Convertize\" \/>\n<meta property=\"og:description\" content=\"Temps de lecture : 3 minutes Dans cette \u00e9tude de cas, nous vous montrerons\u00a0des changements simples \u00e0 op\u00e9rer sur une\u00a0page produit\u00a0pour augmenter vos ventes, en utilisant l&rsquo;exemple de Zalando. Page originale : &nbsp; Tactic 344 : Cr\u00e9ez un sc\u00e9nario en utilisant le SmartPlugin\u2122 L&rsquo;utilisation du SmartPlugin\u2122 Urgency induira un effet d&rsquo;urgence sur vos clients en affichant la rapidit\u00e9 avec laquelle ils [&hellip;]\" \/>\n<meta property=\"og:url\" content=\"https:\/\/www.convertize.com\/fr\/comment-optimiser-la-page-produit-de-zalando\/\" \/>\n<meta property=\"og:site_name\" content=\"Convertize\" \/>\n<meta property=\"article:modified_time\" content=\"2018-03-15T12:25:19+00:00\" \/>\n<meta name=\"twitter:card\" content=\"summary_large_image\" \/>\n<meta name=\"twitter:label1\" content=\"Dur\u00e9e de lecture estim\u00e9e\" \/>\n\t<meta name=\"twitter:data1\" content=\"3 minutes\" \/>\n<script type=\"application\/ld+json\" class=\"yoast-schema-graph\">{\"@context\":\"https:\/\/schema.org\",\"@graph\":[{\"@type\":\"WebPage\",\"@id\":\"https:\/\/www.convertize.com\/fr\/comment-optimiser-la-page-produit-de-zalando\/\",\"url\":\"https:\/\/www.convertize.com\/fr\/comment-optimiser-la-page-produit-de-zalando\/\",\"name\":\"Comment optimiser la page produit de Zalando - Convertize\",\"isPartOf\":{\"@id\":\"https:\/\/www.convertize.com\/fr\/#website\"},\"datePublished\":\"2017-03-21T09:58:01+00:00\",\"dateModified\":\"2018-03-15T12:25:19+00:00\",\"inLanguage\":\"fr-FR\",\"potentialAction\":[{\"@type\":\"ReadAction\",\"target\":[\"https:\/\/www.convertize.com\/fr\/comment-optimiser-la-page-produit-de-zalando\/\"]}]},{\"@type\":\"WebSite\",\"@id\":\"https:\/\/www.convertize.com\/fr\/#website\",\"url\":\"https:\/\/www.convertize.com\/fr\/\",\"name\":\"Convertize\",\"description\":\"April 2026\",\"potentialAction\":[{\"@type\":\"SearchAction\",\"target\":{\"@type\":\"EntryPoint\",\"urlTemplate\":\"https:\/\/www.convertize.com\/fr\/?s={search_term_string}\"},\"query-input\":{\"@type\":\"PropertyValueSpecification\",\"valueRequired\":true,\"valueName\":\"search_term_string\"}}],\"inLanguage\":\"fr-FR\"}]}<\/script>\n<!-- \/ Yoast SEO plugin. -->","yoast_head_json":{"title":"Comment optimiser la page produit de Zalando - Convertize","robots":{"index":"index","follow":"follow","max-snippet":"max-snippet:-1","max-image-preview":"max-image-preview:large","max-video-preview":"max-video-preview:-1"},"canonical":"https:\/\/www.convertize.com\/fr\/comment-optimiser-la-page-produit-de-zalando\/","og_locale":"fr_FR","og_type":"article","og_title":"Comment optimiser la page produit de Zalando - Convertize","og_description":"Temps de lecture : 3 minutes Dans cette \u00e9tude de cas, nous vous montrerons\u00a0des changements simples \u00e0 op\u00e9rer sur une\u00a0page produit\u00a0pour augmenter vos ventes, en utilisant l&rsquo;exemple de Zalando. Page originale : &nbsp; Tactic 344 : Cr\u00e9ez un sc\u00e9nario en utilisant le SmartPlugin\u2122 L&rsquo;utilisation du SmartPlugin\u2122 Urgency induira un effet d&rsquo;urgence sur vos clients en affichant la rapidit\u00e9 avec laquelle ils [&hellip;]","og_url":"https:\/\/www.convertize.com\/fr\/comment-optimiser-la-page-produit-de-zalando\/","og_site_name":"Convertize","article_modified_time":"2018-03-15T12:25:19+00:00","twitter_card":"summary_large_image","twitter_misc":{"Dur\u00e9e de lecture estim\u00e9e":"3 minutes"},"schema":{"@context":"https:\/\/schema.org","@graph":[{"@type":"WebPage","@id":"https:\/\/www.convertize.com\/fr\/comment-optimiser-la-page-produit-de-zalando\/","url":"https:\/\/www.convertize.com\/fr\/comment-optimiser-la-page-produit-de-zalando\/","name":"Comment optimiser la page produit de Zalando - Convertize","isPartOf":{"@id":"https:\/\/www.convertize.com\/fr\/#website"},"datePublished":"2017-03-21T09:58:01+00:00","dateModified":"2018-03-15T12:25:19+00:00","inLanguage":"fr-FR","potentialAction":[{"@type":"ReadAction","target":["https:\/\/www.convertize.com\/fr\/comment-optimiser-la-page-produit-de-zalando\/"]}]},{"@type":"WebSite","@id":"https:\/\/www.convertize.com\/fr\/#website","url":"https:\/\/www.convertize.com\/fr\/","name":"Convertize","description":"April 2026","potentialAction":[{"@type":"SearchAction","target":{"@type":"EntryPoint","urlTemplate":"https:\/\/www.convertize.com\/fr\/?s={search_term_string}"},"query-input":{"@type":"PropertyValueSpecification","valueRequired":true,"valueName":"search_term_string"}}],"inLanguage":"fr-FR"}]}},"_links":{"self":[{"href":"https:\/\/www.convertize.com\/fr\/wp-json\/wp\/v2\/pages\/12806"}],"collection":[{"href":"https:\/\/www.convertize.com\/fr\/wp-json\/wp\/v2\/pages"}],"about":[{"href":"https:\/\/www.convertize.com\/fr\/wp-json\/wp\/v2\/types\/page"}],"author":[{"embeddable":true,"href":"https:\/\/www.convertize.com\/fr\/wp-json\/wp\/v2\/users\/19"}],"replies":[{"embeddable":true,"href":"https:\/\/www.convertize.com\/fr\/wp-json\/wp\/v2\/comments?post=12806"}],"version-history":[{"count":0,"href":"https:\/\/www.convertize.com\/fr\/wp-json\/wp\/v2\/pages\/12806\/revisions"}],"wp:attachment":[{"href":"https:\/\/www.convertize.com\/fr\/wp-json\/wp\/v2\/media?parent=12806"}],"wp:term":[{"taxonomy":"category","embeddable":true,"href":"https:\/\/www.convertize.com\/fr\/wp-json\/wp\/v2\/categories?post=12806"},{"taxonomy":"post_tag","embeddable":true,"href":"https:\/\/www.convertize.com\/fr\/wp-json\/wp\/v2\/tags?post=12806"}],"curies":[{"name":"wp","href":"https:\/\/api.w.org\/{rel}","templated":true}]}}