{"id":12841,"date":"2017-03-21T16:49:01","date_gmt":"2017-03-21T15:49:01","guid":{"rendered":"https:\/\/convertize.blog\/fr\/?page_id=12841"},"modified":"2017-03-27T16:51:13","modified_gmt":"2017-03-27T14:51:13","slug":"comment-zoopla-pourrait-ameliorer-ses-ventes","status":"publish","type":"page","link":"https:\/\/www.convertize.com\/fr\/comment-zoopla-pourrait-ameliorer-ses-ventes\/","title":{"rendered":"Comment Zoopla pourrait am\u00e9liorer ses ventes?"},"content":{"rendered":"<span class=\"rt-reading-time\" style=\"display: block;\"><span class=\"rt-label rt-prefix\">Temps de lecture : <\/span> <span class=\"rt-time\">3<\/span> <span class=\"rt-label rt-postfix\">minutes<\/span><\/span><p>Dans cette \u00e9tude de cas, nous d\u00e9montrons la facilit\u00e9\u00a0de modifier\u00a0une page produit dans le but d&rsquo;augmenter le nombre de ventes, en prenant\u00a0Zoopla comme exemple.<\/p>\n<p><strong>Page originale :<\/strong><\/p>\n<p><img loading=\"lazy\" decoding=\"async\" class=\"alignnone size-full wp-image-12851\" src=\" https:\/\/www.convertize.com\/fr\/wp-content\/uploads\/2017\/03\/web_optimisation_zoopla_convertize-1.png\" alt=\"web_optimisation_zoopla_convertize\" width=\"1210\" height=\"816\" \/><\/p>\n<p>&nbsp;<\/p>\n<p><strong>Tactique 7 :\u00a0\u00a0Choisissez un Call-to-Action de couleur et taille diff\u00e9rente pour le mettre en avant<\/strong><\/p>\n<p>Choisir une couleur et une taille de bouton unique\u00a0le rendra plus visible sur la\u00a0page consult\u00e9e. Vos visiteurs seront donc plus enclins \u00e0 cliquer dessus.<\/p>\n<p><img loading=\"lazy\" decoding=\"async\" class=\"alignnone size-full wp-image-12850\" src=\" https:\/\/www.convertize.com\/fr\/wp-content\/uploads\/2017\/03\/exemple_von_restorff_zoopla_convertize.png\" alt=\"exemple_von_restorff_zoopla_convertize\" width=\"1212\" height=\"889\" \/><\/p>\n<p>&nbsp;<\/p>\n<p><strong>Editeur (Tactique 7) :<\/strong> Il y a plusieurs Call-to-action\u00a0en orange sur cette page. Afin de faire ressortir\u00a0l&rsquo;objectif principal de la page, le bouton \u00ab\u00a0Request details\u00a0\u00bb, il serait pr\u00e9f\u00e9rable de changer sa couleur pour le mettre en valeur. Puisque\u00a0le vert est consid\u00e9r\u00e9 comme une couleur positive et qu&rsquo;elle n&rsquo;est pas encore utilis\u00e9e sur cette\u00a0page, nous recommandons de l&rsquo;utiliser pour ce CTA. Vous pouvez facilement le faire en changeant la couleur de cet \u00e9l\u00e9ment avec\u00a0l&rsquo;option \u00ab\u00a0Edit style\u00a0\u00bb.<\/p>\n<p><img loading=\"lazy\" decoding=\"async\" class=\"alignnone size-full wp-image-12859\" src=\" https:\/\/www.convertize.com\/fr\/wp-content\/uploads\/2017\/03\/change_cta_page_zoopla_convertize.png\" alt=\"change_cta_page_zoopla_convertize\" width=\"1212\" height=\"889\" \/><\/p>\n<p>&nbsp;<\/p>\n<p><strong>Tactic 261 :\u00a0\u00a0Soyez pr\u00e9cis dans vos arguments\u00a0<\/strong><\/p>\n<p>L&rsquo;utilisation de mots concrets, en particulier avec des faits ou des chiffres, aura beaucoup plus d&rsquo;impact.<\/p>\n<p><img loading=\"lazy\" decoding=\"async\" class=\"alignnone size-full wp-image-12863\" src=\" https:\/\/www.convertize.com\/fr\/wp-content\/uploads\/2017\/03\/exemple_processing_efficacy_zoopla_convertize.png\" alt=\"exemple_processing_efficacy_zoopla_convertize\" width=\"1212\" height=\"889\" \/><\/p>\n<p>&nbsp;<\/p>\n<p><strong>\u00c9diteur (Tactique 261) :<\/strong> Les caract\u00e9ristiques du produit sont tr\u00e8s g\u00e9n\u00e9riques. Afin de les rendre plus concr\u00e8tes, vous pouvez modifier le texte et le mettre \u00e0 jour avec un contenu plus sp\u00e9cifique.<\/p>\n<p><img loading=\"lazy\" decoding=\"async\" class=\"alignnone size-full wp-image-12864\" src=\" https:\/\/www.convertize.com\/fr\/wp-content\/uploads\/2017\/03\/modifier_texte_zoopla_convertize.png\" alt=\"modifier_texte_zoopla_convertize\" width=\"1211\" height=\"888\" \/><\/p>\n<p>&nbsp;<\/p>\n<p><strong>Appliquer l&rsquo;effet de raret\u00e9 (scarcity) :<\/strong> Nous avons remarqu\u00e9 que Zoopla essaie d&rsquo;utiliser l&rsquo;effet de raret\u00e9\u00a0en affichant le nombre de pages vues au cours des 30 derniers jours. Afin de donner\u00a0\u00e0 ce message plus d&rsquo;effet, nous avons chang\u00e9 la phrase actuelle pour la phrase suivante\u00a0: \u00ab\u00a079 personnes ont consult\u00e9 cette page ces 3 derniers jours\u00a0\u00bb. Cela se fait facilement en \u00e9ditant le texte en quelques clics, comme illustr\u00e9 ci-dessous. Attention, ce texte sera fixe et il faudra mettre \u00e0 jour manuellement cet \u00e9l\u00e9ment car il ne sera plus dynamique.<\/p>\n<p><img loading=\"lazy\" decoding=\"async\" class=\"alignnone size-full wp-image-12865\" src=\" https:\/\/www.convertize.com\/fr\/wp-content\/uploads\/2017\/03\/applique_effet_de_rarete_zoopla_convertize.png\" alt=\"applique_effet_de_rarete_zoopla_convertize\" width=\"1214\" height=\"889\" \/><\/p>\n<p>&nbsp;<\/p>\n<p><strong>Page modifi\u00e9e (partie sup\u00e9rieure) :<\/strong><\/p>\n<p>La version mise \u00e0 jour met clairement l&rsquo;accent sur le CTA ainsi que sur l&rsquo;effet de raret\u00e9. Cela devrait entra\u00eener une nette augmentation du nombre d&rsquo;utilisateurs demandant des d\u00e9tails.<\/p>\n<p><img loading=\"lazy\" decoding=\"async\" class=\"alignnone size-full wp-image-12866\" src=\" https:\/\/www.convertize.com\/fr\/wp-content\/uploads\/2017\/03\/optmiser_page_ecommerce_zoopla_convertize.png\" alt=\"optimiser_page_ecommerce_zoopla_convertize\" width=\"1024\" height=\"738\" \/><\/p>\n<p><strong>Page modifi\u00e9e (partie inf\u00e9rieure) :<\/strong><\/p>\n<p><img loading=\"lazy\" decoding=\"async\" class=\"alignnone size-full wp-image-12867\" src=\" https:\/\/www.convertize.com\/fr\/wp-content\/uploads\/2017\/03\/optimiser_pages_ecommerce_zoopla_convertize.png\" alt=\"optimiser_pages_ecommerce_zoopla_convertize\" width=\"1210\" height=\"813\" \/><\/p>\n<p>&nbsp;<\/p>\n<div class=\"boxed-list\">\n<h3>Un court r\u00e9sum\u00e9 des changements :<\/h3>\n<ul class=\"list\">\n<li>L&rsquo;effet de raret\u00e9 est mis en avant avec le nombre de visites\u00a0sur cette page<\/li>\n<li>Les CTA secondaires sont d\u00e9saccentu\u00e9s pour mettre en valeur le CTA principal<\/li>\n<li>Des informations suppl\u00e9mentaires concernant le produit sont ajout\u00e9es et rendues plus visibles.<\/li>\n<\/ul>\n<\/div>\n<div class=\"social-btn\"><a class=\"col-1 sbtn s-twitter\" onclick=\"popupwindow('https:\/\/twitter.com\/intent\/tweet?text=Comment%20Zoopla%20pourrait%20am\u00e9liorer%20ses%20ventes?&amp;url=https%3A%2F%2Fwww.convertize.com%2Ffr%2Fcomment-zoopla-pourrait-ameliorer-ses-ventes%2F&amp;via=convertize','Twitter Follow','600','600')\" href=\"javascript:void(0);\" target=\"_blank\" rel=\"nofollow\"><span>Share on Twitter<\/span><\/a><a class=\"col-1 sbtn s-facebook\" onclick=\"popupwindow('https:\/\/www.facebook.com\/sharer\/sharer.php?u=https%3A%2F%2Fwww.convertize.com%2Ffr%2Fcomment-zoopla-pourrait-ameliorer-ses-ventes%2F','Facebook Follow','600','600')\" href=\"javascript:void(0);\" target=\"_blank\" rel=\"nofollow\"><span>Share on Facebook<\/span><\/a><a class=\"col-1 sbtn s-linkedin\" onclick=\"popupwindow('https:\/\/www.linkedin.com\/shareArticle?mini=true&url=https%3A%2F%2Fwww.convertize.com%2Ffr%2Fcomment-zoopla-pourrait-ameliorer-ses-ventes%2F&amp;title=Comment%20Zoopla%20pourrait%20am\u00e9liorer%20ses%20ventes?&amp;description=','Linkedin Follow','600','600')\" href=\"javascript:void(0);\" target=\"_blank\" rel=\"nofollow\"><span>Share on Linkedin<\/span><\/a><\/div>","protected":false},"excerpt":{"rendered":"<p><span class=\"rt-reading-time\" style=\"display: block;\"><span class=\"rt-label rt-prefix\">Temps de lecture : <\/span> <span class=\"rt-time\">3<\/span> <span class=\"rt-label rt-postfix\">minutes<\/span><\/span> Dans cette \u00e9tude de cas, nous d\u00e9montrons la facilit\u00e9\u00a0de modifier\u00a0une page produit dans le but d&rsquo;augmenter le nombre de ventes, en prenant\u00a0Zoopla comme exemple. Page originale : &nbsp; Tactique 7 :\u00a0\u00a0Choisissez un Call-to-Action de couleur et taille diff\u00e9rente pour le mettre en avant Choisir une couleur et une taille de bouton unique\u00a0le rendra plus visible [&hellip;]<\/p>\n","protected":false},"author":19,"featured_media":0,"parent":0,"menu_order":0,"comment_status":"closed","ping_status":"closed","template":"page-examples.php","meta":{"_genesis_hide_title":false,"_genesis_hide_breadcrumbs":false,"_genesis_hide_singular_image":false,"_genesis_hide_footer_widgets":false,"_genesis_custom_body_class":"","_genesis_custom_post_class":"","_genesis_layout":"","footnotes":""},"categories":[],"tags":[],"class_list":{"0":"post-12841","1":"page","2":"type-page","3":"status-publish","5":"entry"},"yoast_head":"<!-- This site is optimized with the Yoast SEO plugin v23.7 - https:\/\/yoast.com\/wordpress\/plugins\/seo\/ -->\n<title>Comment Zoopla pourrait am\u00e9liorer ses ventes? - Convertize<\/title>\n<meta name=\"robots\" content=\"index, follow, max-snippet:-1, max-image-preview:large, max-video-preview:-1\" \/>\n<link rel=\"canonical\" href=\"https:\/\/www.convertize.com\/fr\/comment-zoopla-pourrait-ameliorer-ses-ventes\/\" \/>\n<meta property=\"og:locale\" content=\"fr_FR\" \/>\n<meta property=\"og:type\" content=\"article\" \/>\n<meta property=\"og:title\" content=\"Comment Zoopla pourrait am\u00e9liorer ses ventes? - Convertize\" \/>\n<meta property=\"og:description\" content=\"Temps de lecture : 3 minutes Dans cette \u00e9tude de cas, nous d\u00e9montrons la facilit\u00e9\u00a0de modifier\u00a0une page produit dans le but d&rsquo;augmenter le nombre de ventes, en prenant\u00a0Zoopla comme exemple. Page originale : &nbsp; Tactique 7 :\u00a0\u00a0Choisissez un Call-to-Action de couleur et taille diff\u00e9rente pour le mettre en avant Choisir une couleur et une taille de bouton unique\u00a0le rendra plus visible [&hellip;]\" \/>\n<meta property=\"og:url\" content=\"https:\/\/www.convertize.com\/fr\/comment-zoopla-pourrait-ameliorer-ses-ventes\/\" \/>\n<meta property=\"og:site_name\" content=\"Convertize\" \/>\n<meta property=\"article:modified_time\" content=\"2017-03-27T14:51:13+00:00\" \/>\n<meta name=\"twitter:card\" content=\"summary_large_image\" \/>\n<meta name=\"twitter:label1\" content=\"Dur\u00e9e de lecture estim\u00e9e\" \/>\n\t<meta name=\"twitter:data1\" content=\"2 minutes\" \/>\n<script type=\"application\/ld+json\" class=\"yoast-schema-graph\">{\"@context\":\"https:\/\/schema.org\",\"@graph\":[{\"@type\":\"WebPage\",\"@id\":\"https:\/\/www.convertize.com\/fr\/comment-zoopla-pourrait-ameliorer-ses-ventes\/\",\"url\":\"https:\/\/www.convertize.com\/fr\/comment-zoopla-pourrait-ameliorer-ses-ventes\/\",\"name\":\"Comment Zoopla pourrait am\u00e9liorer ses ventes? - Convertize\",\"isPartOf\":{\"@id\":\"https:\/\/www.convertize.com\/fr\/#website\"},\"datePublished\":\"2017-03-21T15:49:01+00:00\",\"dateModified\":\"2017-03-27T14:51:13+00:00\",\"inLanguage\":\"fr-FR\",\"potentialAction\":[{\"@type\":\"ReadAction\",\"target\":[\"https:\/\/www.convertize.com\/fr\/comment-zoopla-pourrait-ameliorer-ses-ventes\/\"]}]},{\"@type\":\"WebSite\",\"@id\":\"https:\/\/www.convertize.com\/fr\/#website\",\"url\":\"https:\/\/www.convertize.com\/fr\/\",\"name\":\"Convertize\",\"description\":\"April 2026\",\"potentialAction\":[{\"@type\":\"SearchAction\",\"target\":{\"@type\":\"EntryPoint\",\"urlTemplate\":\"https:\/\/www.convertize.com\/fr\/?s={search_term_string}\"},\"query-input\":{\"@type\":\"PropertyValueSpecification\",\"valueRequired\":true,\"valueName\":\"search_term_string\"}}],\"inLanguage\":\"fr-FR\"}]}<\/script>\n<!-- \/ Yoast SEO plugin. -->","yoast_head_json":{"title":"Comment Zoopla pourrait am\u00e9liorer ses ventes? - Convertize","robots":{"index":"index","follow":"follow","max-snippet":"max-snippet:-1","max-image-preview":"max-image-preview:large","max-video-preview":"max-video-preview:-1"},"canonical":"https:\/\/www.convertize.com\/fr\/comment-zoopla-pourrait-ameliorer-ses-ventes\/","og_locale":"fr_FR","og_type":"article","og_title":"Comment Zoopla pourrait am\u00e9liorer ses ventes? - Convertize","og_description":"Temps de lecture : 3 minutes Dans cette \u00e9tude de cas, nous d\u00e9montrons la facilit\u00e9\u00a0de modifier\u00a0une page produit dans le but d&rsquo;augmenter le nombre de ventes, en prenant\u00a0Zoopla comme exemple. Page originale : &nbsp; Tactique 7 :\u00a0\u00a0Choisissez un Call-to-Action de couleur et taille diff\u00e9rente pour le mettre en avant Choisir une couleur et une taille de bouton unique\u00a0le rendra plus visible [&hellip;]","og_url":"https:\/\/www.convertize.com\/fr\/comment-zoopla-pourrait-ameliorer-ses-ventes\/","og_site_name":"Convertize","article_modified_time":"2017-03-27T14:51:13+00:00","twitter_card":"summary_large_image","twitter_misc":{"Dur\u00e9e de lecture estim\u00e9e":"2 minutes"},"schema":{"@context":"https:\/\/schema.org","@graph":[{"@type":"WebPage","@id":"https:\/\/www.convertize.com\/fr\/comment-zoopla-pourrait-ameliorer-ses-ventes\/","url":"https:\/\/www.convertize.com\/fr\/comment-zoopla-pourrait-ameliorer-ses-ventes\/","name":"Comment Zoopla pourrait am\u00e9liorer ses ventes? - Convertize","isPartOf":{"@id":"https:\/\/www.convertize.com\/fr\/#website"},"datePublished":"2017-03-21T15:49:01+00:00","dateModified":"2017-03-27T14:51:13+00:00","inLanguage":"fr-FR","potentialAction":[{"@type":"ReadAction","target":["https:\/\/www.convertize.com\/fr\/comment-zoopla-pourrait-ameliorer-ses-ventes\/"]}]},{"@type":"WebSite","@id":"https:\/\/www.convertize.com\/fr\/#website","url":"https:\/\/www.convertize.com\/fr\/","name":"Convertize","description":"April 2026","potentialAction":[{"@type":"SearchAction","target":{"@type":"EntryPoint","urlTemplate":"https:\/\/www.convertize.com\/fr\/?s={search_term_string}"},"query-input":{"@type":"PropertyValueSpecification","valueRequired":true,"valueName":"search_term_string"}}],"inLanguage":"fr-FR"}]}},"_links":{"self":[{"href":"https:\/\/www.convertize.com\/fr\/wp-json\/wp\/v2\/pages\/12841"}],"collection":[{"href":"https:\/\/www.convertize.com\/fr\/wp-json\/wp\/v2\/pages"}],"about":[{"href":"https:\/\/www.convertize.com\/fr\/wp-json\/wp\/v2\/types\/page"}],"author":[{"embeddable":true,"href":"https:\/\/www.convertize.com\/fr\/wp-json\/wp\/v2\/users\/19"}],"replies":[{"embeddable":true,"href":"https:\/\/www.convertize.com\/fr\/wp-json\/wp\/v2\/comments?post=12841"}],"version-history":[{"count":0,"href":"https:\/\/www.convertize.com\/fr\/wp-json\/wp\/v2\/pages\/12841\/revisions"}],"wp:attachment":[{"href":"https:\/\/www.convertize.com\/fr\/wp-json\/wp\/v2\/media?parent=12841"}],"wp:term":[{"taxonomy":"category","embeddable":true,"href":"https:\/\/www.convertize.com\/fr\/wp-json\/wp\/v2\/categories?post=12841"},{"taxonomy":"post_tag","embeddable":true,"href":"https:\/\/www.convertize.com\/fr\/wp-json\/wp\/v2\/tags?post=12841"}],"curies":[{"name":"wp","href":"https:\/\/api.w.org\/{rel}","templated":true}]}}