{"id":12913,"date":"2017-03-30T18:01:24","date_gmt":"2017-03-30T16:01:24","guid":{"rendered":"https:\/\/convertize.blog\/fr\/?page_id=12913"},"modified":"2017-03-30T18:01:24","modified_gmt":"2017-03-30T16:01:24","slug":"comment-thread-com-peut-augmenter-son-nombre-de-souscriptions","status":"publish","type":"page","link":"https:\/\/www.convertize.com\/fr\/comment-thread-com-peut-augmenter-son-nombre-de-souscriptions\/","title":{"rendered":"Comment Thread.com peut augmenter son nombre de souscriptions"},"content":{"rendered":"<span class=\"rt-reading-time\" style=\"display: block;\"><span class=\"rt-label rt-prefix\">Temps de lecture : <\/span> <span class=\"rt-time\">3<\/span> <span class=\"rt-label rt-postfix\">minutes<\/span><\/span><p>Dans cette \u00e9tude de cas, nous vous montrons comment am\u00e9liorer la\u00a0page de souscription\u00a0avec de simples changements pour augmenter le nombre d&rsquo;abonn\u00e9s, en utilisant Thread.com comme exemple.<\/p>\n<p><strong>Page originale :<\/strong><\/p>\n<p><img loading=\"lazy\" decoding=\"async\" class=\"alignnone wp-image-12915 size-full\" src=\" https:\/\/www.convertize.com\/fr\/wp-content\/uploads\/2017\/03\/augmenter_nombre_souscription_thread_convertize.png\" alt=\"augmenter_nombre_souscription_thread_convertize\" width=\"1024\" height=\"641\" \/><\/p>\n<p>&nbsp;<\/p>\n<p><strong>Tactic 134 : Positionnez les images et graphiques \u00e0 gauche.<\/strong>\u00a0Les \u00e9l\u00e9ments visuels positionn\u00e9s sur la gauche sont trait\u00e9s par l&rsquo;h\u00e9misph\u00e8re droit du cerveau, qui est mieux adapt\u00e9 pour le traitement d&rsquo;images que la partie gauche du cerveau. Par cons\u00e9quent, les utilisateurs\u00a0vont \u00abdig\u00e9rer\u00bb la page plus rapidement et facilement, ce qui aura un effet positif\u00a0sur eux.<\/p>\n<p><img loading=\"lazy\" decoding=\"async\" class=\"alignnone size-full wp-image-12916\" src=\" https:\/\/www.convertize.com\/fr\/wp-content\/uploads\/2017\/03\/exemple_cognitive_ease_convertize.png\" alt=\"exemple_cognitive_ease_convertize\" width=\"1024\" height=\"642\" \/><\/p>\n<p>&nbsp;<\/p>\n<p><strong>\u00c9diteur (Tactique 134) :<\/strong>\u00a0Pour d\u00e9placer\u00a0l&rsquo;image sur la page, Il vous suffit d&rsquo;utiliser la fonction \u00ab\u00a0Ajuster\u00a0\u00bb et d\u00e9placer l&rsquo;image o\u00f9 vous voulez sur la page, comme indiqu\u00e9 sur les images ci-dessous.<\/p>\n<p><img loading=\"lazy\" decoding=\"async\" class=\"alignnone wp-image-12919 size-full\" src=\" https:\/\/www.convertize.com\/fr\/wp-content\/uploads\/2017\/03\/augmenter_nombre_souscriptions_thread_convertize.png\" alt=\"augmenter_nombre_souscriptions_thread_convertize\" width=\"1024\" height=\"641\" \/><\/p>\n<p><img loading=\"lazy\" decoding=\"async\" class=\"alignnone size-full wp-image-12918\" src=\" https:\/\/www.convertize.com\/fr\/wp-content\/uploads\/2017\/03\/ameliorer_nombre_souscriptions_thread_convertize.png\" alt=\"ameliorer_nombre_souscriptions_thread_convertize\" width=\"1024\" height=\"641\" \/><\/p>\n<p>&nbsp;<\/p>\n<p><strong>Tactique 94 :\u00a0Placez toujours votre Call-to-Action au-dessus de la ligne de flottaison de votre page.<\/strong>\u00a0Votre Call-To-Action (CTA) doit toujours \u00eatre plac\u00e9 au-dessus de la ligne de flottaison\u00a0pour qu&rsquo;il soit imm\u00e9diatement visible lorsque les utilisateurs\u00a0arrivent sur votre page, sans faire d\u00e9filer la page.<\/p>\n<p><img loading=\"lazy\" decoding=\"async\" class=\"alignnone size-full wp-image-12920\" src=\" https:\/\/www.convertize.com\/fr\/wp-content\/uploads\/2017\/03\/exemple_biais_attention_convertize.png\" alt=\"exemple_biais_attention_convertize\" width=\"1024\" height=\"644\" \/><\/p>\n<p>&nbsp;<\/p>\n<p><strong>\u00c9diteur (Tactique 94) :<\/strong>\u00a0Puisque le CTA et le contenu se situent\u00a0bien en-dessous de la ligne de flottaison, il est\u00a0pr\u00e9f\u00e9rable de les d\u00e9placer plus haut. Comme avec l&rsquo;image, tout ce que vous avez \u00e0 faire est d&rsquo;utiliser l&rsquo;option \u00ab\u00a0Ajuster\u00a0\u00bb lorsque vous cliquez sur l&rsquo;\u00e9l\u00e9ment en question. Nous avons \u00e9galement align\u00e9 le contenu sur la gauche au lieu d&rsquo;\u00eatre centr\u00e9, afin d&rsquo;am\u00e9liorer la clart\u00e9 de la page.<\/p>\n<p><img loading=\"lazy\" decoding=\"async\" class=\"alignnone size-full wp-image-12921\" src=\" https:\/\/www.convertize.com\/fr\/wp-content\/uploads\/2017\/03\/ameliorer_souscriptions_thread_convertize.png\" alt=\"ameliorer_souscriptions_thread_convertize\" width=\"1024\" height=\"640\" \/><\/p>\n<p><img loading=\"lazy\" decoding=\"async\" class=\"alignnone size-full wp-image-12922\" src=\" https:\/\/www.convertize.com\/fr\/wp-content\/uploads\/2017\/03\/ameliorer_souscription_thread_convertize.png\" alt=\"ameliorer_souscription_thread_convertize\" width=\"1024\" height=\"642\" \/><\/p>\n<p>&nbsp;<\/p>\n<p><strong>Tactique 99 : Utilisez des visuels clairs pour accentuer vos Call-to-Action.<\/strong>\u00a0Ajouter un simple stimulus visuel qui se distingue par la couleur ou autre diff\u00e9rence visuelle (forme, taille, etc.), augmentera les chances\u00a0que le regard\u00a0de l&rsquo;internaute soit\u00a0attir\u00e9 vers l&rsquo;endroit d\u00e9sir\u00e9.<\/p>\n<p><img loading=\"lazy\" decoding=\"async\" class=\"alignnone size-full wp-image-12923\" src=\" https:\/\/www.convertize.com\/fr\/wp-content\/uploads\/2017\/03\/exemple_processing_efficacy_convertize.png\" alt=\"exemple_processing_efficacy_convertize\" width=\"1024\" height=\"641\" \/><\/p>\n<p>&nbsp;<\/p>\n<p><strong>\u00c9diteur (Tactique 99) : <\/strong>Nous avons simplement remplacer\u00a0l&rsquo;URL de l&rsquo;image actuelle par\u00a0celle de la\u00a0nouvelle image (qui se trouve sur\u00a0leur site \u00e9galement) qui attire plus l&rsquo;attention sur le CTA\u00a0\u00ab\u00a0Next\u00a0\u00bb.<\/p>\n<p><img loading=\"lazy\" decoding=\"async\" class=\"alignnone size-full wp-image-12925\" src=\" https:\/\/www.convertize.com\/fr\/wp-content\/uploads\/2017\/03\/optimisation_de_souscription_thread_convertize.png\" alt=\"optimisation_de_souscription_thread_convertize\" width=\"1024\" height=\"628\" \/><\/p>\n<p>&nbsp;<\/p>\n<div class=\"boxed-list\">\n<h3>Un court r\u00e9sum\u00e9 des changements :<\/h3>\n<ul class=\"list\">\n<li>\u00c9l\u00e9ments hi\u00e9rarchis\u00e9s pour s&rsquo;assurer que tous les \u00e9l\u00e9ments soient\u00a0au-dessus de la ligne de flottaison<\/li>\n<li>Le regard\u00a0de l&rsquo;utilisateur est guid\u00e9 vers\u00a0le CTA en utilisant une image plus\u00a0efficace<\/li>\n<li>Accent mis\u00a0sur la facilit\u00e9\u00a0d&rsquo;inscription au site<\/li>\n<\/ul>\n<\/div>\n<div class=\"social-btn\"><a class=\"col-1 sbtn s-twitter\" onclick=\"popupwindow('https:\/\/twitter.com\/intent\/tweet?text=Comment%20Thread.com%20peut%20augmenter%20son%20nombre%20de%20souscriptions&amp;url=https%3A%2F%2Fwww.convertize.com%2Ffr%2Fcomment-thread-com-peut-augmenter-son-nombre-de-souscriptions%2F&amp;via=convertize','Twitter Follow','600','600')\" href=\"javascript:void(0);\" target=\"_blank\" rel=\"nofollow\"><span>Share on Twitter<\/span><\/a><a class=\"col-1 sbtn s-facebook\" onclick=\"popupwindow('https:\/\/www.facebook.com\/sharer\/sharer.php?u=https%3A%2F%2Fwww.convertize.com%2Ffr%2Fcomment-thread-com-peut-augmenter-son-nombre-de-souscriptions%2F','Facebook Follow','600','600')\" href=\"javascript:void(0);\" target=\"_blank\" rel=\"nofollow\"><span>Share on Facebook<\/span><\/a><a class=\"col-1 sbtn s-linkedin\" onclick=\"popupwindow('https:\/\/www.linkedin.com\/shareArticle?mini=true&url=https%3A%2F%2Fwww.convertize.com%2Ffr%2Fcomment-thread-com-peut-augmenter-son-nombre-de-souscriptions%2F&amp;title=Comment%20Thread.com%20peut%20augmenter%20son%20nombre%20de%20souscriptions&amp;description=','Linkedin Follow','600','600')\" href=\"javascript:void(0);\" target=\"_blank\" rel=\"nofollow\"><span>Share on Linkedin<\/span><\/a><\/div>","protected":false},"excerpt":{"rendered":"<p><span class=\"rt-reading-time\" style=\"display: block;\"><span class=\"rt-label rt-prefix\">Temps de lecture : <\/span> <span class=\"rt-time\">3<\/span> <span class=\"rt-label rt-postfix\">minutes<\/span><\/span> Dans cette \u00e9tude de cas, nous vous montrons comment am\u00e9liorer la\u00a0page de souscription\u00a0avec de simples changements pour augmenter le nombre d&rsquo;abonn\u00e9s, en utilisant Thread.com comme exemple. Page originale : &nbsp; Tactic 134 : Positionnez les images et graphiques \u00e0 gauche.\u00a0Les \u00e9l\u00e9ments visuels positionn\u00e9s sur la gauche sont trait\u00e9s par l&rsquo;h\u00e9misph\u00e8re droit du cerveau, qui est [&hellip;]<\/p>\n","protected":false},"author":19,"featured_media":0,"parent":0,"menu_order":0,"comment_status":"closed","ping_status":"closed","template":"page-examples.php","meta":{"_genesis_hide_title":false,"_genesis_hide_breadcrumbs":false,"_genesis_hide_singular_image":false,"_genesis_hide_footer_widgets":false,"_genesis_custom_body_class":"","_genesis_custom_post_class":"","_genesis_layout":"","footnotes":""},"categories":[],"tags":[],"class_list":{"0":"post-12913","1":"page","2":"type-page","3":"status-publish","5":"entry"},"yoast_head":"<!-- This site is optimized with the Yoast SEO plugin v23.7 - https:\/\/yoast.com\/wordpress\/plugins\/seo\/ -->\n<title>Comment Thread.com peut augmenter son nombre de souscriptions - Convertize<\/title>\n<meta name=\"robots\" content=\"index, follow, max-snippet:-1, max-image-preview:large, max-video-preview:-1\" \/>\n<link rel=\"canonical\" href=\"https:\/\/www.convertize.com\/fr\/comment-thread-com-peut-augmenter-son-nombre-de-souscriptions\/\" \/>\n<meta property=\"og:locale\" content=\"fr_FR\" \/>\n<meta property=\"og:type\" content=\"article\" \/>\n<meta property=\"og:title\" content=\"Comment Thread.com peut augmenter son nombre de souscriptions - Convertize\" \/>\n<meta property=\"og:description\" content=\"Temps de lecture : 3 minutes Dans cette \u00e9tude de cas, nous vous montrons comment am\u00e9liorer la\u00a0page de souscription\u00a0avec de simples changements pour augmenter le nombre d&rsquo;abonn\u00e9s, en utilisant Thread.com comme exemple. Page originale : &nbsp; Tactic 134 : Positionnez les images et graphiques \u00e0 gauche.\u00a0Les \u00e9l\u00e9ments visuels positionn\u00e9s sur la gauche sont trait\u00e9s par l&rsquo;h\u00e9misph\u00e8re droit du cerveau, qui est [&hellip;]\" \/>\n<meta property=\"og:url\" content=\"https:\/\/www.convertize.com\/fr\/comment-thread-com-peut-augmenter-son-nombre-de-souscriptions\/\" \/>\n<meta property=\"og:site_name\" content=\"Convertize\" \/>\n<meta name=\"twitter:card\" content=\"summary_large_image\" \/>\n<meta name=\"twitter:label1\" content=\"Dur\u00e9e de lecture estim\u00e9e\" \/>\n\t<meta name=\"twitter:data1\" content=\"2 minutes\" \/>\n<script type=\"application\/ld+json\" class=\"yoast-schema-graph\">{\"@context\":\"https:\/\/schema.org\",\"@graph\":[{\"@type\":\"WebPage\",\"@id\":\"https:\/\/www.convertize.com\/fr\/comment-thread-com-peut-augmenter-son-nombre-de-souscriptions\/\",\"url\":\"https:\/\/www.convertize.com\/fr\/comment-thread-com-peut-augmenter-son-nombre-de-souscriptions\/\",\"name\":\"Comment Thread.com peut augmenter son nombre de souscriptions - Convertize\",\"isPartOf\":{\"@id\":\"https:\/\/www.convertize.com\/fr\/#website\"},\"datePublished\":\"2017-03-30T16:01:24+00:00\",\"dateModified\":\"2017-03-30T16:01:24+00:00\",\"inLanguage\":\"fr-FR\",\"potentialAction\":[{\"@type\":\"ReadAction\",\"target\":[\"https:\/\/www.convertize.com\/fr\/comment-thread-com-peut-augmenter-son-nombre-de-souscriptions\/\"]}]},{\"@type\":\"WebSite\",\"@id\":\"https:\/\/www.convertize.com\/fr\/#website\",\"url\":\"https:\/\/www.convertize.com\/fr\/\",\"name\":\"Convertize\",\"description\":\"April 2026\",\"potentialAction\":[{\"@type\":\"SearchAction\",\"target\":{\"@type\":\"EntryPoint\",\"urlTemplate\":\"https:\/\/www.convertize.com\/fr\/?s={search_term_string}\"},\"query-input\":{\"@type\":\"PropertyValueSpecification\",\"valueRequired\":true,\"valueName\":\"search_term_string\"}}],\"inLanguage\":\"fr-FR\"}]}<\/script>\n<!-- \/ Yoast SEO plugin. -->","yoast_head_json":{"title":"Comment Thread.com peut augmenter son nombre de souscriptions - Convertize","robots":{"index":"index","follow":"follow","max-snippet":"max-snippet:-1","max-image-preview":"max-image-preview:large","max-video-preview":"max-video-preview:-1"},"canonical":"https:\/\/www.convertize.com\/fr\/comment-thread-com-peut-augmenter-son-nombre-de-souscriptions\/","og_locale":"fr_FR","og_type":"article","og_title":"Comment Thread.com peut augmenter son nombre de souscriptions - Convertize","og_description":"Temps de lecture : 3 minutes Dans cette \u00e9tude de cas, nous vous montrons comment am\u00e9liorer la\u00a0page de souscription\u00a0avec de simples changements pour augmenter le nombre d&rsquo;abonn\u00e9s, en utilisant Thread.com comme exemple. Page originale : &nbsp; Tactic 134 : Positionnez les images et graphiques \u00e0 gauche.\u00a0Les \u00e9l\u00e9ments visuels positionn\u00e9s sur la gauche sont trait\u00e9s par l&rsquo;h\u00e9misph\u00e8re droit du cerveau, qui est [&hellip;]","og_url":"https:\/\/www.convertize.com\/fr\/comment-thread-com-peut-augmenter-son-nombre-de-souscriptions\/","og_site_name":"Convertize","twitter_card":"summary_large_image","twitter_misc":{"Dur\u00e9e de lecture estim\u00e9e":"2 minutes"},"schema":{"@context":"https:\/\/schema.org","@graph":[{"@type":"WebPage","@id":"https:\/\/www.convertize.com\/fr\/comment-thread-com-peut-augmenter-son-nombre-de-souscriptions\/","url":"https:\/\/www.convertize.com\/fr\/comment-thread-com-peut-augmenter-son-nombre-de-souscriptions\/","name":"Comment Thread.com peut augmenter son nombre de souscriptions - Convertize","isPartOf":{"@id":"https:\/\/www.convertize.com\/fr\/#website"},"datePublished":"2017-03-30T16:01:24+00:00","dateModified":"2017-03-30T16:01:24+00:00","inLanguage":"fr-FR","potentialAction":[{"@type":"ReadAction","target":["https:\/\/www.convertize.com\/fr\/comment-thread-com-peut-augmenter-son-nombre-de-souscriptions\/"]}]},{"@type":"WebSite","@id":"https:\/\/www.convertize.com\/fr\/#website","url":"https:\/\/www.convertize.com\/fr\/","name":"Convertize","description":"April 2026","potentialAction":[{"@type":"SearchAction","target":{"@type":"EntryPoint","urlTemplate":"https:\/\/www.convertize.com\/fr\/?s={search_term_string}"},"query-input":{"@type":"PropertyValueSpecification","valueRequired":true,"valueName":"search_term_string"}}],"inLanguage":"fr-FR"}]}},"_links":{"self":[{"href":"https:\/\/www.convertize.com\/fr\/wp-json\/wp\/v2\/pages\/12913"}],"collection":[{"href":"https:\/\/www.convertize.com\/fr\/wp-json\/wp\/v2\/pages"}],"about":[{"href":"https:\/\/www.convertize.com\/fr\/wp-json\/wp\/v2\/types\/page"}],"author":[{"embeddable":true,"href":"https:\/\/www.convertize.com\/fr\/wp-json\/wp\/v2\/users\/19"}],"replies":[{"embeddable":true,"href":"https:\/\/www.convertize.com\/fr\/wp-json\/wp\/v2\/comments?post=12913"}],"version-history":[{"count":0,"href":"https:\/\/www.convertize.com\/fr\/wp-json\/wp\/v2\/pages\/12913\/revisions"}],"wp:attachment":[{"href":"https:\/\/www.convertize.com\/fr\/wp-json\/wp\/v2\/media?parent=12913"}],"wp:term":[{"taxonomy":"category","embeddable":true,"href":"https:\/\/www.convertize.com\/fr\/wp-json\/wp\/v2\/categories?post=12913"},{"taxonomy":"post_tag","embeddable":true,"href":"https:\/\/www.convertize.com\/fr\/wp-json\/wp\/v2\/tags?post=12913"}],"curies":[{"name":"wp","href":"https:\/\/api.w.org\/{rel}","templated":true}]}}