{"id":15436,"date":"2018-11-21T17:04:00","date_gmt":"2018-11-21T16:04:00","guid":{"rendered":"https:\/\/convertize.blog\/fr\/?p=15436"},"modified":"2021-08-02T16:47:38","modified_gmt":"2021-08-02T14:47:38","slug":"mini-survey","status":"publish","type":"page","link":"https:\/\/www.convertize.com\/fr\/mini-survey\/","title":{"rendered":"Mini-Survey"},"content":{"rendered":"<span class=\"rt-reading-time\" style=\"display: block;\"><span class=\"rt-label rt-prefix\">Temps de lecture : <\/span> <span class=\"rt-time\">&lt;\u00a01<\/span> <span class=\"rt-label rt-postfix\">minute<\/span><\/span><div class=\"sc-gipzik fEzzqL\">\n<h1 class=\"sc-gqjmRU hAxyZz\"><span class=\"stkv-qa-block_title\"><strong>F\u00e9licitations [utm_firstname] !<br \/>\n<\/strong>Vous faites partie des 1% d\u2019entreprises qui sont satisfaites de leur taux de conversion<\/span><\/h1>\n<\/div>\n<div class=\"sc-bwzfXH kfFls\">\n<p class=\"sc-iwsKbI ecUstc\" data-qa=\"block-description\">Aidez-nous \u00e0 mieux vous conna\u00eetre en r\u00e9pondant \u00e0 ces <strong>5 questions.\u00a0<\/strong>Cela nous permettra de vous envoyer du contenu pertinent. <strong>C\u2019est gagnant-gagnant ?<\/strong><\/p>\n<p>Il s\u2019agit principalement de questions \u00e0 choix multiples et cela prendra <strong>seulement 1 minute 30\u2033<\/strong> de votre temps pr\u00e9cieux.<\/p>\n<\/div>\n<p style=\"text-align: center;\"><a class=\"cta cta-primary\" href=\"#survey\">Okay, cela me convient<\/a><\/p>\n<p style=\"text-align: center;\"><a href=\" https:\/\/www.convertize.com\/fr\/\">Peut-\u00eatre plus tard<\/a><\/p>\n<p>&nbsp;<\/p>\n<p>&nbsp;<\/p>\n<p>&nbsp;<\/p>\n<p>&nbsp;<\/p>\n<p>&nbsp;<\/p>\n<p>&nbsp;<\/p>\n<p>&nbsp;<\/p>\n<p>&nbsp;<\/p>\n<p style=\"text-align: center;\">[sta_anchor id=\u00a0\u00bbsurvey\u00a0\u00bb \/]<iframe loading=\"lazy\" class=\"mini-survey\" border=\"0\" src=\"https:\/\/docs.google.com\/forms\/d\/e\/1FAIpQLSf1XCE1rRhgson9WNH9iPQ9D3vHKJFGP4ajqRCTFKgrx8V19w\/viewform?embedded=true&amp;usp=pp_url&amp;entry.170684267\" width=\"800\" height=\"2300\"><\/iframe>\n<div class=\"social-btn\"><a class=\"col-1 sbtn s-twitter\" onclick=\"popupwindow('https:\/\/twitter.com\/intent\/tweet?text=Mini-Survey&amp;url=https%3A%2F%2Fwww.convertize.com%2Ffr%2Fmini-survey%2F&amp;via=convertize','Twitter Follow','600','600')\" href=\"javascript:void(0);\" target=\"_blank\" rel=\"nofollow\"><span>Share on Twitter<\/span><\/a><a class=\"col-1 sbtn s-facebook\" onclick=\"popupwindow('https:\/\/www.facebook.com\/sharer\/sharer.php?u=https%3A%2F%2Fwww.convertize.com%2Ffr%2Fmini-survey%2F','Facebook Follow','600','600')\" href=\"javascript:void(0);\" target=\"_blank\" rel=\"nofollow\"><span>Share on Facebook<\/span><\/a><a class=\"col-1 sbtn s-linkedin\" onclick=\"popupwindow('https:\/\/www.linkedin.com\/shareArticle?mini=true&url=https%3A%2F%2Fwww.convertize.com%2Ffr%2Fmini-survey%2F&amp;title=Mini-Survey&amp;description=','Linkedin Follow','600','600')\" href=\"javascript:void(0);\" target=\"_blank\" rel=\"nofollow\"><span>Share on Linkedin<\/span><\/a><\/div>","protected":false},"excerpt":{"rendered":"<p><span class=\"rt-reading-time\" style=\"display: block;\"><span class=\"rt-label rt-prefix\">Temps de lecture : <\/span> <span class=\"rt-time\">&lt;\u00a01<\/span> <span class=\"rt-label rt-postfix\">minute<\/span><\/span> F\u00e9licitations [utm_firstname] ! Vous faites partie des 1% d\u2019entreprises qui sont satisfaites de leur taux de conversion Aidez-nous \u00e0 mieux vous conna\u00eetre en r\u00e9pondant \u00e0 ces 5 questions.\u00a0Cela nous permettra de vous envoyer du contenu pertinent. C\u2019est gagnant-gagnant ? Il s\u2019agit principalement de questions \u00e0 choix multiples et cela prendra seulement 1 minute 30\u2033 de [&hellip;]<\/p>\n","protected":false},"author":19,"featured_media":0,"parent":0,"menu_order":0,"comment_status":"open","ping_status":"open","template":"page-survey-menu.php","meta":{"_genesis_hide_title":false,"_genesis_hide_breadcrumbs":false,"_genesis_hide_singular_image":false,"_genesis_hide_footer_widgets":false,"_genesis_custom_body_class":"","_genesis_custom_post_class":"","_genesis_layout":"","footnotes":""},"categories":[354],"tags":[],"class_list":{"0":"post-15436","1":"page","2":"type-page","3":"status-publish","5":"category-hidden","6":"entry"},"yoast_head":"<!-- This site is optimized with the Yoast SEO plugin v23.7 - https:\/\/yoast.com\/wordpress\/plugins\/seo\/ -->\n<title>Mini-Survey - Convertize<\/title>\n<meta name=\"robots\" content=\"index, follow, max-snippet:-1, max-image-preview:large, max-video-preview:-1\" \/>\n<link rel=\"canonical\" href=\"https:\/\/www.convertize.com\/fr\/mini-survey\/\" \/>\n<meta property=\"og:locale\" content=\"fr_FR\" \/>\n<meta property=\"og:type\" content=\"article\" \/>\n<meta property=\"og:title\" content=\"Mini-Survey - Convertize\" \/>\n<meta property=\"og:description\" content=\"Temps de lecture : &lt;\u00a01 minute F\u00e9licitations [utm_firstname] ! Vous faites partie des 1% d\u2019entreprises qui sont satisfaites de leur taux de conversion Aidez-nous \u00e0 mieux vous conna\u00eetre en r\u00e9pondant \u00e0 ces 5 questions.\u00a0Cela nous permettra de vous envoyer du contenu pertinent. C\u2019est gagnant-gagnant ? Il s\u2019agit principalement de questions \u00e0 choix multiples et cela prendra seulement 1 minute 30\u2033 de [&hellip;]\" \/>\n<meta property=\"og:url\" content=\"https:\/\/www.convertize.com\/fr\/mini-survey\/\" \/>\n<meta property=\"og:site_name\" content=\"Convertize\" \/>\n<meta property=\"article:modified_time\" content=\"2021-08-02T14:47:38+00:00\" \/>\n<meta name=\"twitter:card\" content=\"summary_large_image\" \/>\n<meta name=\"twitter:label1\" content=\"Dur\u00e9e de lecture estim\u00e9e\" \/>\n\t<meta name=\"twitter:data1\" content=\"1 minute\" \/>\n<script type=\"application\/ld+json\" class=\"yoast-schema-graph\">{\"@context\":\"https:\/\/schema.org\",\"@graph\":[{\"@type\":\"WebPage\",\"@id\":\"https:\/\/www.convertize.com\/fr\/mini-survey\/\",\"url\":\"https:\/\/www.convertize.com\/fr\/mini-survey\/\",\"name\":\"Mini-Survey - Convertize\",\"isPartOf\":{\"@id\":\"https:\/\/www.convertize.com\/fr\/#website\"},\"datePublished\":\"2018-11-21T16:04:00+00:00\",\"dateModified\":\"2021-08-02T14:47:38+00:00\",\"inLanguage\":\"fr-FR\",\"potentialAction\":[{\"@type\":\"ReadAction\",\"target\":[\"https:\/\/www.convertize.com\/fr\/mini-survey\/\"]}]},{\"@type\":\"WebSite\",\"@id\":\"https:\/\/www.convertize.com\/fr\/#website\",\"url\":\"https:\/\/www.convertize.com\/fr\/\",\"name\":\"Convertize\",\"description\":\"April 2026\",\"potentialAction\":[{\"@type\":\"SearchAction\",\"target\":{\"@type\":\"EntryPoint\",\"urlTemplate\":\"https:\/\/www.convertize.com\/fr\/?s={search_term_string}\"},\"query-input\":{\"@type\":\"PropertyValueSpecification\",\"valueRequired\":true,\"valueName\":\"search_term_string\"}}],\"inLanguage\":\"fr-FR\"}]}<\/script>\n<!-- \/ Yoast SEO plugin. -->","yoast_head_json":{"title":"Mini-Survey - Convertize","robots":{"index":"index","follow":"follow","max-snippet":"max-snippet:-1","max-image-preview":"max-image-preview:large","max-video-preview":"max-video-preview:-1"},"canonical":"https:\/\/www.convertize.com\/fr\/mini-survey\/","og_locale":"fr_FR","og_type":"article","og_title":"Mini-Survey - Convertize","og_description":"Temps de lecture : &lt;\u00a01 minute F\u00e9licitations [utm_firstname] ! Vous faites partie des 1% d\u2019entreprises qui sont satisfaites de leur taux de conversion Aidez-nous \u00e0 mieux vous conna\u00eetre en r\u00e9pondant \u00e0 ces 5 questions.\u00a0Cela nous permettra de vous envoyer du contenu pertinent. C\u2019est gagnant-gagnant ? Il s\u2019agit principalement de questions \u00e0 choix multiples et cela prendra seulement 1 minute 30\u2033 de [&hellip;]","og_url":"https:\/\/www.convertize.com\/fr\/mini-survey\/","og_site_name":"Convertize","article_modified_time":"2021-08-02T14:47:38+00:00","twitter_card":"summary_large_image","twitter_misc":{"Dur\u00e9e de lecture estim\u00e9e":"1 minute"},"schema":{"@context":"https:\/\/schema.org","@graph":[{"@type":"WebPage","@id":"https:\/\/www.convertize.com\/fr\/mini-survey\/","url":"https:\/\/www.convertize.com\/fr\/mini-survey\/","name":"Mini-Survey - Convertize","isPartOf":{"@id":"https:\/\/www.convertize.com\/fr\/#website"},"datePublished":"2018-11-21T16:04:00+00:00","dateModified":"2021-08-02T14:47:38+00:00","inLanguage":"fr-FR","potentialAction":[{"@type":"ReadAction","target":["https:\/\/www.convertize.com\/fr\/mini-survey\/"]}]},{"@type":"WebSite","@id":"https:\/\/www.convertize.com\/fr\/#website","url":"https:\/\/www.convertize.com\/fr\/","name":"Convertize","description":"April 2026","potentialAction":[{"@type":"SearchAction","target":{"@type":"EntryPoint","urlTemplate":"https:\/\/www.convertize.com\/fr\/?s={search_term_string}"},"query-input":{"@type":"PropertyValueSpecification","valueRequired":true,"valueName":"search_term_string"}}],"inLanguage":"fr-FR"}]}},"_links":{"self":[{"href":"https:\/\/www.convertize.com\/fr\/wp-json\/wp\/v2\/pages\/15436"}],"collection":[{"href":"https:\/\/www.convertize.com\/fr\/wp-json\/wp\/v2\/pages"}],"about":[{"href":"https:\/\/www.convertize.com\/fr\/wp-json\/wp\/v2\/types\/page"}],"author":[{"embeddable":true,"href":"https:\/\/www.convertize.com\/fr\/wp-json\/wp\/v2\/users\/19"}],"replies":[{"embeddable":true,"href":"https:\/\/www.convertize.com\/fr\/wp-json\/wp\/v2\/comments?post=15436"}],"version-history":[{"count":1,"href":"https:\/\/www.convertize.com\/fr\/wp-json\/wp\/v2\/pages\/15436\/revisions"}],"predecessor-version":[{"id":21061,"href":"https:\/\/www.convertize.com\/fr\/wp-json\/wp\/v2\/pages\/15436\/revisions\/21061"}],"wp:attachment":[{"href":"https:\/\/www.convertize.com\/fr\/wp-json\/wp\/v2\/media?parent=15436"}],"wp:term":[{"taxonomy":"category","embeddable":true,"href":"https:\/\/www.convertize.com\/fr\/wp-json\/wp\/v2\/categories?post=15436"},{"taxonomy":"post_tag","embeddable":true,"href":"https:\/\/www.convertize.com\/fr\/wp-json\/wp\/v2\/tags?post=15436"}],"curies":[{"name":"wp","href":"https:\/\/api.w.org\/{rel}","templated":true}]}}