{"id":16150,"date":"2018-12-19T10:54:32","date_gmt":"2018-12-19T09:54:32","guid":{"rendered":"https:\/\/www.convertize.com\/fr\/?page_id=16150"},"modified":"2019-01-29T12:33:58","modified_gmt":"2019-01-29T11:33:58","slug":"confidentialite","status":"publish","type":"page","link":"https:\/\/www.convertize.com\/fr\/confidentialite\/","title":{"rendered":"Votre Confidentialit\u00e9"},"content":{"rendered":"<span class=\"rt-reading-time\" style=\"display: block;\"><span class=\"rt-label rt-prefix\">Temps de lecture : <\/span> <span class=\"rt-time\">5<\/span> <span class=\"rt-label rt-postfix\">minutes<\/span><\/span><p>Chez Convertize, nous collectons et g\u00e9rons les donn\u00e9es utilisateurs conform\u00e9ment \u00e0 la Politique de Confidentialit\u00e9 suivante, en suivant les valeurs de notre entreprise : transparence, accessibilit\u00e9 et facilit\u00e9 d\u2019utilisation. En utilisant convertize.io (le \u00ab site \u00bb), vous acceptez les termes de la Politique de Confidentialit\u00e9 suivante. Merci de lire ceci int\u00e9gralement.<br \/>\nNous effectuons toutes les op\u00e9rations de traitement des donn\u00e9s en stricte conformit\u00e9 avec le R\u00e8glement g\u00e9n\u00e9ral europ\u00e9en sur la protection des donn\u00e9es (EU) 2016\/679 (le \u00ab<strong>RGPD<\/strong>\u00bb)<\/p>\n<h2>Donn\u00e9es collect\u00e9es<\/h2>\n<p>Nous collectons des donn\u00e9es anonymes sur chaque visiteur du site pour contr\u00f4ler le trafic et corriger les bugs. Par exemple, nous collectons des informations telles que les requ\u00eates web, les donn\u00e9es envoy\u00e9es en r\u00e9ponse \u00e0 ces requ\u00eates, l\u2019adresse IP (\u00e9galement appel\u00e9e adresse IP, celle-ci est une adresse IP partielle, anonymis\u00e9e et crypt\u00e9e), le type de navigateur, la langue du navigateur, et la date de la requ\u00eate. Nous utilisons des cookies et du stockage web local pour enregistrer les informations de sessions pour votre commodit\u00e9. Vous pouvez bloquer ou supprimer les cookies et toujours utiliser Convertize. Pour b\u00e9n\u00e9ficier de certaines fonctionnalit\u00e9s du site, vous pouvez \u00e9galement choisir de nous autoriser l\u2019acc\u00e8s \u00e0 d\u2019autres informations personnelles n\u00e9cessaires \u00e0 l\u2019utilisation de ces fonctionnalit\u00e9s. Les mineurs et enfants ne devraient pas utiliser Convertize. En utilisant ce site, vous d\u00e9clarez disposer de la capacit\u00e9 juridique n\u00e9cessaire pour conclure un accord contraignant.<\/p>\n<h2>Utilisation des donn\u00e9es<\/h2>\n<p>Nous utilisons vos informations personnelles uniquement pour vous fournir les services de Convertize ou pour communiquer avec vous \u00e0 propos des services ou du site. Nous employons les techniques standards aux normes du secteur pour prot\u00e9ger vos donn\u00e9es stock\u00e9es et informations personnelles contre les acc\u00e8s non-autoris\u00e9s. Nous ne partageons en aucun cas les informations personnelles fournies sans votre consentement, \u00e0 moins que : ce soit pour r\u00e9pondre \u00e0 votre propre requ\u00eate ; ce soit l\u00e9galement exig\u00e9 ; nous le jugions n\u00e9cessaire pour d\u00e9tecter, pr\u00e9venir ou r\u00e9soudre les probl\u00e8mes de fraude, de s\u00e9curit\u00e9 ou les probl\u00e8mes techniques ; pour prot\u00e9ger notre propri\u00e9t\u00e9 et nos droits l\u00e9gaux ou ceux de tiers. Convertize est exploit\u00e9 depuis le Royaume-Uni. Si vous visitez notre site depuis un autre lieu que le Royaume-Uni, vous acceptez le traitement des informations personnelles que vous nous avez fournies, conform\u00e9ment \u00e0 cette Politique de Confidentialit\u00e9. Convertize peut vous contacter, par email ou d\u2019autres moyens. Par exemple, Convertize peut vous envoyer des emails promotionnels au sujet de Convertize ou de tiers dont Convertize estime qu\u2019ils pourraient vous int\u00e9resser, ou encore communiquer avec vous \u00e0 propos de l\u2019utilisation de notre site. Convertize peut aussi utiliser des moyens techniques pour \u00eatre pr\u00e9venu par un email de confirmation lorsque vous ouvrez un email de notre part. Vous pouvez modifier vos pr\u00e9f\u00e9rences en termes de notifications par email en cliquant sur le lien appropri\u00e9 situ\u00e9 dans le pied de page des emails de notifications. Si vous ne souhaitez pas recevoir d\u2019emails de Convertize, merci de vous d\u00e9sinscrire de nos emails via le lien de d\u00e9sinscription pr\u00e9sent en bas de chaque email de Convertize.<\/p>\n<h2>Partage des donn\u00e9es<\/h2>\n<p>Nous ne partageons pas vos informations personnelles avec des tiers. Seules des donn\u00e9es anonymes et agr\u00e9g\u00e9es sont p\u00e9riodiquement transmises \u00e0 des services externes pour nous aider \u00e0 am\u00e9liorer le site et les services de Convertize. Nous utilisons actuellement Google Analytics (analyse de trafic, optimisation SEO), Intercom (gestion de liste mails). Nous \u00e9num\u00e9rons ci-dessous les donn\u00e9es exactes extraites par ces tiers. Vous pouvez v\u00e9rifier leurs propres Politiques de Confidentialit\u00e9 pour en savoir davantage. Google Analytics : anonymes (nom de domaine de l\u2019application, type de navigateur, donn\u00e9es d\u00e9mographiques, param\u00e8tres de langue, nombre de pages vues et date\/heure), pseudonymes (adresses IP). Intercom : nom et email de notre liste d\u2019inscription beta. Nous utilisons \u00e9galement des boutons de partage sur les r\u00e9seaux sociaux fournis par des services tels que Twitter, Google+, LinkedIn et Facebook. Votre utilisation de ces services tiers est enti\u00e8rement optionnelle, et la lecture et compr\u00e9hension des Politiques de Confidentialit\u00e9 de ces services tiers est de votre responsabilit\u00e9. Nous employons et contractons avec d\u2019autres personnes et entit\u00e9s qui r\u00e9alisent certaines t\u00e2ches pour nous et sont sous notre contr\u00f4le (nos \u00ab Agents \u00bb). Nous pouvons avoir besoin de partager certaines de vos informations personnelles avec nos Agents pour vous fournir des produits ou services. A moins que nous vous informions du contraire, nos Agents n\u2019ont nul droit d\u2019utiliser des informations personnelles ou toute autre information que nous leur aurions partag\u00e9e au-del\u00e0 de ce qui est n\u00e9cessaire pour nous aider. Vous consentez par la pr\u00e9sente \u00e0 ce que nous partagions ces informations personnelles avec nos Agents. Nous pouvons choisir d\u2019acheter ou de vendre des actifs. Dans ce type de transactions, les informations utilisateurs sont typiquement l\u2019un des actifs de l\u2019entreprise transf\u00e9r\u00e9. De plus, si notre entreprise ou la quasi-totalit\u00e9 de nos actifs \u00e9taient acquis, ou si nous entrions dans une situation de faillite ou cessation d\u2019activit\u00e9, les informations utilisateurs seraient l\u2019un des actifs de l\u2019entreprise transf\u00e9r\u00e9 ou acquis par un tiers. Par la pr\u00e9sente, vous reconnaissez que de tels transferts peuvent survenir, et que tout acqu\u00e9reur de notre entreprise ou de nos actifs peut continuer \u00e0 utiliser vos informations personnelles conform\u00e9ment \u00e0 cette Politique de Confidentialit\u00e9.<\/p>\n<h2>Vie priv\u00e9e des mineurs<\/h2>\n<p>Prot\u00e9ger la vie priv\u00e9e des mineurs est une importance primordiale. Par cons\u00e9quent, Convertize ne recueille pas volontairement des renseignements personnels de toute personne \u00e2g\u00e9e de moins de 18 ans. Dans le cas o\u00f9 nous l&rsquo;aurions fait par erreur, nous supprimerons l&rsquo;information d\u00e8s que possible. Si, pour une raison quelconque, vous soup\u00e7onnez que nous avons des informations d&rsquo;une enfant de moins de 18 ans, veuillez nous en informer imm\u00e9diatement.<\/p>\n<h2>Stockage et traitement<\/h2>\n<p>Vos donn\u00e9es personnelles sont stock\u00e9es en toute s\u00e9curit\u00e9 dans notre base de donn\u00e9es. Les bases de donn\u00e9es et les serveurs sont soir la propri\u00e9t\u00e9 de Convertize soit celle de fournisseurs tiers \u00e9quivalents au sein de l&rsquo;Union europ\u00e9enne. Nous assurons des mesures de s\u00e9curit\u00e9 techniques, administratives et physiques pour prot\u00e9ger contre toute forme de destruction des donn\u00e9es, y compris mais non limit\u00e9 \u00e0 : acc\u00e8s non autoris\u00e9, divulgation et modification. Seuls les employ\u00e9s de l&rsquo;entreprise ont un acc\u00e8s interne aux donn\u00e9es personnelles.<\/p>\n<p>Nous avons des proc\u00e9dures formelles afin de traiter toute violation des donn\u00e9es personnelles et vous informerons ou informerons l&rsquo;organisme de r\u00e9glementation appropri\u00e9 d&rsquo;une violation lorsque nous sommes l\u00e9galement tenus de le faire.<\/p>\n<h2>Comment prot\u00e9geons-nous vos informations ?<\/h2>\n<p>Convertize travaille dur pour assurer la confidentialit\u00e9 de vos donn\u00e9es, mais nous ne pouvons pas assurer ou garantir la s\u00e9curit\u00e9 des informations que vous transmettez \u00e0 Convertize ou garantir qu&rsquo;elles ne seront pas consult\u00e9es, divulgu\u00e9es ou alt\u00e9r\u00e9es en cas de violation de nos standards physiques, techniques ou pr\u00e9cautions de gestion. Nous utilisons la technologie SSL (Secure Socket Layer) pour prot\u00e9ger les informations sensibles que vous fournissez dans nos formulaires d\u2019inscription, telles que vos informations d&rsquo;identification. Cependant, aucune m\u00e9thode de transmission sur Internet n&rsquo;est s\u00e9curis\u00e9e \u00e0 100%. Nous ne pouvons pas garantir une s\u00e9curit\u00e9 absolue. Si vous avez des questions concernant votre s\u00e9curit\u00e9, veuillez nous contacter.<\/p>\n<p>La soci\u00e9t\u00e9 de traitement de cartes de cr\u00e9dit que nous utilisons s&rsquo;appelle Stripe et ne conserve pas, ne partage pas et ne stocke pas d&rsquo;informations personnelles \u00e0 d&rsquo;autres fins.<\/p>\n<h2>Vos choix concernant vos informations<\/h2>\n<p>Vous avez la possibilit\u00e9 de modifier et de supprimer toute information que vous nous avez fournie concernant votre compte. Vous pouvez le faire en vous connectant \u00e0 votre compte ou en nous contactant directement. Nous r\u00e9pondrons \u00e0 votre demande d&rsquo;acc\u00e8s en moins de 72 heures.<\/p>\n<p>Nous conserverons vos informations uniquement tant que votre compte est actif et que vous utilisez nos services. Vos informations seront utilis\u00e9es si n\u00e9cessaire pour respecter nos obligations l\u00e9gales, r\u00e9soudre les litiges ou faire respecter nos accords.<\/p>\n<h2>Changements de la Politique de Confidentialit\u00e9<\/h2>\n<p>Nous pourrons amender cette Politique de Confidentialit\u00e9 dans le futur. L\u2019utilisation des informations que nous collectons \u00e0 pr\u00e9sent est sujet \u00e0 la Politique de Confidentialit\u00e9 effective au moment o\u00f9 les informations en question sont utilis\u00e9es. Si nous effectuons des changements majeurs dans notre fa\u00e7on de collecter et d\u2019utiliser les informations, nous vous le notifierons via une annonce sur notre site ou en vous envoyant un email. Un utilisateur est li\u00e9 \u00e0 tout changement de Politique de Confidentialit\u00e9 lorsqu\u2019il ou elle utilise nos services apr\u00e8s que les changements en question aient \u00e9t\u00e9 post\u00e9s. Pour toute question ou pr\u00e9occupation, merci de nous contacter. Merci beaucoup d\u2019avoir lu ces conditions !<\/p>\n<div class=\"social-btn\"><a class=\"col-1 sbtn s-twitter\" onclick=\"popupwindow('https:\/\/twitter.com\/intent\/tweet?text=Votre%20Confidentialit\u00e9&amp;url=https%3A%2F%2Fwww.convertize.com%2Ffr%2Fconfidentialite%2F&amp;via=convertize','Twitter Follow','600','600')\" href=\"javascript:void(0);\" target=\"_blank\" rel=\"nofollow\"><span>Share on Twitter<\/span><\/a><a class=\"col-1 sbtn s-facebook\" onclick=\"popupwindow('https:\/\/www.facebook.com\/sharer\/sharer.php?u=https%3A%2F%2Fwww.convertize.com%2Ffr%2Fconfidentialite%2F','Facebook Follow','600','600')\" href=\"javascript:void(0);\" target=\"_blank\" rel=\"nofollow\"><span>Share on Facebook<\/span><\/a><a class=\"col-1 sbtn s-linkedin\" onclick=\"popupwindow('https:\/\/www.linkedin.com\/shareArticle?mini=true&url=https%3A%2F%2Fwww.convertize.com%2Ffr%2Fconfidentialite%2F&amp;title=Votre%20Confidentialit\u00e9&amp;description=','Linkedin Follow','600','600')\" href=\"javascript:void(0);\" target=\"_blank\" rel=\"nofollow\"><span>Share on Linkedin<\/span><\/a><\/div>","protected":false},"excerpt":{"rendered":"<p><span class=\"rt-reading-time\" style=\"display: block;\"><span class=\"rt-label rt-prefix\">Temps de lecture : <\/span> <span class=\"rt-time\">5<\/span> <span class=\"rt-label rt-postfix\">minutes<\/span><\/span> Chez Convertize, nous collectons et g\u00e9rons les donn\u00e9es utilisateurs conform\u00e9ment \u00e0 la Politique de Confidentialit\u00e9 suivante, en suivant les valeurs de notre entreprise : transparence, accessibilit\u00e9 et facilit\u00e9 d\u2019utilisation. En utilisant convertize.io (le \u00ab site \u00bb), vous acceptez les termes de la Politique de Confidentialit\u00e9 suivante. Merci de lire ceci int\u00e9gralement. Nous effectuons toutes les [&hellip;]<\/p>\n","protected":false},"author":41,"featured_media":0,"parent":0,"menu_order":0,"comment_status":"closed","ping_status":"closed","template":"page-privacy-policy.php","meta":{"_genesis_hide_title":false,"_genesis_hide_breadcrumbs":false,"_genesis_hide_singular_image":false,"_genesis_hide_footer_widgets":false,"_genesis_custom_body_class":"","_genesis_custom_post_class":"","_genesis_layout":"","footnotes":""},"categories":[],"tags":[],"class_list":{"0":"post-16150","1":"page","2":"type-page","3":"status-publish","5":"entry"},"yoast_head":"<!-- This site is optimized with the Yoast SEO plugin v23.7 - https:\/\/yoast.com\/wordpress\/plugins\/seo\/ -->\n<title>Votre Confidentialit\u00e9 - Convertize<\/title>\n<meta name=\"robots\" content=\"index, follow, max-snippet:-1, max-image-preview:large, max-video-preview:-1\" \/>\n<link rel=\"canonical\" href=\"https:\/\/www.convertize.com\/fr\/confidentialite\/\" \/>\n<meta property=\"og:locale\" content=\"fr_FR\" \/>\n<meta property=\"og:type\" content=\"article\" \/>\n<meta property=\"og:title\" content=\"Votre Confidentialit\u00e9 - Convertize\" \/>\n<meta property=\"og:description\" content=\"Temps de lecture : 5 minutes Chez Convertize, nous collectons et g\u00e9rons les donn\u00e9es utilisateurs conform\u00e9ment \u00e0 la Politique de Confidentialit\u00e9 suivante, en suivant les valeurs de notre entreprise : transparence, accessibilit\u00e9 et facilit\u00e9 d\u2019utilisation. En utilisant convertize.io (le \u00ab site \u00bb), vous acceptez les termes de la Politique de Confidentialit\u00e9 suivante. Merci de lire ceci int\u00e9gralement. Nous effectuons toutes les [&hellip;]\" \/>\n<meta property=\"og:url\" content=\"https:\/\/www.convertize.com\/fr\/confidentialite\/\" \/>\n<meta property=\"og:site_name\" content=\"Convertize\" \/>\n<meta property=\"article:modified_time\" content=\"2019-01-29T11:33:58+00:00\" \/>\n<meta name=\"twitter:card\" content=\"summary_large_image\" \/>\n<meta name=\"twitter:label1\" content=\"Dur\u00e9e de lecture estim\u00e9e\" \/>\n\t<meta name=\"twitter:data1\" content=\"8 minutes\" \/>\n<script type=\"application\/ld+json\" class=\"yoast-schema-graph\">{\"@context\":\"https:\/\/schema.org\",\"@graph\":[{\"@type\":\"WebPage\",\"@id\":\"https:\/\/www.convertize.com\/fr\/confidentialite\/\",\"url\":\"https:\/\/www.convertize.com\/fr\/confidentialite\/\",\"name\":\"Votre Confidentialit\u00e9 - Convertize\",\"isPartOf\":{\"@id\":\"https:\/\/www.convertize.com\/fr\/#website\"},\"datePublished\":\"2018-12-19T09:54:32+00:00\",\"dateModified\":\"2019-01-29T11:33:58+00:00\",\"inLanguage\":\"fr-FR\",\"potentialAction\":[{\"@type\":\"ReadAction\",\"target\":[\"https:\/\/www.convertize.com\/fr\/confidentialite\/\"]}]},{\"@type\":\"WebSite\",\"@id\":\"https:\/\/www.convertize.com\/fr\/#website\",\"url\":\"https:\/\/www.convertize.com\/fr\/\",\"name\":\"Convertize\",\"description\":\"May 2026\",\"potentialAction\":[{\"@type\":\"SearchAction\",\"target\":{\"@type\":\"EntryPoint\",\"urlTemplate\":\"https:\/\/www.convertize.com\/fr\/?s={search_term_string}\"},\"query-input\":{\"@type\":\"PropertyValueSpecification\",\"valueRequired\":true,\"valueName\":\"search_term_string\"}}],\"inLanguage\":\"fr-FR\"}]}<\/script>\n<!-- \/ Yoast SEO plugin. -->","yoast_head_json":{"title":"Votre Confidentialit\u00e9 - Convertize","robots":{"index":"index","follow":"follow","max-snippet":"max-snippet:-1","max-image-preview":"max-image-preview:large","max-video-preview":"max-video-preview:-1"},"canonical":"https:\/\/www.convertize.com\/fr\/confidentialite\/","og_locale":"fr_FR","og_type":"article","og_title":"Votre Confidentialit\u00e9 - Convertize","og_description":"Temps de lecture : 5 minutes Chez Convertize, nous collectons et g\u00e9rons les donn\u00e9es utilisateurs conform\u00e9ment \u00e0 la Politique de Confidentialit\u00e9 suivante, en suivant les valeurs de notre entreprise : transparence, accessibilit\u00e9 et facilit\u00e9 d\u2019utilisation. En utilisant convertize.io (le \u00ab site \u00bb), vous acceptez les termes de la Politique de Confidentialit\u00e9 suivante. Merci de lire ceci int\u00e9gralement. Nous effectuons toutes les [&hellip;]","og_url":"https:\/\/www.convertize.com\/fr\/confidentialite\/","og_site_name":"Convertize","article_modified_time":"2019-01-29T11:33:58+00:00","twitter_card":"summary_large_image","twitter_misc":{"Dur\u00e9e de lecture estim\u00e9e":"8 minutes"},"schema":{"@context":"https:\/\/schema.org","@graph":[{"@type":"WebPage","@id":"https:\/\/www.convertize.com\/fr\/confidentialite\/","url":"https:\/\/www.convertize.com\/fr\/confidentialite\/","name":"Votre Confidentialit\u00e9 - Convertize","isPartOf":{"@id":"https:\/\/www.convertize.com\/fr\/#website"},"datePublished":"2018-12-19T09:54:32+00:00","dateModified":"2019-01-29T11:33:58+00:00","inLanguage":"fr-FR","potentialAction":[{"@type":"ReadAction","target":["https:\/\/www.convertize.com\/fr\/confidentialite\/"]}]},{"@type":"WebSite","@id":"https:\/\/www.convertize.com\/fr\/#website","url":"https:\/\/www.convertize.com\/fr\/","name":"Convertize","description":"May 2026","potentialAction":[{"@type":"SearchAction","target":{"@type":"EntryPoint","urlTemplate":"https:\/\/www.convertize.com\/fr\/?s={search_term_string}"},"query-input":{"@type":"PropertyValueSpecification","valueRequired":true,"valueName":"search_term_string"}}],"inLanguage":"fr-FR"}]}},"_links":{"self":[{"href":"https:\/\/www.convertize.com\/fr\/wp-json\/wp\/v2\/pages\/16150"}],"collection":[{"href":"https:\/\/www.convertize.com\/fr\/wp-json\/wp\/v2\/pages"}],"about":[{"href":"https:\/\/www.convertize.com\/fr\/wp-json\/wp\/v2\/types\/page"}],"author":[{"embeddable":true,"href":"https:\/\/www.convertize.com\/fr\/wp-json\/wp\/v2\/users\/41"}],"replies":[{"embeddable":true,"href":"https:\/\/www.convertize.com\/fr\/wp-json\/wp\/v2\/comments?post=16150"}],"version-history":[{"count":0,"href":"https:\/\/www.convertize.com\/fr\/wp-json\/wp\/v2\/pages\/16150\/revisions"}],"wp:attachment":[{"href":"https:\/\/www.convertize.com\/fr\/wp-json\/wp\/v2\/media?parent=16150"}],"wp:term":[{"taxonomy":"category","embeddable":true,"href":"https:\/\/www.convertize.com\/fr\/wp-json\/wp\/v2\/categories?post=16150"},{"taxonomy":"post_tag","embeddable":true,"href":"https:\/\/www.convertize.com\/fr\/wp-json\/wp\/v2\/tags?post=16150"}],"curies":[{"name":"wp","href":"https:\/\/api.w.org\/{rel}","templated":true}]}}