{"id":18263,"date":"2019-04-26T17:53:40","date_gmt":"2019-04-26T15:53:40","guid":{"rendered":"https:\/\/www.convertize.com\/fr\/?page_id=18263"},"modified":"2019-07-03T10:49:31","modified_gmt":"2019-07-03T08:49:31","slug":"glossaire","status":"publish","type":"page","link":"https:\/\/www.convertize.com\/fr\/glossaire\/","title":{"rendered":"Glossaire de Neuromarketing"},"content":{"rendered":"<span class=\"rt-reading-time\" style=\"display: block;\"><span class=\"rt-label rt-prefix\">Temps de lecture : <\/span> <span class=\"rt-time\">4<\/span> <span class=\"rt-label rt-postfix\">minutes<\/span><\/span><div class=\"col-sm-12 nopadding\">\n<section class=\"text-img-container\">\n<div class=\"container\">\n<div class=\"col-xs-12 col-md-6\"><img loading=\"lazy\" decoding=\"async\" src=\"https:\/\/www.convertize.com\/fr\/wp-content\/uploads\/2019\/07\/Glossaire-de-Neuromarketing-image.png\" alt=\"\" width=\"585\" height=\"512\" class=\"wp-image-18671 size-full aligncenter\" \/><\/div>\n<div class=\"col-xs-12 col-md-6\">\n<div class=\"vertical-centering-outer\">\n<div class=\"vertical-centering-middle\">\n<div class=\"vertical-centering-inner\">\n<h3>Biais Cognitifs et Ph\u00e9nom\u00e8nes Psychologiques<\/h3>\n<p>Quelle est la diff\u00e9rence entre <strong>l&rsquo;effet Von Restorff<\/strong> et <strong>l&rsquo;effet Zeigarnik<\/strong>\u00a0 ? Comment <strong>l&rsquo;aisance cognitive<\/strong> permet-elle d&rsquo;augmenter les ventes et pourquoi <strong>la r\u00e9actance psychologique<\/strong> ruine-t-elle vos campagnes marketing ?<\/p>\n<p>Depuis la publication d&rsquo;ouvrages comme <em>Nudge<\/em> de Richard Thaler ou <i>Judgement under Uncertainty<\/i> de Kahneman et Tversky, les professionnels du marketing ont commenc\u00e9 \u00e0 s&rsquo;int\u00e9resser davantage \u00e0 la psychologie et aux sciences humaines. Cela les a conduit \u00e0 utiliser de nombreux mots savants permettant de comprendre les consommateurs de nouvelles fa\u00e7ons.<\/p>\n<\/div>\n<\/div>\n<\/div>\n<\/div>\n<\/div>\n<\/section>\n<section class=\"glossary-content-block\"><div class=\"container\">\n<h2 class=\"text-left letter\" id=\"A\">[sta_anchor id=\u00a0\u00bba\u00a0\u00bb]A[\/sta_anchor]<\/h2>\n<div class=\"col-md-6 col-xs-12 definition text-left\">\n<h5>Aisance Cognitive<\/h5>\n<p>La facilit\u00e9 avec laquelle un individu traite les informations qui lui sont envoy\u00e9es.<\/p>\n<p><a href=\"#\"><\/a><a href=\"\/fr\/glossaire\/aisance-cognitive\/\">Lire la description compl\u00e8te<\/a><a href=\"#\"><\/a><br \/>\n<\/div>\n<\/div>\n<div class=\"container\">\n<h2 class=\"text-left letter\" id=\"B\">[sta_anchor id=\u00a0\u00bbb\u00a0\u00bb]B[\/sta_anchor]<\/h2>\n<div class=\"col-md-6 col-xs-12 definition text-left\">\n<h5>Besoin de Certitude<\/h5>\n<p>Le besoin de se sentir davantage ma\u00eetre de la situation en anticipant correctement certains \u00e9v\u00e9nements.<\/p>\n<p><a href=\"\/fr\/glossaire\/besoin-certitude\/\">Lire la description compl\u00e8te<\/a><\/p>\n<\/div>\n<div class=\"col-md-6 col-xs-12 definition text-left\">\n<h5>Biais d&rsquo;Attention<\/h5>\n<p>La tendance \u00e0 se focaliser sur un nombre restreint de facteurs lorsqu&rsquo;on prend une d\u00e9cision, au d\u00e9triment d&rsquo;autres informations utiles.<\/p>\n<p><a href=\"\/fr\/glossaire\/biais-attention\/\">Lire la description compl\u00e8te<\/a><\/p>\n<\/div>\n<div class=\"col-md-6 col-xs-12 definition text-left\">\n<h5>Biais d&rsquo;Autonomie<\/h5>\n<p>Le besoin de prendre ses propres d\u00e9cisions et d&rsquo;agir en cons\u00e9quence en toute libert\u00e9.<\/p>\n<p><a href=\"#\"><\/a><a href=\"\/fr\/glossaire\/biais-autonomie\/\">Lire la description compl\u00e8te<\/a><a href=\"#\"><\/a><\/p>\n<\/div>\n<div class=\"col-md-6 col-xs-12 definition text-left\">\n<h5>Biais de Disponibilit\u00e9<\/h5>\n<p>La croyance infond\u00e9e selon laquelle une id\u00e9e famili\u00e8re et facile accessible est plus importante ou susceptible d&rsquo;\u00eatre vraie qu&rsquo;une autre.<\/p>\n<p><a href=\"#\"><\/a><a href=\"\/fr\/glossaire\/biais-disponibilite\/\">Lire la description compl\u00e8te<\/a><a href=\"#\"><\/a><\/p>\n<\/div>\n<div class=\"col-md-6 col-xs-12 definition text-left\">\n<h5>Biais d&rsquo;Information<\/h5>\n<p>La croyance selon laquelle avoir plus d&rsquo;informations permet de prendre de meilleures d\u00e9cisions, peu importe la pertinence des informations r\u00e9colt\u00e9es.<\/p>\n<p><a href=\"\/fr\/glossaire\/biais-information\/\">Lire la description compl\u00e8te<\/a><\/p>\n<\/div>\n<div class=\"col-md-6 col-xs-12 definition text-left\">\n<h5>Biais de Statu quo<\/h5>\n<p>La tendance \u00e0 vouloir que les choses restent telles qu&rsquo;elles sont et \u00e0 \u00e9viter de changer ses habitudes.<\/p>\n<p><a href=\"\/fr\/glossaire\/biais-statu-quo\/\">Lire la description compl\u00e8te<\/a><\/p>\n<\/div>\n<\/div>\n<div class=\"container\">\n<h2 class=\"text-left letter\">[sta_anchor id=\u00a0\u00bbc\u00a0\u00bb]C[\/sta_anchor]<\/h2>\n<div class=\"col-md-6 col-xs-12 definition text-left\">\n<h5>Cognition Sociale<\/h5>\n<p>La tendance des individus \u00e0 \u00eatre attir\u00e9s par ce qui leur ressemble.<\/p>\n<p><a href=\"bucket-testing\"><\/a><a href=\"\/fr\/glossaire\/cognition-sociale\/\">Lire la description compl\u00e8te<\/a><a href=\"bucket-testing\"><\/a><br \/>\n<\/div>\n<div class=\"col-md-6 col-xs-12 definition text-left\">\n<h5>Compensation du Risque<\/h5>\n<p>L&rsquo;ajustement du comportement d&rsquo;un individu en fonction du niveau de risque qu&rsquo;il per\u00e7oit, peu importe le niveau de risque r\u00e9el.<\/p>\n<p><a href=\"bucket-testing\"><\/a><a href=\"\/fr\/glossaire\/compensation-du-risque\/\">Lire la description compl\u00e8te<\/a><a href=\"bucket-testing\"><\/a><br \/>\n<\/div>\n<div class=\"col-md-6 col-xs-12 definition text-left\">\n<h5>Conformisme<\/h5>\n<p>L&rsquo;influence du consensus de groupe ou de l&rsquo;opinion majoritaire sur les opinions personnelles.<\/p>\n<p><a href=\"\/fr\/glossaire\/conformisme\/\">Lire la description compl\u00e8te<\/a><\/p>\n<\/div>\n<\/div>\n<div class=\"container\">\n<h2 class=\"text-left letter\" id=\"D\">[sta_anchor id=\u00a0\u00bbd\u00a0\u00bb]D[\/sta_anchor]<\/h2>\n<div class=\"col-md-6 col-xs-12 definition text-left\">\n<h5>Douleur de Payer<\/h5>\n<p><span>Le m\u00e9contentement ressenti au moment de d\u00e9penser de l&rsquo;argent. Cela peut avoir un impact n\u00e9gatif sur la perception du produit achet\u00e9.<\/span><\/p>\n<p><a href=\"\/fr\/glossaire\/douleur-de-payer\/\">Lire la description compl\u00e8te<\/a><\/p>\n<\/div>\n<\/div>\n<div class=\"container\">\n<h2 class=\"text-left letter\" id=\"D\">[sta_anchor id=\u00a0\u00bbe\u00a0\u00bb]E[\/sta_anchor]<\/h2>\n<div class=\"col-md-6 col-xs-12 definition text-left\">\n<h5>Effet d&rsquo;Ambigu\u00eft\u00e9<\/h5>\n<p><span>L&rsquo;\u00e9vitement des options offrant des r\u00e9sultats incertains, et ce m\u00eame lorsqu&rsquo;il s&rsquo;agit des meilleurs choix disponibles.<\/span><\/p>\n<p><a href=\"\/fr\/glossaire\/effet-ambiguite\/\">Lire la description compl\u00e8te<\/a><\/p>\n<\/div>\n<div class=\"col-md-6 col-xs-12 definition text-left\">\n<h5>Effet de Dotation<\/h5>\n<p><span>La tendance \u00e0 accorder plus de valeur \u00e0 ce qui nous appartient d\u00e9j\u00e0.<\/span><\/p>\n<p><a href=\"bucket-testing\"><\/a><a href=\"\/fr\/glossaire\/effet-de-dotation\/\">Lire la description compl\u00e8te<\/a><a href=\"bucket-testing\"><\/a><br \/>\n<\/div>\n<div class=\"col-md-6 col-xs-12 definition text-left\">\n<h5>Effet des Co\u00fbts Irr\u00e9cup\u00e9rables<\/h5>\n<p><span>La poursuite d&rsquo;un projet vou\u00e9 \u00e0 l&rsquo;\u00e9chec parce qu&rsquo;on y a investi du temps, des efforts ou de l&rsquo;argent.<\/span><\/p>\n<p><a href=\"bucket-testing\"><\/a><a href=\"\/fr\/glossaire\/couts-irrecuperables\/\">Lire la description compl\u00e8te<\/a><a href=\"bucket-testing\"><\/a><br \/>\n<\/div>\n<div class=\"col-md-6 col-xs-12 definition text-left\">\n<h5>Effet IKEA<\/h5>\n<p>La pr\u00e9f\u00e9rence pour les produits que l&rsquo;on a construits ou assembl\u00e9s soi-m\u00eame.<\/p>\n<p><a href=\"\/fr\/glossaire\/effet-ikea\/\">Lire la d\u00e9finition compl\u00e8te<\/a><\/p>\n<\/div>\n<div class=\"col-md-6 col-xs-12 definition text-left\">\n<h5>Effet de Raret\u00e9<\/h5>\n<p>L&rsquo;octroi d&rsquo;une plus grande valeur aux produits ou offres rares, disponibles en quantit\u00e9 limit\u00e9e ou pour une dur\u00e9e donn\u00e9e.<\/p>\n<p><a href=\"\/fr\/glossaire\/effet-rarete\">Lire la d\u00e9finition compl\u00e8te<\/a><\/p>\n<\/div>\n<div class=\"col-md-6 col-xs-12 definition text-left\">\n<h5>Effet de R\u00e9cence<\/h5>\n<p>La plus grande facilit\u00e9 \u00e0 se souvenir de la derni\u00e8re information pr\u00e9sente au sein d&rsquo;une liste.<\/p>\n<p><a href=\"\/fr\/glossaire\/effet-de-recence\/\">Lire la d\u00e9finition compl\u00e8te<\/a><\/p>\n<\/div>\n<div class=\"col-md-6 col-xs-12 definition text-left\">\n<h5>Effet de Repr\u00e9sentation Visuelle<\/h5>\n<p>Le plus grand int\u00e9r\u00eat port\u00e9 \u00e0 un produit qu&rsquo;on s&rsquo;imagine facilement en train d&rsquo;utiliser.<\/p>\n<p><a href=\"\/fr\/glossaire\/effet-representation-visuelle\/\">Lire la d\u00e9finition compl\u00e8te<\/a><\/p>\n<\/div>\n<div class=\"col-md-6 col-xs-12 definition text-left\">\n<h5>Effet de Sup\u00e9riorit\u00e9 de l&rsquo;Image<\/h5>\n<p>Le fait que le cerveau humain se souvient plus facilement des informations visuelles que des informations \u00e9crites.<\/p>\n<p><a href=\"\/fr\/glossaire\/effet-superiorite-image\/\">Lire la description compl\u00e8te<\/a><\/p>\n<\/div>\n<div class=\"col-md-6 col-xs-12 definition text-left\">\n<h5>Effet Von Restorff<\/h5>\n<p>La tendance \u00e0 se souvenir davantage des \u00e9l\u00e9ments qui ressortent et semblent inhabituels.<\/p>\n<p><a href=\"\/fr\/glossaire\/effet-von-restorff\/\">Lire la description compl\u00e8te<\/a><\/p>\n<\/div>\n<div class=\"col-md-6 col-xs-12 definition text-left\">\n<h5>Effet Zeigarnik<\/h5>\n<p>La tendance \u00e0 mieux se souvenir des t\u00e2ches non termin\u00e9es que de celles que l&rsquo;on a men\u00e9es \u00e0 terme.<\/p>\n<p><a href=\"\/fr\/glossaire\/effet-zeigarnik\/\">Lire la d\u00e9finition compl\u00e8te<\/a><\/p>\n<\/div>\n<\/div>\n<div class=\"container\">\n<h2 class=\"text-left letter\" id=\"D\">[sta_anchor id=\u00a0\u00bbf\u00a0\u00bb]F[\/sta_anchor]<\/h2>\n<div class=\"col-md-6 col-xs-12 definition text-left\">\n<h5>Fatigue D\u00e9cisionnelle<\/h5>\n<p>La fatigue cognitive ressentie apr\u00e8s avoir pris de nombreuses d\u00e9cisions .<\/p>\n<p><a href=\"\/fr\/glossaire\/fatigue-decisionnelle\/\">Lire la d\u00e9finition compl\u00e8te<\/a><\/p>\n<\/div>\n<\/div>\n<div class=\"container\">\n<h2 class=\"text-left letter\" id=\"G\">[sta_anchor id=\u00a0\u00bbg\u00a0\u00bb]G[\/sta_anchor]<\/h2>\n<div class=\"col-md-6 col-xs-12 definition text-left\">\n<h5>Goal Gradient Effect<\/h5>\n<p>La tendance \u00e0 fournir un effort plus important lorsqu&rsquo;on s&rsquo;approche de la fin d&rsquo;une t\u00e2che.<\/p>\n<p><a href=\"\/fr\/glossaire\/goal-gradient-effect\/\">Lire la d\u00e9finition compl\u00e8te<\/a><\/p>\n<\/div>\n<\/div>\n<div class=\"container\">\n<h2 class=\"text-left letter\" id=\"M\">[sta_anchor id=\u00a0\u00bbm\u00a0\u00bb]M[\/sta_anchor]<\/h2>\n<div class=\"col-md-6 col-xs-12 definition text-left\">\n<h5>Mal\u00e9diction du Savoir<\/h5>\n<p>Les difficult\u00e9s de communication entre les gens ma\u00eetrisant un sujet et ceux s&rsquo;y int\u00e9ressant pour la premi\u00e8re fois.<\/p>\n<p><a href=\"\/fr\/glossaire\/malediction-du-savoir\/\">Lire la d\u00e9finition compl\u00e8te<\/a><\/p>\n<\/div>\n<div class=\"col-md-6 col-xs-12 definition text-left\">\n<h5>Mere-Exposure Effect<\/h5>\n<p>Le biais cognitif consistant \u00e0 associer un sentiment positif \u00e0 tout \u00e9l\u00e9ment (objet, situation, personne) familier.<\/p>\n<p><a href=\"\/fr\/glossaire\/mere-exposure-effect\/\">Lire la d\u00e9finition compl\u00e8te<\/a><\/p>\n<\/div>\n<div class=\"col-md-6 col-xs-12 definition text-left\">\n<h5>Motivation Intrins\u00e8que\/Extrins\u00e8que<\/h5>\n<p>Les deux cat\u00e9gories de motivation fond\u00e9es\u00a0respectivement sur des facteurs internes et externes.<\/p>\n<p><a href=\"\/fr\/glossaire\/motivation-intrinseque-extrinseque\/\">Lire la description compl\u00e8te<\/a><\/p>\n<\/div>\n<div class=\"col-md-6 col-xs-12 definition text-left\">\n<h5>Motivation par l&rsquo;Incertitude<\/h5>\n<p>La fa\u00e7on dont un syst\u00e8me de r\u00e9compenses incertaines peut augmenter la motivation.<\/p>\n<p><a href=\"\/fr\/glossaire\/motivation-incertitude\/\">Lire la description compl\u00e8te<\/a><\/p>\n<\/div>\n<\/div>\n<div class=\"container\">\n<h2 class=\"text-left letter\" id=\"P\">[sta_anchor id=\u00a0\u00bbp\u00a0\u00bb]P[\/sta_anchor]<\/h2>\n<div class=\"col-md-6 col-xs-12 definition text-left\">\n<h5>Peak-End Rule<\/h5>\n<p>L&rsquo;\u00e9valuation d&rsquo;une exp\u00e9rience pass\u00e9e en fonction de la fa\u00e7on dont elle s&rsquo;est termin\u00e9e et des sentiments les plus puissants qu&rsquo;elle nous a fait ressentir.<\/p>\n<p><a href=\"\/fr\/glossaire\/peak-end-rule\/\">Lire la description compl\u00e8te<\/a><\/p>\n<\/div>\n<div class=\"col-md-6 col-xs-12 definition text-left\">\n<h5>Peur de Manquer Quelque Chose (FOMO)<\/h5>\n<p>La peur \u00e0 l&rsquo;id\u00e9e de manquer des opportunit\u00e9s.<\/p>\n<p><a href=\"\/fr\/glossaire\/peur-de-manquer\/\">Lire la description compl\u00e8te<\/a><\/p>\n<\/div>\n<div class=\"col-md-6 col-xs-12 definition text-left\">\n<h5>Principe d&rsquo;Autorit\u00e9<\/h5>\n<p><span>Une r\u00e9action conditionn\u00e9e \u00e0 l&rsquo;autorit\u00e9 poussant les individus \u00e0 suivre les r\u00e8gles et \u00e0 ob\u00e9ir aux figures d&rsquo;autorit\u00e9.<\/span><\/p>\n<p><a href=\"#\"><\/a><a href=\"\/fr\/glossaire\/principe-autorite\/\">Lire la description compl\u00e8te<\/a><a href=\"#\"><\/a><\/p>\n<\/div>\n<div class=\"col-md-6 col-xs-12 definition text-left\">\n<h5>Processing Fluency<\/h5>\n<p><span>La facilit\u00e9 et la vitesse auxquelles une information est trait\u00e9e et assimil\u00e9e.<\/span><\/p>\n<p><a href=\"#\"><\/a><a href=\"\/fr\/glossaire\/processing-fluency\/\">Lire la description compl\u00e8te<\/a><a href=\"#\"><\/a><\/p>\n<\/div>\n<\/div>\n<div class=\"container\">\n<h2 class=\"text-left letter\" id=\"R\">[sta_anchor id=\u00a0\u00bbr\u00a0\u00bb]R[\/sta_anchor]<\/h2>\n<div class=\"col-md-6 col-xs-12 definition text-left\">\n<h5>Ratio d&rsquo;Attention<\/h5>\n<p>La capacit\u00e9 d&rsquo;attention limit\u00e9e d&rsquo;un individu le rendant incapable de mener \u00e0 bien une action si les sources de distraction sont trop importantes.<\/p>\n<p><a href=\"\/fr\/glossaire\/ratio-attention\/\">Lire la description compl\u00e8te<\/a><\/p>\n<\/div>\n<div class=\"col-md-6 col-xs-12 definition text-left\">\n<h5>R\u00e9actance Psychologique<\/h5>\n<p>Une r\u00e9action n\u00e9gative se produisant d\u00e8s qu&rsquo;un individu sent que sa libert\u00e9 de choix et d&rsquo;action est menac\u00e9e.<\/p>\n<p><a href=\"\/fr\/glossaire\/reactance\/\">Lire la description compl\u00e8te<\/a><\/p>\n<\/div>\n<div class=\"col-md-6 col-xs-12 definition text-left\">\n<h5>Rep\u00e8re du Regard<\/h5>\n<p>La fa\u00e7on dont les individus tendent \u00e0 suivre la direction du regard des autres, ce qui peut servir \u00e0 attirer l&rsquo;attention sur des \u00e9l\u00e9ments pr\u00e9cis.<\/p>\n<p><a href=\"\/fr\/glossaire\/repere-regard\/\">Lire la description compl\u00e8te<\/a><\/p>\n<\/div>\n<div class=\"col-md-6 col-xs-12 definition text-left\">\n<h5>Rep\u00e8re Visuel<\/h5>\n<p>Le fait que les rep\u00e8res visuels, comme les fl\u00e8ches, permettent au cerveau humain de se focaliser sur des \u00e9l\u00e9ments pr\u00e9cis.<\/p>\n<p><a href=\"\/fr\/glossaire\/repere-visuel\/\">Lire la description compl\u00e8te<\/a><\/p>\n<\/div>\n<\/div>\n<div class=\"container\">\n<h2 class=\"text-left letter\" id=\"T\">[sta_anchor id=\u00a0\u00bbt\u00a0\u00bb]T[\/sta_anchor]<\/h2>\n<div class=\"col-md-6 col-xs-12 definition text-left\">\n<h5>Technique du Pied-dans-la-porte<\/h5>\n<p>Une technique efficace permettant de convaincre un individu de faire quelque chose en lui soumettant d&rsquo;abord une requ\u00eate facile \u00e0 satisfaire.<\/p>\n<p><a href=\"\/fr\/glossaire\/pied-dans-porte\/\">Lire la description compl\u00e8te<\/a><\/p>\n<\/div>\n<\/div>\n<\/section>\n<\/div>\n<div class=\"social-btn\"><a class=\"col-1 sbtn s-twitter\" onclick=\"popupwindow('https:\/\/twitter.com\/intent\/tweet?text=Glossaire%20de%20Neuromarketing&amp;url=https%3A%2F%2Fwww.convertize.com%2Ffr%2Fglossaire%2F&amp;via=convertize','Twitter Follow','600','600')\" href=\"javascript:void(0);\" target=\"_blank\" rel=\"nofollow\"><span>Share on Twitter<\/span><\/a><a class=\"col-1 sbtn s-facebook\" onclick=\"popupwindow('https:\/\/www.facebook.com\/sharer\/sharer.php?u=https%3A%2F%2Fwww.convertize.com%2Ffr%2Fglossaire%2F','Facebook Follow','600','600')\" href=\"javascript:void(0);\" target=\"_blank\" rel=\"nofollow\"><span>Share on Facebook<\/span><\/a><a class=\"col-1 sbtn s-linkedin\" onclick=\"popupwindow('https:\/\/www.linkedin.com\/shareArticle?mini=true&url=https%3A%2F%2Fwww.convertize.com%2Ffr%2Fglossaire%2F&amp;title=Glossaire%20de%20Neuromarketing&amp;description=','Linkedin Follow','600','600')\" href=\"javascript:void(0);\" target=\"_blank\" rel=\"nofollow\"><span>Share on Linkedin<\/span><\/a><\/div>","protected":false},"excerpt":{"rendered":"<p><span class=\"rt-reading-time\" style=\"display: block;\"><span class=\"rt-label rt-prefix\">Temps de lecture : <\/span> <span class=\"rt-time\">4<\/span> <span class=\"rt-label rt-postfix\">minutes<\/span><\/span> Biais Cognitifs et Ph\u00e9nom\u00e8nes Psychologiques Quelle est la diff\u00e9rence entre l&rsquo;effet Von Restorff et l&rsquo;effet Zeigarnik\u00a0 ? Comment l&rsquo;aisance cognitive permet-elle d&rsquo;augmenter les ventes et pourquoi la r\u00e9actance psychologique ruine-t-elle vos campagnes marketing ? Depuis la publication d&rsquo;ouvrages comme Nudge de Richard Thaler ou Judgement under Uncertainty de Kahneman et Tversky, les professionnels du marketing [&hellip;]<\/p>\n","protected":false},"author":42,"featured_media":19639,"parent":0,"menu_order":0,"comment_status":"closed","ping_status":"closed","template":"page-glossary.php","meta":{"_genesis_hide_title":false,"_genesis_hide_breadcrumbs":false,"_genesis_hide_singular_image":false,"_genesis_hide_footer_widgets":false,"_genesis_custom_body_class":"","_genesis_custom_post_class":"","_genesis_layout":"","footnotes":""},"categories":[],"tags":[],"class_list":{"0":"post-18263","1":"page","2":"type-page","3":"status-publish","4":"has-post-thumbnail","6":"entry"},"yoast_head":"<!-- This site is optimized with the Yoast SEO plugin v23.7 - https:\/\/yoast.com\/wordpress\/plugins\/seo\/ -->\n<title>Glossaire de Neuromarketing - Convertize<\/title>\n<meta name=\"robots\" content=\"index, follow, max-snippet:-1, max-image-preview:large, max-video-preview:-1\" \/>\n<link rel=\"canonical\" href=\"https:\/\/www.convertize.com\/fr\/glossaire\/\" \/>\n<meta property=\"og:locale\" content=\"fr_FR\" \/>\n<meta property=\"og:type\" content=\"article\" \/>\n<meta property=\"og:title\" content=\"Glossaire de Neuromarketing - Convertize\" \/>\n<meta property=\"og:description\" content=\"Temps de lecture : 4 minutes Biais Cognitifs et Ph\u00e9nom\u00e8nes Psychologiques Quelle est la diff\u00e9rence entre l&rsquo;effet Von Restorff et l&rsquo;effet Zeigarnik\u00a0 ? Comment l&rsquo;aisance cognitive permet-elle d&rsquo;augmenter les ventes et pourquoi la r\u00e9actance psychologique ruine-t-elle vos campagnes marketing ? Depuis la publication d&rsquo;ouvrages comme Nudge de Richard Thaler ou Judgement under Uncertainty de Kahneman et Tversky, les professionnels du marketing [&hellip;]\" \/>\n<meta property=\"og:url\" content=\"https:\/\/www.convertize.com\/fr\/glossaire\/\" \/>\n<meta property=\"og:site_name\" content=\"Convertize\" \/>\n<meta property=\"article:modified_time\" content=\"2019-07-03T08:49:31+00:00\" \/>\n<meta property=\"og:image\" content=\"https:\/\/www.convertize.com\/fr\/wp-content\/uploads\/2019\/05\/glossaire-de-neuromarketing-fb.png\" \/>\n\t<meta property=\"og:image:width\" content=\"1200\" \/>\n\t<meta property=\"og:image:height\" content=\"630\" \/>\n\t<meta property=\"og:image:type\" content=\"image\/png\" \/>\n<meta name=\"twitter:card\" content=\"summary_large_image\" \/>\n<meta name=\"twitter:image\" content=\"https:\/\/www.convertize.com\/fr\/wp-content\/uploads\/2019\/05\/glossaire-de-neuromarketing-tw.png\" \/>\n<meta name=\"twitter:label1\" content=\"Dur\u00e9e de lecture estim\u00e9e\" \/>\n\t<meta name=\"twitter:data1\" content=\"7 minutes\" \/>\n<script type=\"application\/ld+json\" class=\"yoast-schema-graph\">{\"@context\":\"https:\/\/schema.org\",\"@graph\":[{\"@type\":\"WebPage\",\"@id\":\"https:\/\/www.convertize.com\/fr\/glossaire\/\",\"url\":\"https:\/\/www.convertize.com\/fr\/glossaire\/\",\"name\":\"Glossaire de Neuromarketing - Convertize\",\"isPartOf\":{\"@id\":\"https:\/\/www.convertize.com\/fr\/#website\"},\"primaryImageOfPage\":{\"@id\":\"https:\/\/www.convertize.com\/fr\/glossaire\/#primaryimage\"},\"image\":{\"@id\":\"https:\/\/www.convertize.com\/fr\/glossaire\/#primaryimage\"},\"thumbnailUrl\":\"https:\/\/www.convertize.com\/fr\/wp-content\/uploads\/2019\/07\/image-glossaire-neuromarketing.png\",\"datePublished\":\"2019-04-26T15:53:40+00:00\",\"dateModified\":\"2019-07-03T08:49:31+00:00\",\"inLanguage\":\"fr-FR\",\"potentialAction\":[{\"@type\":\"ReadAction\",\"target\":[\"https:\/\/www.convertize.com\/fr\/glossaire\/\"]}]},{\"@type\":\"ImageObject\",\"inLanguage\":\"fr-FR\",\"@id\":\"https:\/\/www.convertize.com\/fr\/glossaire\/#primaryimage\",\"url\":\"https:\/\/www.convertize.com\/fr\/wp-content\/uploads\/2019\/07\/image-glossaire-neuromarketing.png\",\"contentUrl\":\"https:\/\/www.convertize.com\/fr\/wp-content\/uploads\/2019\/07\/image-glossaire-neuromarketing.png\",\"width\":250,\"height\":250,\"caption\":\"image glossaire de neuromarketing\"},{\"@type\":\"WebSite\",\"@id\":\"https:\/\/www.convertize.com\/fr\/#website\",\"url\":\"https:\/\/www.convertize.com\/fr\/\",\"name\":\"Convertize\",\"description\":\"May 2026\",\"potentialAction\":[{\"@type\":\"SearchAction\",\"target\":{\"@type\":\"EntryPoint\",\"urlTemplate\":\"https:\/\/www.convertize.com\/fr\/?s={search_term_string}\"},\"query-input\":{\"@type\":\"PropertyValueSpecification\",\"valueRequired\":true,\"valueName\":\"search_term_string\"}}],\"inLanguage\":\"fr-FR\"}]}<\/script>\n<!-- \/ Yoast SEO plugin. -->","yoast_head_json":{"title":"Glossaire de Neuromarketing - Convertize","robots":{"index":"index","follow":"follow","max-snippet":"max-snippet:-1","max-image-preview":"max-image-preview:large","max-video-preview":"max-video-preview:-1"},"canonical":"https:\/\/www.convertize.com\/fr\/glossaire\/","og_locale":"fr_FR","og_type":"article","og_title":"Glossaire de Neuromarketing - Convertize","og_description":"Temps de lecture : 4 minutes Biais Cognitifs et Ph\u00e9nom\u00e8nes Psychologiques Quelle est la diff\u00e9rence entre l&rsquo;effet Von Restorff et l&rsquo;effet Zeigarnik\u00a0 ? Comment l&rsquo;aisance cognitive permet-elle d&rsquo;augmenter les ventes et pourquoi la r\u00e9actance psychologique ruine-t-elle vos campagnes marketing ? Depuis la publication d&rsquo;ouvrages comme Nudge de Richard Thaler ou Judgement under Uncertainty de Kahneman et Tversky, les professionnels du marketing [&hellip;]","og_url":"https:\/\/www.convertize.com\/fr\/glossaire\/","og_site_name":"Convertize","article_modified_time":"2019-07-03T08:49:31+00:00","og_image":[{"width":1200,"height":630,"url":"https:\/\/www.convertize.com\/fr\/wp-content\/uploads\/2019\/05\/glossaire-de-neuromarketing-fb.png","type":"image\/png"}],"twitter_card":"summary_large_image","twitter_image":"https:\/\/www.convertize.com\/fr\/wp-content\/uploads\/2019\/05\/glossaire-de-neuromarketing-tw.png","twitter_misc":{"Dur\u00e9e de lecture estim\u00e9e":"7 minutes"},"schema":{"@context":"https:\/\/schema.org","@graph":[{"@type":"WebPage","@id":"https:\/\/www.convertize.com\/fr\/glossaire\/","url":"https:\/\/www.convertize.com\/fr\/glossaire\/","name":"Glossaire de Neuromarketing - Convertize","isPartOf":{"@id":"https:\/\/www.convertize.com\/fr\/#website"},"primaryImageOfPage":{"@id":"https:\/\/www.convertize.com\/fr\/glossaire\/#primaryimage"},"image":{"@id":"https:\/\/www.convertize.com\/fr\/glossaire\/#primaryimage"},"thumbnailUrl":"https:\/\/www.convertize.com\/fr\/wp-content\/uploads\/2019\/07\/image-glossaire-neuromarketing.png","datePublished":"2019-04-26T15:53:40+00:00","dateModified":"2019-07-03T08:49:31+00:00","inLanguage":"fr-FR","potentialAction":[{"@type":"ReadAction","target":["https:\/\/www.convertize.com\/fr\/glossaire\/"]}]},{"@type":"ImageObject","inLanguage":"fr-FR","@id":"https:\/\/www.convertize.com\/fr\/glossaire\/#primaryimage","url":"https:\/\/www.convertize.com\/fr\/wp-content\/uploads\/2019\/07\/image-glossaire-neuromarketing.png","contentUrl":"https:\/\/www.convertize.com\/fr\/wp-content\/uploads\/2019\/07\/image-glossaire-neuromarketing.png","width":250,"height":250,"caption":"image glossaire de neuromarketing"},{"@type":"WebSite","@id":"https:\/\/www.convertize.com\/fr\/#website","url":"https:\/\/www.convertize.com\/fr\/","name":"Convertize","description":"May 2026","potentialAction":[{"@type":"SearchAction","target":{"@type":"EntryPoint","urlTemplate":"https:\/\/www.convertize.com\/fr\/?s={search_term_string}"},"query-input":{"@type":"PropertyValueSpecification","valueRequired":true,"valueName":"search_term_string"}}],"inLanguage":"fr-FR"}]}},"_links":{"self":[{"href":"https:\/\/www.convertize.com\/fr\/wp-json\/wp\/v2\/pages\/18263"}],"collection":[{"href":"https:\/\/www.convertize.com\/fr\/wp-json\/wp\/v2\/pages"}],"about":[{"href":"https:\/\/www.convertize.com\/fr\/wp-json\/wp\/v2\/types\/page"}],"author":[{"embeddable":true,"href":"https:\/\/www.convertize.com\/fr\/wp-json\/wp\/v2\/users\/42"}],"replies":[{"embeddable":true,"href":"https:\/\/www.convertize.com\/fr\/wp-json\/wp\/v2\/comments?post=18263"}],"version-history":[{"count":0,"href":"https:\/\/www.convertize.com\/fr\/wp-json\/wp\/v2\/pages\/18263\/revisions"}],"wp:featuredmedia":[{"embeddable":true,"href":"https:\/\/www.convertize.com\/fr\/wp-json\/wp\/v2\/media\/19639"}],"wp:attachment":[{"href":"https:\/\/www.convertize.com\/fr\/wp-json\/wp\/v2\/media?parent=18263"}],"wp:term":[{"taxonomy":"category","embeddable":true,"href":"https:\/\/www.convertize.com\/fr\/wp-json\/wp\/v2\/categories?post=18263"},{"taxonomy":"post_tag","embeddable":true,"href":"https:\/\/www.convertize.com\/fr\/wp-json\/wp\/v2\/tags?post=18263"}],"curies":[{"name":"wp","href":"https:\/\/api.w.org\/{rel}","templated":true}]}}