{"id":18266,"date":"2019-04-26T17:55:18","date_gmt":"2019-04-26T15:55:18","guid":{"rendered":"https:\/\/www.convertize.com\/fr\/?page_id=18266"},"modified":"2019-07-29T10:54:30","modified_gmt":"2019-07-29T08:54:30","slug":"effet-ambiguite","status":"publish","type":"page","link":"https:\/\/www.convertize.com\/fr\/glossaire\/effet-ambiguite\/","title":{"rendered":"Effet d&rsquo;Ambigu\u00eft\u00e9"},"content":{"rendered":"<span class=\"rt-reading-time\" style=\"display: block;\"><span class=\"rt-label rt-prefix\">Temps de lecture : <\/span> <span class=\"rt-time\">3<\/span> <span class=\"rt-label rt-postfix\">minutes<\/span><\/span><section class=\"glossary-definition-text container\"><div class=\"col-xs-12\">\n<h2>Qu&rsquo;est-ce que l&rsquo;Effet d&rsquo;Ambigu\u00eft\u00e9 ?<\/h2>\n<p>L&rsquo;Effet d&rsquo;Ambigu\u00eft\u00e9 d\u00e9crit la tendance que nous avons \u00e0 \u00e9viter les solutions pr\u00e9sentant des r\u00e9sultats incertains. Ces solutions auront beau \u00eatre les meilleures options disponibles, on leur pr\u00e9f\u00e8rera g\u00e9n\u00e9ralement des alternatives peut-\u00eatre moins int\u00e9ressantes mais offrant des r\u00e9sultats plus certains.<\/p>\n<p>Cette tendance peut conduire \u00e0 des comportements surprenants comme cela a \u00e9t\u00e9 montr\u00e9 par Daniel Ellsberg dans son <a href=\"https:\/\/wolfweb.unr.edu\/homepage\/pingle\/Teaching\/BADM%20791\/Week%206%20Decision%20Making%20Under%20Uncertainty\/Ellsberg-Risk%20Ambiguity%20and%20Savage%20Axioms.pdf\">article de 1961<\/a> publi\u00e9 dans le <em>Quaterly Journal of Economics<\/em>. Le chercheur pr\u00e9sente ainsi une situation dans laquelle deux bo\u00eetes sont remplies de boules rouges et noires. Dans la bo\u00eete 1, il y a autant de boules rouges que de boules noires. Dans la seconde bo\u00eete, la r\u00e9partition est inconnue. Il s&rsquo;agit de miser sur la couleur qui va \u00eatre tir\u00e9e \u00e0 l&rsquo;aveugle. Selon Ellsberg, lorsqu&rsquo;on demande \u00e0 des gens quelle bo\u00eete ils choisiraient pour miser sur la couleur rouge, la majorit\u00e9 choisit la premi\u00e8re bo\u00eete. Les m\u00eames personnes choisissent \u00e9galement la bo\u00eete 1 pour miser sur la couleur noire m\u00eame si cela n&rsquo;est pas statistiquement coh\u00e9rent d&rsquo;apr\u00e8s le chercheur. En effet, il est impossible d&rsquo;avoir \u00e0 la fois plus de chances de tirer une boule rouge dans la bo\u00eete 1 et plus de chance de tirer une boule noire dans cette m\u00eame bo\u00eete.<\/p>\n<p>L&rsquo;aversion \u00e0 l&rsquo;incertitude influence souvent la prise de d\u00e9cision. Elle rend les individus r\u00e9ticents \u00e0 l&rsquo;id\u00e9e d&rsquo;essayer de nouvelles choses. Cette aversion limite aussi l&rsquo;aptitude \u00e0 reconna\u00eetre les b\u00e9n\u00e9fices apport\u00e9s par les d\u00e9cisions plus risqu\u00e9es sur le long terme. La plupart des gens pr\u00e9f\u00e8rent les gains marginaux li\u00e9s \u00e0 des options plus s\u00fbres.<\/p>\n<p><img loading=\"lazy\" decoding=\"async\" src=\"https:\/\/www.convertize.com\/fr\/wp-content\/uploads\/2019\/07\/Effet-d\u2019Ambigui\u0308te\u0301.png\" alt=\"effet d'ambigu\u00eft\u00e9\" width=\"800\" height=\"480\" class=\"wp-image-19942 aligncenter\" \/><\/p>\n<h2>Exemples<\/h2>\n<p>Les marketeurs digitaux sont conscients du biais qui pousse les individus \u00e0 \u00e9viter l&rsquo;incertitude. Ils con\u00e7oivent donc leurs plateformes web dans ce sens. Un site qui minimise l&rsquo;ambigu\u00eft\u00e9 r\u00e9duira le nombre de <a href=\"https:\/\/www.convertize.com\/fr\/abandon-panier\/\">paniers abandonn\u00e9s<\/a> et am\u00e9liorera son taux de conversion. Pour arriver \u00e0 cela, les professionnels du marketing doivent devenir des experts en clart\u00e9.<\/p>\n<h2>L&rsquo;Effet d&rsquo;Ambigu\u00eft\u00e9 en Marketing<\/h2>\n<p>Les meilleurs professionnels du marketing utilisent un certain nombre de techniques simples pour r\u00e9duire l&rsquo;Effet d&rsquo;Ambigu\u00eft\u00e9. Ces techniques sont une part du succ\u00e8s de certaines des plus grandes plateformes de e-commerce du monde, comme <a href=\"https:\/\/www.convertize.com\/fr\/taux-de-conversion-booking-com\/\">Booking.com<\/a>.<\/p>\n<ul>\n<li><strong>Afficher le co\u00fbt total avant la page de paiement &#8211;<\/strong> Les clients souhaitent avoir toutes les informations n\u00e9cessaires avant de finaliser un achat. S&rsquo;ils ne sont pas s\u00fbrs du co\u00fbt total, ils auront plus tendance \u00e0 abandonner leur panier. Vous pouvez donc am\u00e9liorer les taux de conversion en affichant le co\u00fbt total d&rsquo;un panier avant que les clients aillent sur la page de paiement.<\/li>\n<li><strong>Donner des informations sp\u00e9cifiques sur un produit &#8211;<\/strong> Si un service propose des livraisons ou des dur\u00e9es limit\u00e9es, donner des informations pr\u00e9cises permet de r\u00e9duire l&rsquo;impression d&rsquo;ambigu\u00eft\u00e9. Cette technique est encore plus efficace lorsque vous donnez ces informations en temps r\u00e9el.<\/li>\n<li><strong>Assurez-vous que les textes des boutons Call-to-Action soient pr\u00e9cis &#8211;<\/strong> A chaque clic, l&rsquo;Effet d&rsquo;Ambigu\u00eft\u00e9 risque d&rsquo;interrompre la vente. Pour \u00e9viter de perdre des clients, les textes de vos boutons Call-to-Action doivent \u00eatre clairs et coh\u00e9rents.<\/li>\n<li><strong>Ecrire des textes marketing clairs et persuasifs &#8211;<\/strong> Un marketing digital r\u00e9ussi r\u00e9duit les taux de rebond. Les landing pages sont particuli\u00e8rement vuln\u00e9rables \u00e0 l&rsquo;Effet d&rsquo;Ambigu\u00eft\u00e9.En vous assurant que votre landing page r\u00e9ponde \u00e0 quatre interrogations primordiales (Qui, Quoi, O\u00f9, Pourquoi), vous pouvez faire en sorte que vos clics ne rebondissent pas.<\/li>\n<\/ul>\n<h2>Effet d&rsquo;Ambigu\u00eft\u00e9<\/h2>\n<p><span>Privil\u00e9gier la clart\u00e9 est le meilleur moyen d&rsquo;\u00e9viter de perdre des clients \u00e0 cause de l&rsquo;Effet d&rsquo;Ambigu\u00eft\u00e9. De simples petits changement peuvent vraiment am\u00e9liorer <a href=\"https:\/\/www.convertize.com\/fr\/experience-utilisateur\/\">l&rsquo;experience utilisateur<\/a> et par le m\u00eame coup le <a href=\"https:\/\/www.convertize.com\/fr\/taux-conversion-e-commerce\/\">taux de conversion<\/a> de votre site.<\/span><\/p>\n<\/div><\/section>\n<div class=\"social-btn\"><a class=\"col-1 sbtn s-twitter\" onclick=\"popupwindow('https:\/\/twitter.com\/intent\/tweet?text=Effet%20d&rsquo;Ambigu\u00eft\u00e9&amp;url=https%3A%2F%2Fwww.convertize.com%2Ffr%2Fglossaire%2Feffet-ambiguite%2F&amp;via=convertize','Twitter Follow','600','600')\" href=\"javascript:void(0);\" target=\"_blank\" rel=\"nofollow\"><span>Share on Twitter<\/span><\/a><a class=\"col-1 sbtn s-facebook\" onclick=\"popupwindow('https:\/\/www.facebook.com\/sharer\/sharer.php?u=https%3A%2F%2Fwww.convertize.com%2Ffr%2Fglossaire%2Feffet-ambiguite%2F','Facebook Follow','600','600')\" href=\"javascript:void(0);\" target=\"_blank\" rel=\"nofollow\"><span>Share on Facebook<\/span><\/a><a class=\"col-1 sbtn s-linkedin\" onclick=\"popupwindow('https:\/\/www.linkedin.com\/shareArticle?mini=true&url=https%3A%2F%2Fwww.convertize.com%2Ffr%2Fglossaire%2Feffet-ambiguite%2F&amp;title=Effet%20d&rsquo;Ambigu\u00eft\u00e9&amp;description=L'Effet%20d'Ambigu\u00eft\u00e9%20d\u00e9crit%20la%20pr\u00e9f\u00e9rence%20des%20individus%20pour%20les%20situations%20aux%20r\u00e9sultats%20plus%20certains,%20m\u00eame%20les%20gains%20offerts%20sont%20moins%20importants.','Linkedin Follow','600','600')\" href=\"javascript:void(0);\" target=\"_blank\" rel=\"nofollow\"><span>Share on Linkedin<\/span><\/a><\/div>","protected":false},"excerpt":{"rendered":"<p><span class=\"rt-reading-time\" style=\"display: block;\"><span class=\"rt-label rt-prefix\">Temps de lecture : <\/span> <span class=\"rt-time\">3<\/span> <span class=\"rt-label rt-postfix\">minutes<\/span><\/span> Share on TwitterShare on FacebookShare on Linkedin<\/p>\n","protected":false},"author":42,"featured_media":0,"parent":18263,"menu_order":0,"comment_status":"closed","ping_status":"closed","template":"page-glossary.php","meta":{"_genesis_hide_title":false,"_genesis_hide_breadcrumbs":false,"_genesis_hide_singular_image":false,"_genesis_hide_footer_widgets":false,"_genesis_custom_body_class":"","_genesis_custom_post_class":"","_genesis_layout":"","footnotes":""},"categories":[],"tags":[],"class_list":{"0":"post-18266","1":"page","2":"type-page","3":"status-publish","5":"entry"},"yoast_head":"<!-- This site is optimized with the Yoast SEO plugin v23.7 - https:\/\/yoast.com\/wordpress\/plugins\/seo\/ -->\n<title>Effet d&#039;Ambigu\u00eft\u00e9 - Convertize - Glossaire de Neuromarketing<\/title>\n<meta name=\"description\" content=\"L&#039;Effet d&#039;Ambigu\u00eft\u00e9 d\u00e9crit la pr\u00e9f\u00e9rence des individus pour les situations aux r\u00e9sultats plus certains, m\u00eame les gains offerts sont moins importants.\" \/>\n<meta name=\"robots\" content=\"index, follow, max-snippet:-1, max-image-preview:large, max-video-preview:-1\" \/>\n<link rel=\"canonical\" href=\"https:\/\/www.convertize.com\/fr\/glossaire\/effet-ambiguite\/\" \/>\n<meta property=\"og:locale\" content=\"fr_FR\" \/>\n<meta property=\"og:type\" content=\"article\" \/>\n<meta property=\"og:title\" content=\"Effet d&#039;Ambigu\u00eft\u00e9 - Convertize - Glossaire de Neuromarketing\" \/>\n<meta property=\"og:description\" content=\"L&#039;Effet d&#039;Ambigu\u00eft\u00e9 d\u00e9crit la pr\u00e9f\u00e9rence des individus pour les situations aux r\u00e9sultats plus certains, m\u00eame les gains offerts sont moins importants.\" \/>\n<meta property=\"og:url\" content=\"https:\/\/www.convertize.com\/fr\/glossaire\/effet-ambiguite\/\" \/>\n<meta property=\"og:site_name\" content=\"Convertize\" \/>\n<meta property=\"article:modified_time\" content=\"2019-07-29T08:54:30+00:00\" \/>\n<meta name=\"twitter:card\" content=\"summary_large_image\" \/>\n<meta name=\"twitter:label1\" content=\"Dur\u00e9e de lecture estim\u00e9e\" \/>\n\t<meta name=\"twitter:data1\" content=\"3 minutes\" \/>\n<script type=\"application\/ld+json\" class=\"yoast-schema-graph\">{\"@context\":\"https:\/\/schema.org\",\"@graph\":[{\"@type\":\"WebPage\",\"@id\":\"https:\/\/www.convertize.com\/fr\/glossaire\/effet-ambiguite\/\",\"url\":\"https:\/\/www.convertize.com\/fr\/glossaire\/effet-ambiguite\/\",\"name\":\"Effet d'Ambigu\u00eft\u00e9 - Convertize - Glossaire de Neuromarketing\",\"isPartOf\":{\"@id\":\"https:\/\/www.convertize.com\/fr\/#website\"},\"datePublished\":\"2019-04-26T15:55:18+00:00\",\"dateModified\":\"2019-07-29T08:54:30+00:00\",\"description\":\"L'Effet d'Ambigu\u00eft\u00e9 d\u00e9crit la pr\u00e9f\u00e9rence des individus pour les situations aux r\u00e9sultats plus certains, m\u00eame les gains offerts sont moins importants.\",\"breadcrumb\":{\"@id\":\"https:\/\/www.convertize.com\/fr\/glossaire\/effet-ambiguite\/#breadcrumb\"},\"inLanguage\":\"fr-FR\",\"potentialAction\":[{\"@type\":\"ReadAction\",\"target\":[\"https:\/\/www.convertize.com\/fr\/glossaire\/effet-ambiguite\/\"]}]},{\"@type\":\"BreadcrumbList\",\"@id\":\"https:\/\/www.convertize.com\/fr\/glossaire\/effet-ambiguite\/#breadcrumb\",\"itemListElement\":[{\"@type\":\"ListItem\",\"position\":1,\"name\":\"Glossaire de Neuromarketing\",\"item\":\"https:\/\/www.convertize.com\/fr\/glossaire\/\"},{\"@type\":\"ListItem\",\"position\":2,\"name\":\"Effet d&rsquo;Ambigu\u00eft\u00e9\"}]},{\"@type\":\"WebSite\",\"@id\":\"https:\/\/www.convertize.com\/fr\/#website\",\"url\":\"https:\/\/www.convertize.com\/fr\/\",\"name\":\"Convertize\",\"description\":\"April 2026\",\"potentialAction\":[{\"@type\":\"SearchAction\",\"target\":{\"@type\":\"EntryPoint\",\"urlTemplate\":\"https:\/\/www.convertize.com\/fr\/?s={search_term_string}\"},\"query-input\":{\"@type\":\"PropertyValueSpecification\",\"valueRequired\":true,\"valueName\":\"search_term_string\"}}],\"inLanguage\":\"fr-FR\"}]}<\/script>\n<!-- \/ Yoast SEO plugin. -->","yoast_head_json":{"title":"Effet d'Ambigu\u00eft\u00e9 - Convertize - Glossaire de Neuromarketing","description":"L'Effet d'Ambigu\u00eft\u00e9 d\u00e9crit la pr\u00e9f\u00e9rence des individus pour les situations aux r\u00e9sultats plus certains, m\u00eame les gains offerts sont moins importants.","robots":{"index":"index","follow":"follow","max-snippet":"max-snippet:-1","max-image-preview":"max-image-preview:large","max-video-preview":"max-video-preview:-1"},"canonical":"https:\/\/www.convertize.com\/fr\/glossaire\/effet-ambiguite\/","og_locale":"fr_FR","og_type":"article","og_title":"Effet d'Ambigu\u00eft\u00e9 - Convertize - Glossaire de Neuromarketing","og_description":"L'Effet d'Ambigu\u00eft\u00e9 d\u00e9crit la pr\u00e9f\u00e9rence des individus pour les situations aux r\u00e9sultats plus certains, m\u00eame les gains offerts sont moins importants.","og_url":"https:\/\/www.convertize.com\/fr\/glossaire\/effet-ambiguite\/","og_site_name":"Convertize","article_modified_time":"2019-07-29T08:54:30+00:00","twitter_card":"summary_large_image","twitter_misc":{"Dur\u00e9e de lecture estim\u00e9e":"3 minutes"},"schema":{"@context":"https:\/\/schema.org","@graph":[{"@type":"WebPage","@id":"https:\/\/www.convertize.com\/fr\/glossaire\/effet-ambiguite\/","url":"https:\/\/www.convertize.com\/fr\/glossaire\/effet-ambiguite\/","name":"Effet d'Ambigu\u00eft\u00e9 - Convertize - Glossaire de Neuromarketing","isPartOf":{"@id":"https:\/\/www.convertize.com\/fr\/#website"},"datePublished":"2019-04-26T15:55:18+00:00","dateModified":"2019-07-29T08:54:30+00:00","description":"L'Effet d'Ambigu\u00eft\u00e9 d\u00e9crit la pr\u00e9f\u00e9rence des individus pour les situations aux r\u00e9sultats plus certains, m\u00eame les gains offerts sont moins importants.","breadcrumb":{"@id":"https:\/\/www.convertize.com\/fr\/glossaire\/effet-ambiguite\/#breadcrumb"},"inLanguage":"fr-FR","potentialAction":[{"@type":"ReadAction","target":["https:\/\/www.convertize.com\/fr\/glossaire\/effet-ambiguite\/"]}]},{"@type":"BreadcrumbList","@id":"https:\/\/www.convertize.com\/fr\/glossaire\/effet-ambiguite\/#breadcrumb","itemListElement":[{"@type":"ListItem","position":1,"name":"Glossaire de Neuromarketing","item":"https:\/\/www.convertize.com\/fr\/glossaire\/"},{"@type":"ListItem","position":2,"name":"Effet d&rsquo;Ambigu\u00eft\u00e9"}]},{"@type":"WebSite","@id":"https:\/\/www.convertize.com\/fr\/#website","url":"https:\/\/www.convertize.com\/fr\/","name":"Convertize","description":"April 2026","potentialAction":[{"@type":"SearchAction","target":{"@type":"EntryPoint","urlTemplate":"https:\/\/www.convertize.com\/fr\/?s={search_term_string}"},"query-input":{"@type":"PropertyValueSpecification","valueRequired":true,"valueName":"search_term_string"}}],"inLanguage":"fr-FR"}]}},"_links":{"self":[{"href":"https:\/\/www.convertize.com\/fr\/wp-json\/wp\/v2\/pages\/18266"}],"collection":[{"href":"https:\/\/www.convertize.com\/fr\/wp-json\/wp\/v2\/pages"}],"about":[{"href":"https:\/\/www.convertize.com\/fr\/wp-json\/wp\/v2\/types\/page"}],"author":[{"embeddable":true,"href":"https:\/\/www.convertize.com\/fr\/wp-json\/wp\/v2\/users\/42"}],"replies":[{"embeddable":true,"href":"https:\/\/www.convertize.com\/fr\/wp-json\/wp\/v2\/comments?post=18266"}],"version-history":[{"count":0,"href":"https:\/\/www.convertize.com\/fr\/wp-json\/wp\/v2\/pages\/18266\/revisions"}],"up":[{"embeddable":true,"href":"https:\/\/www.convertize.com\/fr\/wp-json\/wp\/v2\/pages\/18263"}],"wp:attachment":[{"href":"https:\/\/www.convertize.com\/fr\/wp-json\/wp\/v2\/media?parent=18266"}],"wp:term":[{"taxonomy":"category","embeddable":true,"href":"https:\/\/www.convertize.com\/fr\/wp-json\/wp\/v2\/categories?post=18266"},{"taxonomy":"post_tag","embeddable":true,"href":"https:\/\/www.convertize.com\/fr\/wp-json\/wp\/v2\/tags?post=18266"}],"curies":[{"name":"wp","href":"https:\/\/api.w.org\/{rel}","templated":true}]}}