{"id":18285,"date":"2019-04-29T12:36:28","date_gmt":"2019-04-29T10:36:28","guid":{"rendered":"https:\/\/www.convertize.com\/fr\/?page_id=18285"},"modified":"2019-08-09T18:54:31","modified_gmt":"2019-08-09T16:54:31","slug":"ratio-attention","status":"publish","type":"page","link":"https:\/\/www.convertize.com\/fr\/glossaire\/ratio-attention\/","title":{"rendered":"Ratio d&rsquo;Attention"},"content":{"rendered":"<span class=\"rt-reading-time\" style=\"display: block;\"><span class=\"rt-label rt-prefix\">Temps de lecture : <\/span> <span class=\"rt-time\">2<\/span> <span class=\"rt-label rt-postfix\">minutes<\/span><\/span><section class=\"glossary-definition-text container\"><div class=\"col-xs-12\">\n<h2>Qu&rsquo;est-ce que le Ratio d&rsquo;Attention ?<\/h2>\n<p>Une personne poss\u00e8de un nombre limit\u00e9 de ressources cognitives qu&rsquo;elle peut utiliser \u00e0 un moment donn\u00e9. Par ailleurs, le cerveau humain fait en sorte d&rsquo;affecter le moins de ressources cognitives possible \u00e0 chaque situation. Le Ratio d&rsquo;Attention d\u00e9crit comment ces ressources sont divis\u00e9es en fonction du nombre de distractions auxquelles une personne est confront\u00e9e.<\/p>\n<p>Dans son article\u00a0<a href=\"https:\/\/www.semanticscholar.org\/paper\/Attention-and-effort-Kahneman\/a07ffad799cffee3ef6a2b33f4a56bffcc5b747d\"><em>Attention and Effort<\/em><\/a> (1973), Daniel Kahneman indique que l&rsquo;attention cognitive est une ressource en quantit\u00e9 limit\u00e9e. M\u00eame si ce mod\u00e8le a \u00e9t\u00e9 remis en cause (en montrant que la capacit\u00e9 \u00e0 mener \u00e0 bien plusieurs t\u00e2ches en m\u00eame temps d\u00e9pend des circonstances), le principe g\u00e9n\u00e9ral sur lequel il repose reste vrai dans un certain nombre de cas marketing.<\/p>\n<p><img loading=\"lazy\" decoding=\"async\" src=\"https:\/\/www.convertize.com\/fr\/wp-content\/uploads\/2019\/08\/Ratio-d\u2019Attention.png\" alt=\"ratio d'attention\" width=\"800\" height=\"480\" class=\"alignnone wp-image-20097\" \/><\/p>\n<h2>Exemples<\/h2>\n<p>Les gens auront tendance \u00e0 mener une action jusqu&rsquo;\u00e0 son terme s&rsquo;ils sont concentr\u00e9s et si leur attention n&rsquo;est pas divis\u00e9e entre plusieurs \u00e9l\u00e9ments. Trop de choix, d&rsquo;informations ou de stimuli visuels produisent de l&rsquo;inconfort et peuvent conduire \u00eatre ind\u00e9cis et distrait.<\/p>\n<p>C&rsquo;est particuli\u00e8rement vrai sur Internet o\u00f9 nous sommes constamment bombard\u00e9s d&rsquo;informations, de liens et d&rsquo;images. L&rsquo;abondance de stimuli g\u00eanants peut \u00eatre \u00e0 l&rsquo;origine d&rsquo;un d\u00e9faut d&rsquo;attention et rendre difficile la poursuite d&rsquo;actions jusqu&rsquo;\u00e0 leur terme.<\/p>\n<h2>Ratio d&rsquo;Attention<\/h2>\n<p>Pour \u00e9viter de distraire votre visiteur et ainsi le d\u00e9tourner de votre principal objectif, il est bon de r\u00e9duire le nombre d&rsquo;actions qu&rsquo;il peut ex\u00e9cuter sur votre site. Supprimer le contenu inutile et utiliser des marqueurs visuels permet de r\u00e9duire la <a href=\"https:\/\/www.convertize.com\/fr\/glossaire\/aisance-cognitive\/\">charge cognitive<\/a> requise pour comprendre une page.<\/p>\n<\/div><\/section>\n<div class=\"social-btn\"><a class=\"col-1 sbtn s-twitter\" onclick=\"popupwindow('https:\/\/twitter.com\/intent\/tweet?text=Ratio%20d&rsquo;Attention&amp;url=https%3A%2F%2Fwww.convertize.com%2Ffr%2Fglossaire%2Fratio-attention%2F&amp;via=convertize','Twitter Follow','600','600')\" href=\"javascript:void(0);\" target=\"_blank\" rel=\"nofollow\"><span>Share on Twitter<\/span><\/a><a class=\"col-1 sbtn s-facebook\" onclick=\"popupwindow('https:\/\/www.facebook.com\/sharer\/sharer.php?u=https%3A%2F%2Fwww.convertize.com%2Ffr%2Fglossaire%2Fratio-attention%2F','Facebook Follow','600','600')\" href=\"javascript:void(0);\" target=\"_blank\" rel=\"nofollow\"><span>Share on Facebook<\/span><\/a><a class=\"col-1 sbtn s-linkedin\" onclick=\"popupwindow('https:\/\/www.linkedin.com\/shareArticle?mini=true&url=https%3A%2F%2Fwww.convertize.com%2Ffr%2Fglossaire%2Fratio-attention%2F&amp;title=Ratio%20d&rsquo;Attention&amp;description=En%20psychologie,%20le%20Ratio%20d'Attention%20explique%20comment%20les%20capacit\u00e9s%20d'attention%20des%20individus%20se%20divisent%20en%20fonction%20des%20sources%20de%20distraction.','Linkedin Follow','600','600')\" href=\"javascript:void(0);\" target=\"_blank\" rel=\"nofollow\"><span>Share on Linkedin<\/span><\/a><\/div>","protected":false},"excerpt":{"rendered":"<p><span class=\"rt-reading-time\" style=\"display: block;\"><span class=\"rt-label rt-prefix\">Temps de lecture : <\/span> <span class=\"rt-time\">2<\/span> <span class=\"rt-label rt-postfix\">minutes<\/span><\/span> Share on TwitterShare on FacebookShare on Linkedin<\/p>\n","protected":false},"author":45,"featured_media":0,"parent":18263,"menu_order":0,"comment_status":"closed","ping_status":"closed","template":"page-glossary.php","meta":{"_genesis_hide_title":false,"_genesis_hide_breadcrumbs":false,"_genesis_hide_singular_image":false,"_genesis_hide_footer_widgets":false,"_genesis_custom_body_class":"","_genesis_custom_post_class":"","_genesis_layout":"","footnotes":""},"categories":[],"tags":[],"class_list":{"0":"post-18285","1":"page","2":"type-page","3":"status-publish","5":"entry"},"yoast_head":"<!-- This site is optimized with the Yoast SEO plugin v23.7 - https:\/\/yoast.com\/wordpress\/plugins\/seo\/ -->\n<title>Qu&#039;est-ce que le Ratio d&#039;Attention - Convertize - Glossaire<\/title>\n<meta name=\"description\" content=\"En psychologie, le Ratio d&#039;Attention explique comment les capacit\u00e9s d&#039;attention des individus se divisent en fonction des sources de distraction.\" \/>\n<meta name=\"robots\" content=\"index, follow, max-snippet:-1, max-image-preview:large, max-video-preview:-1\" \/>\n<link rel=\"canonical\" href=\"https:\/\/www.convertize.com\/fr\/glossaire\/ratio-attention\/\" \/>\n<meta property=\"og:locale\" content=\"fr_FR\" \/>\n<meta property=\"og:type\" content=\"article\" \/>\n<meta property=\"og:title\" content=\"Qu&#039;est-ce que le Ratio d&#039;Attention - Convertize - Glossaire\" \/>\n<meta property=\"og:description\" content=\"En psychologie, le Ratio d&#039;Attention explique comment les capacit\u00e9s d&#039;attention des individus se divisent en fonction des sources de distraction.\" \/>\n<meta property=\"og:url\" content=\"https:\/\/www.convertize.com\/fr\/glossaire\/ratio-attention\/\" \/>\n<meta property=\"og:site_name\" content=\"Convertize\" \/>\n<meta property=\"article:modified_time\" content=\"2019-08-09T16:54:31+00:00\" \/>\n<meta name=\"twitter:card\" content=\"summary_large_image\" \/>\n<meta name=\"twitter:label1\" content=\"Dur\u00e9e de lecture estim\u00e9e\" \/>\n\t<meta name=\"twitter:data1\" content=\"1 minute\" \/>\n<script type=\"application\/ld+json\" class=\"yoast-schema-graph\">{\"@context\":\"https:\/\/schema.org\",\"@graph\":[{\"@type\":\"WebPage\",\"@id\":\"https:\/\/www.convertize.com\/fr\/glossaire\/ratio-attention\/\",\"url\":\"https:\/\/www.convertize.com\/fr\/glossaire\/ratio-attention\/\",\"name\":\"Qu'est-ce que le Ratio d'Attention - Convertize - Glossaire\",\"isPartOf\":{\"@id\":\"https:\/\/www.convertize.com\/fr\/#website\"},\"datePublished\":\"2019-04-29T10:36:28+00:00\",\"dateModified\":\"2019-08-09T16:54:31+00:00\",\"description\":\"En psychologie, le Ratio d'Attention explique comment les capacit\u00e9s d'attention des individus se divisent en fonction des sources de distraction.\",\"breadcrumb\":{\"@id\":\"https:\/\/www.convertize.com\/fr\/glossaire\/ratio-attention\/#breadcrumb\"},\"inLanguage\":\"fr-FR\",\"potentialAction\":[{\"@type\":\"ReadAction\",\"target\":[\"https:\/\/www.convertize.com\/fr\/glossaire\/ratio-attention\/\"]}]},{\"@type\":\"BreadcrumbList\",\"@id\":\"https:\/\/www.convertize.com\/fr\/glossaire\/ratio-attention\/#breadcrumb\",\"itemListElement\":[{\"@type\":\"ListItem\",\"position\":1,\"name\":\"Glossaire de Neuromarketing\",\"item\":\"https:\/\/www.convertize.com\/fr\/glossaire\/\"},{\"@type\":\"ListItem\",\"position\":2,\"name\":\"Ratio d&rsquo;Attention\"}]},{\"@type\":\"WebSite\",\"@id\":\"https:\/\/www.convertize.com\/fr\/#website\",\"url\":\"https:\/\/www.convertize.com\/fr\/\",\"name\":\"Convertize\",\"description\":\"May 2026\",\"potentialAction\":[{\"@type\":\"SearchAction\",\"target\":{\"@type\":\"EntryPoint\",\"urlTemplate\":\"https:\/\/www.convertize.com\/fr\/?s={search_term_string}\"},\"query-input\":{\"@type\":\"PropertyValueSpecification\",\"valueRequired\":true,\"valueName\":\"search_term_string\"}}],\"inLanguage\":\"fr-FR\"}]}<\/script>\n<!-- \/ Yoast SEO plugin. -->","yoast_head_json":{"title":"Qu'est-ce que le Ratio d'Attention - Convertize - Glossaire","description":"En psychologie, le Ratio d'Attention explique comment les capacit\u00e9s d'attention des individus se divisent en fonction des sources de distraction.","robots":{"index":"index","follow":"follow","max-snippet":"max-snippet:-1","max-image-preview":"max-image-preview:large","max-video-preview":"max-video-preview:-1"},"canonical":"https:\/\/www.convertize.com\/fr\/glossaire\/ratio-attention\/","og_locale":"fr_FR","og_type":"article","og_title":"Qu'est-ce que le Ratio d'Attention - Convertize - Glossaire","og_description":"En psychologie, le Ratio d'Attention explique comment les capacit\u00e9s d'attention des individus se divisent en fonction des sources de distraction.","og_url":"https:\/\/www.convertize.com\/fr\/glossaire\/ratio-attention\/","og_site_name":"Convertize","article_modified_time":"2019-08-09T16:54:31+00:00","twitter_card":"summary_large_image","twitter_misc":{"Dur\u00e9e de lecture estim\u00e9e":"1 minute"},"schema":{"@context":"https:\/\/schema.org","@graph":[{"@type":"WebPage","@id":"https:\/\/www.convertize.com\/fr\/glossaire\/ratio-attention\/","url":"https:\/\/www.convertize.com\/fr\/glossaire\/ratio-attention\/","name":"Qu'est-ce que le Ratio d'Attention - Convertize - Glossaire","isPartOf":{"@id":"https:\/\/www.convertize.com\/fr\/#website"},"datePublished":"2019-04-29T10:36:28+00:00","dateModified":"2019-08-09T16:54:31+00:00","description":"En psychologie, le Ratio d'Attention explique comment les capacit\u00e9s d'attention des individus se divisent en fonction des sources de distraction.","breadcrumb":{"@id":"https:\/\/www.convertize.com\/fr\/glossaire\/ratio-attention\/#breadcrumb"},"inLanguage":"fr-FR","potentialAction":[{"@type":"ReadAction","target":["https:\/\/www.convertize.com\/fr\/glossaire\/ratio-attention\/"]}]},{"@type":"BreadcrumbList","@id":"https:\/\/www.convertize.com\/fr\/glossaire\/ratio-attention\/#breadcrumb","itemListElement":[{"@type":"ListItem","position":1,"name":"Glossaire de Neuromarketing","item":"https:\/\/www.convertize.com\/fr\/glossaire\/"},{"@type":"ListItem","position":2,"name":"Ratio d&rsquo;Attention"}]},{"@type":"WebSite","@id":"https:\/\/www.convertize.com\/fr\/#website","url":"https:\/\/www.convertize.com\/fr\/","name":"Convertize","description":"May 2026","potentialAction":[{"@type":"SearchAction","target":{"@type":"EntryPoint","urlTemplate":"https:\/\/www.convertize.com\/fr\/?s={search_term_string}"},"query-input":{"@type":"PropertyValueSpecification","valueRequired":true,"valueName":"search_term_string"}}],"inLanguage":"fr-FR"}]}},"_links":{"self":[{"href":"https:\/\/www.convertize.com\/fr\/wp-json\/wp\/v2\/pages\/18285"}],"collection":[{"href":"https:\/\/www.convertize.com\/fr\/wp-json\/wp\/v2\/pages"}],"about":[{"href":"https:\/\/www.convertize.com\/fr\/wp-json\/wp\/v2\/types\/page"}],"author":[{"embeddable":true,"href":"https:\/\/www.convertize.com\/fr\/wp-json\/wp\/v2\/users\/45"}],"replies":[{"embeddable":true,"href":"https:\/\/www.convertize.com\/fr\/wp-json\/wp\/v2\/comments?post=18285"}],"version-history":[{"count":0,"href":"https:\/\/www.convertize.com\/fr\/wp-json\/wp\/v2\/pages\/18285\/revisions"}],"up":[{"embeddable":true,"href":"https:\/\/www.convertize.com\/fr\/wp-json\/wp\/v2\/pages\/18263"}],"wp:attachment":[{"href":"https:\/\/www.convertize.com\/fr\/wp-json\/wp\/v2\/media?parent=18285"}],"wp:term":[{"taxonomy":"category","embeddable":true,"href":"https:\/\/www.convertize.com\/fr\/wp-json\/wp\/v2\/categories?post=18285"},{"taxonomy":"post_tag","embeddable":true,"href":"https:\/\/www.convertize.com\/fr\/wp-json\/wp\/v2\/tags?post=18285"}],"curies":[{"name":"wp","href":"https:\/\/api.w.org\/{rel}","templated":true}]}}