{"id":18293,"date":"2019-04-29T16:11:06","date_gmt":"2019-04-29T14:11:06","guid":{"rendered":"https:\/\/www.convertize.com\/fr\/?page_id=18293"},"modified":"2019-07-04T17:13:14","modified_gmt":"2019-07-04T15:13:14","slug":"principe-autorite","status":"publish","type":"page","link":"https:\/\/www.convertize.com\/fr\/glossaire\/principe-autorite\/","title":{"rendered":"Principe d&rsquo;Autorit\u00e9"},"content":{"rendered":"<span class=\"rt-reading-time\" style=\"display: block;\"><span class=\"rt-label rt-prefix\">Temps de lecture : <\/span> <span class=\"rt-time\">2<\/span> <span class=\"rt-label rt-postfix\">minutes<\/span><\/span><section class=\"glossary-definition-text container\"><div class=\"col-xs-12\">\n<h2>Qu&rsquo;est-ce que le Principe d&rsquo;Autorit\u00e9 ?<\/h2>\n<p>Le<span>\u00a0<\/span>Principe d\u2019Autorit\u00e9<span>\u00a0<\/span>souligne notre tendance \u00e0 ob\u00e9ir \u00e0 l\u2019autorit\u00e9. En effet, depuis notre plus jeune \u00e2ge, on nous \u00ab\u00a0entra\u00eene\u00a0\u00bb \u00e0 ob\u00e9ir : \u00e0 nos parents, aux professeurs, aux adultes, aux policiers, etc. Nous int\u00e9grons donc en grandissant un mode de \u00ab\u00a0classement\u00a0\u00bb des personnes entre celles \u00e0 qui l\u2019on doit ob\u00e9ir, que l\u2019on consid\u00e8re comme sup\u00e9rieures, et celles qui doivent nous ob\u00e9ir, que l\u2019on consid\u00e8re comme inf\u00e9rieures. Cette ob\u00e9issance n&rsquo;est pas n\u00e9cessairement coercitive, c&rsquo;est-\u00e0-dire qu&rsquo;elle ne d\u00e9pend pas forc\u00e9ment de l&rsquo;utilisation de la force. Elle repose souvent sur les r\u00e9actions enracin\u00e9es que nous avons vis-\u00e0-vis des figures d&rsquo;autorit\u00e9. Un accord tacite r\u00e9git la fa\u00e7on dont l&rsquo;autorit\u00e9 est distribu\u00e9e dans nos soci\u00e9t\u00e9s, accord auquel les gens adh\u00e8rent la plupart du temps.<\/p>\n<p>Plusieurs \u00e9l\u00e9ments contribuent \u00e0 donner une impression d\u2019autorit\u00e9 : l\u2019expertise, l\u2019exp\u00e9rience, la popularit\u00e9, l\u2019uniforme (m\u00e9decin, policier\u2026), le titre (docteur, professeur, pr\u00e9sident, PDG\u2026), des attributs physiques (la force, la taille), le succ\u00e8s, la richesse, une attitude autoritaire, etc.<\/p>\n<p><img loading=\"lazy\" decoding=\"async\" src=\"https:\/\/www.convertize.com\/fr\/wp-content\/uploads\/2019\/05\/principe-dautorite\u0301.png\" alt=\"principe d'autorit\u00e9\" width=\"500\" height=\"409\" class=\"aligncenter wp-image-18634\" \/><\/p>\n<h2>Exemples<\/h2>\n<p>Dans le monde du marketing de contenu, l&rsquo;identit\u00e9 du marketeur est une part essentielle du contenu qu&rsquo;il propose. Les bloggers experts sur des sujets comme la <a href=\"https:\/\/www.convertize.com\/fr\/strategie-seo\/\">SEO<\/a> ou la publicit\u00e9 payante attirent plus de vues sur leurs articles et sont en mesure de demander des commissions plus \u00e9lev\u00e9es pour leurs services. Dans un certain nombre de cas, ces experts se servent de marqueurs d&rsquo;autorit\u00e9, comme des titres acad\u00e9miques ou des noms de marque.<\/p>\n<p>En marketing B2C, l&rsquo;autorit\u00e9 est une qualit\u00e9 essentielle pour d\u00e9velopper et entretenir la confiance. Le soutien de c\u00e9l\u00e9brit\u00e9s ou d&rsquo;experts sur un sujet peut renforcer l&rsquo;attractivit\u00e9 d&rsquo;un produit. A l&rsquo;inverse, une critique n\u00e9gative de la part d&rsquo;une personne hautement qualifi\u00e9e ou tr\u00e8s reconnue peut \u00eatre vraiment pr\u00e9judiciable.<\/p>\n<h2>Principe d&rsquo;Autorit\u00e9<\/h2>\n<p>Le Principe d&rsquo;Autorit\u00e9 permet d&rsquo;apporter du poids \u00e0 des arguments marketing existants et d&rsquo;influencer de fa\u00e7on positive la fa\u00e7on dont les visiteurs per\u00e7oivent un produit. Int\u00e9grer des t\u00e9moignages et des commentaires de personnes c\u00e9l\u00e8bres ou reconnues est un bon moyen d&rsquo;am\u00e9liorer les <a href=\"https:\/\/www.convertize.com\/fr\/taux-conversion-e-commerce\/\">taux de conversion<\/a> sur votre site.<\/p>\n<\/div><\/section>\n<div class=\"social-btn\"><a class=\"col-1 sbtn s-twitter\" onclick=\"popupwindow('https:\/\/twitter.com\/intent\/tweet?text=Principe%20d&rsquo;Autorit\u00e9&amp;url=https%3A%2F%2Fwww.convertize.com%2Ffr%2Fglossaire%2Fprincipe-autorite%2F&amp;via=convertize','Twitter Follow','600','600')\" href=\"javascript:void(0);\" target=\"_blank\" rel=\"nofollow\"><span>Share on Twitter<\/span><\/a><a class=\"col-1 sbtn s-facebook\" onclick=\"popupwindow('https:\/\/www.facebook.com\/sharer\/sharer.php?u=https%3A%2F%2Fwww.convertize.com%2Ffr%2Fglossaire%2Fprincipe-autorite%2F','Facebook Follow','600','600')\" href=\"javascript:void(0);\" target=\"_blank\" rel=\"nofollow\"><span>Share on Facebook<\/span><\/a><a class=\"col-1 sbtn s-linkedin\" onclick=\"popupwindow('https:\/\/www.linkedin.com\/shareArticle?mini=true&url=https%3A%2F%2Fwww.convertize.com%2Ffr%2Fglossaire%2Fprincipe-autorite%2F&amp;title=Principe%20d&rsquo;Autorit\u00e9&amp;description=Le%20Principe%20d'Autorit\u00e9%20est%20un%20biais%20cognitif%20d\u00e9crivant%20notre%20tendance%20\u00e0%20ob\u00e9ir%20\u00e0%20l'autorit\u00e9%20et%20aux%20personnes%20ayant%20une%20certaine%20autorit\u00e9%20dans%20un%20domaine.','Linkedin Follow','600','600')\" href=\"javascript:void(0);\" target=\"_blank\" rel=\"nofollow\"><span>Share on Linkedin<\/span><\/a><\/div>","protected":false},"excerpt":{"rendered":"<p><span class=\"rt-reading-time\" style=\"display: block;\"><span class=\"rt-label rt-prefix\">Temps de lecture : <\/span> <span class=\"rt-time\">2<\/span> <span class=\"rt-label rt-postfix\">minutes<\/span><\/span> Share on TwitterShare on FacebookShare on Linkedin<\/p>\n","protected":false},"author":45,"featured_media":0,"parent":18263,"menu_order":0,"comment_status":"closed","ping_status":"closed","template":"page-glossary.php","meta":{"_genesis_hide_title":false,"_genesis_hide_breadcrumbs":false,"_genesis_hide_singular_image":false,"_genesis_hide_footer_widgets":false,"_genesis_custom_body_class":"","_genesis_custom_post_class":"","_genesis_layout":"","footnotes":""},"categories":[],"tags":[],"class_list":{"0":"post-18293","1":"page","2":"type-page","3":"status-publish","5":"entry"},"yoast_head":"<!-- This site is optimized with the Yoast SEO plugin v23.7 - https:\/\/yoast.com\/wordpress\/plugins\/seo\/ -->\n<title>Principe d&#039;Autorit\u00e9 - Convertize - Glossaire de Neuromarketing<\/title>\n<meta name=\"description\" content=\"Le Principe d&#039;Autorit\u00e9 est un biais cognitif d\u00e9crivant notre tendance \u00e0 ob\u00e9ir \u00e0 l&#039;autorit\u00e9 et aux personnes ayant une certaine autorit\u00e9 dans un domaine.\" \/>\n<meta name=\"robots\" content=\"index, follow, max-snippet:-1, max-image-preview:large, max-video-preview:-1\" \/>\n<link rel=\"canonical\" href=\"https:\/\/www.convertize.com\/fr\/glossaire\/principe-autorite\/\" \/>\n<meta property=\"og:locale\" content=\"fr_FR\" \/>\n<meta property=\"og:type\" content=\"article\" \/>\n<meta property=\"og:title\" content=\"Principe d&#039;Autorit\u00e9 - Convertize - Glossaire de Neuromarketing\" \/>\n<meta property=\"og:description\" content=\"Le Principe d&#039;Autorit\u00e9 est un biais cognitif d\u00e9crivant notre tendance \u00e0 ob\u00e9ir \u00e0 l&#039;autorit\u00e9 et aux personnes ayant une certaine autorit\u00e9 dans un domaine.\" \/>\n<meta property=\"og:url\" content=\"https:\/\/www.convertize.com\/fr\/glossaire\/principe-autorite\/\" \/>\n<meta property=\"og:site_name\" content=\"Convertize\" \/>\n<meta property=\"article:modified_time\" content=\"2019-07-04T15:13:14+00:00\" \/>\n<meta name=\"twitter:card\" content=\"summary_large_image\" \/>\n<meta name=\"twitter:label1\" content=\"Dur\u00e9e de lecture estim\u00e9e\" \/>\n\t<meta name=\"twitter:data1\" content=\"2 minutes\" \/>\n<script type=\"application\/ld+json\" class=\"yoast-schema-graph\">{\"@context\":\"https:\/\/schema.org\",\"@graph\":[{\"@type\":\"WebPage\",\"@id\":\"https:\/\/www.convertize.com\/fr\/glossaire\/principe-autorite\/\",\"url\":\"https:\/\/www.convertize.com\/fr\/glossaire\/principe-autorite\/\",\"name\":\"Principe d'Autorit\u00e9 - Convertize - Glossaire de Neuromarketing\",\"isPartOf\":{\"@id\":\"https:\/\/www.convertize.com\/fr\/#website\"},\"datePublished\":\"2019-04-29T14:11:06+00:00\",\"dateModified\":\"2019-07-04T15:13:14+00:00\",\"description\":\"Le Principe d'Autorit\u00e9 est un biais cognitif d\u00e9crivant notre tendance \u00e0 ob\u00e9ir \u00e0 l'autorit\u00e9 et aux personnes ayant une certaine autorit\u00e9 dans un domaine.\",\"breadcrumb\":{\"@id\":\"https:\/\/www.convertize.com\/fr\/glossaire\/principe-autorite\/#breadcrumb\"},\"inLanguage\":\"fr-FR\",\"potentialAction\":[{\"@type\":\"ReadAction\",\"target\":[\"https:\/\/www.convertize.com\/fr\/glossaire\/principe-autorite\/\"]}]},{\"@type\":\"BreadcrumbList\",\"@id\":\"https:\/\/www.convertize.com\/fr\/glossaire\/principe-autorite\/#breadcrumb\",\"itemListElement\":[{\"@type\":\"ListItem\",\"position\":1,\"name\":\"Glossaire de Neuromarketing\",\"item\":\"https:\/\/www.convertize.com\/fr\/glossaire\/\"},{\"@type\":\"ListItem\",\"position\":2,\"name\":\"Principe d&rsquo;Autorit\u00e9\"}]},{\"@type\":\"WebSite\",\"@id\":\"https:\/\/www.convertize.com\/fr\/#website\",\"url\":\"https:\/\/www.convertize.com\/fr\/\",\"name\":\"Convertize\",\"description\":\"April 2026\",\"potentialAction\":[{\"@type\":\"SearchAction\",\"target\":{\"@type\":\"EntryPoint\",\"urlTemplate\":\"https:\/\/www.convertize.com\/fr\/?s={search_term_string}\"},\"query-input\":{\"@type\":\"PropertyValueSpecification\",\"valueRequired\":true,\"valueName\":\"search_term_string\"}}],\"inLanguage\":\"fr-FR\"}]}<\/script>\n<!-- \/ Yoast SEO plugin. -->","yoast_head_json":{"title":"Principe d'Autorit\u00e9 - Convertize - Glossaire de Neuromarketing","description":"Le Principe d'Autorit\u00e9 est un biais cognitif d\u00e9crivant notre tendance \u00e0 ob\u00e9ir \u00e0 l'autorit\u00e9 et aux personnes ayant une certaine autorit\u00e9 dans un domaine.","robots":{"index":"index","follow":"follow","max-snippet":"max-snippet:-1","max-image-preview":"max-image-preview:large","max-video-preview":"max-video-preview:-1"},"canonical":"https:\/\/www.convertize.com\/fr\/glossaire\/principe-autorite\/","og_locale":"fr_FR","og_type":"article","og_title":"Principe d'Autorit\u00e9 - Convertize - Glossaire de Neuromarketing","og_description":"Le Principe d'Autorit\u00e9 est un biais cognitif d\u00e9crivant notre tendance \u00e0 ob\u00e9ir \u00e0 l'autorit\u00e9 et aux personnes ayant une certaine autorit\u00e9 dans un domaine.","og_url":"https:\/\/www.convertize.com\/fr\/glossaire\/principe-autorite\/","og_site_name":"Convertize","article_modified_time":"2019-07-04T15:13:14+00:00","twitter_card":"summary_large_image","twitter_misc":{"Dur\u00e9e de lecture estim\u00e9e":"2 minutes"},"schema":{"@context":"https:\/\/schema.org","@graph":[{"@type":"WebPage","@id":"https:\/\/www.convertize.com\/fr\/glossaire\/principe-autorite\/","url":"https:\/\/www.convertize.com\/fr\/glossaire\/principe-autorite\/","name":"Principe d'Autorit\u00e9 - Convertize - Glossaire de Neuromarketing","isPartOf":{"@id":"https:\/\/www.convertize.com\/fr\/#website"},"datePublished":"2019-04-29T14:11:06+00:00","dateModified":"2019-07-04T15:13:14+00:00","description":"Le Principe d'Autorit\u00e9 est un biais cognitif d\u00e9crivant notre tendance \u00e0 ob\u00e9ir \u00e0 l'autorit\u00e9 et aux personnes ayant une certaine autorit\u00e9 dans un domaine.","breadcrumb":{"@id":"https:\/\/www.convertize.com\/fr\/glossaire\/principe-autorite\/#breadcrumb"},"inLanguage":"fr-FR","potentialAction":[{"@type":"ReadAction","target":["https:\/\/www.convertize.com\/fr\/glossaire\/principe-autorite\/"]}]},{"@type":"BreadcrumbList","@id":"https:\/\/www.convertize.com\/fr\/glossaire\/principe-autorite\/#breadcrumb","itemListElement":[{"@type":"ListItem","position":1,"name":"Glossaire de Neuromarketing","item":"https:\/\/www.convertize.com\/fr\/glossaire\/"},{"@type":"ListItem","position":2,"name":"Principe d&rsquo;Autorit\u00e9"}]},{"@type":"WebSite","@id":"https:\/\/www.convertize.com\/fr\/#website","url":"https:\/\/www.convertize.com\/fr\/","name":"Convertize","description":"April 2026","potentialAction":[{"@type":"SearchAction","target":{"@type":"EntryPoint","urlTemplate":"https:\/\/www.convertize.com\/fr\/?s={search_term_string}"},"query-input":{"@type":"PropertyValueSpecification","valueRequired":true,"valueName":"search_term_string"}}],"inLanguage":"fr-FR"}]}},"_links":{"self":[{"href":"https:\/\/www.convertize.com\/fr\/wp-json\/wp\/v2\/pages\/18293"}],"collection":[{"href":"https:\/\/www.convertize.com\/fr\/wp-json\/wp\/v2\/pages"}],"about":[{"href":"https:\/\/www.convertize.com\/fr\/wp-json\/wp\/v2\/types\/page"}],"author":[{"embeddable":true,"href":"https:\/\/www.convertize.com\/fr\/wp-json\/wp\/v2\/users\/45"}],"replies":[{"embeddable":true,"href":"https:\/\/www.convertize.com\/fr\/wp-json\/wp\/v2\/comments?post=18293"}],"version-history":[{"count":0,"href":"https:\/\/www.convertize.com\/fr\/wp-json\/wp\/v2\/pages\/18293\/revisions"}],"up":[{"embeddable":true,"href":"https:\/\/www.convertize.com\/fr\/wp-json\/wp\/v2\/pages\/18263"}],"wp:attachment":[{"href":"https:\/\/www.convertize.com\/fr\/wp-json\/wp\/v2\/media?parent=18293"}],"wp:term":[{"taxonomy":"category","embeddable":true,"href":"https:\/\/www.convertize.com\/fr\/wp-json\/wp\/v2\/categories?post=18293"},{"taxonomy":"post_tag","embeddable":true,"href":"https:\/\/www.convertize.com\/fr\/wp-json\/wp\/v2\/tags?post=18293"}],"curies":[{"name":"wp","href":"https:\/\/api.w.org\/{rel}","templated":true}]}}