{"id":18295,"date":"2019-04-29T16:12:33","date_gmt":"2019-04-29T14:12:33","guid":{"rendered":"https:\/\/www.convertize.com\/fr\/?page_id=18295"},"modified":"2019-08-01T15:36:42","modified_gmt":"2019-08-01T13:36:42","slug":"biais-autonomie","status":"publish","type":"page","link":"https:\/\/www.convertize.com\/fr\/glossaire\/biais-autonomie\/","title":{"rendered":"Biais d&rsquo;Autonomie"},"content":{"rendered":"<span class=\"rt-reading-time\" style=\"display: block;\"><span class=\"rt-label rt-prefix\">Temps de lecture : <\/span> <span class=\"rt-time\">2<\/span> <span class=\"rt-label rt-postfix\">minutes<\/span><\/span><section class=\"glossary-definition-text container\"><div class=\"col-xs-12\">\n<h2>Qu&rsquo;est-ce que le Biais d&rsquo;Autonomie ?<\/h2>\n<p class=\"p1\">L\u2019Autonomie est un des besoins humains primaires identifi\u00e9s par les psychologues Edward Deci et Richard Ryan dans leur ouvrage\u00a0<a href=\"https:\/\/www.springer.com\/gb\/book\/9780306420221\"><em>Intrinsic Motivation and Self-Determination in Human Behaviour<\/em><\/a> (1985). Aussi appel\u00e9e \u00ab\u00a0autod\u00e9termination\u00a0\u00bb, l&rsquo;Autonomie d\u00e9crit la capacit\u00e9 d&rsquo;un individu \u00e0 faire ses propres choix. La plupart des gens ressentent le besoin puissant de contr\u00f4ler leur vie et feront des choix qui les aideront \u00e0 pr\u00e9server ce contr\u00f4le. Les d\u00e9cisions que nous prenons sont donc influenc\u00e9es par ce Biais d&rsquo;Autonomie.<\/p>\n<p>La sensation d&rsquo;\u00eatre tr\u00e8s autonome entra\u00eene un sentiment de certitude, r\u00e9duit notre stress et augmente notre <a href=\"https:\/\/www.convertize.com\/fr\/glossaire\/motivation-intrinseque-extrinseque\/\">motivation intrins\u00e8que<\/a>. A l\u2019inverse, se sentir contraint \u00e0 faire quelque chose diminue la motivation et l&rsquo;int\u00e9r\u00eat envers la t\u00e2che en question.<\/p>\n<p><img loading=\"lazy\" decoding=\"async\" src=\"https:\/\/www.convertize.com\/fr\/wp-content\/uploads\/2019\/08\/Biais-d\u2019Autonomie.png\" alt=\"biais d'autonomie\" width=\"800\" height=\"480\" class=\"alignnone wp-image-20010\" \/><\/p>\n<h2>Exemples<\/h2>\n<p>Une des fa\u00e7ons les plus \u00e9videntes de respecter le besoin d&rsquo;autonomie du consommateur est de supprimer toutes les fonctionnalit\u00e9s ou strat\u00e9gies marketing qui cherchent \u00e0 restreindre abusivement ses droits. Par exemple, il est important pour tout service disponible sur abonnement de proposer des conditions de d\u00e9sabonnement honn\u00eates. Non seulement les clients appr\u00e9cient la possibilit\u00e9 de se d\u00e9sabonner facilement mais leur perception du service en lui-m\u00eame s&rsquo;am\u00e9liore \u00e9galement.<\/p>\n<p>L&rsquo;Autonomie est aussi un th\u00e8me tr\u00e8s important en publicit\u00e9. Les marques pr\u00e9sentent souvent leurs produits comme des moyens de prendre (ou reprendre) le contr\u00f4le de nos vies. Le meilleur exemple d&rsquo;utilisation publicitaire de l&rsquo;Autonomie est le slogan adopt\u00e9 par Nike pour vendre des v\u00eatements de sport : \u00ab\u00a0Just Do It\u00a0\u00bb.<\/p>\n<h2>Biais d&rsquo;Autonomie<\/h2>\n<p>Les professionnels du marketing digital doivent tenir compte du penchant g\u00e9n\u00e9ralis\u00e9 pour l&rsquo;autod\u00e9termination. Les campagnes marketing, la conception de produit et la communication devraient pr\u00e9server (et mettre en valeur) le contr\u00f4le que le client exerce sur sa propre existence.<\/p>\n<\/div><\/section>\n<div class=\"social-btn\"><a class=\"col-1 sbtn s-twitter\" onclick=\"popupwindow('https:\/\/twitter.com\/intent\/tweet?text=Biais%20d&rsquo;Autonomie&amp;url=https%3A%2F%2Fwww.convertize.com%2Ffr%2Fglossaire%2Fbiais-autonomie%2F&amp;via=convertize','Twitter Follow','600','600')\" href=\"javascript:void(0);\" target=\"_blank\" rel=\"nofollow\"><span>Share on Twitter<\/span><\/a><a class=\"col-1 sbtn s-facebook\" onclick=\"popupwindow('https:\/\/www.facebook.com\/sharer\/sharer.php?u=https%3A%2F%2Fwww.convertize.com%2Ffr%2Fglossaire%2Fbiais-autonomie%2F','Facebook Follow','600','600')\" href=\"javascript:void(0);\" target=\"_blank\" rel=\"nofollow\"><span>Share on Facebook<\/span><\/a><a class=\"col-1 sbtn s-linkedin\" onclick=\"popupwindow('https:\/\/www.linkedin.com\/shareArticle?mini=true&url=https%3A%2F%2Fwww.convertize.com%2Ffr%2Fglossaire%2Fbiais-autonomie%2F&amp;title=Biais%20d&rsquo;Autonomie&amp;description=Le%20Biais%20d'Autonomie%20d\u00e9signe%20le%20besoin%20d'\u00eatre%20ind\u00e9pendant%20et%20de%20faire%20ses%20propres%20choix%20sans%20\u00eatre%20contraint%20\u00e0%20adopter%20un%20comportement%20particulier.','Linkedin Follow','600','600')\" href=\"javascript:void(0);\" target=\"_blank\" rel=\"nofollow\"><span>Share on Linkedin<\/span><\/a><\/div>","protected":false},"excerpt":{"rendered":"<p><span class=\"rt-reading-time\" style=\"display: block;\"><span class=\"rt-label rt-prefix\">Temps de lecture : <\/span> <span class=\"rt-time\">2<\/span> <span class=\"rt-label rt-postfix\">minutes<\/span><\/span> Share on TwitterShare on FacebookShare on Linkedin<\/p>\n","protected":false},"author":45,"featured_media":0,"parent":18263,"menu_order":0,"comment_status":"closed","ping_status":"closed","template":"page-glossary.php","meta":{"_genesis_hide_title":false,"_genesis_hide_breadcrumbs":false,"_genesis_hide_singular_image":false,"_genesis_hide_footer_widgets":false,"_genesis_custom_body_class":"","_genesis_custom_post_class":"","_genesis_layout":"","footnotes":""},"categories":[],"tags":[],"class_list":{"0":"post-18295","1":"page","2":"type-page","3":"status-publish","5":"entry"},"yoast_head":"<!-- This site is optimized with the Yoast SEO plugin v23.7 - https:\/\/yoast.com\/wordpress\/plugins\/seo\/ -->\n<title>Biais d&#039;Autonomie - Convertize - Glossaire de Neuromarketing<\/title>\n<meta name=\"description\" content=\"Le Biais d&#039;Autonomie d\u00e9signe le besoin d&#039;\u00eatre ind\u00e9pendant et de faire ses propres choix sans \u00eatre contraint \u00e0 adopter un comportement particulier.\" \/>\n<meta name=\"robots\" content=\"index, follow, max-snippet:-1, max-image-preview:large, max-video-preview:-1\" \/>\n<link rel=\"canonical\" href=\"https:\/\/www.convertize.com\/fr\/glossaire\/biais-autonomie\/\" \/>\n<meta property=\"og:locale\" content=\"fr_FR\" \/>\n<meta property=\"og:type\" content=\"article\" \/>\n<meta property=\"og:title\" content=\"Biais d&#039;Autonomie - Convertize - Glossaire de Neuromarketing\" \/>\n<meta property=\"og:description\" content=\"Le Biais d&#039;Autonomie d\u00e9signe le besoin d&#039;\u00eatre ind\u00e9pendant et de faire ses propres choix sans \u00eatre contraint \u00e0 adopter un comportement particulier.\" \/>\n<meta property=\"og:url\" content=\"https:\/\/www.convertize.com\/fr\/glossaire\/biais-autonomie\/\" \/>\n<meta property=\"og:site_name\" content=\"Convertize\" \/>\n<meta property=\"article:modified_time\" content=\"2019-08-01T13:36:42+00:00\" \/>\n<meta name=\"twitter:card\" content=\"summary_large_image\" \/>\n<meta name=\"twitter:label1\" content=\"Dur\u00e9e de lecture estim\u00e9e\" \/>\n\t<meta name=\"twitter:data1\" content=\"2 minutes\" \/>\n<script type=\"application\/ld+json\" class=\"yoast-schema-graph\">{\"@context\":\"https:\/\/schema.org\",\"@graph\":[{\"@type\":\"WebPage\",\"@id\":\"https:\/\/www.convertize.com\/fr\/glossaire\/biais-autonomie\/\",\"url\":\"https:\/\/www.convertize.com\/fr\/glossaire\/biais-autonomie\/\",\"name\":\"Biais d'Autonomie - Convertize - Glossaire de Neuromarketing\",\"isPartOf\":{\"@id\":\"https:\/\/www.convertize.com\/fr\/#website\"},\"datePublished\":\"2019-04-29T14:12:33+00:00\",\"dateModified\":\"2019-08-01T13:36:42+00:00\",\"description\":\"Le Biais d'Autonomie d\u00e9signe le besoin d'\u00eatre ind\u00e9pendant et de faire ses propres choix sans \u00eatre contraint \u00e0 adopter un comportement particulier.\",\"breadcrumb\":{\"@id\":\"https:\/\/www.convertize.com\/fr\/glossaire\/biais-autonomie\/#breadcrumb\"},\"inLanguage\":\"fr-FR\",\"potentialAction\":[{\"@type\":\"ReadAction\",\"target\":[\"https:\/\/www.convertize.com\/fr\/glossaire\/biais-autonomie\/\"]}]},{\"@type\":\"BreadcrumbList\",\"@id\":\"https:\/\/www.convertize.com\/fr\/glossaire\/biais-autonomie\/#breadcrumb\",\"itemListElement\":[{\"@type\":\"ListItem\",\"position\":1,\"name\":\"Glossaire de Neuromarketing\",\"item\":\"https:\/\/www.convertize.com\/fr\/glossaire\/\"},{\"@type\":\"ListItem\",\"position\":2,\"name\":\"Biais d&rsquo;Autonomie\"}]},{\"@type\":\"WebSite\",\"@id\":\"https:\/\/www.convertize.com\/fr\/#website\",\"url\":\"https:\/\/www.convertize.com\/fr\/\",\"name\":\"Convertize\",\"description\":\"May 2026\",\"potentialAction\":[{\"@type\":\"SearchAction\",\"target\":{\"@type\":\"EntryPoint\",\"urlTemplate\":\"https:\/\/www.convertize.com\/fr\/?s={search_term_string}\"},\"query-input\":{\"@type\":\"PropertyValueSpecification\",\"valueRequired\":true,\"valueName\":\"search_term_string\"}}],\"inLanguage\":\"fr-FR\"}]}<\/script>\n<!-- \/ Yoast SEO plugin. -->","yoast_head_json":{"title":"Biais d'Autonomie - Convertize - Glossaire de Neuromarketing","description":"Le Biais d'Autonomie d\u00e9signe le besoin d'\u00eatre ind\u00e9pendant et de faire ses propres choix sans \u00eatre contraint \u00e0 adopter un comportement particulier.","robots":{"index":"index","follow":"follow","max-snippet":"max-snippet:-1","max-image-preview":"max-image-preview:large","max-video-preview":"max-video-preview:-1"},"canonical":"https:\/\/www.convertize.com\/fr\/glossaire\/biais-autonomie\/","og_locale":"fr_FR","og_type":"article","og_title":"Biais d'Autonomie - Convertize - Glossaire de Neuromarketing","og_description":"Le Biais d'Autonomie d\u00e9signe le besoin d'\u00eatre ind\u00e9pendant et de faire ses propres choix sans \u00eatre contraint \u00e0 adopter un comportement particulier.","og_url":"https:\/\/www.convertize.com\/fr\/glossaire\/biais-autonomie\/","og_site_name":"Convertize","article_modified_time":"2019-08-01T13:36:42+00:00","twitter_card":"summary_large_image","twitter_misc":{"Dur\u00e9e de lecture estim\u00e9e":"2 minutes"},"schema":{"@context":"https:\/\/schema.org","@graph":[{"@type":"WebPage","@id":"https:\/\/www.convertize.com\/fr\/glossaire\/biais-autonomie\/","url":"https:\/\/www.convertize.com\/fr\/glossaire\/biais-autonomie\/","name":"Biais d'Autonomie - Convertize - Glossaire de Neuromarketing","isPartOf":{"@id":"https:\/\/www.convertize.com\/fr\/#website"},"datePublished":"2019-04-29T14:12:33+00:00","dateModified":"2019-08-01T13:36:42+00:00","description":"Le Biais d'Autonomie d\u00e9signe le besoin d'\u00eatre ind\u00e9pendant et de faire ses propres choix sans \u00eatre contraint \u00e0 adopter un comportement particulier.","breadcrumb":{"@id":"https:\/\/www.convertize.com\/fr\/glossaire\/biais-autonomie\/#breadcrumb"},"inLanguage":"fr-FR","potentialAction":[{"@type":"ReadAction","target":["https:\/\/www.convertize.com\/fr\/glossaire\/biais-autonomie\/"]}]},{"@type":"BreadcrumbList","@id":"https:\/\/www.convertize.com\/fr\/glossaire\/biais-autonomie\/#breadcrumb","itemListElement":[{"@type":"ListItem","position":1,"name":"Glossaire de Neuromarketing","item":"https:\/\/www.convertize.com\/fr\/glossaire\/"},{"@type":"ListItem","position":2,"name":"Biais d&rsquo;Autonomie"}]},{"@type":"WebSite","@id":"https:\/\/www.convertize.com\/fr\/#website","url":"https:\/\/www.convertize.com\/fr\/","name":"Convertize","description":"May 2026","potentialAction":[{"@type":"SearchAction","target":{"@type":"EntryPoint","urlTemplate":"https:\/\/www.convertize.com\/fr\/?s={search_term_string}"},"query-input":{"@type":"PropertyValueSpecification","valueRequired":true,"valueName":"search_term_string"}}],"inLanguage":"fr-FR"}]}},"_links":{"self":[{"href":"https:\/\/www.convertize.com\/fr\/wp-json\/wp\/v2\/pages\/18295"}],"collection":[{"href":"https:\/\/www.convertize.com\/fr\/wp-json\/wp\/v2\/pages"}],"about":[{"href":"https:\/\/www.convertize.com\/fr\/wp-json\/wp\/v2\/types\/page"}],"author":[{"embeddable":true,"href":"https:\/\/www.convertize.com\/fr\/wp-json\/wp\/v2\/users\/45"}],"replies":[{"embeddable":true,"href":"https:\/\/www.convertize.com\/fr\/wp-json\/wp\/v2\/comments?post=18295"}],"version-history":[{"count":0,"href":"https:\/\/www.convertize.com\/fr\/wp-json\/wp\/v2\/pages\/18295\/revisions"}],"up":[{"embeddable":true,"href":"https:\/\/www.convertize.com\/fr\/wp-json\/wp\/v2\/pages\/18263"}],"wp:attachment":[{"href":"https:\/\/www.convertize.com\/fr\/wp-json\/wp\/v2\/media?parent=18295"}],"wp:term":[{"taxonomy":"category","embeddable":true,"href":"https:\/\/www.convertize.com\/fr\/wp-json\/wp\/v2\/categories?post=18295"},{"taxonomy":"post_tag","embeddable":true,"href":"https:\/\/www.convertize.com\/fr\/wp-json\/wp\/v2\/tags?post=18295"}],"curies":[{"name":"wp","href":"https:\/\/api.w.org\/{rel}","templated":true}]}}