{"id":18297,"date":"2019-04-29T15:49:09","date_gmt":"2019-04-29T13:49:09","guid":{"rendered":"https:\/\/www.convertize.com\/fr\/?page_id=18297"},"modified":"2019-07-18T18:29:06","modified_gmt":"2019-07-18T16:29:06","slug":"aisance-cognitive","status":"publish","type":"page","link":"https:\/\/www.convertize.com\/fr\/glossaire\/aisance-cognitive\/","title":{"rendered":"Aisance Cognitive"},"content":{"rendered":"<span class=\"rt-reading-time\" style=\"display: block;\"><span class=\"rt-label rt-prefix\">Temps de lecture : <\/span> <span class=\"rt-time\">3<\/span> <span class=\"rt-label rt-postfix\">minutes<\/span><\/span><section class=\"glossary-definition-text container\"><div class=\"col-xs-12\">\n<h2>Qu&rsquo;est-ce que l&rsquo;Aisance Cognitive ?<\/h2>\n<p class=\"p1\">L\u2019Aisance Cognitive, aussi appel\u00e9e<span>\u00a0<\/span>Cognitive Fluency<span>\u00a0<\/span>ou<span>\u00a0<\/span>Cognitive Ease<span>\u00a0<\/span>en anglais, est\u00a0l\u2019aisance avec laquelle notre cerveau traite l\u2019information. Ce niveau d\u2019aisance influence notre sentiment plus ou moins positif \u00e0 propos de cette information.<\/p>\n<p class=\"p1\">Plus l\u2019aisance cognitive associ\u00e9e \u00e0 une activit\u00e9 est \u00e9lev\u00e9e, plus nous serons enclins \u00e0 fournir des efforts et \u00e0 investir de l\u2019\u00e9nergie dans cette activit\u00e9. Au contraire, lorsque notre aisance cognitive diminue, parce que l\u2019on trouve l\u2019activit\u00e9 mentale demand\u00e9e difficile ou incertaine, nous changeons de syst\u00e8me de pens\u00e9e et produisons un effort c\u00e9r\u00e9bral selon le psychologue <a href=\"https:\/\/books.google.fr\/books?id=xqWICwAAQBAJ&amp;dq=syst%C3%A8me+1+syst%C3%A8me+2&amp;hl=fr&amp;source=gbs_navlinks_s\">Daniel Kahneman<\/a>.\u00a0Le principe psychologique de Cognitive Ease suppose que les individus deviennent plus vigilants et suspicieux lorsqu\u2019ils ont \u00e0 activer ce second syst\u00e8me de pens\u00e9e : cela produit une diminution de la confiance et du plaisir ressentis pour cette activit\u00e9 mentale.\u00a0En d\u2019autres termes, les individus pr\u00e9f\u00e8rent les choses faciles \u00e0 comprendre ou avec lesquelles ils sont familiers, qu\u2019ils ressentent comme plus s\u00fbres et intelligibles.<\/p>\n<p><img loading=\"lazy\" decoding=\"async\" src=\"https:\/\/www.convertize.com\/fr\/wp-content\/uploads\/2019\/05\/aisance-cognitive-e1557396878455.png\" alt=\"aisance cognitive\" width=\"600\" height=\"416\" class=\"aligncenter wp-image-18806\" \/><\/p>\n<h2>Exemples<\/h2>\n<p>Le principe d\u2019aisance cognitive peut \u00eatre utilis\u00e9 de multiples fa\u00e7ons en marketing. Par exemple, des <a href=\"https:\/\/www.pnas.org\/content\/103\/24\/9369.short\">recherches en psychologie<\/a> ont montr\u00e9 que les entreprises dont les actions ont un nom facile \u00e0 prononcer ont de meilleures performances en bourse que celles ayant des noms compliqu\u00e9s. En marketing digital, il ne faut pas h\u00e9siter \u00e0 utiliser tout \u00e9l\u00e9ment permettant de simplifier un site Internet comme des infographies, un design intuitif, des polices faciles \u00e0 lire, etc.<\/p>\n<h2>L&rsquo;Aisance Cognitive en Marketing<\/h2>\n<p>Il y existe \u00e9norm\u00e9ment de<span>\u00a0<\/span>fa\u00e7ons de se servir de l\u2019aisance cognitive<span>\u00a0<\/span>et les grandes marques internationales telles qu\u2019Amazon, Ikea ou encore Nike l\u2019ont bien compris. Voici quelques techniques auxquelles vous n\u2019avez peut-\u00eatre jamais song\u00e9\u2026<\/p>\n<ol>\n<li><strong>Choisir un prix ayant le moins de lettres possibles :<\/strong><span>\u00a0<\/span>Un prix qui comprend peu de syllabes est plus facilement reconnaissable et permettra \u00e0 vos clients de se d\u00e9tendre et de se sentir davantage ma\u00eetres de leur d\u00e9cision d\u2019achat<\/li>\n<li><strong>Lorsque cela est possible, arrondir les prix :<\/strong><span>\u00a0<\/span>Quand cela est possible, il vaut mieux supprimer les d\u00e9cimales de votre grille de tarification. Ces d\u00e9cimales sont en effet inutiles et r\u00e9duisent l\u2019aisance cognitive de vos clients.<\/li>\n<li><strong>Limiter le nombre de mots sur vos boutons Call-to-Action :<\/strong><span>\u00a0<\/span>Ecrire uniquement deux mots sur votre bouton Call-to-Action n\u2019attire pas seulement l\u2019attention mais encourage aussi les visiteurs \u00e0 poursuivre l\u2019action puisque cette derni\u00e8re semble tr\u00e8s facile \u00e0 r\u00e9aliser.<\/li>\n<li><strong>Proposer des r\u00e9ductions faciles \u00e0 calculer :<\/strong><span>\u00a0<\/span>Avoir des prix pr\u00e9cis au centime pr\u00e8s est un bon moyen de donner l\u2019impression que vos prix sont plus faibles qu\u2019ils ne le sont en r\u00e9alit\u00e9. Toutefois, il faut \u00e9viter d\u2019adopter cette tactique lorsque vous offrez des promotions.<\/li>\n<li><strong>Placer les graphiques, les visuels et les photos sur le c\u00f4t\u00e9 gauche de l\u2019\u00e9cran :<\/strong><span>\u00a0<\/span>Les \u00e9l\u00e9ments visuels positionn\u00e9s \u00e0 gauche de l\u2019\u00e9cran sont trait\u00e9s par l\u2019h\u00e9misph\u00e8re droit du cerveau qui est le plus \u00e0 m\u00eame de traiter les images. Vos visiteurs \u00ab\u00a0dig\u00e8reront\u00a0\u00bb donc plus rapidement et plus facilement la page ce qui sera plus agr\u00e9able pour eux.<\/li>\n<li><strong>Afficher des informations sous la forme de pop-up lorsque le client s\u2019attarde sur un produit<\/strong>Lorsque les clients s\u2019attardent sur un produit, il est bon d\u2019afficher une fiche produit sous la forme de pop-up afin de leur offrir des informations plus condens\u00e9es.<\/li>\n<li><strong>Lorsque cela est possible, proposer des messages qui riment afin que les visiteurs s\u2019en souviennent plus facilement :<\/strong><span>\u00a0<\/span>Vos visiteurs se souviendront plus longtemps de vous gr\u00e2ce \u00e0 cette figure de style. Vous pouvez \u00e9galement utiliser des rimes dans vos titres ou vos sous-titres afin d\u2019attirer l\u2019attention sur votre Call-to-Action.<\/li>\n<li><strong>Utiliser en priorit\u00e9 la voix active plut\u00f4t que la voix passive :<\/strong><span>\u00a0<\/span>Une phrase simple \u00e0 la voix active permet \u00e0 vos lecteurs de dig\u00e9rer l\u2019information plus facilement, les incitant ainsi \u00e0 r\u00e9agir plus positivement.<\/li>\n<li><strong>Indiquer les champs optionnels plut\u00f4t que les champs obligatoires dans un formulaire :<\/strong><span>\u00a0<\/span>Des champs optionnels clairement indiqu\u00e9s rendront le formulaire plus clair et plus simple \u00e0 lire tout en donnant l\u2019impression qu\u2019il est plus rapide \u00e0 remplir.<\/li>\n<li><strong>Faire en sorte que le filtre choisi par le client s\u2019applique automatiquement \u00e0 tous les produits.<\/strong><span>\u00a0<\/span>Le consommateur tape souvent la couleur du produit d\u00e9sir\u00e9 dans la barre de recherche. Le probl\u00e8me est que les r\u00e9sultats affich\u00e9s n\u2019en tiennent souvent pas compte. Ainsi, lorsque l\u2019on tape \u00ab\u00a0canap\u00e9 rouge\u00a0\u00bb dans une barre de recherche, on obtient souvent tous les canap\u00e9s propos\u00e9s sur ce site, qu\u2019ils soient rouges ou non.<\/li>\n<\/ol>\n<h2>Aisance Cognitive<\/h2>\n<p>L\u2019aisance cognitive est l\u2019un des principes de neuromarketing les plus simples \u00e0 comprendre et \u00e0 utiliser. Pourtant, ce principe est souvent n\u00e9glig\u00e9. Ainsi, en apportant quelques changements \u00e0 votre strat\u00e9gie de marketing en ligne, vous pouvez augmenter vos <a href=\"https:\/\/www.convertize.com\/fr\/taux-conversion-e-commerce\/\">taux de conversion<\/a> de mani\u00e8re significative.<\/p>\n<\/div><\/section>\n<div class=\"social-btn\"><a class=\"col-1 sbtn s-twitter\" onclick=\"popupwindow('https:\/\/twitter.com\/intent\/tweet?text=Aisance%20Cognitive&amp;url=https%3A%2F%2Fwww.convertize.com%2Ffr%2Fglossaire%2Faisance-cognitive%2F&amp;via=convertize','Twitter Follow','600','600')\" href=\"javascript:void(0);\" target=\"_blank\" rel=\"nofollow\"><span>Share on Twitter<\/span><\/a><a class=\"col-1 sbtn s-facebook\" onclick=\"popupwindow('https:\/\/www.facebook.com\/sharer\/sharer.php?u=https%3A%2F%2Fwww.convertize.com%2Ffr%2Fglossaire%2Faisance-cognitive%2F','Facebook Follow','600','600')\" href=\"javascript:void(0);\" target=\"_blank\" rel=\"nofollow\"><span>Share on Facebook<\/span><\/a><a class=\"col-1 sbtn s-linkedin\" onclick=\"popupwindow('https:\/\/www.linkedin.com\/shareArticle?mini=true&url=https%3A%2F%2Fwww.convertize.com%2Ffr%2Fglossaire%2Faisance-cognitive%2F&amp;title=Aisance%20Cognitive&amp;description=L'aisance%20cognitive%20est%20un%20concept%20psychologique%20d\u00e9crivant%20la%20facilit\u00e9%20avec%20laquelle%20notre%20cerveau%20traite%20les%20informations%20qu'il%20re\u00e7oit.','Linkedin Follow','600','600')\" href=\"javascript:void(0);\" target=\"_blank\" rel=\"nofollow\"><span>Share on Linkedin<\/span><\/a><\/div>","protected":false},"excerpt":{"rendered":"<p><span class=\"rt-reading-time\" style=\"display: block;\"><span class=\"rt-label rt-prefix\">Temps de lecture : <\/span> <span class=\"rt-time\">3<\/span> <span class=\"rt-label rt-postfix\">minutes<\/span><\/span> Share on TwitterShare on FacebookShare on Linkedin<\/p>\n","protected":false},"author":45,"featured_media":0,"parent":18263,"menu_order":0,"comment_status":"closed","ping_status":"closed","template":"page-glossary.php","meta":{"_genesis_hide_title":false,"_genesis_hide_breadcrumbs":false,"_genesis_hide_singular_image":false,"_genesis_hide_footer_widgets":false,"_genesis_custom_body_class":"","_genesis_custom_post_class":"","_genesis_layout":"","footnotes":""},"categories":[],"tags":[],"class_list":{"0":"post-18297","1":"page","2":"type-page","3":"status-publish","5":"entry"},"yoast_head":"<!-- This site is optimized with the Yoast SEO plugin v23.7 - https:\/\/yoast.com\/wordpress\/plugins\/seo\/ -->\n<title>Aisance Cognitive - Convertize - Glossaire de Neuromarketing<\/title>\n<meta name=\"description\" content=\"L&#039;aisance cognitive est un concept psychologique d\u00e9crivant la facilit\u00e9 avec laquelle notre cerveau traite les informations qu&#039;il re\u00e7oit.\" \/>\n<meta name=\"robots\" content=\"index, follow, max-snippet:-1, max-image-preview:large, max-video-preview:-1\" \/>\n<link rel=\"canonical\" href=\"https:\/\/www.convertize.com\/fr\/glossaire\/aisance-cognitive\/\" \/>\n<meta property=\"og:locale\" content=\"fr_FR\" \/>\n<meta property=\"og:type\" content=\"article\" \/>\n<meta property=\"og:title\" content=\"Aisance Cognitive - Convertize - Glossaire de Neuromarketing\" \/>\n<meta property=\"og:description\" content=\"L&#039;aisance cognitive est un concept psychologique d\u00e9crivant la facilit\u00e9 avec laquelle notre cerveau traite les informations qu&#039;il re\u00e7oit.\" \/>\n<meta property=\"og:url\" content=\"https:\/\/www.convertize.com\/fr\/glossaire\/aisance-cognitive\/\" \/>\n<meta property=\"og:site_name\" content=\"Convertize\" \/>\n<meta property=\"article:modified_time\" content=\"2019-07-18T16:29:06+00:00\" \/>\n<meta property=\"og:image\" content=\"https:\/\/www.convertize.com\/fr\/wp-content\/uploads\/2019\/05\/aisance-cognitive-e1557396878455.png\" \/>\n\t<meta property=\"og:image:width\" content=\"1275\" \/>\n\t<meta property=\"og:image:height\" content=\"884\" \/>\n\t<meta property=\"og:image:type\" content=\"image\/png\" \/>\n<meta name=\"twitter:card\" content=\"summary_large_image\" \/>\n<meta name=\"twitter:label1\" content=\"Dur\u00e9e de lecture estim\u00e9e\" \/>\n\t<meta name=\"twitter:data1\" content=\"4 minutes\" \/>\n<script type=\"application\/ld+json\" class=\"yoast-schema-graph\">{\"@context\":\"https:\/\/schema.org\",\"@graph\":[{\"@type\":\"WebPage\",\"@id\":\"https:\/\/www.convertize.com\/fr\/glossaire\/aisance-cognitive\/\",\"url\":\"https:\/\/www.convertize.com\/fr\/glossaire\/aisance-cognitive\/\",\"name\":\"Aisance Cognitive - Convertize - Glossaire de Neuromarketing\",\"isPartOf\":{\"@id\":\"https:\/\/www.convertize.com\/fr\/#website\"},\"primaryImageOfPage\":{\"@id\":\"https:\/\/www.convertize.com\/fr\/glossaire\/aisance-cognitive\/#primaryimage\"},\"image\":{\"@id\":\"https:\/\/www.convertize.com\/fr\/glossaire\/aisance-cognitive\/#primaryimage\"},\"thumbnailUrl\":\"https:\/\/www.convertize.com\/fr\/wp-content\/uploads\/2019\/05\/aisance-cognitive-e1557396878455.png\",\"datePublished\":\"2019-04-29T13:49:09+00:00\",\"dateModified\":\"2019-07-18T16:29:06+00:00\",\"description\":\"L'aisance cognitive est un concept psychologique d\u00e9crivant la facilit\u00e9 avec laquelle notre cerveau traite les informations qu'il re\u00e7oit.\",\"breadcrumb\":{\"@id\":\"https:\/\/www.convertize.com\/fr\/glossaire\/aisance-cognitive\/#breadcrumb\"},\"inLanguage\":\"fr-FR\",\"potentialAction\":[{\"@type\":\"ReadAction\",\"target\":[\"https:\/\/www.convertize.com\/fr\/glossaire\/aisance-cognitive\/\"]}]},{\"@type\":\"ImageObject\",\"inLanguage\":\"fr-FR\",\"@id\":\"https:\/\/www.convertize.com\/fr\/glossaire\/aisance-cognitive\/#primaryimage\",\"url\":\"https:\/\/www.convertize.com\/fr\/wp-content\/uploads\/2019\/05\/aisance-cognitive-e1557396878455.png\",\"contentUrl\":\"https:\/\/www.convertize.com\/fr\/wp-content\/uploads\/2019\/05\/aisance-cognitive-e1557396878455.png\",\"width\":1275,\"height\":884},{\"@type\":\"BreadcrumbList\",\"@id\":\"https:\/\/www.convertize.com\/fr\/glossaire\/aisance-cognitive\/#breadcrumb\",\"itemListElement\":[{\"@type\":\"ListItem\",\"position\":1,\"name\":\"Glossaire de Neuromarketing\",\"item\":\"https:\/\/www.convertize.com\/fr\/glossaire\/\"},{\"@type\":\"ListItem\",\"position\":2,\"name\":\"Aisance Cognitive\"}]},{\"@type\":\"WebSite\",\"@id\":\"https:\/\/www.convertize.com\/fr\/#website\",\"url\":\"https:\/\/www.convertize.com\/fr\/\",\"name\":\"Convertize\",\"description\":\"May 2026\",\"potentialAction\":[{\"@type\":\"SearchAction\",\"target\":{\"@type\":\"EntryPoint\",\"urlTemplate\":\"https:\/\/www.convertize.com\/fr\/?s={search_term_string}\"},\"query-input\":{\"@type\":\"PropertyValueSpecification\",\"valueRequired\":true,\"valueName\":\"search_term_string\"}}],\"inLanguage\":\"fr-FR\"}]}<\/script>\n<!-- \/ Yoast SEO plugin. -->","yoast_head_json":{"title":"Aisance Cognitive - Convertize - Glossaire de Neuromarketing","description":"L'aisance cognitive est un concept psychologique d\u00e9crivant la facilit\u00e9 avec laquelle notre cerveau traite les informations qu'il re\u00e7oit.","robots":{"index":"index","follow":"follow","max-snippet":"max-snippet:-1","max-image-preview":"max-image-preview:large","max-video-preview":"max-video-preview:-1"},"canonical":"https:\/\/www.convertize.com\/fr\/glossaire\/aisance-cognitive\/","og_locale":"fr_FR","og_type":"article","og_title":"Aisance Cognitive - Convertize - Glossaire de Neuromarketing","og_description":"L'aisance cognitive est un concept psychologique d\u00e9crivant la facilit\u00e9 avec laquelle notre cerveau traite les informations qu'il re\u00e7oit.","og_url":"https:\/\/www.convertize.com\/fr\/glossaire\/aisance-cognitive\/","og_site_name":"Convertize","article_modified_time":"2019-07-18T16:29:06+00:00","og_image":[{"width":1275,"height":884,"url":"https:\/\/www.convertize.com\/fr\/wp-content\/uploads\/2019\/05\/aisance-cognitive-e1557396878455.png","type":"image\/png"}],"twitter_card":"summary_large_image","twitter_misc":{"Dur\u00e9e de lecture estim\u00e9e":"4 minutes"},"schema":{"@context":"https:\/\/schema.org","@graph":[{"@type":"WebPage","@id":"https:\/\/www.convertize.com\/fr\/glossaire\/aisance-cognitive\/","url":"https:\/\/www.convertize.com\/fr\/glossaire\/aisance-cognitive\/","name":"Aisance Cognitive - Convertize - Glossaire de Neuromarketing","isPartOf":{"@id":"https:\/\/www.convertize.com\/fr\/#website"},"primaryImageOfPage":{"@id":"https:\/\/www.convertize.com\/fr\/glossaire\/aisance-cognitive\/#primaryimage"},"image":{"@id":"https:\/\/www.convertize.com\/fr\/glossaire\/aisance-cognitive\/#primaryimage"},"thumbnailUrl":"https:\/\/www.convertize.com\/fr\/wp-content\/uploads\/2019\/05\/aisance-cognitive-e1557396878455.png","datePublished":"2019-04-29T13:49:09+00:00","dateModified":"2019-07-18T16:29:06+00:00","description":"L'aisance cognitive est un concept psychologique d\u00e9crivant la facilit\u00e9 avec laquelle notre cerveau traite les informations qu'il re\u00e7oit.","breadcrumb":{"@id":"https:\/\/www.convertize.com\/fr\/glossaire\/aisance-cognitive\/#breadcrumb"},"inLanguage":"fr-FR","potentialAction":[{"@type":"ReadAction","target":["https:\/\/www.convertize.com\/fr\/glossaire\/aisance-cognitive\/"]}]},{"@type":"ImageObject","inLanguage":"fr-FR","@id":"https:\/\/www.convertize.com\/fr\/glossaire\/aisance-cognitive\/#primaryimage","url":"https:\/\/www.convertize.com\/fr\/wp-content\/uploads\/2019\/05\/aisance-cognitive-e1557396878455.png","contentUrl":"https:\/\/www.convertize.com\/fr\/wp-content\/uploads\/2019\/05\/aisance-cognitive-e1557396878455.png","width":1275,"height":884},{"@type":"BreadcrumbList","@id":"https:\/\/www.convertize.com\/fr\/glossaire\/aisance-cognitive\/#breadcrumb","itemListElement":[{"@type":"ListItem","position":1,"name":"Glossaire de Neuromarketing","item":"https:\/\/www.convertize.com\/fr\/glossaire\/"},{"@type":"ListItem","position":2,"name":"Aisance Cognitive"}]},{"@type":"WebSite","@id":"https:\/\/www.convertize.com\/fr\/#website","url":"https:\/\/www.convertize.com\/fr\/","name":"Convertize","description":"May 2026","potentialAction":[{"@type":"SearchAction","target":{"@type":"EntryPoint","urlTemplate":"https:\/\/www.convertize.com\/fr\/?s={search_term_string}"},"query-input":{"@type":"PropertyValueSpecification","valueRequired":true,"valueName":"search_term_string"}}],"inLanguage":"fr-FR"}]}},"_links":{"self":[{"href":"https:\/\/www.convertize.com\/fr\/wp-json\/wp\/v2\/pages\/18297"}],"collection":[{"href":"https:\/\/www.convertize.com\/fr\/wp-json\/wp\/v2\/pages"}],"about":[{"href":"https:\/\/www.convertize.com\/fr\/wp-json\/wp\/v2\/types\/page"}],"author":[{"embeddable":true,"href":"https:\/\/www.convertize.com\/fr\/wp-json\/wp\/v2\/users\/45"}],"replies":[{"embeddable":true,"href":"https:\/\/www.convertize.com\/fr\/wp-json\/wp\/v2\/comments?post=18297"}],"version-history":[{"count":0,"href":"https:\/\/www.convertize.com\/fr\/wp-json\/wp\/v2\/pages\/18297\/revisions"}],"up":[{"embeddable":true,"href":"https:\/\/www.convertize.com\/fr\/wp-json\/wp\/v2\/pages\/18263"}],"wp:attachment":[{"href":"https:\/\/www.convertize.com\/fr\/wp-json\/wp\/v2\/media?parent=18297"}],"wp:term":[{"taxonomy":"category","embeddable":true,"href":"https:\/\/www.convertize.com\/fr\/wp-json\/wp\/v2\/categories?post=18297"},{"taxonomy":"post_tag","embeddable":true,"href":"https:\/\/www.convertize.com\/fr\/wp-json\/wp\/v2\/tags?post=18297"}],"curies":[{"name":"wp","href":"https:\/\/api.w.org\/{rel}","templated":true}]}}