{"id":18302,"date":"2019-04-29T16:19:56","date_gmt":"2019-04-29T14:19:56","guid":{"rendered":"https:\/\/www.convertize.com\/fr\/?page_id=18302"},"modified":"2019-08-01T15:17:47","modified_gmt":"2019-08-01T13:17:47","slug":"couts-irrecuperables","status":"publish","type":"page","link":"https:\/\/www.convertize.com\/fr\/glossaire\/couts-irrecuperables\/","title":{"rendered":"Effet des Co\u00fbts Irr\u00e9cup\u00e9rables"},"content":{"rendered":"<span class=\"rt-reading-time\" style=\"display: block;\"><span class=\"rt-label rt-prefix\">Temps de lecture : <\/span> <span class=\"rt-time\">2<\/span> <span class=\"rt-label rt-postfix\">minutes<\/span><\/span><section class=\"glossary-definition-text container\"><div class=\"col-xs-12\">\n<h2>Qu&rsquo;est-ce que l&rsquo;Effet des Co\u00fbts Irr\u00e9cup\u00e9rables ?<\/h2>\n<p>L&rsquo;Effet des Co\u00fbts Irr\u00e9cup\u00e9rables (ou Sunk Cost Effect) d\u00e9montre que les individus ont tendance \u00e0 continuer en vain les comportements, situations ou projets dans lesquels ils ont d\u00e9j\u00e0 investis de l\u2019argent, du temps ou des efforts, m\u00eame s\u2019ils n\u2019en ont plus envie ou que cela ne vaut plus le coup.<\/p>\n<p>Nous avons tendance \u00e0 consid\u00e9rer ce que nous avons d\u00e9j\u00e0 d\u00e9pens\u00e9 ou investi comme quelque chose \u00ab \u00e0 ne pas perdre \u00bb, sans prendre en compte le fait que cet investissement est d\u00e9j\u00e0 perdu. Nous oublions \u00e9galement ce qu&rsquo;il pourrait y avoir des choses \u00e0 gagner en arr\u00eatant. C&rsquo;est cet effet qui nous pousse \u00e0 rester dans la m\u00eame queue m\u00eame lorsqu&rsquo;elle semble bloqu\u00e9e ou \u00e0 continuer \u00e0 attendre un transport qui n&rsquo;arrivera visiblement jamais.<\/p>\n<p><img loading=\"lazy\" decoding=\"async\" src=\"https:\/\/www.convertize.com\/fr\/wp-content\/uploads\/2019\/08\/Effet-des-Cou\u0302ts-Irre\u0301cupe\u0301rables.png\" alt=\"effet des co\u00fbts irr\u00e9cup\u00e9rables\" width=\"800\" height=\"480\" class=\"alignnone wp-image-20002\" \/><\/p>\n<h2>Exemples<\/h2>\n<p>Ce ph\u00e9nom\u00e8ne touche aussi le milieu professionnel comme le montre Daniel Kahneman dans <a href=\"https:\/\/hbr.org\/2011\/06\/the-big-idea-before-you-make-that-big-decision\">un article pour le Harvard Business Review<\/a>. Cet effet peut en effet pousser les <a href=\"https:\/\/www.convertize.com\/fr\/expert-marketing-digital\/#confirmation-bias\">professionnels du marketing<\/a> \u00e0 continuer \u00e0 investir dans une campagne de publicit\u00e9 en ligne qui a d\u00e9j\u00e0 co\u00fbt\u00e9 beaucoup d&rsquo;argent mais qui est inefficace. Il serait plus rationnel d&rsquo;arr\u00eater les frais et d&rsquo;\u00e9viter de perdre davantage de temps et d&rsquo;argent.<\/p>\n<p>Les visiteurs d&rsquo;un site Internet subissent \u00e9galement l&rsquo;Effet des Co\u00fbts Irr\u00e9cup\u00e9rables, en particulier lorsqu&rsquo;ils y passent du temps. Pour \u00e9viter l&rsquo;<a href=\"https:\/\/www.convertize.com\/fr\/abandon-panier\/\">abandon de panier<\/a>, certains professionnels du marketing leur rappellent qu&rsquo;ils ont pass\u00e9 du temps \u00e0 le remplir, en affichant un message lorsqu&rsquo;ils quittent le site par exemple.<\/p>\n<h2>Effet des Co\u00fbts Irr\u00e9cup\u00e9rables<\/h2>\n<p>L&rsquo;Effet des Co\u00fbts Irr\u00e9cup\u00e9rable influence les d\u00e9cisions des utilisateurs et les pousse \u00e0 prendre un certain nombre de d\u00e9cisions pour ne pas avoir l&rsquo;impression d&rsquo;avoir perdu du temps ou de l&rsquo;argent en vain. Prendre en compte cet effet est donc tr\u00e8s utile lorsqu&rsquo;on analyse rationnellement une campagne marketing.<\/p>\n<\/div><\/section>\n<div class=\"social-btn\"><a class=\"col-1 sbtn s-twitter\" onclick=\"popupwindow('https:\/\/twitter.com\/intent\/tweet?text=Effet%20des%20Co\u00fbts%20Irr\u00e9cup\u00e9rables&amp;url=https%3A%2F%2Fwww.convertize.com%2Ffr%2Fglossaire%2Fcouts-irrecuperables%2F&amp;via=convertize','Twitter Follow','600','600')\" href=\"javascript:void(0);\" target=\"_blank\" rel=\"nofollow\"><span>Share on Twitter<\/span><\/a><a class=\"col-1 sbtn s-facebook\" onclick=\"popupwindow('https:\/\/www.facebook.com\/sharer\/sharer.php?u=https%3A%2F%2Fwww.convertize.com%2Ffr%2Fglossaire%2Fcouts-irrecuperables%2F','Facebook Follow','600','600')\" href=\"javascript:void(0);\" target=\"_blank\" rel=\"nofollow\"><span>Share on Facebook<\/span><\/a><a class=\"col-1 sbtn s-linkedin\" onclick=\"popupwindow('https:\/\/www.linkedin.com\/shareArticle?mini=true&url=https%3A%2F%2Fwww.convertize.com%2Ffr%2Fglossaire%2Fcouts-irrecuperables%2F&amp;title=Effet%20des%20Co\u00fbts%20Irr\u00e9cup\u00e9rables&amp;description=L'Effet%20des%20Co\u00fbts%20Irr\u00e9cup\u00e9rables%20d\u00e9crit%20l'influence%20qu'ont%20les%20ressources%20d\u00e9j\u00e0%20investies%20dans%20un%20projet%20sur%20notre%20d\u00e9cision%20de%20continuer%20ou%20non%20ce%20projet.','Linkedin Follow','600','600')\" href=\"javascript:void(0);\" target=\"_blank\" rel=\"nofollow\"><span>Share on Linkedin<\/span><\/a><\/div>","protected":false},"excerpt":{"rendered":"<p><span class=\"rt-reading-time\" style=\"display: block;\"><span class=\"rt-label rt-prefix\">Temps de lecture : <\/span> <span class=\"rt-time\">2<\/span> <span class=\"rt-label rt-postfix\">minutes<\/span><\/span> Share on TwitterShare on FacebookShare on Linkedin<\/p>\n","protected":false},"author":45,"featured_media":0,"parent":18263,"menu_order":0,"comment_status":"closed","ping_status":"closed","template":"page-glossary.php","meta":{"_genesis_hide_title":false,"_genesis_hide_breadcrumbs":false,"_genesis_hide_singular_image":false,"_genesis_hide_footer_widgets":false,"_genesis_custom_body_class":"","_genesis_custom_post_class":"","_genesis_layout":"","footnotes":""},"categories":[],"tags":[],"class_list":{"0":"post-18302","1":"page","2":"type-page","3":"status-publish","5":"entry"},"yoast_head":"<!-- This site is optimized with the Yoast SEO plugin v23.7 - https:\/\/yoast.com\/wordpress\/plugins\/seo\/ -->\n<title>Effet des Co\u00fbts Irr\u00e9cup\u00e9rables - Convertize - Glossaire de Neuromarketing<\/title>\n<meta name=\"description\" content=\"L&#039;Effet des Co\u00fbts Irr\u00e9cup\u00e9rables d\u00e9crit l&#039;influence qu&#039;ont les ressources d\u00e9j\u00e0 investies dans un projet sur notre d\u00e9cision de continuer ou non ce projet.\" \/>\n<meta name=\"robots\" content=\"index, follow, max-snippet:-1, max-image-preview:large, max-video-preview:-1\" \/>\n<link rel=\"canonical\" href=\"https:\/\/www.convertize.com\/fr\/glossaire\/couts-irrecuperables\/\" \/>\n<meta property=\"og:locale\" content=\"fr_FR\" \/>\n<meta property=\"og:type\" content=\"article\" \/>\n<meta property=\"og:title\" content=\"Effet des Co\u00fbts Irr\u00e9cup\u00e9rables - Convertize - Glossaire de Neuromarketing\" \/>\n<meta property=\"og:description\" content=\"L&#039;Effet des Co\u00fbts Irr\u00e9cup\u00e9rables d\u00e9crit l&#039;influence qu&#039;ont les ressources d\u00e9j\u00e0 investies dans un projet sur notre d\u00e9cision de continuer ou non ce projet.\" \/>\n<meta property=\"og:url\" content=\"https:\/\/www.convertize.com\/fr\/glossaire\/couts-irrecuperables\/\" \/>\n<meta property=\"og:site_name\" content=\"Convertize\" \/>\n<meta property=\"article:modified_time\" content=\"2019-08-01T13:17:47+00:00\" \/>\n<meta name=\"twitter:card\" content=\"summary_large_image\" \/>\n<meta name=\"twitter:label1\" content=\"Dur\u00e9e de lecture estim\u00e9e\" \/>\n\t<meta name=\"twitter:data1\" content=\"2 minutes\" \/>\n<script type=\"application\/ld+json\" class=\"yoast-schema-graph\">{\"@context\":\"https:\/\/schema.org\",\"@graph\":[{\"@type\":\"WebPage\",\"@id\":\"https:\/\/www.convertize.com\/fr\/glossaire\/couts-irrecuperables\/\",\"url\":\"https:\/\/www.convertize.com\/fr\/glossaire\/couts-irrecuperables\/\",\"name\":\"Effet des Co\u00fbts Irr\u00e9cup\u00e9rables - Convertize - Glossaire de Neuromarketing\",\"isPartOf\":{\"@id\":\"https:\/\/www.convertize.com\/fr\/#website\"},\"datePublished\":\"2019-04-29T14:19:56+00:00\",\"dateModified\":\"2019-08-01T13:17:47+00:00\",\"description\":\"L'Effet des Co\u00fbts Irr\u00e9cup\u00e9rables d\u00e9crit l'influence qu'ont les ressources d\u00e9j\u00e0 investies dans un projet sur notre d\u00e9cision de continuer ou non ce projet.\",\"breadcrumb\":{\"@id\":\"https:\/\/www.convertize.com\/fr\/glossaire\/couts-irrecuperables\/#breadcrumb\"},\"inLanguage\":\"fr-FR\",\"potentialAction\":[{\"@type\":\"ReadAction\",\"target\":[\"https:\/\/www.convertize.com\/fr\/glossaire\/couts-irrecuperables\/\"]}]},{\"@type\":\"BreadcrumbList\",\"@id\":\"https:\/\/www.convertize.com\/fr\/glossaire\/couts-irrecuperables\/#breadcrumb\",\"itemListElement\":[{\"@type\":\"ListItem\",\"position\":1,\"name\":\"Glossaire de Neuromarketing\",\"item\":\"https:\/\/www.convertize.com\/fr\/glossaire\/\"},{\"@type\":\"ListItem\",\"position\":2,\"name\":\"Effet des Co\u00fbts Irr\u00e9cup\u00e9rables\"}]},{\"@type\":\"WebSite\",\"@id\":\"https:\/\/www.convertize.com\/fr\/#website\",\"url\":\"https:\/\/www.convertize.com\/fr\/\",\"name\":\"Convertize\",\"description\":\"May 2026\",\"potentialAction\":[{\"@type\":\"SearchAction\",\"target\":{\"@type\":\"EntryPoint\",\"urlTemplate\":\"https:\/\/www.convertize.com\/fr\/?s={search_term_string}\"},\"query-input\":{\"@type\":\"PropertyValueSpecification\",\"valueRequired\":true,\"valueName\":\"search_term_string\"}}],\"inLanguage\":\"fr-FR\"}]}<\/script>\n<!-- \/ Yoast SEO plugin. -->","yoast_head_json":{"title":"Effet des Co\u00fbts Irr\u00e9cup\u00e9rables - Convertize - Glossaire de Neuromarketing","description":"L'Effet des Co\u00fbts Irr\u00e9cup\u00e9rables d\u00e9crit l'influence qu'ont les ressources d\u00e9j\u00e0 investies dans un projet sur notre d\u00e9cision de continuer ou non ce projet.","robots":{"index":"index","follow":"follow","max-snippet":"max-snippet:-1","max-image-preview":"max-image-preview:large","max-video-preview":"max-video-preview:-1"},"canonical":"https:\/\/www.convertize.com\/fr\/glossaire\/couts-irrecuperables\/","og_locale":"fr_FR","og_type":"article","og_title":"Effet des Co\u00fbts Irr\u00e9cup\u00e9rables - Convertize - Glossaire de Neuromarketing","og_description":"L'Effet des Co\u00fbts Irr\u00e9cup\u00e9rables d\u00e9crit l'influence qu'ont les ressources d\u00e9j\u00e0 investies dans un projet sur notre d\u00e9cision de continuer ou non ce projet.","og_url":"https:\/\/www.convertize.com\/fr\/glossaire\/couts-irrecuperables\/","og_site_name":"Convertize","article_modified_time":"2019-08-01T13:17:47+00:00","twitter_card":"summary_large_image","twitter_misc":{"Dur\u00e9e de lecture estim\u00e9e":"2 minutes"},"schema":{"@context":"https:\/\/schema.org","@graph":[{"@type":"WebPage","@id":"https:\/\/www.convertize.com\/fr\/glossaire\/couts-irrecuperables\/","url":"https:\/\/www.convertize.com\/fr\/glossaire\/couts-irrecuperables\/","name":"Effet des Co\u00fbts Irr\u00e9cup\u00e9rables - Convertize - Glossaire de Neuromarketing","isPartOf":{"@id":"https:\/\/www.convertize.com\/fr\/#website"},"datePublished":"2019-04-29T14:19:56+00:00","dateModified":"2019-08-01T13:17:47+00:00","description":"L'Effet des Co\u00fbts Irr\u00e9cup\u00e9rables d\u00e9crit l'influence qu'ont les ressources d\u00e9j\u00e0 investies dans un projet sur notre d\u00e9cision de continuer ou non ce projet.","breadcrumb":{"@id":"https:\/\/www.convertize.com\/fr\/glossaire\/couts-irrecuperables\/#breadcrumb"},"inLanguage":"fr-FR","potentialAction":[{"@type":"ReadAction","target":["https:\/\/www.convertize.com\/fr\/glossaire\/couts-irrecuperables\/"]}]},{"@type":"BreadcrumbList","@id":"https:\/\/www.convertize.com\/fr\/glossaire\/couts-irrecuperables\/#breadcrumb","itemListElement":[{"@type":"ListItem","position":1,"name":"Glossaire de Neuromarketing","item":"https:\/\/www.convertize.com\/fr\/glossaire\/"},{"@type":"ListItem","position":2,"name":"Effet des Co\u00fbts Irr\u00e9cup\u00e9rables"}]},{"@type":"WebSite","@id":"https:\/\/www.convertize.com\/fr\/#website","url":"https:\/\/www.convertize.com\/fr\/","name":"Convertize","description":"May 2026","potentialAction":[{"@type":"SearchAction","target":{"@type":"EntryPoint","urlTemplate":"https:\/\/www.convertize.com\/fr\/?s={search_term_string}"},"query-input":{"@type":"PropertyValueSpecification","valueRequired":true,"valueName":"search_term_string"}}],"inLanguage":"fr-FR"}]}},"_links":{"self":[{"href":"https:\/\/www.convertize.com\/fr\/wp-json\/wp\/v2\/pages\/18302"}],"collection":[{"href":"https:\/\/www.convertize.com\/fr\/wp-json\/wp\/v2\/pages"}],"about":[{"href":"https:\/\/www.convertize.com\/fr\/wp-json\/wp\/v2\/types\/page"}],"author":[{"embeddable":true,"href":"https:\/\/www.convertize.com\/fr\/wp-json\/wp\/v2\/users\/45"}],"replies":[{"embeddable":true,"href":"https:\/\/www.convertize.com\/fr\/wp-json\/wp\/v2\/comments?post=18302"}],"version-history":[{"count":0,"href":"https:\/\/www.convertize.com\/fr\/wp-json\/wp\/v2\/pages\/18302\/revisions"}],"up":[{"embeddable":true,"href":"https:\/\/www.convertize.com\/fr\/wp-json\/wp\/v2\/pages\/18263"}],"wp:attachment":[{"href":"https:\/\/www.convertize.com\/fr\/wp-json\/wp\/v2\/media?parent=18302"}],"wp:term":[{"taxonomy":"category","embeddable":true,"href":"https:\/\/www.convertize.com\/fr\/wp-json\/wp\/v2\/categories?post=18302"},{"taxonomy":"post_tag","embeddable":true,"href":"https:\/\/www.convertize.com\/fr\/wp-json\/wp\/v2\/tags?post=18302"}],"curies":[{"name":"wp","href":"https:\/\/api.w.org\/{rel}","templated":true}]}}