{"id":18306,"date":"2019-04-29T16:18:27","date_gmt":"2019-04-29T14:18:27","guid":{"rendered":"https:\/\/www.convertize.com\/fr\/?page_id=18306"},"modified":"2019-07-29T10:47:02","modified_gmt":"2019-07-29T08:47:02","slug":"douleur-de-payer","status":"publish","type":"page","link":"https:\/\/www.convertize.com\/fr\/glossaire\/douleur-de-payer\/","title":{"rendered":"Douleur de Payer"},"content":{"rendered":"<span class=\"rt-reading-time\" style=\"display: block;\"><span class=\"rt-label rt-prefix\">Temps de lecture : <\/span> <span class=\"rt-time\">3<\/span> <span class=\"rt-label rt-postfix\">minutes<\/span><\/span><section class=\"glossary-definition-text container\"><div class=\"col-xs-12\">\n<h2>Qu&rsquo;est-ce que la Douleur de Payer ?<\/h2>\n<p>Le principe de Douleur de Payer (Pain of Paying) explique le lien psychologique qui existe entre le plaisir d\u2019acheter et d\u2019utiliser quelque chose, et le moment d\u00e9sagr\u00e9able o\u00f9 nous payons pour cette chose. Autrement dit, nous n\u2019aimons pas d\u00e9penser de l\u2019argent et le simple fait de payer r\u00e9duit notre plaisir d\u2019achat. Payer provoque un sentiment d\u00e9sagr\u00e9able et active en nous les m\u00eames zones c\u00e9r\u00e9brales que celles \u00e0 l\u2019origine des \u00e9motions de d\u00e9go\u00fbt et de douleur\u00a0<a href=\"https:\/\/faculty.insead.edu\/hilke-plassmann\/documents\/Mazar_Plassmann_et%20al%20POP_WP_under%20review.pdf\">selon les chercheurs<\/a>.<\/p>\n<p>Plus le <a href=\"https:\/\/www.convertize.com\/fr\/optimiser-page-de-paiement\/\">processus de paiement<\/a> est clair, tangible et difficile, moins nous ressentirons de plaisir \u00e0 acheter. Toutefois, plus le processus est rapide et simple, plus nous serons susceptibles de nous focaliser sur la chose que nous avons achet\u00e9e et non le paiement en lui-m\u00eame. Par exemple, on peut r\u00e9duire la Douleur de Payer en autorisant les clients \u00e0 payer avec une carte de cr\u00e9dit : le paiement plus rapide et le d\u00e9tachement \u00e9motionnel relatif li\u00e9 \u00e0 la carte de cr\u00e9dit permettent de cr\u00e9er une transaction relativement sans douleur.<\/p>\n<h2>Exemples<\/h2>\n<p>Certains sites proposent des paiements rapides ou m\u00eame en un clic d\u00e8s lors qu&rsquo;on cr\u00e9e un compte qui sauvegarde nos coordonn\u00e9es, ce qui permet de diminuer la Douleur de Payer. Par exemple, lorsque nous achetons de la musique ou un film sur iTunes, il n&rsquo;est mentionn\u00e9 nulle part que nous payons. Nous cliquons simplement sur le bouton \u00ab\u00a0t\u00e9l\u00e9charger\u00a0\u00bb et nos coordonn\u00e9es bancaires \u00e9tant sauvegard\u00e9es, le paiement est automatique ce qui le rend moins visible et tangible.<\/p>\n<p><img loading=\"lazy\" decoding=\"async\" src=\"https:\/\/www.convertize.com\/fr\/wp-content\/uploads\/2019\/07\/Douleur-de-Payer.png\" alt=\"douleur de payer\" width=\"800\" height=\"400\" class=\"wp-image-19939 aligncenter\" \/><\/p>\n<p>Proposer des achats group\u00e9s est \u00e9galement un moyen de r\u00e9duire la douleur des acheteurs. En combinant des produits dans une seule transaction, le processus de paiement est acc\u00e9l\u00e9r\u00e9. Cette strat\u00e9gie r\u00e9duit \u00e9galement le co\u00fbt de chaque produit individuel et vous permet de proposer des r\u00e9ductions plus importantes sur le prix final.<\/p>\n<h2>La Douleur de Payer en Marketing<\/h2>\n<p>Il existe un certain nombre de moyens de concevoir les pages de votre site afin de r\u00e9duire la douleur de payer. Ces techniques sont tr\u00e8s utilis\u00e9es par des sites de e-commerce majeurs comme Amazon, Nike et <a href=\"https:\/\/www.convertize.com\/fr\/taux-conversion-shopify\/\">Shopify<\/a> ainsi que pour des produits Saas tels que Livechat et Survey Monkey.<\/p>\n<ol>\n<li><strong>Offrir des essais gratuits<\/strong><br \/>\nIl s&rsquo;agit sans doute de la tactique la plus \u00e9vidente. Les clients peuvent ainsi se rendre compte des b\u00e9n\u00e9fices apport\u00e9s par votre produit\/service sans avoir \u00e0 d\u00e9bourser de l&rsquo;argent.<\/li>\n<li><strong>Afficher clairement la politique de remboursement<\/strong><br \/>\nL&rsquo;acheteur aura moins l&rsquo;impression de s&rsquo;engager en achetant le produit ou service car il sera en mesure de r\u00e9cup\u00e9rer son argent si besoin. L&rsquo;achat para\u00eet donc moins risqu\u00e9.<\/li>\n<li><strong>Offrir des retours gratuits<\/strong><br \/>\nLe co\u00fbt que l&rsquo;on doit payer pour renvoyer un produit peut \u00eatre aussi dissuasif que l&rsquo;achat lui-m\u00eame. Offrir des retours gratuits permet donc aux acheteurs de r\u00e9cup\u00e9rer leur argent sans d\u00e9penser un sou de plus.<\/li>\n<li><strong>Demander les coordonn\u00e9es bancaires apr\u00e8s les informations de facturation<\/strong><br \/>\nDemander des informations simples en premier, qui peuvent m\u00eame \u00eatre autocompl\u00e9t\u00e9es, permet de faire en sorte que l&rsquo;acheteur se sente davantage engag\u00e9 et motiv\u00e9 au moment de remplir les coordonn\u00e9es bancaires.<\/li>\n<li><strong>\u00c9viter les symboles de devises (ou r\u00e9duire la taille de la police)<\/strong><br \/>\nSupprimer le symbole de la devise r\u00e9duit les associations avec l&rsquo;argent. Si le site propose diff\u00e9rentes devises, r\u00e9duire la taille du symbole joue le m\u00eame effet.<\/li>\n<li><strong>Rassurer le visiteur en affichant des symboles de confiance utilis\u00e9s en e-commerce<\/strong><br \/>\nIl s&rsquo;agit d&rsquo;un moyen simple de rassurer les clients et d&rsquo;affirmer que leur paiement et surtout leurs coordonn\u00e9es bancaires sont trait\u00e9s de mani\u00e8re s\u00e9curis\u00e9e (par exemple, Norton ou TRUSTe).<\/li>\n<\/ol>\n<h2>Douleur de Payer<\/h2>\n<p>En r\u00e9duisant la Douleur de Payer, vous pouvez faire dispara\u00eetre les sentiments n\u00e9gatifs qui assaillent vos visiteurs et les dissuadent de passer \u00e0 l&rsquo;achat. En apportant quelques changements \u00e0 votre strat\u00e9gie de marketing digital, vous pouvez am\u00e9liorer vos <a href=\"https:\/\/www.convertize.com\/fr\/taux-conversion-e-commerce\/\">taux de conversion<\/a> de fa\u00e7on significative.<\/p>\n<\/div><\/section>\n<div class=\"social-btn\"><a class=\"col-1 sbtn s-twitter\" onclick=\"popupwindow('https:\/\/twitter.com\/intent\/tweet?text=Douleur%20de%20Payer&amp;url=https%3A%2F%2Fwww.convertize.com%2Ffr%2Fglossaire%2Fdouleur-de-payer%2F&amp;via=convertize','Twitter Follow','600','600')\" href=\"javascript:void(0);\" target=\"_blank\" rel=\"nofollow\"><span>Share on Twitter<\/span><\/a><a class=\"col-1 sbtn s-facebook\" onclick=\"popupwindow('https:\/\/www.facebook.com\/sharer\/sharer.php?u=https%3A%2F%2Fwww.convertize.com%2Ffr%2Fglossaire%2Fdouleur-de-payer%2F','Facebook Follow','600','600')\" href=\"javascript:void(0);\" target=\"_blank\" rel=\"nofollow\"><span>Share on Facebook<\/span><\/a><a class=\"col-1 sbtn s-linkedin\" onclick=\"popupwindow('https:\/\/www.linkedin.com\/shareArticle?mini=true&url=https%3A%2F%2Fwww.convertize.com%2Ffr%2Fglossaire%2Fdouleur-de-payer%2F&amp;title=Douleur%20de%20Payer&amp;description=La%20Douleur%20de%20Payer%20correspond%20au%20sentiment%20d\u00e9sagr\u00e9able%20que%20nous%20ressentons%20lorsque%20nous%20d\u00e9pensons%20de%20l'argent,%20ce%20qui%20diminue%20notre%20satisfaction.','Linkedin Follow','600','600')\" href=\"javascript:void(0);\" target=\"_blank\" rel=\"nofollow\"><span>Share on Linkedin<\/span><\/a><\/div>","protected":false},"excerpt":{"rendered":"<p><span class=\"rt-reading-time\" style=\"display: block;\"><span class=\"rt-label rt-prefix\">Temps de lecture : <\/span> <span class=\"rt-time\">3<\/span> <span class=\"rt-label rt-postfix\">minutes<\/span><\/span> Share on TwitterShare on FacebookShare on Linkedin<\/p>\n","protected":false},"author":45,"featured_media":0,"parent":18263,"menu_order":0,"comment_status":"closed","ping_status":"closed","template":"page-glossary.php","meta":{"_genesis_hide_title":false,"_genesis_hide_breadcrumbs":false,"_genesis_hide_singular_image":false,"_genesis_hide_footer_widgets":false,"_genesis_custom_body_class":"","_genesis_custom_post_class":"","_genesis_layout":"","footnotes":""},"categories":[],"tags":[],"class_list":{"0":"post-18306","1":"page","2":"type-page","3":"status-publish","5":"entry"},"yoast_head":"<!-- This site is optimized with the Yoast SEO plugin v23.7 - https:\/\/yoast.com\/wordpress\/plugins\/seo\/ -->\n<title>Douleur de Payer - Convertize - Glossaire de Neuromarketing<\/title>\n<meta name=\"description\" content=\"La Douleur de Payer correspond au sentiment d\u00e9sagr\u00e9able que nous ressentons lorsque nous d\u00e9pensons de l&#039;argent, ce qui diminue notre satisfaction.\" \/>\n<meta name=\"robots\" content=\"index, follow, max-snippet:-1, max-image-preview:large, max-video-preview:-1\" \/>\n<link rel=\"canonical\" href=\"https:\/\/www.convertize.com\/fr\/glossaire\/douleur-de-payer\/\" \/>\n<meta property=\"og:locale\" content=\"fr_FR\" \/>\n<meta property=\"og:type\" content=\"article\" \/>\n<meta property=\"og:title\" content=\"Douleur de Payer - Convertize - Glossaire de Neuromarketing\" \/>\n<meta property=\"og:description\" content=\"La Douleur de Payer correspond au sentiment d\u00e9sagr\u00e9able que nous ressentons lorsque nous d\u00e9pensons de l&#039;argent, ce qui diminue notre satisfaction.\" \/>\n<meta property=\"og:url\" content=\"https:\/\/www.convertize.com\/fr\/glossaire\/douleur-de-payer\/\" \/>\n<meta property=\"og:site_name\" content=\"Convertize\" \/>\n<meta property=\"article:modified_time\" content=\"2019-07-29T08:47:02+00:00\" \/>\n<meta property=\"og:image\" content=\"https:\/\/www.convertize.com\/fr\/wp-content\/uploads\/2019\/07\/Douleur-de-Payer.png\" \/>\n\t<meta property=\"og:image:width\" content=\"2000\" \/>\n\t<meta property=\"og:image:height\" content=\"1000\" \/>\n\t<meta property=\"og:image:type\" content=\"image\/png\" \/>\n<meta name=\"twitter:card\" content=\"summary_large_image\" \/>\n<meta name=\"twitter:label1\" content=\"Dur\u00e9e de lecture estim\u00e9e\" \/>\n\t<meta name=\"twitter:data1\" content=\"4 minutes\" \/>\n<script type=\"application\/ld+json\" class=\"yoast-schema-graph\">{\"@context\":\"https:\/\/schema.org\",\"@graph\":[{\"@type\":\"WebPage\",\"@id\":\"https:\/\/www.convertize.com\/fr\/glossaire\/douleur-de-payer\/\",\"url\":\"https:\/\/www.convertize.com\/fr\/glossaire\/douleur-de-payer\/\",\"name\":\"Douleur de Payer - Convertize - Glossaire de Neuromarketing\",\"isPartOf\":{\"@id\":\"https:\/\/www.convertize.com\/fr\/#website\"},\"primaryImageOfPage\":{\"@id\":\"https:\/\/www.convertize.com\/fr\/glossaire\/douleur-de-payer\/#primaryimage\"},\"image\":{\"@id\":\"https:\/\/www.convertize.com\/fr\/glossaire\/douleur-de-payer\/#primaryimage\"},\"thumbnailUrl\":\"https:\/\/www.convertize.com\/fr\/wp-content\/uploads\/2019\/07\/Douleur-de-Payer.png\",\"datePublished\":\"2019-04-29T14:18:27+00:00\",\"dateModified\":\"2019-07-29T08:47:02+00:00\",\"description\":\"La Douleur de Payer correspond au sentiment d\u00e9sagr\u00e9able que nous ressentons lorsque nous d\u00e9pensons de l'argent, ce qui diminue notre satisfaction.\",\"breadcrumb\":{\"@id\":\"https:\/\/www.convertize.com\/fr\/glossaire\/douleur-de-payer\/#breadcrumb\"},\"inLanguage\":\"fr-FR\",\"potentialAction\":[{\"@type\":\"ReadAction\",\"target\":[\"https:\/\/www.convertize.com\/fr\/glossaire\/douleur-de-payer\/\"]}]},{\"@type\":\"ImageObject\",\"inLanguage\":\"fr-FR\",\"@id\":\"https:\/\/www.convertize.com\/fr\/glossaire\/douleur-de-payer\/#primaryimage\",\"url\":\"https:\/\/www.convertize.com\/fr\/wp-content\/uploads\/2019\/07\/Douleur-de-Payer.png\",\"contentUrl\":\"https:\/\/www.convertize.com\/fr\/wp-content\/uploads\/2019\/07\/Douleur-de-Payer.png\",\"width\":2000,\"height\":1000,\"caption\":\"douleur de payer\"},{\"@type\":\"BreadcrumbList\",\"@id\":\"https:\/\/www.convertize.com\/fr\/glossaire\/douleur-de-payer\/#breadcrumb\",\"itemListElement\":[{\"@type\":\"ListItem\",\"position\":1,\"name\":\"Glossaire de Neuromarketing\",\"item\":\"https:\/\/www.convertize.com\/fr\/glossaire\/\"},{\"@type\":\"ListItem\",\"position\":2,\"name\":\"Douleur de Payer\"}]},{\"@type\":\"WebSite\",\"@id\":\"https:\/\/www.convertize.com\/fr\/#website\",\"url\":\"https:\/\/www.convertize.com\/fr\/\",\"name\":\"Convertize\",\"description\":\"April 2026\",\"potentialAction\":[{\"@type\":\"SearchAction\",\"target\":{\"@type\":\"EntryPoint\",\"urlTemplate\":\"https:\/\/www.convertize.com\/fr\/?s={search_term_string}\"},\"query-input\":{\"@type\":\"PropertyValueSpecification\",\"valueRequired\":true,\"valueName\":\"search_term_string\"}}],\"inLanguage\":\"fr-FR\"}]}<\/script>\n<!-- \/ Yoast SEO plugin. -->","yoast_head_json":{"title":"Douleur de Payer - Convertize - Glossaire de Neuromarketing","description":"La Douleur de Payer correspond au sentiment d\u00e9sagr\u00e9able que nous ressentons lorsque nous d\u00e9pensons de l'argent, ce qui diminue notre satisfaction.","robots":{"index":"index","follow":"follow","max-snippet":"max-snippet:-1","max-image-preview":"max-image-preview:large","max-video-preview":"max-video-preview:-1"},"canonical":"https:\/\/www.convertize.com\/fr\/glossaire\/douleur-de-payer\/","og_locale":"fr_FR","og_type":"article","og_title":"Douleur de Payer - Convertize - Glossaire de Neuromarketing","og_description":"La Douleur de Payer correspond au sentiment d\u00e9sagr\u00e9able que nous ressentons lorsque nous d\u00e9pensons de l'argent, ce qui diminue notre satisfaction.","og_url":"https:\/\/www.convertize.com\/fr\/glossaire\/douleur-de-payer\/","og_site_name":"Convertize","article_modified_time":"2019-07-29T08:47:02+00:00","og_image":[{"width":2000,"height":1000,"url":"https:\/\/www.convertize.com\/fr\/wp-content\/uploads\/2019\/07\/Douleur-de-Payer.png","type":"image\/png"}],"twitter_card":"summary_large_image","twitter_misc":{"Dur\u00e9e de lecture estim\u00e9e":"4 minutes"},"schema":{"@context":"https:\/\/schema.org","@graph":[{"@type":"WebPage","@id":"https:\/\/www.convertize.com\/fr\/glossaire\/douleur-de-payer\/","url":"https:\/\/www.convertize.com\/fr\/glossaire\/douleur-de-payer\/","name":"Douleur de Payer - Convertize - Glossaire de Neuromarketing","isPartOf":{"@id":"https:\/\/www.convertize.com\/fr\/#website"},"primaryImageOfPage":{"@id":"https:\/\/www.convertize.com\/fr\/glossaire\/douleur-de-payer\/#primaryimage"},"image":{"@id":"https:\/\/www.convertize.com\/fr\/glossaire\/douleur-de-payer\/#primaryimage"},"thumbnailUrl":"https:\/\/www.convertize.com\/fr\/wp-content\/uploads\/2019\/07\/Douleur-de-Payer.png","datePublished":"2019-04-29T14:18:27+00:00","dateModified":"2019-07-29T08:47:02+00:00","description":"La Douleur de Payer correspond au sentiment d\u00e9sagr\u00e9able que nous ressentons lorsque nous d\u00e9pensons de l'argent, ce qui diminue notre satisfaction.","breadcrumb":{"@id":"https:\/\/www.convertize.com\/fr\/glossaire\/douleur-de-payer\/#breadcrumb"},"inLanguage":"fr-FR","potentialAction":[{"@type":"ReadAction","target":["https:\/\/www.convertize.com\/fr\/glossaire\/douleur-de-payer\/"]}]},{"@type":"ImageObject","inLanguage":"fr-FR","@id":"https:\/\/www.convertize.com\/fr\/glossaire\/douleur-de-payer\/#primaryimage","url":"https:\/\/www.convertize.com\/fr\/wp-content\/uploads\/2019\/07\/Douleur-de-Payer.png","contentUrl":"https:\/\/www.convertize.com\/fr\/wp-content\/uploads\/2019\/07\/Douleur-de-Payer.png","width":2000,"height":1000,"caption":"douleur de payer"},{"@type":"BreadcrumbList","@id":"https:\/\/www.convertize.com\/fr\/glossaire\/douleur-de-payer\/#breadcrumb","itemListElement":[{"@type":"ListItem","position":1,"name":"Glossaire de Neuromarketing","item":"https:\/\/www.convertize.com\/fr\/glossaire\/"},{"@type":"ListItem","position":2,"name":"Douleur de Payer"}]},{"@type":"WebSite","@id":"https:\/\/www.convertize.com\/fr\/#website","url":"https:\/\/www.convertize.com\/fr\/","name":"Convertize","description":"April 2026","potentialAction":[{"@type":"SearchAction","target":{"@type":"EntryPoint","urlTemplate":"https:\/\/www.convertize.com\/fr\/?s={search_term_string}"},"query-input":{"@type":"PropertyValueSpecification","valueRequired":true,"valueName":"search_term_string"}}],"inLanguage":"fr-FR"}]}},"_links":{"self":[{"href":"https:\/\/www.convertize.com\/fr\/wp-json\/wp\/v2\/pages\/18306"}],"collection":[{"href":"https:\/\/www.convertize.com\/fr\/wp-json\/wp\/v2\/pages"}],"about":[{"href":"https:\/\/www.convertize.com\/fr\/wp-json\/wp\/v2\/types\/page"}],"author":[{"embeddable":true,"href":"https:\/\/www.convertize.com\/fr\/wp-json\/wp\/v2\/users\/45"}],"replies":[{"embeddable":true,"href":"https:\/\/www.convertize.com\/fr\/wp-json\/wp\/v2\/comments?post=18306"}],"version-history":[{"count":0,"href":"https:\/\/www.convertize.com\/fr\/wp-json\/wp\/v2\/pages\/18306\/revisions"}],"up":[{"embeddable":true,"href":"https:\/\/www.convertize.com\/fr\/wp-json\/wp\/v2\/pages\/18263"}],"wp:attachment":[{"href":"https:\/\/www.convertize.com\/fr\/wp-json\/wp\/v2\/media?parent=18306"}],"wp:term":[{"taxonomy":"category","embeddable":true,"href":"https:\/\/www.convertize.com\/fr\/wp-json\/wp\/v2\/categories?post=18306"},{"taxonomy":"post_tag","embeddable":true,"href":"https:\/\/www.convertize.com\/fr\/wp-json\/wp\/v2\/tags?post=18306"}],"curies":[{"name":"wp","href":"https:\/\/api.w.org\/{rel}","templated":true}]}}