{"id":18315,"date":"2019-04-29T16:26:33","date_gmt":"2019-04-29T14:26:33","guid":{"rendered":"https:\/\/www.convertize.com\/fr\/?page_id=18315"},"modified":"2019-06-05T13:25:00","modified_gmt":"2019-06-05T11:25:00","slug":"motivation-intrinseque-extrinseque","status":"publish","type":"page","link":"https:\/\/www.convertize.com\/fr\/glossaire\/motivation-intrinseque-extrinseque\/","title":{"rendered":"Motivation Intrins\u00e8que \/ Extrins\u00e8que"},"content":{"rendered":"<span class=\"rt-reading-time\" style=\"display: block;\"><span class=\"rt-label rt-prefix\">Temps de lecture : <\/span> <span class=\"rt-time\">2<\/span> <span class=\"rt-label rt-postfix\">minutes<\/span><\/span><section class=\"glossary-definition-text container\"><div class=\"col-xs-12\">\n<h2>Qu&rsquo;est-ce que la Motivation ?<\/h2>\n<p>Le\u00a0principe de Motivation Intrins\u00e8que et Extrins\u00e8que\u00a0d\u00e9montre que la motivation peut se quantifier selon son \u00e9chelle\u00a0d\u2019intensit\u00e9 (\u00eatre peu ou tr\u00e8s motiv\u00e9, par exemple), mais aussi se d\u00e9composer selon\u00a0les facteurs qui la provoquent.<\/p>\n<h3>Motivation Extrins\u00e8que<\/h3>\n<p>Lorsque la motivation est induite par un facteur\u00a0externe (r\u00e9compense, pression sociale, obtention de l\u2019approbation d\u2019un tiers, etc.),\u00a0on consid\u00e8re qu&rsquo;il s&rsquo;agit d&rsquo;une Motivation Extrins\u00e8que. Les r\u00e9compenses mat\u00e9rielles, l&rsquo;approbation sociale ou les plaisirs physiques sont des exemples de sources de Motivation Extrins\u00e8que.<\/p>\n<h3>Motivation Intrins\u00e8que<\/h3>\n<p>A l\u2019inverse, la Motivation Intrins\u00e8que provient des d\u00e9sirs ou besoins internes. Ce sont des sources de motivations hautement individuelles, li\u00e9es \u00e0 la vision qu&rsquo;un individu a de lui-m\u00eame. Acqu\u00e9rir une nouvelle comp\u00e9tence pour le plaisir, remplir un engagement moral, nouer des liens avec d&rsquo;autres personnes ou accomplir une t\u00e2che difficile sont des exemples de sources de Motivation Intrins\u00e8que.<\/p>\n<p><img loading=\"lazy\" decoding=\"async\" src=\"https:\/\/www.convertize.com\/fr\/wp-content\/uploads\/2019\/05\/motivation-intrinse\u0300que-extrinse\u0300que-e1557847627717.png\" alt=\"sources de motivation intrins\u00e8que et de motivation extrins\u00e8que\" width=\"800\" height=\"493\" class=\"wp-image-18891 aligncenter\" \/><\/p>\n<h2>Exemples<\/h2>\n<p>En fonction du contexte et de l\u2019action, l\u2019une ou l\u2019autre des motivations peut \u00eatre plus efficace. En effet, la motivation extrins\u00e8que peut \u00eatre\u00a0un facteur tr\u00e8s puissant de motivation pour engager l\u2019individu \u00e0 r\u00e9aliser une t\u00e2che\u00a0simple. Par contre, cette forme de motivation peut entraver la cr\u00e9ativit\u00e9 de l\u2019individu,\u00a0ou \u00eatre moins efficace que la motivation intrins\u00e8que vis-\u00ad\u00e0-vis d\u2019une t\u00e2che complexe.<\/p>\n<h2>Motivation Intrins\u00e8que\/Extrins\u00e8que<\/h2>\n<p>Comprendre ce qui peut motiver les visiteurs de votre site \u00e0 accomplir une t\u00e2che pr\u00e9cise ou \u00e0 acheter un produit est primordial pour les marketeurs. En apportant quelques petits changements \u00e0 votre strat\u00e9gie de marketing digital, vous pouvez augmenter vos <a href=\"https:\/\/www.convertize.com\/fr\/taux-conversion-e-commerce\/\">taux de conversion<\/a>.<\/p>\n<\/div><\/section>\n<div class=\"social-btn\"><a class=\"col-1 sbtn s-twitter\" onclick=\"popupwindow('https:\/\/twitter.com\/intent\/tweet?text=Motivation%20Intrins\u00e8que%20\/%20Extrins\u00e8que&amp;url=https%3A%2F%2Fwww.convertize.com%2Ffr%2Fglossaire%2Fmotivation-intrinseque-extrinseque%2F&amp;via=convertize','Twitter Follow','600','600')\" href=\"javascript:void(0);\" target=\"_blank\" rel=\"nofollow\"><span>Share on Twitter<\/span><\/a><a class=\"col-1 sbtn s-facebook\" onclick=\"popupwindow('https:\/\/www.facebook.com\/sharer\/sharer.php?u=https%3A%2F%2Fwww.convertize.com%2Ffr%2Fglossaire%2Fmotivation-intrinseque-extrinseque%2F','Facebook Follow','600','600')\" href=\"javascript:void(0);\" target=\"_blank\" rel=\"nofollow\"><span>Share on Facebook<\/span><\/a><a class=\"col-1 sbtn s-linkedin\" onclick=\"popupwindow('https:\/\/www.linkedin.com\/shareArticle?mini=true&url=https%3A%2F%2Fwww.convertize.com%2Ffr%2Fglossaire%2Fmotivation-intrinseque-extrinseque%2F&amp;title=Motivation%20Intrins\u00e8que%20\/%20Extrins\u00e8que&amp;description=','Linkedin Follow','600','600')\" href=\"javascript:void(0);\" target=\"_blank\" rel=\"nofollow\"><span>Share on Linkedin<\/span><\/a><\/div>","protected":false},"excerpt":{"rendered":"<p><span class=\"rt-reading-time\" style=\"display: block;\"><span class=\"rt-label rt-prefix\">Temps de lecture : <\/span> <span class=\"rt-time\">2<\/span> <span class=\"rt-label rt-postfix\">minutes<\/span><\/span> Share on TwitterShare on FacebookShare on Linkedin<\/p>\n","protected":false},"author":45,"featured_media":0,"parent":18263,"menu_order":0,"comment_status":"closed","ping_status":"closed","template":"page-glossary.php","meta":{"_genesis_hide_title":false,"_genesis_hide_breadcrumbs":false,"_genesis_hide_singular_image":false,"_genesis_hide_footer_widgets":false,"_genesis_custom_body_class":"","_genesis_custom_post_class":"","_genesis_layout":"","footnotes":""},"categories":[],"tags":[],"class_list":{"0":"post-18315","1":"page","2":"type-page","3":"status-publish","5":"entry"},"yoast_head":"<!-- This site is optimized with the Yoast SEO plugin v23.7 - https:\/\/yoast.com\/wordpress\/plugins\/seo\/ -->\n<title>Motivation Intrins\u00e8que \/ Extrins\u00e8que - Convertize - Glossaire<\/title>\n<meta name=\"robots\" content=\"index, follow, max-snippet:-1, max-image-preview:large, max-video-preview:-1\" \/>\n<link rel=\"canonical\" href=\"https:\/\/www.convertize.com\/fr\/glossaire\/motivation-intrinseque-extrinseque\/\" \/>\n<meta property=\"og:locale\" content=\"fr_FR\" \/>\n<meta property=\"og:type\" content=\"article\" \/>\n<meta property=\"og:title\" content=\"Motivation Intrins\u00e8que \/ Extrins\u00e8que - Convertize - Glossaire\" \/>\n<meta property=\"og:description\" content=\"Temps de lecture : 2 minutes Share on TwitterShare on FacebookShare on Linkedin\" \/>\n<meta property=\"og:url\" content=\"https:\/\/www.convertize.com\/fr\/glossaire\/motivation-intrinseque-extrinseque\/\" \/>\n<meta property=\"og:site_name\" content=\"Convertize\" \/>\n<meta property=\"article:modified_time\" content=\"2019-06-05T11:25:00+00:00\" \/>\n<meta name=\"twitter:card\" content=\"summary_large_image\" \/>\n<meta name=\"twitter:label1\" content=\"Dur\u00e9e de lecture estim\u00e9e\" \/>\n\t<meta name=\"twitter:data1\" content=\"1 minute\" \/>\n<script type=\"application\/ld+json\" class=\"yoast-schema-graph\">{\"@context\":\"https:\/\/schema.org\",\"@graph\":[{\"@type\":\"WebPage\",\"@id\":\"https:\/\/www.convertize.com\/fr\/glossaire\/motivation-intrinseque-extrinseque\/\",\"url\":\"https:\/\/www.convertize.com\/fr\/glossaire\/motivation-intrinseque-extrinseque\/\",\"name\":\"Motivation Intrins\u00e8que \/ Extrins\u00e8que - Convertize - Glossaire\",\"isPartOf\":{\"@id\":\"https:\/\/www.convertize.com\/fr\/#website\"},\"datePublished\":\"2019-04-29T14:26:33+00:00\",\"dateModified\":\"2019-06-05T11:25:00+00:00\",\"breadcrumb\":{\"@id\":\"https:\/\/www.convertize.com\/fr\/glossaire\/motivation-intrinseque-extrinseque\/#breadcrumb\"},\"inLanguage\":\"fr-FR\",\"potentialAction\":[{\"@type\":\"ReadAction\",\"target\":[\"https:\/\/www.convertize.com\/fr\/glossaire\/motivation-intrinseque-extrinseque\/\"]}]},{\"@type\":\"BreadcrumbList\",\"@id\":\"https:\/\/www.convertize.com\/fr\/glossaire\/motivation-intrinseque-extrinseque\/#breadcrumb\",\"itemListElement\":[{\"@type\":\"ListItem\",\"position\":1,\"name\":\"Glossaire de Neuromarketing\",\"item\":\"https:\/\/www.convertize.com\/fr\/glossaire\/\"},{\"@type\":\"ListItem\",\"position\":2,\"name\":\"Motivation Intrins\u00e8que \/ Extrins\u00e8que\"}]},{\"@type\":\"WebSite\",\"@id\":\"https:\/\/www.convertize.com\/fr\/#website\",\"url\":\"https:\/\/www.convertize.com\/fr\/\",\"name\":\"Convertize\",\"description\":\"May 2026\",\"potentialAction\":[{\"@type\":\"SearchAction\",\"target\":{\"@type\":\"EntryPoint\",\"urlTemplate\":\"https:\/\/www.convertize.com\/fr\/?s={search_term_string}\"},\"query-input\":{\"@type\":\"PropertyValueSpecification\",\"valueRequired\":true,\"valueName\":\"search_term_string\"}}],\"inLanguage\":\"fr-FR\"}]}<\/script>\n<!-- \/ Yoast SEO plugin. -->","yoast_head_json":{"title":"Motivation Intrins\u00e8que \/ Extrins\u00e8que - Convertize - Glossaire","robots":{"index":"index","follow":"follow","max-snippet":"max-snippet:-1","max-image-preview":"max-image-preview:large","max-video-preview":"max-video-preview:-1"},"canonical":"https:\/\/www.convertize.com\/fr\/glossaire\/motivation-intrinseque-extrinseque\/","og_locale":"fr_FR","og_type":"article","og_title":"Motivation Intrins\u00e8que \/ Extrins\u00e8que - Convertize - Glossaire","og_description":"Temps de lecture : 2 minutes Share on TwitterShare on FacebookShare on Linkedin","og_url":"https:\/\/www.convertize.com\/fr\/glossaire\/motivation-intrinseque-extrinseque\/","og_site_name":"Convertize","article_modified_time":"2019-06-05T11:25:00+00:00","twitter_card":"summary_large_image","twitter_misc":{"Dur\u00e9e de lecture estim\u00e9e":"1 minute"},"schema":{"@context":"https:\/\/schema.org","@graph":[{"@type":"WebPage","@id":"https:\/\/www.convertize.com\/fr\/glossaire\/motivation-intrinseque-extrinseque\/","url":"https:\/\/www.convertize.com\/fr\/glossaire\/motivation-intrinseque-extrinseque\/","name":"Motivation Intrins\u00e8que \/ Extrins\u00e8que - Convertize - Glossaire","isPartOf":{"@id":"https:\/\/www.convertize.com\/fr\/#website"},"datePublished":"2019-04-29T14:26:33+00:00","dateModified":"2019-06-05T11:25:00+00:00","breadcrumb":{"@id":"https:\/\/www.convertize.com\/fr\/glossaire\/motivation-intrinseque-extrinseque\/#breadcrumb"},"inLanguage":"fr-FR","potentialAction":[{"@type":"ReadAction","target":["https:\/\/www.convertize.com\/fr\/glossaire\/motivation-intrinseque-extrinseque\/"]}]},{"@type":"BreadcrumbList","@id":"https:\/\/www.convertize.com\/fr\/glossaire\/motivation-intrinseque-extrinseque\/#breadcrumb","itemListElement":[{"@type":"ListItem","position":1,"name":"Glossaire de Neuromarketing","item":"https:\/\/www.convertize.com\/fr\/glossaire\/"},{"@type":"ListItem","position":2,"name":"Motivation Intrins\u00e8que \/ Extrins\u00e8que"}]},{"@type":"WebSite","@id":"https:\/\/www.convertize.com\/fr\/#website","url":"https:\/\/www.convertize.com\/fr\/","name":"Convertize","description":"May 2026","potentialAction":[{"@type":"SearchAction","target":{"@type":"EntryPoint","urlTemplate":"https:\/\/www.convertize.com\/fr\/?s={search_term_string}"},"query-input":{"@type":"PropertyValueSpecification","valueRequired":true,"valueName":"search_term_string"}}],"inLanguage":"fr-FR"}]}},"_links":{"self":[{"href":"https:\/\/www.convertize.com\/fr\/wp-json\/wp\/v2\/pages\/18315"}],"collection":[{"href":"https:\/\/www.convertize.com\/fr\/wp-json\/wp\/v2\/pages"}],"about":[{"href":"https:\/\/www.convertize.com\/fr\/wp-json\/wp\/v2\/types\/page"}],"author":[{"embeddable":true,"href":"https:\/\/www.convertize.com\/fr\/wp-json\/wp\/v2\/users\/45"}],"replies":[{"embeddable":true,"href":"https:\/\/www.convertize.com\/fr\/wp-json\/wp\/v2\/comments?post=18315"}],"version-history":[{"count":0,"href":"https:\/\/www.convertize.com\/fr\/wp-json\/wp\/v2\/pages\/18315\/revisions"}],"up":[{"embeddable":true,"href":"https:\/\/www.convertize.com\/fr\/wp-json\/wp\/v2\/pages\/18263"}],"wp:attachment":[{"href":"https:\/\/www.convertize.com\/fr\/wp-json\/wp\/v2\/media?parent=18315"}],"wp:term":[{"taxonomy":"category","embeddable":true,"href":"https:\/\/www.convertize.com\/fr\/wp-json\/wp\/v2\/categories?post=18315"},{"taxonomy":"post_tag","embeddable":true,"href":"https:\/\/www.convertize.com\/fr\/wp-json\/wp\/v2\/tags?post=18315"}],"curies":[{"name":"wp","href":"https:\/\/api.w.org\/{rel}","templated":true}]}}