{"id":18317,"date":"2019-04-29T16:27:42","date_gmt":"2019-04-29T14:27:42","guid":{"rendered":"https:\/\/www.convertize.com\/fr\/?page_id=18317"},"modified":"2019-07-29T11:43:20","modified_gmt":"2019-07-29T09:43:20","slug":"motivation-incertitude","status":"publish","type":"page","link":"https:\/\/www.convertize.com\/fr\/glossaire\/motivation-incertitude\/","title":{"rendered":"Qu&rsquo;est-ce que la Motivation par l&rsquo;Incertitude ?"},"content":{"rendered":"<span class=\"rt-reading-time\" style=\"display: block;\"><span class=\"rt-label rt-prefix\">Temps de lecture : <\/span> <span class=\"rt-time\">2<\/span> <span class=\"rt-label rt-postfix\">minutes<\/span><\/span><section class=\"glossary-definition-text container\"><div class=\"col-xs-12\">\n<h2>Qu&rsquo;est-ce que la Motivation par l&rsquo;Incertitude ?<\/h2>\n<p>Il est possible de renforcer l&rsquo;attrait d&rsquo;un syst\u00e8me de r\u00e9compenses en lui ajoutant un certain degr\u00e9 d&rsquo;<a href=\"https:\/\/www.convertize.com\/fr\/motivation-par-incertitude-pour-optimiser-conversions-et-booster-ventes\/\">incertitude<\/a>. Cela peut alors renforcer l&rsquo;int\u00e9r\u00eat des individus pour une t\u00e2che et les motiver \u00e0 l&rsquo;accomplir avec succ\u00e8s. Les chercheurs ont ainsi d\u00e9couvert que les syst\u00e8mes \u00e0 r\u00e9compenses variables rendent les jeux et les d\u00e9fis plus stimulants. C&rsquo;est ce que l&rsquo;on appelle la Motivation par l&rsquo;Incertitude.<\/p>\n<p>Malgr\u00e9 les innombrables recherches soulignant notre penchant pour la certitude et notre aversion pour le risque, nous sommes davantage motiv\u00e9s par une r\u00e9compense potentielle que par une r\u00e9compense garantie dans certaines circonstances. Par exemple, des <a href=\"https:\/\/papers.ssrn.com\/sol3\/papers.cfm?abstract_id=2763553\">chercheurs de l&rsquo;Universit\u00e9 de Chicago<\/a> ont d\u00e9couvert que la motivation des participants prenant part \u00e0 une t\u00e2che complexe \u00e9taient plus importante lorsque la r\u00e9compense \u00e9tait de 1$ ou 2$ (50% de chance \u00e0 chaque fois) que lorsque la r\u00e9compense \u00e9tait fix\u00e9e \u00e0 2$.<\/p>\n<p><img loading=\"lazy\" decoding=\"async\" src=\"https:\/\/www.convertize.com\/fr\/wp-content\/uploads\/2019\/07\/Motivation-par-l\u2019Incertitude.png\" alt=\"motivation par l'incertitude\" width=\"800\" height=\"480\" class=\"aligncenter wp-image-19972\" \/><\/p>\n<h2>Exemples<\/h2>\n<p>Lorsque l&rsquo;on propose une r\u00e9compense \u00e0 un consommateur pour l&rsquo;inciter \u00e0 accomplir une action donn\u00e9e, la valeur de la r\u00e9compense peut \u00eatre plus importante \u00e0 ses yeux si elle est variable. Par exemple, plut\u00f4t que d&rsquo;offrir une r\u00e9compense fixe aux personnes participant \u00e0 un sondage, il peut \u00eatre plus efficace de proposer aux participants de prendre part \u00e0 un tirage au sort leur permettant de gagner un prix. De la m\u00eame fa\u00e7on, il peut \u00eatre plus utile de proposer des r\u00e9ductions de prix sous la forme de r\u00e9compenses variables plut\u00f4t que de r\u00e9ductions fixes.<\/p>\n<h2>Motivation par l&rsquo;Incertitude<\/h2>\n<p>La Motivation par l&rsquo;Incertitude provient de nos r\u00e9ponses intuitives et \u00e9motionnelles aux questions de probabilit\u00e9 et de risque. Ajouter les notions de chance et de variabilit\u00e9 aux \u00e9changes avec les consommateurs (aussi connu sous le nom de \u00ab\u00a0gamification\u00a0\u00bb) augmente ainsi l&rsquo;attrait de certaines r\u00e9compenses.<\/p>\n<\/div><\/section>\n<div class=\"social-btn\"><a class=\"col-1 sbtn s-twitter\" onclick=\"popupwindow('https:\/\/twitter.com\/intent\/tweet?text=Qu&rsquo;est-ce%20que%20la%20Motivation%20par%20l&rsquo;Incertitude%20?&amp;url=https%3A%2F%2Fwww.convertize.com%2Ffr%2Fglossaire%2Fmotivation-incertitude%2F&amp;via=convertize','Twitter Follow','600','600')\" href=\"javascript:void(0);\" target=\"_blank\" rel=\"nofollow\"><span>Share on Twitter<\/span><\/a><a class=\"col-1 sbtn s-facebook\" onclick=\"popupwindow('https:\/\/www.facebook.com\/sharer\/sharer.php?u=https%3A%2F%2Fwww.convertize.com%2Ffr%2Fglossaire%2Fmotivation-incertitude%2F','Facebook Follow','600','600')\" href=\"javascript:void(0);\" target=\"_blank\" rel=\"nofollow\"><span>Share on Facebook<\/span><\/a><a class=\"col-1 sbtn s-linkedin\" onclick=\"popupwindow('https:\/\/www.linkedin.com\/shareArticle?mini=true&url=https%3A%2F%2Fwww.convertize.com%2Ffr%2Fglossaire%2Fmotivation-incertitude%2F&amp;title=Qu&rsquo;est-ce%20que%20la%20Motivation%20par%20l&rsquo;Incertitude%20?&amp;description=La%20Motivation%20par%20l'Incertitude%20d\u00e9crit%20la%20tendance%20\u00e0%20\u00eatre%20attir\u00e9%20par%20les%20processus%20offrant%20des%20r\u00e9compenses%20incertaines%20plut\u00f4t%20que%20des%20gains%20fixes.','Linkedin Follow','600','600')\" href=\"javascript:void(0);\" target=\"_blank\" rel=\"nofollow\"><span>Share on Linkedin<\/span><\/a><\/div>","protected":false},"excerpt":{"rendered":"<p><span class=\"rt-reading-time\" style=\"display: block;\"><span class=\"rt-label rt-prefix\">Temps de lecture : <\/span> <span class=\"rt-time\">2<\/span> <span class=\"rt-label rt-postfix\">minutes<\/span><\/span> Share on TwitterShare on FacebookShare on Linkedin<\/p>\n","protected":false},"author":45,"featured_media":0,"parent":18263,"menu_order":0,"comment_status":"closed","ping_status":"closed","template":"page-glossary.php","meta":{"_genesis_hide_title":false,"_genesis_hide_breadcrumbs":false,"_genesis_hide_singular_image":false,"_genesis_hide_footer_widgets":false,"_genesis_custom_body_class":"","_genesis_custom_post_class":"","_genesis_layout":"","footnotes":""},"categories":[],"tags":[],"class_list":{"0":"post-18317","1":"page","2":"type-page","3":"status-publish","5":"entry"},"yoast_head":"<!-- This site is optimized with the Yoast SEO plugin v23.7 - https:\/\/yoast.com\/wordpress\/plugins\/seo\/ -->\n<title>Qu&#039;est-ce que la Motivation par l&#039;Incertitude - Convertize<\/title>\n<meta name=\"description\" content=\"La Motivation par l&#039;Incertitude d\u00e9crit la tendance \u00e0 \u00eatre attir\u00e9 par les processus offrant des r\u00e9compenses incertaines plut\u00f4t que des gains fixes.\" \/>\n<meta name=\"robots\" content=\"index, follow, max-snippet:-1, max-image-preview:large, max-video-preview:-1\" \/>\n<link rel=\"canonical\" href=\"https:\/\/www.convertize.com\/fr\/glossaire\/motivation-incertitude\/\" \/>\n<meta property=\"og:locale\" content=\"fr_FR\" \/>\n<meta property=\"og:type\" content=\"article\" \/>\n<meta property=\"og:title\" content=\"Qu&#039;est-ce que la Motivation par l&#039;Incertitude - Convertize\" \/>\n<meta property=\"og:description\" content=\"La Motivation par l&#039;Incertitude d\u00e9crit la tendance \u00e0 \u00eatre attir\u00e9 par les processus offrant des r\u00e9compenses incertaines plut\u00f4t que des gains fixes.\" \/>\n<meta property=\"og:url\" content=\"https:\/\/www.convertize.com\/fr\/glossaire\/motivation-incertitude\/\" \/>\n<meta property=\"og:site_name\" content=\"Convertize\" \/>\n<meta property=\"article:modified_time\" content=\"2019-07-29T09:43:20+00:00\" \/>\n<meta name=\"twitter:card\" content=\"summary_large_image\" \/>\n<meta name=\"twitter:label1\" content=\"Dur\u00e9e de lecture estim\u00e9e\" \/>\n\t<meta name=\"twitter:data1\" content=\"2 minutes\" \/>\n<script type=\"application\/ld+json\" class=\"yoast-schema-graph\">{\"@context\":\"https:\/\/schema.org\",\"@graph\":[{\"@type\":\"WebPage\",\"@id\":\"https:\/\/www.convertize.com\/fr\/glossaire\/motivation-incertitude\/\",\"url\":\"https:\/\/www.convertize.com\/fr\/glossaire\/motivation-incertitude\/\",\"name\":\"Qu'est-ce que la Motivation par l'Incertitude - Convertize\",\"isPartOf\":{\"@id\":\"https:\/\/www.convertize.com\/fr\/#website\"},\"datePublished\":\"2019-04-29T14:27:42+00:00\",\"dateModified\":\"2019-07-29T09:43:20+00:00\",\"description\":\"La Motivation par l'Incertitude d\u00e9crit la tendance \u00e0 \u00eatre attir\u00e9 par les processus offrant des r\u00e9compenses incertaines plut\u00f4t que des gains fixes.\",\"breadcrumb\":{\"@id\":\"https:\/\/www.convertize.com\/fr\/glossaire\/motivation-incertitude\/#breadcrumb\"},\"inLanguage\":\"fr-FR\",\"potentialAction\":[{\"@type\":\"ReadAction\",\"target\":[\"https:\/\/www.convertize.com\/fr\/glossaire\/motivation-incertitude\/\"]}]},{\"@type\":\"BreadcrumbList\",\"@id\":\"https:\/\/www.convertize.com\/fr\/glossaire\/motivation-incertitude\/#breadcrumb\",\"itemListElement\":[{\"@type\":\"ListItem\",\"position\":1,\"name\":\"Glossaire de Neuromarketing\",\"item\":\"https:\/\/www.convertize.com\/fr\/glossaire\/\"},{\"@type\":\"ListItem\",\"position\":2,\"name\":\"Qu&rsquo;est-ce que la Motivation par l&rsquo;Incertitude ?\"}]},{\"@type\":\"WebSite\",\"@id\":\"https:\/\/www.convertize.com\/fr\/#website\",\"url\":\"https:\/\/www.convertize.com\/fr\/\",\"name\":\"Convertize\",\"description\":\"May 2026\",\"potentialAction\":[{\"@type\":\"SearchAction\",\"target\":{\"@type\":\"EntryPoint\",\"urlTemplate\":\"https:\/\/www.convertize.com\/fr\/?s={search_term_string}\"},\"query-input\":{\"@type\":\"PropertyValueSpecification\",\"valueRequired\":true,\"valueName\":\"search_term_string\"}}],\"inLanguage\":\"fr-FR\"}]}<\/script>\n<!-- \/ Yoast SEO plugin. -->","yoast_head_json":{"title":"Qu'est-ce que la Motivation par l'Incertitude - Convertize","description":"La Motivation par l'Incertitude d\u00e9crit la tendance \u00e0 \u00eatre attir\u00e9 par les processus offrant des r\u00e9compenses incertaines plut\u00f4t que des gains fixes.","robots":{"index":"index","follow":"follow","max-snippet":"max-snippet:-1","max-image-preview":"max-image-preview:large","max-video-preview":"max-video-preview:-1"},"canonical":"https:\/\/www.convertize.com\/fr\/glossaire\/motivation-incertitude\/","og_locale":"fr_FR","og_type":"article","og_title":"Qu'est-ce que la Motivation par l'Incertitude - Convertize","og_description":"La Motivation par l'Incertitude d\u00e9crit la tendance \u00e0 \u00eatre attir\u00e9 par les processus offrant des r\u00e9compenses incertaines plut\u00f4t que des gains fixes.","og_url":"https:\/\/www.convertize.com\/fr\/glossaire\/motivation-incertitude\/","og_site_name":"Convertize","article_modified_time":"2019-07-29T09:43:20+00:00","twitter_card":"summary_large_image","twitter_misc":{"Dur\u00e9e de lecture estim\u00e9e":"2 minutes"},"schema":{"@context":"https:\/\/schema.org","@graph":[{"@type":"WebPage","@id":"https:\/\/www.convertize.com\/fr\/glossaire\/motivation-incertitude\/","url":"https:\/\/www.convertize.com\/fr\/glossaire\/motivation-incertitude\/","name":"Qu'est-ce que la Motivation par l'Incertitude - Convertize","isPartOf":{"@id":"https:\/\/www.convertize.com\/fr\/#website"},"datePublished":"2019-04-29T14:27:42+00:00","dateModified":"2019-07-29T09:43:20+00:00","description":"La Motivation par l'Incertitude d\u00e9crit la tendance \u00e0 \u00eatre attir\u00e9 par les processus offrant des r\u00e9compenses incertaines plut\u00f4t que des gains fixes.","breadcrumb":{"@id":"https:\/\/www.convertize.com\/fr\/glossaire\/motivation-incertitude\/#breadcrumb"},"inLanguage":"fr-FR","potentialAction":[{"@type":"ReadAction","target":["https:\/\/www.convertize.com\/fr\/glossaire\/motivation-incertitude\/"]}]},{"@type":"BreadcrumbList","@id":"https:\/\/www.convertize.com\/fr\/glossaire\/motivation-incertitude\/#breadcrumb","itemListElement":[{"@type":"ListItem","position":1,"name":"Glossaire de Neuromarketing","item":"https:\/\/www.convertize.com\/fr\/glossaire\/"},{"@type":"ListItem","position":2,"name":"Qu&rsquo;est-ce que la Motivation par l&rsquo;Incertitude ?"}]},{"@type":"WebSite","@id":"https:\/\/www.convertize.com\/fr\/#website","url":"https:\/\/www.convertize.com\/fr\/","name":"Convertize","description":"May 2026","potentialAction":[{"@type":"SearchAction","target":{"@type":"EntryPoint","urlTemplate":"https:\/\/www.convertize.com\/fr\/?s={search_term_string}"},"query-input":{"@type":"PropertyValueSpecification","valueRequired":true,"valueName":"search_term_string"}}],"inLanguage":"fr-FR"}]}},"_links":{"self":[{"href":"https:\/\/www.convertize.com\/fr\/wp-json\/wp\/v2\/pages\/18317"}],"collection":[{"href":"https:\/\/www.convertize.com\/fr\/wp-json\/wp\/v2\/pages"}],"about":[{"href":"https:\/\/www.convertize.com\/fr\/wp-json\/wp\/v2\/types\/page"}],"author":[{"embeddable":true,"href":"https:\/\/www.convertize.com\/fr\/wp-json\/wp\/v2\/users\/45"}],"replies":[{"embeddable":true,"href":"https:\/\/www.convertize.com\/fr\/wp-json\/wp\/v2\/comments?post=18317"}],"version-history":[{"count":0,"href":"https:\/\/www.convertize.com\/fr\/wp-json\/wp\/v2\/pages\/18317\/revisions"}],"up":[{"embeddable":true,"href":"https:\/\/www.convertize.com\/fr\/wp-json\/wp\/v2\/pages\/18263"}],"wp:attachment":[{"href":"https:\/\/www.convertize.com\/fr\/wp-json\/wp\/v2\/media?parent=18317"}],"wp:term":[{"taxonomy":"category","embeddable":true,"href":"https:\/\/www.convertize.com\/fr\/wp-json\/wp\/v2\/categories?post=18317"},{"taxonomy":"post_tag","embeddable":true,"href":"https:\/\/www.convertize.com\/fr\/wp-json\/wp\/v2\/tags?post=18317"}],"curies":[{"name":"wp","href":"https:\/\/api.w.org\/{rel}","templated":true}]}}