{"id":18321,"date":"2019-04-29T16:31:27","date_gmt":"2019-04-29T14:31:27","guid":{"rendered":"https:\/\/www.convertize.com\/fr\/?page_id=18321"},"modified":"2019-07-29T11:47:36","modified_gmt":"2019-07-29T09:47:36","slug":"pied-dans-porte","status":"publish","type":"page","link":"https:\/\/www.convertize.com\/fr\/glossaire\/pied-dans-porte\/","title":{"rendered":"Technique du Pied-dans-la-porte"},"content":{"rendered":"<span class=\"rt-reading-time\" style=\"display: block;\"><span class=\"rt-label rt-prefix\">Temps de lecture : <\/span> <span class=\"rt-time\">2<\/span> <span class=\"rt-label rt-postfix\">minutes<\/span><\/span><section class=\"glossary-definition-text container\"><div class=\"col-xs-12\">\n<h2>Qu&rsquo;est-ce que la Technique du Pied-dans-la-porte ?<\/h2>\n<p>La\u00a0Technique du Pied-dans-la-porte<span>\u00a0<\/span>(Foot in the door) part du principe que lorsqu&rsquo;on veut obtenir quelque chose de quelqu&rsquo;un, il vaut mieux lui demander d&rsquo;abord un petit service qu&rsquo;il vous rendra facilement. Une fois que ce sera fait, vous serez en meilleure position pour lui demander quelque chose de plus contraignant.<\/p>\n<p>Des <a href=\"https:\/\/pdfs.semanticscholar.org\/0096\/4495e374c0f26ba753b94c13efcb33129dfd.pdf\">\u00e9tudes<\/a>\u00a0ont montr\u00e9 qu\u2019accepter de petites requ\u00eates cr\u00e9e un lien, une connexion entre la personne l\u2019ayant demand\u00e9e et son interlocuteur. L\u2019interlocuteur qui a accept\u00e9 votre petite requ\u00eate va vouloir se trouver des raisons d\u2019avoir accept\u00e9. Il va donc s\u2019auto-persuader qu\u2019il a accept\u00e9 la premi\u00e8re requ\u00eate pour une bonne raison, et par la suite se sentir oblig\u00e9 d\u2019accepter \u00e9galement la requ\u00eate suivante pour rester coh\u00e9rent dans ses actes.<\/p>\n<p>L\u2019expression \u00ab\u00a0Foot in the door\u00a0\u00bb (le pied dans la porte) provient de la technique des vendeurs faisant du porte-\u00e0-porte qui emp\u00eachaient les gens de leur refermer la porte au nez en y laissant leur pied, de sorte que les clients soient contraints d\u2019\u00e9couter leur discours. Cela leur permettait de faire de meilleures ventes.<\/p>\n<p><img loading=\"lazy\" decoding=\"async\" src=\"https:\/\/www.convertize.com\/fr\/wp-content\/uploads\/2019\/07\/Technique-du-Pied-dans-la-porte.png\" alt=\"technique du pied-dans-la-porte\" width=\"800\" height=\"400\" class=\"wp-image-19974 aligncenter\" \/><\/p>\n<p>La Technique du Pied-dans-la-porte se sert \u00e9norm\u00e9ment de l&rsquo;<a href=\"https:\/\/tactics.convertize.com\/fr\/definitions\/ben-franklin-effect-leffet-benjamin-franklin\">\u00ab\u00a0Effet Ben Franklin\u00a0\u00bb<\/a>.Ce ph\u00e9nom\u00e8ne se produit lorsqu&rsquo;on demande une petite faveur \u00e0 quelqu&rsquo;un. La plupart des personnes ont une meilleure opinion des gens qu&rsquo;ils ont d\u00e9j\u00e0 aid\u00e9s et sont susceptibles de leur accorder \u00e0 nouveau la m\u00eame faveur, ou m\u00eame d&rsquo;aller encore plus loin pour les aider.<\/p>\n<h2>Exemples<\/h2>\n<p>Sur Internet, les marques essayent souvent de pousser un client potentiel \u00e0 interagir avec elles en lui demandant son avis, des conseils ou des retours sur son exp\u00e9rience. Cet engagement, m\u00eame superficiel, peut conduire le consommateur \u00e0 voir un produit sous un jour nouveau.<\/p>\n<p>Une autre strat\u00e9gie, plus commun\u00e9ment utilis\u00e9e par les entreprises de Saas, consiste \u00e0 interagir avec les utilisateurs en leur proposant une formule \u00ab\u00a0Freemium\u00a0\u00bb. Ces entreprises esp\u00e8rent ainsi que le client passera \u00e0 une formule payante une fois qu&rsquo;il aura reconnu les avantages du service offert ou lorsqu&rsquo;il devra renouveler son abonnement \u00e0 la fin de la p\u00e9riode d&rsquo;essai.<\/p>\n<h2>Technique du Pied-dans-la-porte<\/h2>\n<p>En interagissant avec le visiteur avant m\u00eame qu&rsquo;il passe \u00e0 l&rsquo;achat et en lui demandant des choses simples, vous le rendrez plus enclins \u00e0 \u00e9couter vos arguments et \u00e0 continuer \u00e0 interagir avec vous par la suite. La Technique du Pied-dans-la-porte permet donc d&rsquo;am\u00e9liorer les <a href=\"https:\/\/www.convertize.com\/fr\/taux-conversion-e-commerce\/\">taux de conversion<\/a>.<\/p>\n<\/div><\/section>\n<div class=\"social-btn\"><a class=\"col-1 sbtn s-twitter\" onclick=\"popupwindow('https:\/\/twitter.com\/intent\/tweet?text=Technique%20du%20Pied-dans-la-porte&amp;url=https%3A%2F%2Fwww.convertize.com%2Ffr%2Fglossaire%2Fpied-dans-porte%2F&amp;via=convertize','Twitter Follow','600','600')\" href=\"javascript:void(0);\" target=\"_blank\" rel=\"nofollow\"><span>Share on Twitter<\/span><\/a><a class=\"col-1 sbtn s-facebook\" onclick=\"popupwindow('https:\/\/www.facebook.com\/sharer\/sharer.php?u=https%3A%2F%2Fwww.convertize.com%2Ffr%2Fglossaire%2Fpied-dans-porte%2F','Facebook Follow','600','600')\" href=\"javascript:void(0);\" target=\"_blank\" rel=\"nofollow\"><span>Share on Facebook<\/span><\/a><a class=\"col-1 sbtn s-linkedin\" onclick=\"popupwindow('https:\/\/www.linkedin.com\/shareArticle?mini=true&url=https%3A%2F%2Fwww.convertize.com%2Ffr%2Fglossaire%2Fpied-dans-porte%2F&amp;title=Technique%20du%20Pied-dans-la-porte&amp;description=La%20Technique%20du%20Pied-dans-la-porte%20repose%20sur%20le%20fait%20que%20les%20individus%20sont%20plus%20enclins%20\u00e0%20accepter%20une%20demande%20s'ils%20en%20ont%20d\u00e9j\u00e0%20accept\u00e9%20une%20avant%20cela.','Linkedin Follow','600','600')\" href=\"javascript:void(0);\" target=\"_blank\" rel=\"nofollow\"><span>Share on Linkedin<\/span><\/a><\/div>","protected":false},"excerpt":{"rendered":"<p><span class=\"rt-reading-time\" style=\"display: block;\"><span class=\"rt-label rt-prefix\">Temps de lecture : <\/span> <span class=\"rt-time\">2<\/span> <span class=\"rt-label rt-postfix\">minutes<\/span><\/span> Share on TwitterShare on FacebookShare on Linkedin<\/p>\n","protected":false},"author":45,"featured_media":0,"parent":18263,"menu_order":0,"comment_status":"closed","ping_status":"closed","template":"page-glossary.php","meta":{"_genesis_hide_title":false,"_genesis_hide_breadcrumbs":false,"_genesis_hide_singular_image":false,"_genesis_hide_footer_widgets":false,"_genesis_custom_body_class":"","_genesis_custom_post_class":"","_genesis_layout":"","footnotes":""},"categories":[],"tags":[],"class_list":{"0":"post-18321","1":"page","2":"type-page","3":"status-publish","5":"entry"},"yoast_head":"<!-- This site is optimized with the Yoast SEO plugin v23.7 - https:\/\/yoast.com\/wordpress\/plugins\/seo\/ -->\n<title>Technique du Pied-dans-la-porte - Convertize - Glossaire<\/title>\n<meta name=\"description\" content=\"La Technique du Pied-dans-la-porte repose sur le fait que les individus sont plus enclins \u00e0 accepter une demande s&#039;ils en ont d\u00e9j\u00e0 accept\u00e9 une avant cela.\" \/>\n<meta name=\"robots\" content=\"index, follow, max-snippet:-1, max-image-preview:large, max-video-preview:-1\" \/>\n<link rel=\"canonical\" href=\"https:\/\/www.convertize.com\/fr\/glossaire\/pied-dans-porte\/\" \/>\n<meta property=\"og:locale\" content=\"fr_FR\" \/>\n<meta property=\"og:type\" content=\"article\" \/>\n<meta property=\"og:title\" content=\"Technique du Pied-dans-la-porte - Convertize - Glossaire\" \/>\n<meta property=\"og:description\" content=\"La Technique du Pied-dans-la-porte repose sur le fait que les individus sont plus enclins \u00e0 accepter une demande s&#039;ils en ont d\u00e9j\u00e0 accept\u00e9 une avant cela.\" \/>\n<meta property=\"og:url\" content=\"https:\/\/www.convertize.com\/fr\/glossaire\/pied-dans-porte\/\" \/>\n<meta property=\"og:site_name\" content=\"Convertize\" \/>\n<meta property=\"article:modified_time\" content=\"2019-07-29T09:47:36+00:00\" \/>\n<meta property=\"og:image\" content=\"https:\/\/www.convertize.com\/fr\/wp-content\/uploads\/2019\/07\/Technique-du-Pied-dans-la-porte.png\" \/>\n\t<meta property=\"og:image:width\" content=\"2000\" \/>\n\t<meta property=\"og:image:height\" content=\"1000\" \/>\n\t<meta property=\"og:image:type\" content=\"image\/png\" \/>\n<meta name=\"twitter:card\" content=\"summary_large_image\" \/>\n<meta name=\"twitter:label1\" content=\"Dur\u00e9e de lecture estim\u00e9e\" \/>\n\t<meta name=\"twitter:data1\" content=\"2 minutes\" \/>\n<script type=\"application\/ld+json\" class=\"yoast-schema-graph\">{\"@context\":\"https:\/\/schema.org\",\"@graph\":[{\"@type\":\"WebPage\",\"@id\":\"https:\/\/www.convertize.com\/fr\/glossaire\/pied-dans-porte\/\",\"url\":\"https:\/\/www.convertize.com\/fr\/glossaire\/pied-dans-porte\/\",\"name\":\"Technique du Pied-dans-la-porte - Convertize - Glossaire\",\"isPartOf\":{\"@id\":\"https:\/\/www.convertize.com\/fr\/#website\"},\"primaryImageOfPage\":{\"@id\":\"https:\/\/www.convertize.com\/fr\/glossaire\/pied-dans-porte\/#primaryimage\"},\"image\":{\"@id\":\"https:\/\/www.convertize.com\/fr\/glossaire\/pied-dans-porte\/#primaryimage\"},\"thumbnailUrl\":\"https:\/\/www.convertize.com\/fr\/wp-content\/uploads\/2019\/07\/Technique-du-Pied-dans-la-porte.png\",\"datePublished\":\"2019-04-29T14:31:27+00:00\",\"dateModified\":\"2019-07-29T09:47:36+00:00\",\"description\":\"La Technique du Pied-dans-la-porte repose sur le fait que les individus sont plus enclins \u00e0 accepter une demande s'ils en ont d\u00e9j\u00e0 accept\u00e9 une avant cela.\",\"breadcrumb\":{\"@id\":\"https:\/\/www.convertize.com\/fr\/glossaire\/pied-dans-porte\/#breadcrumb\"},\"inLanguage\":\"fr-FR\",\"potentialAction\":[{\"@type\":\"ReadAction\",\"target\":[\"https:\/\/www.convertize.com\/fr\/glossaire\/pied-dans-porte\/\"]}]},{\"@type\":\"ImageObject\",\"inLanguage\":\"fr-FR\",\"@id\":\"https:\/\/www.convertize.com\/fr\/glossaire\/pied-dans-porte\/#primaryimage\",\"url\":\"https:\/\/www.convertize.com\/fr\/wp-content\/uploads\/2019\/07\/Technique-du-Pied-dans-la-porte.png\",\"contentUrl\":\"https:\/\/www.convertize.com\/fr\/wp-content\/uploads\/2019\/07\/Technique-du-Pied-dans-la-porte.png\",\"width\":2000,\"height\":1000,\"caption\":\"technique du pied-dans-la-porte\"},{\"@type\":\"BreadcrumbList\",\"@id\":\"https:\/\/www.convertize.com\/fr\/glossaire\/pied-dans-porte\/#breadcrumb\",\"itemListElement\":[{\"@type\":\"ListItem\",\"position\":1,\"name\":\"Glossaire de Neuromarketing\",\"item\":\"https:\/\/www.convertize.com\/fr\/glossaire\/\"},{\"@type\":\"ListItem\",\"position\":2,\"name\":\"Technique du Pied-dans-la-porte\"}]},{\"@type\":\"WebSite\",\"@id\":\"https:\/\/www.convertize.com\/fr\/#website\",\"url\":\"https:\/\/www.convertize.com\/fr\/\",\"name\":\"Convertize\",\"description\":\"April 2026\",\"potentialAction\":[{\"@type\":\"SearchAction\",\"target\":{\"@type\":\"EntryPoint\",\"urlTemplate\":\"https:\/\/www.convertize.com\/fr\/?s={search_term_string}\"},\"query-input\":{\"@type\":\"PropertyValueSpecification\",\"valueRequired\":true,\"valueName\":\"search_term_string\"}}],\"inLanguage\":\"fr-FR\"}]}<\/script>\n<!-- \/ Yoast SEO plugin. -->","yoast_head_json":{"title":"Technique du Pied-dans-la-porte - Convertize - Glossaire","description":"La Technique du Pied-dans-la-porte repose sur le fait que les individus sont plus enclins \u00e0 accepter une demande s'ils en ont d\u00e9j\u00e0 accept\u00e9 une avant cela.","robots":{"index":"index","follow":"follow","max-snippet":"max-snippet:-1","max-image-preview":"max-image-preview:large","max-video-preview":"max-video-preview:-1"},"canonical":"https:\/\/www.convertize.com\/fr\/glossaire\/pied-dans-porte\/","og_locale":"fr_FR","og_type":"article","og_title":"Technique du Pied-dans-la-porte - Convertize - Glossaire","og_description":"La Technique du Pied-dans-la-porte repose sur le fait que les individus sont plus enclins \u00e0 accepter une demande s'ils en ont d\u00e9j\u00e0 accept\u00e9 une avant cela.","og_url":"https:\/\/www.convertize.com\/fr\/glossaire\/pied-dans-porte\/","og_site_name":"Convertize","article_modified_time":"2019-07-29T09:47:36+00:00","og_image":[{"width":2000,"height":1000,"url":"https:\/\/www.convertize.com\/fr\/wp-content\/uploads\/2019\/07\/Technique-du-Pied-dans-la-porte.png","type":"image\/png"}],"twitter_card":"summary_large_image","twitter_misc":{"Dur\u00e9e de lecture estim\u00e9e":"2 minutes"},"schema":{"@context":"https:\/\/schema.org","@graph":[{"@type":"WebPage","@id":"https:\/\/www.convertize.com\/fr\/glossaire\/pied-dans-porte\/","url":"https:\/\/www.convertize.com\/fr\/glossaire\/pied-dans-porte\/","name":"Technique du Pied-dans-la-porte - Convertize - Glossaire","isPartOf":{"@id":"https:\/\/www.convertize.com\/fr\/#website"},"primaryImageOfPage":{"@id":"https:\/\/www.convertize.com\/fr\/glossaire\/pied-dans-porte\/#primaryimage"},"image":{"@id":"https:\/\/www.convertize.com\/fr\/glossaire\/pied-dans-porte\/#primaryimage"},"thumbnailUrl":"https:\/\/www.convertize.com\/fr\/wp-content\/uploads\/2019\/07\/Technique-du-Pied-dans-la-porte.png","datePublished":"2019-04-29T14:31:27+00:00","dateModified":"2019-07-29T09:47:36+00:00","description":"La Technique du Pied-dans-la-porte repose sur le fait que les individus sont plus enclins \u00e0 accepter une demande s'ils en ont d\u00e9j\u00e0 accept\u00e9 une avant cela.","breadcrumb":{"@id":"https:\/\/www.convertize.com\/fr\/glossaire\/pied-dans-porte\/#breadcrumb"},"inLanguage":"fr-FR","potentialAction":[{"@type":"ReadAction","target":["https:\/\/www.convertize.com\/fr\/glossaire\/pied-dans-porte\/"]}]},{"@type":"ImageObject","inLanguage":"fr-FR","@id":"https:\/\/www.convertize.com\/fr\/glossaire\/pied-dans-porte\/#primaryimage","url":"https:\/\/www.convertize.com\/fr\/wp-content\/uploads\/2019\/07\/Technique-du-Pied-dans-la-porte.png","contentUrl":"https:\/\/www.convertize.com\/fr\/wp-content\/uploads\/2019\/07\/Technique-du-Pied-dans-la-porte.png","width":2000,"height":1000,"caption":"technique du pied-dans-la-porte"},{"@type":"BreadcrumbList","@id":"https:\/\/www.convertize.com\/fr\/glossaire\/pied-dans-porte\/#breadcrumb","itemListElement":[{"@type":"ListItem","position":1,"name":"Glossaire de Neuromarketing","item":"https:\/\/www.convertize.com\/fr\/glossaire\/"},{"@type":"ListItem","position":2,"name":"Technique du Pied-dans-la-porte"}]},{"@type":"WebSite","@id":"https:\/\/www.convertize.com\/fr\/#website","url":"https:\/\/www.convertize.com\/fr\/","name":"Convertize","description":"April 2026","potentialAction":[{"@type":"SearchAction","target":{"@type":"EntryPoint","urlTemplate":"https:\/\/www.convertize.com\/fr\/?s={search_term_string}"},"query-input":{"@type":"PropertyValueSpecification","valueRequired":true,"valueName":"search_term_string"}}],"inLanguage":"fr-FR"}]}},"_links":{"self":[{"href":"https:\/\/www.convertize.com\/fr\/wp-json\/wp\/v2\/pages\/18321"}],"collection":[{"href":"https:\/\/www.convertize.com\/fr\/wp-json\/wp\/v2\/pages"}],"about":[{"href":"https:\/\/www.convertize.com\/fr\/wp-json\/wp\/v2\/types\/page"}],"author":[{"embeddable":true,"href":"https:\/\/www.convertize.com\/fr\/wp-json\/wp\/v2\/users\/45"}],"replies":[{"embeddable":true,"href":"https:\/\/www.convertize.com\/fr\/wp-json\/wp\/v2\/comments?post=18321"}],"version-history":[{"count":0,"href":"https:\/\/www.convertize.com\/fr\/wp-json\/wp\/v2\/pages\/18321\/revisions"}],"up":[{"embeddable":true,"href":"https:\/\/www.convertize.com\/fr\/wp-json\/wp\/v2\/pages\/18263"}],"wp:attachment":[{"href":"https:\/\/www.convertize.com\/fr\/wp-json\/wp\/v2\/media?parent=18321"}],"wp:term":[{"taxonomy":"category","embeddable":true,"href":"https:\/\/www.convertize.com\/fr\/wp-json\/wp\/v2\/categories?post=18321"},{"taxonomy":"post_tag","embeddable":true,"href":"https:\/\/www.convertize.com\/fr\/wp-json\/wp\/v2\/tags?post=18321"}],"curies":[{"name":"wp","href":"https:\/\/api.w.org\/{rel}","templated":true}]}}