{"id":18324,"date":"2019-04-29T16:35:05","date_gmt":"2019-04-29T14:35:05","guid":{"rendered":"https:\/\/www.convertize.com\/fr\/?page_id=18324"},"modified":"2019-08-09T19:01:55","modified_gmt":"2019-08-09T17:01:55","slug":"reactance","status":"publish","type":"page","link":"https:\/\/www.convertize.com\/fr\/glossaire\/reactance\/","title":{"rendered":"R\u00e9actance Psychologique"},"content":{"rendered":"<span class=\"rt-reading-time\" style=\"display: block;\"><span class=\"rt-label rt-prefix\">Temps de lecture : <\/span> <span class=\"rt-time\">2<\/span> <span class=\"rt-label rt-postfix\">minutes<\/span><\/span><section class=\"glossary-definition-text container\"><div class=\"col-xs-12\">\n<h2>Qu&rsquo;est-ce que la R\u00e9actance Psychologique ?<\/h2>\n<p>La<span>\u00a0R<\/span>\u00e9actance Psychologique (ou Psychological Reactance) est un biais cognitif qui d\u00e9crit\u00a0notre r\u00e9action lorsque nous nous sentons pouss\u00e9s \u00e0\u00a0faire quelque\u00ad chose, ou lorsque nous sentons que notre libert\u00e9 de d\u00e9cision est\u00a0menac\u00e9e.<\/p>\n<p>La r\u00e9actance est alors le m\u00e9canisme de d\u00e9fense psychologique plus ou\u00a0moins inconscient que nous enclenchons pour r\u00e9tablir cette libert\u00e9 menac\u00e9e. Nous\u00a0devenons \u00ab \u00e9motionnellement \u00e9veill\u00e9s \u00bb et ressentons une sorte d\u2019excitation \/ de\u00a0motivation suppl\u00e9mentaire \u00e0 r\u00e9tablir cette libert\u00e9 menac\u00e9e.<\/p>\n<p>Cet effet peut conduire \u00e0 deux types de comportement. D&rsquo;un c\u00f4t\u00e9, il peut nous pousser \u00e0 refuser d&rsquo;obtemp\u00e9rer et d&rsquo;effectuer une action impos\u00e9e (ou que nous percevons comme telle) : cela peut \u00eatre le cas lorsqu&rsquo;on sent qu&rsquo;on nous pousse \u00e0 acheter un produit \u00e0 tout prix. \u00c0 l&rsquo;inverse, ce m\u00e9canisme de d\u00e9fense peut \u00eatre aussi source de motivation et nous conduire \u00e0 d\u00e9sirer quelque chose qui nous para\u00eet hors d&rsquo;atteinte.<\/p>\n<p><img loading=\"lazy\" decoding=\"async\" src=\"https:\/\/www.convertize.com\/fr\/wp-content\/uploads\/2019\/08\/Re\u0301actance-Psychologique-1.png\" alt=\"r\u00e9actance psychologique\" width=\"800\" height=\"480\" class=\"wp-image-20099 aligncenter\" \/><\/p>\n<h2>Exemples<\/h2>\n<p>Lorsqu&rsquo;ils lancent une campagne ou con\u00e7oivent un site Internet, les professionnels du marketing digital doivent faire attention \u00e0 ne pas provoquer de R\u00e9actance Psychologique chez les utilisateurs. Il vaut donc mieux \u00e9viter de leur forcer la main : les obliger \u00e0 communiquer leurs informations personnelles pour acc\u00e9der \u00e0 une page ou \u00e0 acheter une garantie pour un produit peut par exemple \u00eatre contre-productif.<\/p>\n<p>Par ailleurs, les campagnes marketing intensives, qui utilisent en particulier les spams, peuvent provoquer une saturation chez les consommateurs et les conduire \u00e0 avoir une mauvaise image du produit promu. Une <a href=\"https:\/\/www.tandfonline.com\/doi\/abs\/10.1080\/00913367.2002.10673678\">\u00e9tude<\/a> a \u00e9galement montr\u00e9 l&rsquo;effet contreproductif des pop-ups publicitaires qui agacent les utilisateurs qui cherchent alors \u00e0 les \u00e9viter.<\/p>\n<h2>R\u00e9actance Psychologique<\/h2>\n<p>La R\u00e9actance est un effet psychologique qui doit \u00eatre pris au s\u00e9rieux par les professionnels du marketing digital puisqu&rsquo;il peut \u00eatre \u00e0 l&rsquo;origine d&rsquo;une baisse dans les <a href=\"https:\/\/www.convertize.com\/fr\/taux-conversion-e-commerce\/\">taux de conversion<\/a>. Proposer plusieurs choix aux utilisateurs et ne pas les pousser \u00e0 adopter \u00e0 tout prix un certain comportement est un bon moyen d&rsquo;\u00e9viter les ph\u00e9nom\u00e8nes de R\u00e9actance.<\/p>\n<\/div><\/section>\n<div class=\"social-btn\"><a class=\"col-1 sbtn s-twitter\" onclick=\"popupwindow('https:\/\/twitter.com\/intent\/tweet?text=R\u00e9actance%20Psychologique&amp;url=https%3A%2F%2Fwww.convertize.com%2Ffr%2Fglossaire%2Freactance%2F&amp;via=convertize','Twitter Follow','600','600')\" href=\"javascript:void(0);\" target=\"_blank\" rel=\"nofollow\"><span>Share on Twitter<\/span><\/a><a class=\"col-1 sbtn s-facebook\" onclick=\"popupwindow('https:\/\/www.facebook.com\/sharer\/sharer.php?u=https%3A%2F%2Fwww.convertize.com%2Ffr%2Fglossaire%2Freactance%2F','Facebook Follow','600','600')\" href=\"javascript:void(0);\" target=\"_blank\" rel=\"nofollow\"><span>Share on Facebook<\/span><\/a><a class=\"col-1 sbtn s-linkedin\" onclick=\"popupwindow('https:\/\/www.linkedin.com\/shareArticle?mini=true&url=https%3A%2F%2Fwww.convertize.com%2Ffr%2Fglossaire%2Freactance%2F&amp;title=R\u00e9actance%20Psychologique&amp;description=La%20R\u00e9actance%20Psychologique%20se%20produit%20lorsque%20nous%20consid\u00e8rons%20que%20notre%20libert\u00e9%20est%20menac\u00e9e%20:%20nous%20cherchons%20alors%20\u00e0%20prot\u00e9ger%20ou%20r\u00e9tablir%20cette%20libert\u00e9.','Linkedin Follow','600','600')\" href=\"javascript:void(0);\" target=\"_blank\" rel=\"nofollow\"><span>Share on Linkedin<\/span><\/a><\/div>","protected":false},"excerpt":{"rendered":"<p><span class=\"rt-reading-time\" style=\"display: block;\"><span class=\"rt-label rt-prefix\">Temps de lecture : <\/span> <span class=\"rt-time\">2<\/span> <span class=\"rt-label rt-postfix\">minutes<\/span><\/span> Share on TwitterShare on FacebookShare on Linkedin<\/p>\n","protected":false},"author":45,"featured_media":0,"parent":18263,"menu_order":0,"comment_status":"closed","ping_status":"closed","template":"page-glossary.php","meta":{"_genesis_hide_title":false,"_genesis_hide_breadcrumbs":false,"_genesis_hide_singular_image":false,"_genesis_hide_footer_widgets":false,"_genesis_custom_body_class":"","_genesis_custom_post_class":"","_genesis_layout":"","footnotes":""},"categories":[],"tags":[],"class_list":{"0":"post-18324","1":"page","2":"type-page","3":"status-publish","5":"entry"},"yoast_head":"<!-- This site is optimized with the Yoast SEO plugin v23.7 - https:\/\/yoast.com\/wordpress\/plugins\/seo\/ -->\n<title>R\u00e9actance Psychologique - Convertize - Glossaire de Neuromarketing<\/title>\n<meta name=\"description\" content=\"La R\u00e9actance Psychologique se produit lorsque nous consid\u00e8rons que notre libert\u00e9 est menac\u00e9e : nous cherchons alors \u00e0 prot\u00e9ger ou r\u00e9tablir cette libert\u00e9.\" \/>\n<meta name=\"robots\" content=\"index, follow, max-snippet:-1, max-image-preview:large, max-video-preview:-1\" \/>\n<link rel=\"canonical\" href=\"https:\/\/www.convertize.com\/fr\/glossaire\/reactance\/\" \/>\n<meta property=\"og:locale\" content=\"fr_FR\" \/>\n<meta property=\"og:type\" content=\"article\" \/>\n<meta property=\"og:title\" content=\"R\u00e9actance Psychologique - Convertize - Glossaire de Neuromarketing\" \/>\n<meta property=\"og:description\" content=\"La R\u00e9actance Psychologique se produit lorsque nous consid\u00e8rons que notre libert\u00e9 est menac\u00e9e : nous cherchons alors \u00e0 prot\u00e9ger ou r\u00e9tablir cette libert\u00e9.\" \/>\n<meta property=\"og:url\" content=\"https:\/\/www.convertize.com\/fr\/glossaire\/reactance\/\" \/>\n<meta property=\"og:site_name\" content=\"Convertize\" \/>\n<meta property=\"article:modified_time\" content=\"2019-08-09T17:01:55+00:00\" \/>\n<meta name=\"twitter:card\" content=\"summary_large_image\" \/>\n<meta name=\"twitter:label1\" content=\"Dur\u00e9e de lecture estim\u00e9e\" \/>\n\t<meta name=\"twitter:data1\" content=\"2 minutes\" \/>\n<script type=\"application\/ld+json\" class=\"yoast-schema-graph\">{\"@context\":\"https:\/\/schema.org\",\"@graph\":[{\"@type\":\"WebPage\",\"@id\":\"https:\/\/www.convertize.com\/fr\/glossaire\/reactance\/\",\"url\":\"https:\/\/www.convertize.com\/fr\/glossaire\/reactance\/\",\"name\":\"R\u00e9actance Psychologique - Convertize - Glossaire de Neuromarketing\",\"isPartOf\":{\"@id\":\"https:\/\/www.convertize.com\/fr\/#website\"},\"datePublished\":\"2019-04-29T14:35:05+00:00\",\"dateModified\":\"2019-08-09T17:01:55+00:00\",\"description\":\"La R\u00e9actance Psychologique se produit lorsque nous consid\u00e8rons que notre libert\u00e9 est menac\u00e9e : nous cherchons alors \u00e0 prot\u00e9ger ou r\u00e9tablir cette libert\u00e9.\",\"breadcrumb\":{\"@id\":\"https:\/\/www.convertize.com\/fr\/glossaire\/reactance\/#breadcrumb\"},\"inLanguage\":\"fr-FR\",\"potentialAction\":[{\"@type\":\"ReadAction\",\"target\":[\"https:\/\/www.convertize.com\/fr\/glossaire\/reactance\/\"]}]},{\"@type\":\"BreadcrumbList\",\"@id\":\"https:\/\/www.convertize.com\/fr\/glossaire\/reactance\/#breadcrumb\",\"itemListElement\":[{\"@type\":\"ListItem\",\"position\":1,\"name\":\"Glossaire de Neuromarketing\",\"item\":\"https:\/\/www.convertize.com\/fr\/glossaire\/\"},{\"@type\":\"ListItem\",\"position\":2,\"name\":\"R\u00e9actance Psychologique\"}]},{\"@type\":\"WebSite\",\"@id\":\"https:\/\/www.convertize.com\/fr\/#website\",\"url\":\"https:\/\/www.convertize.com\/fr\/\",\"name\":\"Convertize\",\"description\":\"May 2026\",\"potentialAction\":[{\"@type\":\"SearchAction\",\"target\":{\"@type\":\"EntryPoint\",\"urlTemplate\":\"https:\/\/www.convertize.com\/fr\/?s={search_term_string}\"},\"query-input\":{\"@type\":\"PropertyValueSpecification\",\"valueRequired\":true,\"valueName\":\"search_term_string\"}}],\"inLanguage\":\"fr-FR\"}]}<\/script>\n<!-- \/ Yoast SEO plugin. -->","yoast_head_json":{"title":"R\u00e9actance Psychologique - Convertize - Glossaire de Neuromarketing","description":"La R\u00e9actance Psychologique se produit lorsque nous consid\u00e8rons que notre libert\u00e9 est menac\u00e9e : nous cherchons alors \u00e0 prot\u00e9ger ou r\u00e9tablir cette libert\u00e9.","robots":{"index":"index","follow":"follow","max-snippet":"max-snippet:-1","max-image-preview":"max-image-preview:large","max-video-preview":"max-video-preview:-1"},"canonical":"https:\/\/www.convertize.com\/fr\/glossaire\/reactance\/","og_locale":"fr_FR","og_type":"article","og_title":"R\u00e9actance Psychologique - Convertize - Glossaire de Neuromarketing","og_description":"La R\u00e9actance Psychologique se produit lorsque nous consid\u00e8rons que notre libert\u00e9 est menac\u00e9e : nous cherchons alors \u00e0 prot\u00e9ger ou r\u00e9tablir cette libert\u00e9.","og_url":"https:\/\/www.convertize.com\/fr\/glossaire\/reactance\/","og_site_name":"Convertize","article_modified_time":"2019-08-09T17:01:55+00:00","twitter_card":"summary_large_image","twitter_misc":{"Dur\u00e9e de lecture estim\u00e9e":"2 minutes"},"schema":{"@context":"https:\/\/schema.org","@graph":[{"@type":"WebPage","@id":"https:\/\/www.convertize.com\/fr\/glossaire\/reactance\/","url":"https:\/\/www.convertize.com\/fr\/glossaire\/reactance\/","name":"R\u00e9actance Psychologique - Convertize - Glossaire de Neuromarketing","isPartOf":{"@id":"https:\/\/www.convertize.com\/fr\/#website"},"datePublished":"2019-04-29T14:35:05+00:00","dateModified":"2019-08-09T17:01:55+00:00","description":"La R\u00e9actance Psychologique se produit lorsque nous consid\u00e8rons que notre libert\u00e9 est menac\u00e9e : nous cherchons alors \u00e0 prot\u00e9ger ou r\u00e9tablir cette libert\u00e9.","breadcrumb":{"@id":"https:\/\/www.convertize.com\/fr\/glossaire\/reactance\/#breadcrumb"},"inLanguage":"fr-FR","potentialAction":[{"@type":"ReadAction","target":["https:\/\/www.convertize.com\/fr\/glossaire\/reactance\/"]}]},{"@type":"BreadcrumbList","@id":"https:\/\/www.convertize.com\/fr\/glossaire\/reactance\/#breadcrumb","itemListElement":[{"@type":"ListItem","position":1,"name":"Glossaire de Neuromarketing","item":"https:\/\/www.convertize.com\/fr\/glossaire\/"},{"@type":"ListItem","position":2,"name":"R\u00e9actance Psychologique"}]},{"@type":"WebSite","@id":"https:\/\/www.convertize.com\/fr\/#website","url":"https:\/\/www.convertize.com\/fr\/","name":"Convertize","description":"May 2026","potentialAction":[{"@type":"SearchAction","target":{"@type":"EntryPoint","urlTemplate":"https:\/\/www.convertize.com\/fr\/?s={search_term_string}"},"query-input":{"@type":"PropertyValueSpecification","valueRequired":true,"valueName":"search_term_string"}}],"inLanguage":"fr-FR"}]}},"_links":{"self":[{"href":"https:\/\/www.convertize.com\/fr\/wp-json\/wp\/v2\/pages\/18324"}],"collection":[{"href":"https:\/\/www.convertize.com\/fr\/wp-json\/wp\/v2\/pages"}],"about":[{"href":"https:\/\/www.convertize.com\/fr\/wp-json\/wp\/v2\/types\/page"}],"author":[{"embeddable":true,"href":"https:\/\/www.convertize.com\/fr\/wp-json\/wp\/v2\/users\/45"}],"replies":[{"embeddable":true,"href":"https:\/\/www.convertize.com\/fr\/wp-json\/wp\/v2\/comments?post=18324"}],"version-history":[{"count":0,"href":"https:\/\/www.convertize.com\/fr\/wp-json\/wp\/v2\/pages\/18324\/revisions"}],"up":[{"embeddable":true,"href":"https:\/\/www.convertize.com\/fr\/wp-json\/wp\/v2\/pages\/18263"}],"wp:attachment":[{"href":"https:\/\/www.convertize.com\/fr\/wp-json\/wp\/v2\/media?parent=18324"}],"wp:term":[{"taxonomy":"category","embeddable":true,"href":"https:\/\/www.convertize.com\/fr\/wp-json\/wp\/v2\/categories?post=18324"},{"taxonomy":"post_tag","embeddable":true,"href":"https:\/\/www.convertize.com\/fr\/wp-json\/wp\/v2\/tags?post=18324"}],"curies":[{"name":"wp","href":"https:\/\/api.w.org\/{rel}","templated":true}]}}