{"id":18328,"date":"2019-04-29T16:37:28","date_gmt":"2019-04-29T14:37:28","guid":{"rendered":"https:\/\/www.convertize.com\/fr\/?page_id=18328"},"modified":"2019-08-01T15:34:29","modified_gmt":"2019-08-01T13:34:29","slug":"repere-regard","status":"publish","type":"page","link":"https:\/\/www.convertize.com\/fr\/glossaire\/repere-regard\/","title":{"rendered":"Rep\u00e8re du Regard"},"content":{"rendered":"<span class=\"rt-reading-time\" style=\"display: block;\"><span class=\"rt-label rt-prefix\">Temps de lecture : <\/span> <span class=\"rt-time\">2<\/span> <span class=\"rt-label rt-postfix\">minutes<\/span><\/span><section class=\"glossary-definition-text container\"><div class=\"col-xs-12\">\n<h2>Qu&rsquo;est-ce que le Rep\u00e8re du Regard ?<\/h2>\n<p>Le<span> <\/span>principe de Rep\u00e8re du Regard<span> <\/span>nous explique que nous sommes automatiquement attir\u00e9s par le regard des autres, lors d\u2019une conversation en face \u00e0 face ou pour suivre leur regard lorsqu\u2019ils observent quelque chose. Des <a href=\"https:\/\/www.ncbi.nlm.nih.gov\/pmc\/articles\/PMC1950440\/#S10title\">exp\u00e9riences<\/a> ont \u00e9t\u00e9 men\u00e9es dans ce sens. En effet, les sujets reconnaissaient plus vite les cibles qui apparaissaient \u00e0 l&rsquo;endroit indiqu\u00e9 par le regard d&rsquo;une personne photographi\u00e9e que celles apparaissant ailleurs sur l&rsquo;\u00e9cran &#8211; lorsque le temps entre l&rsquo;apparition du visage et celui de la cible \u00e9tait faible. Le regard est pour nous une source d\u2019informations consid\u00e9rable sur les \u00e9motions, intentions, croyances ou encore d\u00e9sirs des autres, car c\u2019est une r\u00e9gion tr\u00e8s expressive. Des \u00e9tudes ont montr\u00e9 que 55% des informations transmises lors d\u2019une conversation en face \u00e0 face reposent sur le contact visuel.<\/p>\n<p><img loading=\"lazy\" decoding=\"async\" src=\"https:\/\/www.convertize.com\/fr\/wp-content\/uploads\/2019\/08\/Repe\u0300re-du-Regard.png\" alt=\"rep\u00e8re du regard\" width=\"800\" height=\"480\" class=\"alignnone wp-image-20007\" \/><\/p>\n<h2>Exemples<\/h2>\n<p>Il existe de nombreuses techniques de communication et de marketing qui utilisent le Rep\u00e8re du Regard. Par exemple, les sites Internet utilisent souvent le visage humain (photos, etc.) dans leurs publicit\u00e9s ou sur leur page d&rsquo;accueil. Ils font attention \u00e0 placer les \u00e9l\u00e9ments importants (comme les <a href=\"https:\/\/www.convertize.com\/fr\/boutons-call-to-action\/\">boutons Call-to-Action<\/a>, etc.) dans la direction du regard du mannequin. Cela permet de faire en sorte que le regard du visiteur soit automatiquement attir\u00e9 par les \u00e9l\u00e9ments voulus sur la page.<\/p>\n<h2>Le Rep\u00e8re du Regard en Marketing<\/h2>\n<p>On peut utiliser cette techniques de mani\u00e8re simple. Le Rep\u00e8re du Regard est exploit\u00e9 par des marques internationales comme Paypal et Skype.<\/p>\n<ol>\n<li><strong>S&rsquo;assurer que les visages soient tourn\u00e9s vers les boutons Call-to-Action &#8211;<\/strong>\u00a0Le regard des personnes sur les images est un moyen efficace d&rsquo;attirer l&rsquo;attention des visiteurs vers un \u00e9l\u00e9ment de la page en particulier. Par ailleurs, le regard les encourage et les motive \u00e9galement \u00e0 mener \u00e0 bien une action.<\/li>\n<li><strong>Eviter la distraction li\u00e9e aux visages &#8211;<\/strong>\u00a0Faites attention aux images &#8211; si vous utilisez des images repr\u00e9sentant des visages (en particulier ceux qui regardent directement l&rsquo;utilisateur), cela peut distraire ces derniers de la t\u00e2che qu&rsquo;ils sont en train d&rsquo;accomplir, ou pire encore, les d\u00e9tourner de vos boutons Call-to-Action.<\/li>\n<\/ol>\n<h2>Rep\u00e8re du Regard<\/h2>\n<p>Le Rep\u00e8re du Regard peut vous permettre de diriger inconsciemment vos visiteurs vers vos boutons Call-to-Action. En apportant quelques changements \u00e0 votre strat\u00e9gie de marketing digital, vous pouvez am\u00e9liorer vos <a href=\"https:\/\/www.convertize.com\/fr\/taux-conversion-e-commerce\/\">taux de conversion<\/a> de fa\u00e7on significative.<\/p>\n<\/div><\/section>\n<div class=\"social-btn\"><a class=\"col-1 sbtn s-twitter\" onclick=\"popupwindow('https:\/\/twitter.com\/intent\/tweet?text=Rep\u00e8re%20du%20Regard&amp;url=https%3A%2F%2Fwww.convertize.com%2Ffr%2Fglossaire%2Frepere-regard%2F&amp;via=convertize','Twitter Follow','600','600')\" href=\"javascript:void(0);\" target=\"_blank\" rel=\"nofollow\"><span>Share on Twitter<\/span><\/a><a class=\"col-1 sbtn s-facebook\" onclick=\"popupwindow('https:\/\/www.facebook.com\/sharer\/sharer.php?u=https%3A%2F%2Fwww.convertize.com%2Ffr%2Fglossaire%2Frepere-regard%2F','Facebook Follow','600','600')\" href=\"javascript:void(0);\" target=\"_blank\" rel=\"nofollow\"><span>Share on Facebook<\/span><\/a><a class=\"col-1 sbtn s-linkedin\" onclick=\"popupwindow('https:\/\/www.linkedin.com\/shareArticle?mini=true&url=https%3A%2F%2Fwww.convertize.com%2Ffr%2Fglossaire%2Frepere-regard%2F&amp;title=Rep\u00e8re%20du%20Regard&amp;description=Les%20individus%20tendent%20\u00e0%20suivre%20le%20regard%20des%20autres.%20Le%20Rep\u00e8re%20du%20Regard%20d\u00e9crit%20la%20fa\u00e7on%20dont%20un%20regard%20peut%20attirer%20l'attention%20vers%20un%20\u00e9l\u00e9ment%20pr\u00e9cis.','Linkedin Follow','600','600')\" href=\"javascript:void(0);\" target=\"_blank\" rel=\"nofollow\"><span>Share on Linkedin<\/span><\/a><\/div>","protected":false},"excerpt":{"rendered":"<p><span class=\"rt-reading-time\" style=\"display: block;\"><span class=\"rt-label rt-prefix\">Temps de lecture : <\/span> <span class=\"rt-time\">2<\/span> <span class=\"rt-label rt-postfix\">minutes<\/span><\/span> Share on TwitterShare on FacebookShare on Linkedin<\/p>\n","protected":false},"author":45,"featured_media":0,"parent":18263,"menu_order":0,"comment_status":"closed","ping_status":"closed","template":"page-glossary.php","meta":{"_genesis_hide_title":false,"_genesis_hide_breadcrumbs":false,"_genesis_hide_singular_image":false,"_genesis_hide_footer_widgets":false,"_genesis_custom_body_class":"","_genesis_custom_post_class":"","_genesis_layout":"","footnotes":""},"categories":[],"tags":[],"class_list":{"0":"post-18328","1":"page","2":"type-page","3":"status-publish","5":"entry"},"yoast_head":"<!-- This site is optimized with the Yoast SEO plugin v23.7 - https:\/\/yoast.com\/wordpress\/plugins\/seo\/ -->\n<title>Rep\u00e8re du Regard - Convertize - Glossaire de Neuromarketing<\/title>\n<meta name=\"description\" content=\"Les individus tendent \u00e0 suivre le regard des autres. Le Rep\u00e8re du Regard d\u00e9crit la fa\u00e7on dont un regard peut attirer l&#039;attention vers un \u00e9l\u00e9ment pr\u00e9cis.\" \/>\n<meta name=\"robots\" content=\"index, follow, max-snippet:-1, max-image-preview:large, max-video-preview:-1\" \/>\n<link rel=\"canonical\" href=\"https:\/\/www.convertize.com\/fr\/glossaire\/repere-regard\/\" \/>\n<meta property=\"og:locale\" content=\"fr_FR\" \/>\n<meta property=\"og:type\" content=\"article\" \/>\n<meta property=\"og:title\" content=\"Rep\u00e8re du Regard - Convertize - Glossaire de Neuromarketing\" \/>\n<meta property=\"og:description\" content=\"Les individus tendent \u00e0 suivre le regard des autres. Le Rep\u00e8re du Regard d\u00e9crit la fa\u00e7on dont un regard peut attirer l&#039;attention vers un \u00e9l\u00e9ment pr\u00e9cis.\" \/>\n<meta property=\"og:url\" content=\"https:\/\/www.convertize.com\/fr\/glossaire\/repere-regard\/\" \/>\n<meta property=\"og:site_name\" content=\"Convertize\" \/>\n<meta property=\"article:modified_time\" content=\"2019-08-01T13:34:29+00:00\" \/>\n<meta name=\"twitter:card\" content=\"summary_large_image\" \/>\n<meta name=\"twitter:label1\" content=\"Dur\u00e9e de lecture estim\u00e9e\" \/>\n\t<meta name=\"twitter:data1\" content=\"2 minutes\" \/>\n<script type=\"application\/ld+json\" class=\"yoast-schema-graph\">{\"@context\":\"https:\/\/schema.org\",\"@graph\":[{\"@type\":\"WebPage\",\"@id\":\"https:\/\/www.convertize.com\/fr\/glossaire\/repere-regard\/\",\"url\":\"https:\/\/www.convertize.com\/fr\/glossaire\/repere-regard\/\",\"name\":\"Rep\u00e8re du Regard - Convertize - Glossaire de Neuromarketing\",\"isPartOf\":{\"@id\":\"https:\/\/www.convertize.com\/fr\/#website\"},\"datePublished\":\"2019-04-29T14:37:28+00:00\",\"dateModified\":\"2019-08-01T13:34:29+00:00\",\"description\":\"Les individus tendent \u00e0 suivre le regard des autres. Le Rep\u00e8re du Regard d\u00e9crit la fa\u00e7on dont un regard peut attirer l'attention vers un \u00e9l\u00e9ment pr\u00e9cis.\",\"breadcrumb\":{\"@id\":\"https:\/\/www.convertize.com\/fr\/glossaire\/repere-regard\/#breadcrumb\"},\"inLanguage\":\"fr-FR\",\"potentialAction\":[{\"@type\":\"ReadAction\",\"target\":[\"https:\/\/www.convertize.com\/fr\/glossaire\/repere-regard\/\"]}]},{\"@type\":\"BreadcrumbList\",\"@id\":\"https:\/\/www.convertize.com\/fr\/glossaire\/repere-regard\/#breadcrumb\",\"itemListElement\":[{\"@type\":\"ListItem\",\"position\":1,\"name\":\"Glossaire de Neuromarketing\",\"item\":\"https:\/\/www.convertize.com\/fr\/glossaire\/\"},{\"@type\":\"ListItem\",\"position\":2,\"name\":\"Rep\u00e8re du Regard\"}]},{\"@type\":\"WebSite\",\"@id\":\"https:\/\/www.convertize.com\/fr\/#website\",\"url\":\"https:\/\/www.convertize.com\/fr\/\",\"name\":\"Convertize\",\"description\":\"April 2026\",\"potentialAction\":[{\"@type\":\"SearchAction\",\"target\":{\"@type\":\"EntryPoint\",\"urlTemplate\":\"https:\/\/www.convertize.com\/fr\/?s={search_term_string}\"},\"query-input\":{\"@type\":\"PropertyValueSpecification\",\"valueRequired\":true,\"valueName\":\"search_term_string\"}}],\"inLanguage\":\"fr-FR\"}]}<\/script>\n<!-- \/ Yoast SEO plugin. -->","yoast_head_json":{"title":"Rep\u00e8re du Regard - Convertize - Glossaire de Neuromarketing","description":"Les individus tendent \u00e0 suivre le regard des autres. Le Rep\u00e8re du Regard d\u00e9crit la fa\u00e7on dont un regard peut attirer l'attention vers un \u00e9l\u00e9ment pr\u00e9cis.","robots":{"index":"index","follow":"follow","max-snippet":"max-snippet:-1","max-image-preview":"max-image-preview:large","max-video-preview":"max-video-preview:-1"},"canonical":"https:\/\/www.convertize.com\/fr\/glossaire\/repere-regard\/","og_locale":"fr_FR","og_type":"article","og_title":"Rep\u00e8re du Regard - Convertize - Glossaire de Neuromarketing","og_description":"Les individus tendent \u00e0 suivre le regard des autres. Le Rep\u00e8re du Regard d\u00e9crit la fa\u00e7on dont un regard peut attirer l'attention vers un \u00e9l\u00e9ment pr\u00e9cis.","og_url":"https:\/\/www.convertize.com\/fr\/glossaire\/repere-regard\/","og_site_name":"Convertize","article_modified_time":"2019-08-01T13:34:29+00:00","twitter_card":"summary_large_image","twitter_misc":{"Dur\u00e9e de lecture estim\u00e9e":"2 minutes"},"schema":{"@context":"https:\/\/schema.org","@graph":[{"@type":"WebPage","@id":"https:\/\/www.convertize.com\/fr\/glossaire\/repere-regard\/","url":"https:\/\/www.convertize.com\/fr\/glossaire\/repere-regard\/","name":"Rep\u00e8re du Regard - Convertize - Glossaire de Neuromarketing","isPartOf":{"@id":"https:\/\/www.convertize.com\/fr\/#website"},"datePublished":"2019-04-29T14:37:28+00:00","dateModified":"2019-08-01T13:34:29+00:00","description":"Les individus tendent \u00e0 suivre le regard des autres. Le Rep\u00e8re du Regard d\u00e9crit la fa\u00e7on dont un regard peut attirer l'attention vers un \u00e9l\u00e9ment pr\u00e9cis.","breadcrumb":{"@id":"https:\/\/www.convertize.com\/fr\/glossaire\/repere-regard\/#breadcrumb"},"inLanguage":"fr-FR","potentialAction":[{"@type":"ReadAction","target":["https:\/\/www.convertize.com\/fr\/glossaire\/repere-regard\/"]}]},{"@type":"BreadcrumbList","@id":"https:\/\/www.convertize.com\/fr\/glossaire\/repere-regard\/#breadcrumb","itemListElement":[{"@type":"ListItem","position":1,"name":"Glossaire de Neuromarketing","item":"https:\/\/www.convertize.com\/fr\/glossaire\/"},{"@type":"ListItem","position":2,"name":"Rep\u00e8re du Regard"}]},{"@type":"WebSite","@id":"https:\/\/www.convertize.com\/fr\/#website","url":"https:\/\/www.convertize.com\/fr\/","name":"Convertize","description":"April 2026","potentialAction":[{"@type":"SearchAction","target":{"@type":"EntryPoint","urlTemplate":"https:\/\/www.convertize.com\/fr\/?s={search_term_string}"},"query-input":{"@type":"PropertyValueSpecification","valueRequired":true,"valueName":"search_term_string"}}],"inLanguage":"fr-FR"}]}},"_links":{"self":[{"href":"https:\/\/www.convertize.com\/fr\/wp-json\/wp\/v2\/pages\/18328"}],"collection":[{"href":"https:\/\/www.convertize.com\/fr\/wp-json\/wp\/v2\/pages"}],"about":[{"href":"https:\/\/www.convertize.com\/fr\/wp-json\/wp\/v2\/types\/page"}],"author":[{"embeddable":true,"href":"https:\/\/www.convertize.com\/fr\/wp-json\/wp\/v2\/users\/45"}],"replies":[{"embeddable":true,"href":"https:\/\/www.convertize.com\/fr\/wp-json\/wp\/v2\/comments?post=18328"}],"version-history":[{"count":0,"href":"https:\/\/www.convertize.com\/fr\/wp-json\/wp\/v2\/pages\/18328\/revisions"}],"up":[{"embeddable":true,"href":"https:\/\/www.convertize.com\/fr\/wp-json\/wp\/v2\/pages\/18263"}],"wp:attachment":[{"href":"https:\/\/www.convertize.com\/fr\/wp-json\/wp\/v2\/media?parent=18328"}],"wp:term":[{"taxonomy":"category","embeddable":true,"href":"https:\/\/www.convertize.com\/fr\/wp-json\/wp\/v2\/categories?post=18328"},{"taxonomy":"post_tag","embeddable":true,"href":"https:\/\/www.convertize.com\/fr\/wp-json\/wp\/v2\/tags?post=18328"}],"curies":[{"name":"wp","href":"https:\/\/api.w.org\/{rel}","templated":true}]}}