{"id":18345,"date":"2019-04-29T16:42:54","date_gmt":"2019-04-29T14:42:54","guid":{"rendered":"https:\/\/www.convertize.com\/fr\/?page_id=18345"},"modified":"2019-07-26T19:06:38","modified_gmt":"2019-07-26T17:06:38","slug":"biais-statu-quo","status":"publish","type":"page","link":"https:\/\/www.convertize.com\/fr\/glossaire\/biais-statu-quo\/","title":{"rendered":"Biais de Statu Quo"},"content":{"rendered":"<span class=\"rt-reading-time\" style=\"display: block;\"><span class=\"rt-label rt-prefix\">Temps de lecture : <\/span> <span class=\"rt-time\">2<\/span> <span class=\"rt-label rt-postfix\">minutes<\/span><\/span><section class=\"glossary-definition-text container\"><div class=\"col-xs-12\">\n<h2>Qu&rsquo;est-ce que le Biais du Statu Quo ?<\/h2>\n<p><span>Le\u00a0Bias de Statu quo (ou Status Quo Bias) d\u00e9crit la tendance \u00e0 pr\u00e9f\u00e9rer que les choses restent comme elles sont, ou \u00e0 ne pas vouloir bouleverser nos comportements. Ce biais psychologique s\u2019explique par l\u2019appr\u00e9hension du changement. C\u2019est ce qui peut vous faire garder le m\u00eame abonnement de t\u00e9l\u00e9phone, h\u00e9siter \u00e0 essayer de nouveaux produits, ou encore perdre l\u2019opportunit\u00e9 d\u2019augmenter votre chiffre d\u2019affaires en ligne <a href=\"https:\/\/www.convertize.com\/fr\/expert-marketing-digital\/#conservatism-bias\">en pr\u00e9f\u00e9rant que votre site internet reste inchang\u00e9<\/a> ! <a href=\"https:\/\/pubs.aeaweb.org\/doi\/pdfplus\/10.1257\/jep.5.1.193\">Plusieurs exp\u00e9riences<\/a> ont ainsi montr\u00e9 que les individus avaient tendance \u00e0 choisir ce qu&rsquo;ils ont d\u00e9j\u00e0 ou le choix par d\u00e9faut lorsqu&rsquo;on propose plusieurs options.<\/span><\/p>\n<h2>Exemples<\/h2>\n<p>Il est important de prendre en compte le Biais de Statu Quo en e-commerce afin d&rsquo;\u00e9viter les mauvaises surprises. En effet, lorsqu&rsquo;on d\u00e9cide d&rsquo;effectuer des changements plus ou moins importants sur un site, il faut prendre en compte la r\u00e9action des clients qui sont habitu\u00e9s \u00e0 ce site. Ils peuvent en effet r\u00e9agir tr\u00e8s n\u00e9gativement face aux changements ce qui peut en retour diminuer les taux de conversion. Il peut donc \u00eatre judicieux d&rsquo;effectuer de petits changements progressifs plut\u00f4t qu&rsquo;une mise \u00e0 jour majeure qui d\u00e9soriente les utilisateurs.<\/p>\n<p><img loading=\"lazy\" decoding=\"async\" src=\"https:\/\/www.convertize.com\/fr\/wp-content\/uploads\/2019\/07\/Biais-de-statu-quo.png\" alt=\"biais de statu quo\" width=\"800\" height=\"480\" class=\"alignnone wp-image-19929\" \/><\/p>\n<p>Toutefois, ce biais peut \u00e9galement \u00eatre utilis\u00e9 en marketing digital. Certains supermarch\u00e9s en ligne par exemple proposent ainsi \u00e0 leurs clients un panier type d\u00e9j\u00e0 pr\u00e9-rempli en fonction de ce qu&rsquo;ils ach\u00e8tent habituellement. Les gens ont en effet tendance \u00e0 toujours acheter les m\u00eames produits lorsqu&rsquo;ils font les courses.<\/p>\n<p>Pour les entreprises de Saas, il peut \u00eatre utile de rassurer les utilisateurs en s&rsquo;engageant \u00e0 ne pas changer le prix et les prestations li\u00e9s \u00e0 leur abonnement pendant la dur\u00e9e de ce dernier.<\/p>\n<h2>Biais de Statu Quo<\/h2>\n<p>Les professionnels du marketing doivent faire attention au Biais de Statu Quo qui peut facilement se retourner contre eux lorsqu&rsquo;ils cherchent \u00e0 innover. Effectuer quelques changements r\u00e9fl\u00e9chis et progressifs est un bon moyen d&rsquo;optimiser un site tout en minimisant le risque pos\u00e9 par ce biais.<br \/>\n<\/div><\/section>\n<div class=\"social-btn\"><a class=\"col-1 sbtn s-twitter\" onclick=\"popupwindow('https:\/\/twitter.com\/intent\/tweet?text=Biais%20de%20Statu%20Quo&amp;url=https%3A%2F%2Fwww.convertize.com%2Ffr%2Fglossaire%2Fbiais-statu-quo%2F&amp;via=convertize','Twitter Follow','600','600')\" href=\"javascript:void(0);\" target=\"_blank\" rel=\"nofollow\"><span>Share on Twitter<\/span><\/a><a class=\"col-1 sbtn s-facebook\" onclick=\"popupwindow('https:\/\/www.facebook.com\/sharer\/sharer.php?u=https%3A%2F%2Fwww.convertize.com%2Ffr%2Fglossaire%2Fbiais-statu-quo%2F','Facebook Follow','600','600')\" href=\"javascript:void(0);\" target=\"_blank\" rel=\"nofollow\"><span>Share on Facebook<\/span><\/a><a class=\"col-1 sbtn s-linkedin\" onclick=\"popupwindow('https:\/\/www.linkedin.com\/shareArticle?mini=true&url=https%3A%2F%2Fwww.convertize.com%2Ffr%2Fglossaire%2Fbiais-statu-quo%2F&amp;title=Biais%20de%20Statu%20Quo&amp;description=Le%20Biais%20de%20Statu%20Quo%20d\u00e9signe%20la%20tendance%20\u00e0%20pr\u00e9f\u00e9rer%20qu'une%20situation%20reste%20inchang\u00e9e%20et%20\u00e0%20prendre%20des%20d\u00e9cisions%20qui%20vont%20dans%20ce%20sens.','Linkedin Follow','600','600')\" href=\"javascript:void(0);\" target=\"_blank\" rel=\"nofollow\"><span>Share on Linkedin<\/span><\/a><\/div>","protected":false},"excerpt":{"rendered":"<p><span class=\"rt-reading-time\" style=\"display: block;\"><span class=\"rt-label rt-prefix\">Temps de lecture : <\/span> <span class=\"rt-time\">2<\/span> <span class=\"rt-label rt-postfix\">minutes<\/span><\/span> Share on TwitterShare on FacebookShare on Linkedin<\/p>\n","protected":false},"author":45,"featured_media":0,"parent":18263,"menu_order":0,"comment_status":"closed","ping_status":"closed","template":"page-glossary.php","meta":{"_genesis_hide_title":false,"_genesis_hide_breadcrumbs":false,"_genesis_hide_singular_image":false,"_genesis_hide_footer_widgets":false,"_genesis_custom_body_class":"","_genesis_custom_post_class":"","_genesis_layout":"","footnotes":""},"categories":[],"tags":[],"class_list":{"0":"post-18345","1":"page","2":"type-page","3":"status-publish","5":"entry"},"yoast_head":"<!-- This site is optimized with the Yoast SEO plugin v23.7 - https:\/\/yoast.com\/wordpress\/plugins\/seo\/ -->\n<title>Biais de Statu Quo - Convertize - Glossaire de Neuromarketing<\/title>\n<meta name=\"description\" content=\"Le Biais de Statu Quo d\u00e9signe la tendance \u00e0 pr\u00e9f\u00e9rer qu&#039;une situation reste inchang\u00e9e et \u00e0 prendre des d\u00e9cisions qui vont dans ce sens.\" \/>\n<meta name=\"robots\" content=\"index, follow, max-snippet:-1, max-image-preview:large, max-video-preview:-1\" \/>\n<link rel=\"canonical\" href=\"https:\/\/www.convertize.com\/fr\/glossaire\/biais-statu-quo\/\" \/>\n<meta property=\"og:locale\" content=\"fr_FR\" \/>\n<meta property=\"og:type\" content=\"article\" \/>\n<meta property=\"og:title\" content=\"Biais de Statu Quo - Convertize - Glossaire de Neuromarketing\" \/>\n<meta property=\"og:description\" content=\"Le Biais de Statu Quo d\u00e9signe la tendance \u00e0 pr\u00e9f\u00e9rer qu&#039;une situation reste inchang\u00e9e et \u00e0 prendre des d\u00e9cisions qui vont dans ce sens.\" \/>\n<meta property=\"og:url\" content=\"https:\/\/www.convertize.com\/fr\/glossaire\/biais-statu-quo\/\" \/>\n<meta property=\"og:site_name\" content=\"Convertize\" \/>\n<meta property=\"article:modified_time\" content=\"2019-07-26T17:06:38+00:00\" \/>\n<meta property=\"og:image\" content=\"https:\/\/www.convertize.com\/fr\/wp-content\/uploads\/2019\/07\/Biais-de-statu-quo.png\" \/>\n\t<meta property=\"og:image:width\" content=\"2000\" \/>\n\t<meta property=\"og:image:height\" content=\"1200\" \/>\n\t<meta property=\"og:image:type\" content=\"image\/png\" \/>\n<meta name=\"twitter:card\" content=\"summary_large_image\" \/>\n<meta name=\"twitter:label1\" content=\"Dur\u00e9e de lecture estim\u00e9e\" \/>\n\t<meta name=\"twitter:data1\" content=\"2 minutes\" \/>\n<script type=\"application\/ld+json\" class=\"yoast-schema-graph\">{\"@context\":\"https:\/\/schema.org\",\"@graph\":[{\"@type\":\"WebPage\",\"@id\":\"https:\/\/www.convertize.com\/fr\/glossaire\/biais-statu-quo\/\",\"url\":\"https:\/\/www.convertize.com\/fr\/glossaire\/biais-statu-quo\/\",\"name\":\"Biais de Statu Quo - Convertize - Glossaire de Neuromarketing\",\"isPartOf\":{\"@id\":\"https:\/\/www.convertize.com\/fr\/#website\"},\"primaryImageOfPage\":{\"@id\":\"https:\/\/www.convertize.com\/fr\/glossaire\/biais-statu-quo\/#primaryimage\"},\"image\":{\"@id\":\"https:\/\/www.convertize.com\/fr\/glossaire\/biais-statu-quo\/#primaryimage\"},\"thumbnailUrl\":\"https:\/\/www.convertize.com\/fr\/wp-content\/uploads\/2019\/07\/Biais-de-statu-quo.png\",\"datePublished\":\"2019-04-29T14:42:54+00:00\",\"dateModified\":\"2019-07-26T17:06:38+00:00\",\"description\":\"Le Biais de Statu Quo d\u00e9signe la tendance \u00e0 pr\u00e9f\u00e9rer qu'une situation reste inchang\u00e9e et \u00e0 prendre des d\u00e9cisions qui vont dans ce sens.\",\"breadcrumb\":{\"@id\":\"https:\/\/www.convertize.com\/fr\/glossaire\/biais-statu-quo\/#breadcrumb\"},\"inLanguage\":\"fr-FR\",\"potentialAction\":[{\"@type\":\"ReadAction\",\"target\":[\"https:\/\/www.convertize.com\/fr\/glossaire\/biais-statu-quo\/\"]}]},{\"@type\":\"ImageObject\",\"inLanguage\":\"fr-FR\",\"@id\":\"https:\/\/www.convertize.com\/fr\/glossaire\/biais-statu-quo\/#primaryimage\",\"url\":\"https:\/\/www.convertize.com\/fr\/wp-content\/uploads\/2019\/07\/Biais-de-statu-quo.png\",\"contentUrl\":\"https:\/\/www.convertize.com\/fr\/wp-content\/uploads\/2019\/07\/Biais-de-statu-quo.png\",\"width\":2000,\"height\":1200,\"caption\":\"biais de statu quo\"},{\"@type\":\"BreadcrumbList\",\"@id\":\"https:\/\/www.convertize.com\/fr\/glossaire\/biais-statu-quo\/#breadcrumb\",\"itemListElement\":[{\"@type\":\"ListItem\",\"position\":1,\"name\":\"Glossaire de Neuromarketing\",\"item\":\"https:\/\/www.convertize.com\/fr\/glossaire\/\"},{\"@type\":\"ListItem\",\"position\":2,\"name\":\"Biais de Statu Quo\"}]},{\"@type\":\"WebSite\",\"@id\":\"https:\/\/www.convertize.com\/fr\/#website\",\"url\":\"https:\/\/www.convertize.com\/fr\/\",\"name\":\"Convertize\",\"description\":\"April 2026\",\"potentialAction\":[{\"@type\":\"SearchAction\",\"target\":{\"@type\":\"EntryPoint\",\"urlTemplate\":\"https:\/\/www.convertize.com\/fr\/?s={search_term_string}\"},\"query-input\":{\"@type\":\"PropertyValueSpecification\",\"valueRequired\":true,\"valueName\":\"search_term_string\"}}],\"inLanguage\":\"fr-FR\"}]}<\/script>\n<!-- \/ Yoast SEO plugin. -->","yoast_head_json":{"title":"Biais de Statu Quo - Convertize - Glossaire de Neuromarketing","description":"Le Biais de Statu Quo d\u00e9signe la tendance \u00e0 pr\u00e9f\u00e9rer qu'une situation reste inchang\u00e9e et \u00e0 prendre des d\u00e9cisions qui vont dans ce sens.","robots":{"index":"index","follow":"follow","max-snippet":"max-snippet:-1","max-image-preview":"max-image-preview:large","max-video-preview":"max-video-preview:-1"},"canonical":"https:\/\/www.convertize.com\/fr\/glossaire\/biais-statu-quo\/","og_locale":"fr_FR","og_type":"article","og_title":"Biais de Statu Quo - Convertize - Glossaire de Neuromarketing","og_description":"Le Biais de Statu Quo d\u00e9signe la tendance \u00e0 pr\u00e9f\u00e9rer qu'une situation reste inchang\u00e9e et \u00e0 prendre des d\u00e9cisions qui vont dans ce sens.","og_url":"https:\/\/www.convertize.com\/fr\/glossaire\/biais-statu-quo\/","og_site_name":"Convertize","article_modified_time":"2019-07-26T17:06:38+00:00","og_image":[{"width":2000,"height":1200,"url":"https:\/\/www.convertize.com\/fr\/wp-content\/uploads\/2019\/07\/Biais-de-statu-quo.png","type":"image\/png"}],"twitter_card":"summary_large_image","twitter_misc":{"Dur\u00e9e de lecture estim\u00e9e":"2 minutes"},"schema":{"@context":"https:\/\/schema.org","@graph":[{"@type":"WebPage","@id":"https:\/\/www.convertize.com\/fr\/glossaire\/biais-statu-quo\/","url":"https:\/\/www.convertize.com\/fr\/glossaire\/biais-statu-quo\/","name":"Biais de Statu Quo - Convertize - Glossaire de Neuromarketing","isPartOf":{"@id":"https:\/\/www.convertize.com\/fr\/#website"},"primaryImageOfPage":{"@id":"https:\/\/www.convertize.com\/fr\/glossaire\/biais-statu-quo\/#primaryimage"},"image":{"@id":"https:\/\/www.convertize.com\/fr\/glossaire\/biais-statu-quo\/#primaryimage"},"thumbnailUrl":"https:\/\/www.convertize.com\/fr\/wp-content\/uploads\/2019\/07\/Biais-de-statu-quo.png","datePublished":"2019-04-29T14:42:54+00:00","dateModified":"2019-07-26T17:06:38+00:00","description":"Le Biais de Statu Quo d\u00e9signe la tendance \u00e0 pr\u00e9f\u00e9rer qu'une situation reste inchang\u00e9e et \u00e0 prendre des d\u00e9cisions qui vont dans ce sens.","breadcrumb":{"@id":"https:\/\/www.convertize.com\/fr\/glossaire\/biais-statu-quo\/#breadcrumb"},"inLanguage":"fr-FR","potentialAction":[{"@type":"ReadAction","target":["https:\/\/www.convertize.com\/fr\/glossaire\/biais-statu-quo\/"]}]},{"@type":"ImageObject","inLanguage":"fr-FR","@id":"https:\/\/www.convertize.com\/fr\/glossaire\/biais-statu-quo\/#primaryimage","url":"https:\/\/www.convertize.com\/fr\/wp-content\/uploads\/2019\/07\/Biais-de-statu-quo.png","contentUrl":"https:\/\/www.convertize.com\/fr\/wp-content\/uploads\/2019\/07\/Biais-de-statu-quo.png","width":2000,"height":1200,"caption":"biais de statu quo"},{"@type":"BreadcrumbList","@id":"https:\/\/www.convertize.com\/fr\/glossaire\/biais-statu-quo\/#breadcrumb","itemListElement":[{"@type":"ListItem","position":1,"name":"Glossaire de Neuromarketing","item":"https:\/\/www.convertize.com\/fr\/glossaire\/"},{"@type":"ListItem","position":2,"name":"Biais de Statu Quo"}]},{"@type":"WebSite","@id":"https:\/\/www.convertize.com\/fr\/#website","url":"https:\/\/www.convertize.com\/fr\/","name":"Convertize","description":"April 2026","potentialAction":[{"@type":"SearchAction","target":{"@type":"EntryPoint","urlTemplate":"https:\/\/www.convertize.com\/fr\/?s={search_term_string}"},"query-input":{"@type":"PropertyValueSpecification","valueRequired":true,"valueName":"search_term_string"}}],"inLanguage":"fr-FR"}]}},"_links":{"self":[{"href":"https:\/\/www.convertize.com\/fr\/wp-json\/wp\/v2\/pages\/18345"}],"collection":[{"href":"https:\/\/www.convertize.com\/fr\/wp-json\/wp\/v2\/pages"}],"about":[{"href":"https:\/\/www.convertize.com\/fr\/wp-json\/wp\/v2\/types\/page"}],"author":[{"embeddable":true,"href":"https:\/\/www.convertize.com\/fr\/wp-json\/wp\/v2\/users\/45"}],"replies":[{"embeddable":true,"href":"https:\/\/www.convertize.com\/fr\/wp-json\/wp\/v2\/comments?post=18345"}],"version-history":[{"count":0,"href":"https:\/\/www.convertize.com\/fr\/wp-json\/wp\/v2\/pages\/18345\/revisions"}],"up":[{"embeddable":true,"href":"https:\/\/www.convertize.com\/fr\/wp-json\/wp\/v2\/pages\/18263"}],"wp:attachment":[{"href":"https:\/\/www.convertize.com\/fr\/wp-json\/wp\/v2\/media?parent=18345"}],"wp:term":[{"taxonomy":"category","embeddable":true,"href":"https:\/\/www.convertize.com\/fr\/wp-json\/wp\/v2\/categories?post=18345"},{"taxonomy":"post_tag","embeddable":true,"href":"https:\/\/www.convertize.com\/fr\/wp-json\/wp\/v2\/tags?post=18345"}],"curies":[{"name":"wp","href":"https:\/\/api.w.org\/{rel}","templated":true}]}}