{"id":18350,"date":"2019-04-29T16:43:21","date_gmt":"2019-04-29T14:43:21","guid":{"rendered":"https:\/\/www.convertize.com\/fr\/?page_id=18350"},"modified":"2019-06-06T10:32:26","modified_gmt":"2019-06-06T08:32:26","slug":"processing-fluency","status":"publish","type":"page","link":"https:\/\/www.convertize.com\/fr\/glossaire\/processing-fluency\/","title":{"rendered":"Processing Fluency"},"content":{"rendered":"<span class=\"rt-reading-time\" style=\"display: block;\"><span class=\"rt-label rt-prefix\">Temps de lecture : <\/span> <span class=\"rt-time\">2<\/span> <span class=\"rt-label rt-postfix\">minutes<\/span><\/span><section class=\"glossary-definition-text container\"><div class=\"col-xs-12\">\n<h2>Qu&rsquo;est-ce que la Processing Fluency ?<\/h2>\n<p>La Processing Fluency (qui pourrait se traduire par \u00ab\u00a0Facilit\u00e9 de Traitement\u00a0\u00bb en fran\u00e7ais) d\u00e9crit comment notre opinion de quelque chose est influenc\u00e9e par la facilit\u00e9 avec laquelle notre cerveau traite les informations qui lui sont associ\u00e9es.<\/p>\n<p>Nous avons tendance \u00e0 pr\u00e9f\u00e9rer les choses faciles \u00e0 comprendre ou utiliser : nous appelons cela une Processing Fluency \u00e9lev\u00e9e.\u00a0 Au contraire, nous aurons davantage de r\u00e9ticence \u00e0 interagir avec quelque chose de difficile \u00e0 assimiler ou utiliser car cela nous demandera plus d\u2019efforts intellectuels, ce que nous percevrons de fa\u00e7on n\u00e9gative. <a href=\"https:\/\/www.researchgate.net\/profile\/Christian_Unkelbach\/publication\/6598638_Reversing_the_Truth_Effect_Learning_the_Interpretation_of_Processing_Fluency_in_Judgments_of_Truth\/links\/0c960531992e485233000000\/Reversing-the-Truth-Effect-Learning-the-Interpretation-of-Processing-Fluency-in-Judgments-of-Truth.pdf\">Selon des \u00e9tudes<\/a>, nous sommes m\u00eames plus susceptibles d&rsquo;accorder du cr\u00e9dit \u00e0 des informations qui sont faciles \u00e0 traiter, c&rsquo;est-\u00e0-dire qui ont une Processing Fluency \u00e9lev\u00e9e.<\/p>\n<p>La Facilit\u00e9 de Traitement compl\u00e8te ainsi le principe d&rsquo;<a href=\"https:\/\/www.convertize.com\/fr\/glossaire\/aisance-cognitive\/\">aisance cognitive<\/a>. Prenons l&rsquo;exemple d&rsquo;un site Internet pr\u00e9sentant sur sa page d&rsquo;accueil de longs textes difficiles \u00e0 lire et fourmillant d&rsquo;informations diverses. Le cerveau du visiteur aura du mal \u00e0 assimiler les informations. Selon le principe d&rsquo;aisance cognitive, il ne souhaitera pas poursuivre la navigation sur ce site car cela lui demande trop d&rsquo;efforts. Par ailleurs, une faible Facilit\u00e9 de Traitement conduira le visiteur \u00e0 garder une mauvaise image du site et de la marque en question.<\/p>\n<h2>Exemples<\/h2>\n<p>Il est donc primordial de prendre en compte la Processing Fluency et l&rsquo;<a href=\"https:\/\/www.convertize.com\/fr\/experience-utilisateur\/\">exp\u00e9rience utilisateur<\/a> lors de la conception d&rsquo;un site Internet. Pr\u00e9senter une interface a\u00e9r\u00e9e et soign\u00e9e n&rsquo;a pas pour unique effet de diminuer les taux de rebond. Cela permet \u00e9galement d&rsquo;am\u00e9liorer l&rsquo;opinion que les visiteurs ont de votre marque et de vos produits. Ainsi, ils seront mieux dispos\u00e9s \u00e0 \u00e9couter vos arguments marketing et plus susceptibles de revenir sur votre site \u00e0 l&rsquo;avenir. Une page produit complexe, remplie d&rsquo;informations techniques, est souvent moins convaincante qu&rsquo;une page \u00e0 la pr\u00e9sentation plus concise.<\/p>\n<p><img loading=\"lazy\" decoding=\"async\" src=\"https:\/\/www.convertize.com\/fr\/wp-content\/uploads\/2019\/05\/Processing-Fluency-e1559053963482.png\" alt=\"processing fluency\" width=\"1747\" height=\"1196\" class=\"alignnone wp-image-19186 size-full\" \/><\/p>\n<p>Un bon moyen d&rsquo;am\u00e9liorer la Processing Fluency est de supprimer tout message superflu et de placer des <a href=\"https:\/\/www.convertize.com\/fr\/glossaire\/repere-visuel\/\">rep\u00e8res visuels<\/a>\u00a0pour aider les visiteurs \u00e0 identifier les informations les plus importantes. Cela leur permettra de naviguer sur la page sans trop d&rsquo;effort.<\/p>\n<h2>Processing Fluency<\/h2>\n<p>La Processing Fluency est un des aspects les plus importants de toute bonne strat\u00e9gie de marketing digital. Am\u00e9liorer l&rsquo;exp\u00e9rience utilisateur permet en effet d&rsquo;augmenter les taux de conversion sur le long terme.<\/p>\n<\/div><\/section>\n<div class=\"social-btn\"><a class=\"col-1 sbtn s-twitter\" onclick=\"popupwindow('https:\/\/twitter.com\/intent\/tweet?text=Processing%20Fluency&amp;url=https%3A%2F%2Fwww.convertize.com%2Ffr%2Fglossaire%2Fprocessing-fluency%2F&amp;via=convertize','Twitter Follow','600','600')\" href=\"javascript:void(0);\" target=\"_blank\" rel=\"nofollow\"><span>Share on Twitter<\/span><\/a><a class=\"col-1 sbtn s-facebook\" onclick=\"popupwindow('https:\/\/www.facebook.com\/sharer\/sharer.php?u=https%3A%2F%2Fwww.convertize.com%2Ffr%2Fglossaire%2Fprocessing-fluency%2F','Facebook Follow','600','600')\" href=\"javascript:void(0);\" target=\"_blank\" rel=\"nofollow\"><span>Share on Facebook<\/span><\/a><a class=\"col-1 sbtn s-linkedin\" onclick=\"popupwindow('https:\/\/www.linkedin.com\/shareArticle?mini=true&url=https%3A%2F%2Fwww.convertize.com%2Ffr%2Fglossaire%2Fprocessing-fluency%2F&amp;title=Processing%20Fluency&amp;description=La%20Processing%20Fluency%20d\u00e9crit%20comment%20notre%20volont\u00e9%20de%20faire%20quelque%20chose%20est%20influenc\u00e9e%20par%20la%20facilit\u00e9%20ou%20difficult\u00e9%20de%20la%20t\u00e2che%20en%20question.','Linkedin Follow','600','600')\" href=\"javascript:void(0);\" target=\"_blank\" rel=\"nofollow\"><span>Share on Linkedin<\/span><\/a><\/div>","protected":false},"excerpt":{"rendered":"<p><span class=\"rt-reading-time\" style=\"display: block;\"><span class=\"rt-label rt-prefix\">Temps de lecture : <\/span> <span class=\"rt-time\">2<\/span> <span class=\"rt-label rt-postfix\">minutes<\/span><\/span> Share on TwitterShare on FacebookShare on Linkedin<\/p>\n","protected":false},"author":45,"featured_media":0,"parent":18263,"menu_order":0,"comment_status":"closed","ping_status":"closed","template":"page-glossary.php","meta":{"_genesis_hide_title":false,"_genesis_hide_breadcrumbs":false,"_genesis_hide_singular_image":false,"_genesis_hide_footer_widgets":false,"_genesis_custom_body_class":"","_genesis_custom_post_class":"","_genesis_layout":"","footnotes":""},"categories":[],"tags":[],"class_list":{"0":"post-18350","1":"page","2":"type-page","3":"status-publish","5":"entry"},"yoast_head":"<!-- This site is optimized with the Yoast SEO plugin v23.7 - https:\/\/yoast.com\/wordpress\/plugins\/seo\/ -->\n<title>Processing Fluency - Convertize - Glossaire de Neuromarketing<\/title>\n<meta name=\"description\" content=\"La Processing Fluency d\u00e9crit comment notre volont\u00e9 de faire quelque chose est influenc\u00e9e par la facilit\u00e9 ou difficult\u00e9 de la t\u00e2che en question.\" \/>\n<meta name=\"robots\" content=\"index, follow, max-snippet:-1, max-image-preview:large, max-video-preview:-1\" \/>\n<link rel=\"canonical\" href=\"https:\/\/www.convertize.com\/fr\/glossaire\/processing-fluency\/\" \/>\n<meta property=\"og:locale\" content=\"fr_FR\" \/>\n<meta property=\"og:type\" content=\"article\" \/>\n<meta property=\"og:title\" content=\"Processing Fluency - Convertize - Glossaire de Neuromarketing\" \/>\n<meta property=\"og:description\" content=\"La Processing Fluency d\u00e9crit comment notre volont\u00e9 de faire quelque chose est influenc\u00e9e par la facilit\u00e9 ou difficult\u00e9 de la t\u00e2che en question.\" \/>\n<meta property=\"og:url\" content=\"https:\/\/www.convertize.com\/fr\/glossaire\/processing-fluency\/\" \/>\n<meta property=\"og:site_name\" content=\"Convertize\" \/>\n<meta property=\"article:modified_time\" content=\"2019-06-06T08:32:26+00:00\" \/>\n<meta property=\"og:image\" content=\"https:\/\/www.convertize.com\/fr\/wp-content\/uploads\/2019\/05\/Processing-Fluency-e1559053963482.png\" \/>\n\t<meta property=\"og:image:width\" content=\"1747\" \/>\n\t<meta property=\"og:image:height\" content=\"1196\" \/>\n\t<meta property=\"og:image:type\" content=\"image\/png\" \/>\n<meta name=\"twitter:card\" content=\"summary_large_image\" \/>\n<meta name=\"twitter:label1\" content=\"Dur\u00e9e de lecture estim\u00e9e\" \/>\n\t<meta name=\"twitter:data1\" content=\"2 minutes\" \/>\n<script type=\"application\/ld+json\" class=\"yoast-schema-graph\">{\"@context\":\"https:\/\/schema.org\",\"@graph\":[{\"@type\":\"WebPage\",\"@id\":\"https:\/\/www.convertize.com\/fr\/glossaire\/processing-fluency\/\",\"url\":\"https:\/\/www.convertize.com\/fr\/glossaire\/processing-fluency\/\",\"name\":\"Processing Fluency - Convertize - Glossaire de Neuromarketing\",\"isPartOf\":{\"@id\":\"https:\/\/www.convertize.com\/fr\/#website\"},\"primaryImageOfPage\":{\"@id\":\"https:\/\/www.convertize.com\/fr\/glossaire\/processing-fluency\/#primaryimage\"},\"image\":{\"@id\":\"https:\/\/www.convertize.com\/fr\/glossaire\/processing-fluency\/#primaryimage\"},\"thumbnailUrl\":\"https:\/\/www.convertize.com\/fr\/wp-content\/uploads\/2019\/05\/Processing-Fluency-e1559053963482.png\",\"datePublished\":\"2019-04-29T14:43:21+00:00\",\"dateModified\":\"2019-06-06T08:32:26+00:00\",\"description\":\"La Processing Fluency d\u00e9crit comment notre volont\u00e9 de faire quelque chose est influenc\u00e9e par la facilit\u00e9 ou difficult\u00e9 de la t\u00e2che en question.\",\"breadcrumb\":{\"@id\":\"https:\/\/www.convertize.com\/fr\/glossaire\/processing-fluency\/#breadcrumb\"},\"inLanguage\":\"fr-FR\",\"potentialAction\":[{\"@type\":\"ReadAction\",\"target\":[\"https:\/\/www.convertize.com\/fr\/glossaire\/processing-fluency\/\"]}]},{\"@type\":\"ImageObject\",\"inLanguage\":\"fr-FR\",\"@id\":\"https:\/\/www.convertize.com\/fr\/glossaire\/processing-fluency\/#primaryimage\",\"url\":\"https:\/\/www.convertize.com\/fr\/wp-content\/uploads\/2019\/05\/Processing-Fluency-e1559053963482.png\",\"contentUrl\":\"https:\/\/www.convertize.com\/fr\/wp-content\/uploads\/2019\/05\/Processing-Fluency-e1559053963482.png\",\"width\":1747,\"height\":1196,\"caption\":\"processing fluency\"},{\"@type\":\"BreadcrumbList\",\"@id\":\"https:\/\/www.convertize.com\/fr\/glossaire\/processing-fluency\/#breadcrumb\",\"itemListElement\":[{\"@type\":\"ListItem\",\"position\":1,\"name\":\"Glossaire de Neuromarketing\",\"item\":\"https:\/\/www.convertize.com\/fr\/glossaire\/\"},{\"@type\":\"ListItem\",\"position\":2,\"name\":\"Processing Fluency\"}]},{\"@type\":\"WebSite\",\"@id\":\"https:\/\/www.convertize.com\/fr\/#website\",\"url\":\"https:\/\/www.convertize.com\/fr\/\",\"name\":\"Convertize\",\"description\":\"May 2026\",\"potentialAction\":[{\"@type\":\"SearchAction\",\"target\":{\"@type\":\"EntryPoint\",\"urlTemplate\":\"https:\/\/www.convertize.com\/fr\/?s={search_term_string}\"},\"query-input\":{\"@type\":\"PropertyValueSpecification\",\"valueRequired\":true,\"valueName\":\"search_term_string\"}}],\"inLanguage\":\"fr-FR\"}]}<\/script>\n<!-- \/ Yoast SEO plugin. -->","yoast_head_json":{"title":"Processing Fluency - Convertize - Glossaire de Neuromarketing","description":"La Processing Fluency d\u00e9crit comment notre volont\u00e9 de faire quelque chose est influenc\u00e9e par la facilit\u00e9 ou difficult\u00e9 de la t\u00e2che en question.","robots":{"index":"index","follow":"follow","max-snippet":"max-snippet:-1","max-image-preview":"max-image-preview:large","max-video-preview":"max-video-preview:-1"},"canonical":"https:\/\/www.convertize.com\/fr\/glossaire\/processing-fluency\/","og_locale":"fr_FR","og_type":"article","og_title":"Processing Fluency - Convertize - Glossaire de Neuromarketing","og_description":"La Processing Fluency d\u00e9crit comment notre volont\u00e9 de faire quelque chose est influenc\u00e9e par la facilit\u00e9 ou difficult\u00e9 de la t\u00e2che en question.","og_url":"https:\/\/www.convertize.com\/fr\/glossaire\/processing-fluency\/","og_site_name":"Convertize","article_modified_time":"2019-06-06T08:32:26+00:00","og_image":[{"width":1747,"height":1196,"url":"https:\/\/www.convertize.com\/fr\/wp-content\/uploads\/2019\/05\/Processing-Fluency-e1559053963482.png","type":"image\/png"}],"twitter_card":"summary_large_image","twitter_misc":{"Dur\u00e9e de lecture estim\u00e9e":"2 minutes"},"schema":{"@context":"https:\/\/schema.org","@graph":[{"@type":"WebPage","@id":"https:\/\/www.convertize.com\/fr\/glossaire\/processing-fluency\/","url":"https:\/\/www.convertize.com\/fr\/glossaire\/processing-fluency\/","name":"Processing Fluency - Convertize - Glossaire de Neuromarketing","isPartOf":{"@id":"https:\/\/www.convertize.com\/fr\/#website"},"primaryImageOfPage":{"@id":"https:\/\/www.convertize.com\/fr\/glossaire\/processing-fluency\/#primaryimage"},"image":{"@id":"https:\/\/www.convertize.com\/fr\/glossaire\/processing-fluency\/#primaryimage"},"thumbnailUrl":"https:\/\/www.convertize.com\/fr\/wp-content\/uploads\/2019\/05\/Processing-Fluency-e1559053963482.png","datePublished":"2019-04-29T14:43:21+00:00","dateModified":"2019-06-06T08:32:26+00:00","description":"La Processing Fluency d\u00e9crit comment notre volont\u00e9 de faire quelque chose est influenc\u00e9e par la facilit\u00e9 ou difficult\u00e9 de la t\u00e2che en question.","breadcrumb":{"@id":"https:\/\/www.convertize.com\/fr\/glossaire\/processing-fluency\/#breadcrumb"},"inLanguage":"fr-FR","potentialAction":[{"@type":"ReadAction","target":["https:\/\/www.convertize.com\/fr\/glossaire\/processing-fluency\/"]}]},{"@type":"ImageObject","inLanguage":"fr-FR","@id":"https:\/\/www.convertize.com\/fr\/glossaire\/processing-fluency\/#primaryimage","url":"https:\/\/www.convertize.com\/fr\/wp-content\/uploads\/2019\/05\/Processing-Fluency-e1559053963482.png","contentUrl":"https:\/\/www.convertize.com\/fr\/wp-content\/uploads\/2019\/05\/Processing-Fluency-e1559053963482.png","width":1747,"height":1196,"caption":"processing fluency"},{"@type":"BreadcrumbList","@id":"https:\/\/www.convertize.com\/fr\/glossaire\/processing-fluency\/#breadcrumb","itemListElement":[{"@type":"ListItem","position":1,"name":"Glossaire de Neuromarketing","item":"https:\/\/www.convertize.com\/fr\/glossaire\/"},{"@type":"ListItem","position":2,"name":"Processing Fluency"}]},{"@type":"WebSite","@id":"https:\/\/www.convertize.com\/fr\/#website","url":"https:\/\/www.convertize.com\/fr\/","name":"Convertize","description":"May 2026","potentialAction":[{"@type":"SearchAction","target":{"@type":"EntryPoint","urlTemplate":"https:\/\/www.convertize.com\/fr\/?s={search_term_string}"},"query-input":{"@type":"PropertyValueSpecification","valueRequired":true,"valueName":"search_term_string"}}],"inLanguage":"fr-FR"}]}},"_links":{"self":[{"href":"https:\/\/www.convertize.com\/fr\/wp-json\/wp\/v2\/pages\/18350"}],"collection":[{"href":"https:\/\/www.convertize.com\/fr\/wp-json\/wp\/v2\/pages"}],"about":[{"href":"https:\/\/www.convertize.com\/fr\/wp-json\/wp\/v2\/types\/page"}],"author":[{"embeddable":true,"href":"https:\/\/www.convertize.com\/fr\/wp-json\/wp\/v2\/users\/45"}],"replies":[{"embeddable":true,"href":"https:\/\/www.convertize.com\/fr\/wp-json\/wp\/v2\/comments?post=18350"}],"version-history":[{"count":0,"href":"https:\/\/www.convertize.com\/fr\/wp-json\/wp\/v2\/pages\/18350\/revisions"}],"up":[{"embeddable":true,"href":"https:\/\/www.convertize.com\/fr\/wp-json\/wp\/v2\/pages\/18263"}],"wp:attachment":[{"href":"https:\/\/www.convertize.com\/fr\/wp-json\/wp\/v2\/media?parent=18350"}],"wp:term":[{"taxonomy":"category","embeddable":true,"href":"https:\/\/www.convertize.com\/fr\/wp-json\/wp\/v2\/categories?post=18350"},{"taxonomy":"post_tag","embeddable":true,"href":"https:\/\/www.convertize.com\/fr\/wp-json\/wp\/v2\/tags?post=18350"}],"curies":[{"name":"wp","href":"https:\/\/api.w.org\/{rel}","templated":true}]}}