{"id":18354,"date":"2019-04-29T16:44:19","date_gmt":"2019-04-29T14:44:19","guid":{"rendered":"https:\/\/www.convertize.com\/fr\/?page_id=18354"},"modified":"2019-07-29T11:29:43","modified_gmt":"2019-07-29T09:29:43","slug":"effet-zeigarnik","status":"publish","type":"page","link":"https:\/\/www.convertize.com\/fr\/glossaire\/effet-zeigarnik\/","title":{"rendered":"Effet Zeigarnik"},"content":{"rendered":"<span class=\"rt-reading-time\" style=\"display: block;\"><span class=\"rt-label rt-prefix\">Temps de lecture : <\/span> <span class=\"rt-time\">&lt;\u00a01<\/span> <span class=\"rt-label rt-postfix\">minute<\/span><\/span><section class=\"glossary-definition-text container\"><div class=\"col-xs-12\">\n<h2>Qu&rsquo;est-ce que l&rsquo;Effet Zeigarnik ?<\/h2>\n<p class=\"p1\">L\u2019Effet Zeigarnik<span>\u00a0<\/span>(ou\u00a0Zeigarnik Effect), \u00e9tudi\u00e9 par la psychologue <a href=\"https:\/\/pdfs.semanticscholar.org\/edd8\/f1d0f79106c80b0b856b46d0d01168c76f50.pdf\">Bluma Zeigarnik<\/a>, est le principe psychologique qui explique comment les\u00a0t\u00e2ches que nous n\u2019avons pas encore finies restent davantage ancr\u00e9es dans notre m\u00e9moire que celles que nous avons termin\u00e9es.<\/p>\n<p class=\"p1\">L\u2019effet Zeigarnik est bas\u00e9 sur l\u2019id\u00e9e qu\u2019il est dans la nature humaine de vouloir finir les choses commenc\u00e9es, et que nous ressentons un sentiment inconfortable de dissonance lorsque ce n\u2019est pas le cas. Ne pas finir quelque chose nous met dans un \u00e9tat de tension qui nous pousse \u00e0 porter plus attention \u00e0 la chose que l\u2019on souhaite terminer.<\/p>\n<p><img loading=\"lazy\" decoding=\"async\" src=\"https:\/\/www.convertize.com\/fr\/wp-content\/uploads\/2019\/07\/Effet-Zeigarnik.png\" alt=\"effet zeigarnik\" width=\"800\" height=\"480\" class=\"aligncenter wp-image-19966\" \/><\/p>\n<h2>Exemples<\/h2>\n<p>Les professionnels du marketing digital et les d\u00e9veloppeurs utilisent souvent des barres de progression pour les <a href=\"https:\/\/www.convertize.com\/fr\/optimiser-formulaires\/\">formulaires<\/a> ou les <a href=\"https:\/\/www.convertize.com\/fr\/optimiser-page-de-paiement\/\">processus de paiement<\/a>. La barre rappelle aux utilisateurs o\u00f9 ils en sont dans le processus et les motive \u00e0 finir l&rsquo;action. L&rsquo;effet est souvent renforc\u00e9 lorsque la barre est d\u00e9j\u00e0 \u00e0 l&rsquo;\u00e9tape du milieu lorsqu&rsquo;elle s&rsquo;affiche pour la premi\u00e8re fois ce qui permet \u00e0 l&rsquo;utilisateur de se sentir plus investi.<\/p>\n<h2>Effet Zeigarnik<\/h2>\n<p>L&rsquo;Effet Zeigarnik est tr\u00e8s utile en marketing puisqu&rsquo;il pousse les utilisateurs \u00e0 ne pas s&rsquo;arr\u00eater au milieu d&rsquo;une action. Bien utilis\u00e9, il permet d&rsquo;\u00e9viter l&rsquo;abandon de panier et d&rsquo;augmenter les taux de conversion.<\/p>\n<\/div><\/section>\n<div class=\"social-btn\"><a class=\"col-1 sbtn s-twitter\" onclick=\"popupwindow('https:\/\/twitter.com\/intent\/tweet?text=Effet%20Zeigarnik&amp;url=https%3A%2F%2Fwww.convertize.com%2Ffr%2Fglossaire%2Feffet-zeigarnik%2F&amp;via=convertize','Twitter Follow','600','600')\" href=\"javascript:void(0);\" target=\"_blank\" rel=\"nofollow\"><span>Share on Twitter<\/span><\/a><a class=\"col-1 sbtn s-facebook\" onclick=\"popupwindow('https:\/\/www.facebook.com\/sharer\/sharer.php?u=https%3A%2F%2Fwww.convertize.com%2Ffr%2Fglossaire%2Feffet-zeigarnik%2F','Facebook Follow','600','600')\" href=\"javascript:void(0);\" target=\"_blank\" rel=\"nofollow\"><span>Share on Facebook<\/span><\/a><a class=\"col-1 sbtn s-linkedin\" onclick=\"popupwindow('https:\/\/www.linkedin.com\/shareArticle?mini=true&url=https%3A%2F%2Fwww.convertize.com%2Ffr%2Fglossaire%2Feffet-zeigarnik%2F&amp;title=Effet%20Zeigarnik&amp;description=L'Effet%20Zeigarnik%20est%20un%20biais%20cognitif%20qui%20d\u00e9crit%20comment%20les%20individus%20se%20souviennent%20mieux%20des%20t\u00e2ches%20inachev\u00e9es%20que%20de%20celles%20qui%20ont%20\u00e9t\u00e9%20men\u00e9es%20\u00e0%20bien.','Linkedin Follow','600','600')\" href=\"javascript:void(0);\" target=\"_blank\" rel=\"nofollow\"><span>Share on Linkedin<\/span><\/a><\/div>","protected":false},"excerpt":{"rendered":"<p><span class=\"rt-reading-time\" style=\"display: block;\"><span class=\"rt-label rt-prefix\">Temps de lecture : <\/span> <span class=\"rt-time\">&lt;\u00a01<\/span> <span class=\"rt-label rt-postfix\">minute<\/span><\/span> Share on TwitterShare on FacebookShare on Linkedin<\/p>\n","protected":false},"author":45,"featured_media":0,"parent":18263,"menu_order":0,"comment_status":"closed","ping_status":"closed","template":"page-glossary.php","meta":{"_genesis_hide_title":false,"_genesis_hide_breadcrumbs":false,"_genesis_hide_singular_image":false,"_genesis_hide_footer_widgets":false,"_genesis_custom_body_class":"","_genesis_custom_post_class":"","_genesis_layout":"","footnotes":""},"categories":[],"tags":[],"class_list":{"0":"post-18354","1":"page","2":"type-page","3":"status-publish","5":"entry"},"yoast_head":"<!-- This site is optimized with the Yoast SEO plugin v23.7 - https:\/\/yoast.com\/wordpress\/plugins\/seo\/ -->\n<title>Effet Zeigarnik - Convertize - Glossaire de Neuromarketing<\/title>\n<meta name=\"description\" content=\"L&#039;Effet Zeigarnik est un biais cognitif qui d\u00e9crit comment les individus se souviennent mieux des t\u00e2ches inachev\u00e9es que de celles qui ont \u00e9t\u00e9 men\u00e9es \u00e0 bien.\" \/>\n<meta name=\"robots\" content=\"index, follow, max-snippet:-1, max-image-preview:large, max-video-preview:-1\" \/>\n<link rel=\"canonical\" href=\"https:\/\/www.convertize.com\/fr\/glossaire\/effet-zeigarnik\/\" \/>\n<meta property=\"og:locale\" content=\"fr_FR\" \/>\n<meta property=\"og:type\" content=\"article\" \/>\n<meta property=\"og:title\" content=\"Effet Zeigarnik - Convertize - Glossaire de Neuromarketing\" \/>\n<meta property=\"og:description\" content=\"L&#039;Effet Zeigarnik est un biais cognitif qui d\u00e9crit comment les individus se souviennent mieux des t\u00e2ches inachev\u00e9es que de celles qui ont \u00e9t\u00e9 men\u00e9es \u00e0 bien.\" \/>\n<meta property=\"og:url\" content=\"https:\/\/www.convertize.com\/fr\/glossaire\/effet-zeigarnik\/\" \/>\n<meta property=\"og:site_name\" content=\"Convertize\" \/>\n<meta property=\"article:modified_time\" content=\"2019-07-29T09:29:43+00:00\" \/>\n<meta property=\"og:image\" content=\"https:\/\/www.convertize.com\/fr\/wp-content\/uploads\/2019\/07\/Effet-Zeigarnik.png\" \/>\n\t<meta property=\"og:image:width\" content=\"2000\" \/>\n\t<meta property=\"og:image:height\" content=\"1200\" \/>\n\t<meta property=\"og:image:type\" content=\"image\/png\" \/>\n<meta name=\"twitter:card\" content=\"summary_large_image\" \/>\n<meta name=\"twitter:label1\" content=\"Dur\u00e9e de lecture estim\u00e9e\" \/>\n\t<meta name=\"twitter:data1\" content=\"1 minute\" \/>\n<script type=\"application\/ld+json\" class=\"yoast-schema-graph\">{\"@context\":\"https:\/\/schema.org\",\"@graph\":[{\"@type\":\"WebPage\",\"@id\":\"https:\/\/www.convertize.com\/fr\/glossaire\/effet-zeigarnik\/\",\"url\":\"https:\/\/www.convertize.com\/fr\/glossaire\/effet-zeigarnik\/\",\"name\":\"Effet Zeigarnik - Convertize - Glossaire de Neuromarketing\",\"isPartOf\":{\"@id\":\"https:\/\/www.convertize.com\/fr\/#website\"},\"primaryImageOfPage\":{\"@id\":\"https:\/\/www.convertize.com\/fr\/glossaire\/effet-zeigarnik\/#primaryimage\"},\"image\":{\"@id\":\"https:\/\/www.convertize.com\/fr\/glossaire\/effet-zeigarnik\/#primaryimage\"},\"thumbnailUrl\":\"https:\/\/www.convertize.com\/fr\/wp-content\/uploads\/2019\/07\/Effet-Zeigarnik.png\",\"datePublished\":\"2019-04-29T14:44:19+00:00\",\"dateModified\":\"2019-07-29T09:29:43+00:00\",\"description\":\"L'Effet Zeigarnik est un biais cognitif qui d\u00e9crit comment les individus se souviennent mieux des t\u00e2ches inachev\u00e9es que de celles qui ont \u00e9t\u00e9 men\u00e9es \u00e0 bien.\",\"breadcrumb\":{\"@id\":\"https:\/\/www.convertize.com\/fr\/glossaire\/effet-zeigarnik\/#breadcrumb\"},\"inLanguage\":\"fr-FR\",\"potentialAction\":[{\"@type\":\"ReadAction\",\"target\":[\"https:\/\/www.convertize.com\/fr\/glossaire\/effet-zeigarnik\/\"]}]},{\"@type\":\"ImageObject\",\"inLanguage\":\"fr-FR\",\"@id\":\"https:\/\/www.convertize.com\/fr\/glossaire\/effet-zeigarnik\/#primaryimage\",\"url\":\"https:\/\/www.convertize.com\/fr\/wp-content\/uploads\/2019\/07\/Effet-Zeigarnik.png\",\"contentUrl\":\"https:\/\/www.convertize.com\/fr\/wp-content\/uploads\/2019\/07\/Effet-Zeigarnik.png\",\"width\":2000,\"height\":1200,\"caption\":\"effet zeigarnik\"},{\"@type\":\"BreadcrumbList\",\"@id\":\"https:\/\/www.convertize.com\/fr\/glossaire\/effet-zeigarnik\/#breadcrumb\",\"itemListElement\":[{\"@type\":\"ListItem\",\"position\":1,\"name\":\"Glossaire de Neuromarketing\",\"item\":\"https:\/\/www.convertize.com\/fr\/glossaire\/\"},{\"@type\":\"ListItem\",\"position\":2,\"name\":\"Effet Zeigarnik\"}]},{\"@type\":\"WebSite\",\"@id\":\"https:\/\/www.convertize.com\/fr\/#website\",\"url\":\"https:\/\/www.convertize.com\/fr\/\",\"name\":\"Convertize\",\"description\":\"May 2026\",\"potentialAction\":[{\"@type\":\"SearchAction\",\"target\":{\"@type\":\"EntryPoint\",\"urlTemplate\":\"https:\/\/www.convertize.com\/fr\/?s={search_term_string}\"},\"query-input\":{\"@type\":\"PropertyValueSpecification\",\"valueRequired\":true,\"valueName\":\"search_term_string\"}}],\"inLanguage\":\"fr-FR\"}]}<\/script>\n<!-- \/ Yoast SEO plugin. -->","yoast_head_json":{"title":"Effet Zeigarnik - Convertize - Glossaire de Neuromarketing","description":"L'Effet Zeigarnik est un biais cognitif qui d\u00e9crit comment les individus se souviennent mieux des t\u00e2ches inachev\u00e9es que de celles qui ont \u00e9t\u00e9 men\u00e9es \u00e0 bien.","robots":{"index":"index","follow":"follow","max-snippet":"max-snippet:-1","max-image-preview":"max-image-preview:large","max-video-preview":"max-video-preview:-1"},"canonical":"https:\/\/www.convertize.com\/fr\/glossaire\/effet-zeigarnik\/","og_locale":"fr_FR","og_type":"article","og_title":"Effet Zeigarnik - Convertize - Glossaire de Neuromarketing","og_description":"L'Effet Zeigarnik est un biais cognitif qui d\u00e9crit comment les individus se souviennent mieux des t\u00e2ches inachev\u00e9es que de celles qui ont \u00e9t\u00e9 men\u00e9es \u00e0 bien.","og_url":"https:\/\/www.convertize.com\/fr\/glossaire\/effet-zeigarnik\/","og_site_name":"Convertize","article_modified_time":"2019-07-29T09:29:43+00:00","og_image":[{"width":2000,"height":1200,"url":"https:\/\/www.convertize.com\/fr\/wp-content\/uploads\/2019\/07\/Effet-Zeigarnik.png","type":"image\/png"}],"twitter_card":"summary_large_image","twitter_misc":{"Dur\u00e9e de lecture estim\u00e9e":"1 minute"},"schema":{"@context":"https:\/\/schema.org","@graph":[{"@type":"WebPage","@id":"https:\/\/www.convertize.com\/fr\/glossaire\/effet-zeigarnik\/","url":"https:\/\/www.convertize.com\/fr\/glossaire\/effet-zeigarnik\/","name":"Effet Zeigarnik - Convertize - Glossaire de Neuromarketing","isPartOf":{"@id":"https:\/\/www.convertize.com\/fr\/#website"},"primaryImageOfPage":{"@id":"https:\/\/www.convertize.com\/fr\/glossaire\/effet-zeigarnik\/#primaryimage"},"image":{"@id":"https:\/\/www.convertize.com\/fr\/glossaire\/effet-zeigarnik\/#primaryimage"},"thumbnailUrl":"https:\/\/www.convertize.com\/fr\/wp-content\/uploads\/2019\/07\/Effet-Zeigarnik.png","datePublished":"2019-04-29T14:44:19+00:00","dateModified":"2019-07-29T09:29:43+00:00","description":"L'Effet Zeigarnik est un biais cognitif qui d\u00e9crit comment les individus se souviennent mieux des t\u00e2ches inachev\u00e9es que de celles qui ont \u00e9t\u00e9 men\u00e9es \u00e0 bien.","breadcrumb":{"@id":"https:\/\/www.convertize.com\/fr\/glossaire\/effet-zeigarnik\/#breadcrumb"},"inLanguage":"fr-FR","potentialAction":[{"@type":"ReadAction","target":["https:\/\/www.convertize.com\/fr\/glossaire\/effet-zeigarnik\/"]}]},{"@type":"ImageObject","inLanguage":"fr-FR","@id":"https:\/\/www.convertize.com\/fr\/glossaire\/effet-zeigarnik\/#primaryimage","url":"https:\/\/www.convertize.com\/fr\/wp-content\/uploads\/2019\/07\/Effet-Zeigarnik.png","contentUrl":"https:\/\/www.convertize.com\/fr\/wp-content\/uploads\/2019\/07\/Effet-Zeigarnik.png","width":2000,"height":1200,"caption":"effet zeigarnik"},{"@type":"BreadcrumbList","@id":"https:\/\/www.convertize.com\/fr\/glossaire\/effet-zeigarnik\/#breadcrumb","itemListElement":[{"@type":"ListItem","position":1,"name":"Glossaire de Neuromarketing","item":"https:\/\/www.convertize.com\/fr\/glossaire\/"},{"@type":"ListItem","position":2,"name":"Effet Zeigarnik"}]},{"@type":"WebSite","@id":"https:\/\/www.convertize.com\/fr\/#website","url":"https:\/\/www.convertize.com\/fr\/","name":"Convertize","description":"May 2026","potentialAction":[{"@type":"SearchAction","target":{"@type":"EntryPoint","urlTemplate":"https:\/\/www.convertize.com\/fr\/?s={search_term_string}"},"query-input":{"@type":"PropertyValueSpecification","valueRequired":true,"valueName":"search_term_string"}}],"inLanguage":"fr-FR"}]}},"_links":{"self":[{"href":"https:\/\/www.convertize.com\/fr\/wp-json\/wp\/v2\/pages\/18354"}],"collection":[{"href":"https:\/\/www.convertize.com\/fr\/wp-json\/wp\/v2\/pages"}],"about":[{"href":"https:\/\/www.convertize.com\/fr\/wp-json\/wp\/v2\/types\/page"}],"author":[{"embeddable":true,"href":"https:\/\/www.convertize.com\/fr\/wp-json\/wp\/v2\/users\/45"}],"replies":[{"embeddable":true,"href":"https:\/\/www.convertize.com\/fr\/wp-json\/wp\/v2\/comments?post=18354"}],"version-history":[{"count":0,"href":"https:\/\/www.convertize.com\/fr\/wp-json\/wp\/v2\/pages\/18354\/revisions"}],"up":[{"embeddable":true,"href":"https:\/\/www.convertize.com\/fr\/wp-json\/wp\/v2\/pages\/18263"}],"wp:attachment":[{"href":"https:\/\/www.convertize.com\/fr\/wp-json\/wp\/v2\/media?parent=18354"}],"wp:term":[{"taxonomy":"category","embeddable":true,"href":"https:\/\/www.convertize.com\/fr\/wp-json\/wp\/v2\/categories?post=18354"},{"taxonomy":"post_tag","embeddable":true,"href":"https:\/\/www.convertize.com\/fr\/wp-json\/wp\/v2\/tags?post=18354"}],"curies":[{"name":"wp","href":"https:\/\/api.w.org\/{rel}","templated":true}]}}