{"id":18621,"date":"2019-05-02T12:16:21","date_gmt":"2019-05-02T10:16:21","guid":{"rendered":"https:\/\/www.convertize.com\/fr\/?page_id=18621"},"modified":"2019-06-05T13:14:15","modified_gmt":"2019-06-05T11:14:15","slug":"malediction-du-savoir","status":"publish","type":"page","link":"https:\/\/www.convertize.com\/fr\/glossaire\/malediction-du-savoir\/","title":{"rendered":"Mal\u00e9diction du Savoir"},"content":{"rendered":"<span class=\"rt-reading-time\" style=\"display: block;\"><span class=\"rt-label rt-prefix\">Temps de lecture : <\/span> <span class=\"rt-time\">2<\/span> <span class=\"rt-label rt-postfix\">minutes<\/span><\/span><section class=\"glossary-definition-text container\"><div class=\"col-xs-12\">\n<h2>Qu&rsquo;est-ce que la Mal\u00e9diction du Savoir ?<\/h2>\n<p>La Mal\u00e9diction du Savoir peut sembler paradoxale mais nous y sommes tous confront\u00e9s \u00e0 un moment ou \u00e0 un autre. Il s&rsquo;agit d&rsquo;un biais cognitif emp\u00eachant ceux qui poss\u00e8dent plus de connaissances sur un sujet de <a href=\"https:\/\/authors.library.caltech.edu\/22171\/1\/1831894[1].pdf\">comprendre le point de vue<\/a> de quelqu&rsquo;un de moins averti. En effet, il est tr\u00e8s difficile de d\u00e9sapprendre ce que l&rsquo;on a appris. Plus une personne acquiert de connaissances sp\u00e9cialis\u00e9es sur un sujet, plus elle sera victime de la Mal\u00e9diction du Savoir.<\/p>\n<p><img loading=\"lazy\" decoding=\"async\" src=\"https:\/\/www.convertize.com\/fr\/wp-content\/uploads\/2019\/05\/Male\u0301diction-du-Savoir.png\" alt=\"mal\u00e9diction du savoir\" width=\"600\" height=\"369\" class=\"aligncenter wp-image-18644\" \/><\/p>\n<p>La Mal\u00e9diction du Savoir peut rendre la communication avec autrui difficile : on peut en effet avoir du mal \u00e0 parler d&rsquo;un sujet avec d&rsquo;autres personnes ou \u00e0 expliquer quelque chose \u00e0 quelqu&rsquo;un. Cette Mal\u00e9diction peut aussi avoir un impact n\u00e9gatif lorsqu&rsquo;il s&rsquo;agit de donner des instructions \u00e0 de nouveaux utilisateurs : on peut avoir du mal \u00e0 anticiper le niveau de d\u00e9tails n\u00e9cessaires pour les aider \u00e0 mener \u00e0 bien l&rsquo;action souhait\u00e9e. \u00catre capable de communiquer son savoir est une comp\u00e9tence essentielle pour un <a href=\"https:\/\/www.convertize.com\/fr\/expert-marketing-digital\/\">professionnel du marketing<\/a> &#8211; surtout vous proposez un service qui requiert quelques explications. L&rsquo;influence de la Mal\u00e9diction du Savoir est doublement importante en ligne o\u00f9 on a rarement deux fois la chance de faire passer un message.<\/p>\n<h2>Exemples<\/h2>\n<p>Une large part de l&rsquo;UX Design (conception de <a href=\"https:\/\/www.convertize.com\/fr\/experience-utilisateur\/\">l&rsquo;exp\u00e9rience utilisateur<\/a>) consiste \u00e0 concevoir un site Internet ou une interface afin de les rendre aussi faciles \u00e0 utiliser que possible. Toutefois, on peut avoir du mal \u00e0 pr\u00e9voir ce que les visiteurs vont r\u00e9ellement comprendre du site en question. Il est possible de r\u00e9gler ce probl\u00e8me caus\u00e9 par la Mal\u00e9diction du Savoir en utilisant un outil recueillant du feedback utilisateur. Des tests durant cinq secondes peuvent ainsi vous montrer s&rsquo;il est facile d&rsquo;extraire les informations essentielles de votre page tandis que les logiciels d&rsquo;enregistrement de session peuvent vous indiquer l&rsquo;endroit de votre site qui frustre les utilisateurs.<\/p>\n<p>Il peut aussi \u00eatre difficile de cr\u00e9er des messages persuasifs pour une campagne publicitaire ou une page produit. Savoir ce qu&rsquo;un visiteur va comprendre de l&rsquo;information que vous lui donnez n&rsquo;est pas toujours \u00e9vident et il peut \u00eatre compliqu\u00e9 de d\u00e9terminer ce qu&rsquo;il faut dire explicitement. Dans ce cas, <a href=\"https:\/\/www.convertize.com\/fr\/ab-testing\/\">l&rsquo;AB testing<\/a> est un outil puissant.<\/p>\n<h2>Mal\u00e9diction du Savoir<\/h2>\n<p>Essayer d&rsquo;aborder vos produits et contenus du point de vue d&rsquo;un n\u00e9ophyte est un des plus grands d\u00e9fis pos\u00e9s aux professionnels du marketing. Utiliser des outils tels que le AB Testing, les enregistrements de sessions et les tests de cinq secondes peut vous aider \u00e0 cr\u00e9er du contenu digital facilement utilisable.<\/p>\n<\/div><\/section>\n<div class=\"social-btn\"><a class=\"col-1 sbtn s-twitter\" onclick=\"popupwindow('https:\/\/twitter.com\/intent\/tweet?text=Mal\u00e9diction%20du%20Savoir&amp;url=https%3A%2F%2Fwww.convertize.com%2Ffr%2Fglossaire%2Fmalediction-du-savoir%2F&amp;via=convertize','Twitter Follow','600','600')\" href=\"javascript:void(0);\" target=\"_blank\" rel=\"nofollow\"><span>Share on Twitter<\/span><\/a><a class=\"col-1 sbtn s-facebook\" onclick=\"popupwindow('https:\/\/www.facebook.com\/sharer\/sharer.php?u=https%3A%2F%2Fwww.convertize.com%2Ffr%2Fglossaire%2Fmalediction-du-savoir%2F','Facebook Follow','600','600')\" href=\"javascript:void(0);\" target=\"_blank\" rel=\"nofollow\"><span>Share on Facebook<\/span><\/a><a class=\"col-1 sbtn s-linkedin\" onclick=\"popupwindow('https:\/\/www.linkedin.com\/shareArticle?mini=true&url=https%3A%2F%2Fwww.convertize.com%2Ffr%2Fglossaire%2Fmalediction-du-savoir%2F&amp;title=Mal\u00e9diction%20du%20Savoir&amp;description=La%20Mal\u00e9diction%20du%20Savoir%20d\u00e9crit%20la%20difficult\u00e9%20que%20nous%20avons%20\u00e0%20nous%20mettre%20\u00e0%20la%20place%20de%20ceux%20qui%20ont%20moins%20de%20connaissances%20que%20nous%20sur%20un%20sujet.','Linkedin Follow','600','600')\" href=\"javascript:void(0);\" target=\"_blank\" rel=\"nofollow\"><span>Share on Linkedin<\/span><\/a><\/div>","protected":false},"excerpt":{"rendered":"<p><span class=\"rt-reading-time\" style=\"display: block;\"><span class=\"rt-label rt-prefix\">Temps de lecture : <\/span> <span class=\"rt-time\">2<\/span> <span class=\"rt-label rt-postfix\">minutes<\/span><\/span> Share on TwitterShare on FacebookShare on Linkedin<\/p>\n","protected":false},"author":45,"featured_media":0,"parent":18263,"menu_order":0,"comment_status":"closed","ping_status":"closed","template":"page-glossary.php","meta":{"_genesis_hide_title":false,"_genesis_hide_breadcrumbs":false,"_genesis_hide_singular_image":false,"_genesis_hide_footer_widgets":false,"_genesis_custom_body_class":"","_genesis_custom_post_class":"","_genesis_layout":"","footnotes":""},"categories":[],"tags":[],"class_list":{"0":"post-18621","1":"page","2":"type-page","3":"status-publish","5":"entry"},"yoast_head":"<!-- This site is optimized with the Yoast SEO plugin v23.7 - https:\/\/yoast.com\/wordpress\/plugins\/seo\/ -->\n<title>Mal\u00e9diction du Savoir - Convertize - Glossaire de Neuromarketing<\/title>\n<meta name=\"description\" content=\"La Mal\u00e9diction du Savoir d\u00e9crit la difficult\u00e9 que nous avons \u00e0 nous mettre \u00e0 la place de ceux qui ont moins de connaissances que nous sur un sujet.\" \/>\n<meta name=\"robots\" content=\"index, follow, max-snippet:-1, max-image-preview:large, max-video-preview:-1\" \/>\n<link rel=\"canonical\" href=\"https:\/\/www.convertize.com\/fr\/glossaire\/malediction-du-savoir\/\" \/>\n<meta property=\"og:locale\" content=\"fr_FR\" \/>\n<meta property=\"og:type\" content=\"article\" \/>\n<meta property=\"og:title\" content=\"Mal\u00e9diction du Savoir - Convertize - Glossaire de Neuromarketing\" \/>\n<meta property=\"og:description\" content=\"La Mal\u00e9diction du Savoir d\u00e9crit la difficult\u00e9 que nous avons \u00e0 nous mettre \u00e0 la place de ceux qui ont moins de connaissances que nous sur un sujet.\" \/>\n<meta property=\"og:url\" content=\"https:\/\/www.convertize.com\/fr\/glossaire\/malediction-du-savoir\/\" \/>\n<meta property=\"og:site_name\" content=\"Convertize\" \/>\n<meta property=\"article:modified_time\" content=\"2019-06-05T11:14:15+00:00\" \/>\n<meta name=\"twitter:card\" content=\"summary_large_image\" \/>\n<meta name=\"twitter:label1\" content=\"Dur\u00e9e de lecture estim\u00e9e\" \/>\n\t<meta name=\"twitter:data1\" content=\"2 minutes\" \/>\n<script type=\"application\/ld+json\" class=\"yoast-schema-graph\">{\"@context\":\"https:\/\/schema.org\",\"@graph\":[{\"@type\":\"WebPage\",\"@id\":\"https:\/\/www.convertize.com\/fr\/glossaire\/malediction-du-savoir\/\",\"url\":\"https:\/\/www.convertize.com\/fr\/glossaire\/malediction-du-savoir\/\",\"name\":\"Mal\u00e9diction du Savoir - Convertize - Glossaire de Neuromarketing\",\"isPartOf\":{\"@id\":\"https:\/\/www.convertize.com\/fr\/#website\"},\"datePublished\":\"2019-05-02T10:16:21+00:00\",\"dateModified\":\"2019-06-05T11:14:15+00:00\",\"description\":\"La Mal\u00e9diction du Savoir d\u00e9crit la difficult\u00e9 que nous avons \u00e0 nous mettre \u00e0 la place de ceux qui ont moins de connaissances que nous sur un sujet.\",\"breadcrumb\":{\"@id\":\"https:\/\/www.convertize.com\/fr\/glossaire\/malediction-du-savoir\/#breadcrumb\"},\"inLanguage\":\"fr-FR\",\"potentialAction\":[{\"@type\":\"ReadAction\",\"target\":[\"https:\/\/www.convertize.com\/fr\/glossaire\/malediction-du-savoir\/\"]}]},{\"@type\":\"BreadcrumbList\",\"@id\":\"https:\/\/www.convertize.com\/fr\/glossaire\/malediction-du-savoir\/#breadcrumb\",\"itemListElement\":[{\"@type\":\"ListItem\",\"position\":1,\"name\":\"Glossaire de Neuromarketing\",\"item\":\"https:\/\/www.convertize.com\/fr\/glossaire\/\"},{\"@type\":\"ListItem\",\"position\":2,\"name\":\"Mal\u00e9diction du Savoir\"}]},{\"@type\":\"WebSite\",\"@id\":\"https:\/\/www.convertize.com\/fr\/#website\",\"url\":\"https:\/\/www.convertize.com\/fr\/\",\"name\":\"Convertize\",\"description\":\"May 2026\",\"potentialAction\":[{\"@type\":\"SearchAction\",\"target\":{\"@type\":\"EntryPoint\",\"urlTemplate\":\"https:\/\/www.convertize.com\/fr\/?s={search_term_string}\"},\"query-input\":{\"@type\":\"PropertyValueSpecification\",\"valueRequired\":true,\"valueName\":\"search_term_string\"}}],\"inLanguage\":\"fr-FR\"}]}<\/script>\n<!-- \/ Yoast SEO plugin. -->","yoast_head_json":{"title":"Mal\u00e9diction du Savoir - Convertize - Glossaire de Neuromarketing","description":"La Mal\u00e9diction du Savoir d\u00e9crit la difficult\u00e9 que nous avons \u00e0 nous mettre \u00e0 la place de ceux qui ont moins de connaissances que nous sur un sujet.","robots":{"index":"index","follow":"follow","max-snippet":"max-snippet:-1","max-image-preview":"max-image-preview:large","max-video-preview":"max-video-preview:-1"},"canonical":"https:\/\/www.convertize.com\/fr\/glossaire\/malediction-du-savoir\/","og_locale":"fr_FR","og_type":"article","og_title":"Mal\u00e9diction du Savoir - Convertize - Glossaire de Neuromarketing","og_description":"La Mal\u00e9diction du Savoir d\u00e9crit la difficult\u00e9 que nous avons \u00e0 nous mettre \u00e0 la place de ceux qui ont moins de connaissances que nous sur un sujet.","og_url":"https:\/\/www.convertize.com\/fr\/glossaire\/malediction-du-savoir\/","og_site_name":"Convertize","article_modified_time":"2019-06-05T11:14:15+00:00","twitter_card":"summary_large_image","twitter_misc":{"Dur\u00e9e de lecture estim\u00e9e":"2 minutes"},"schema":{"@context":"https:\/\/schema.org","@graph":[{"@type":"WebPage","@id":"https:\/\/www.convertize.com\/fr\/glossaire\/malediction-du-savoir\/","url":"https:\/\/www.convertize.com\/fr\/glossaire\/malediction-du-savoir\/","name":"Mal\u00e9diction du Savoir - Convertize - Glossaire de Neuromarketing","isPartOf":{"@id":"https:\/\/www.convertize.com\/fr\/#website"},"datePublished":"2019-05-02T10:16:21+00:00","dateModified":"2019-06-05T11:14:15+00:00","description":"La Mal\u00e9diction du Savoir d\u00e9crit la difficult\u00e9 que nous avons \u00e0 nous mettre \u00e0 la place de ceux qui ont moins de connaissances que nous sur un sujet.","breadcrumb":{"@id":"https:\/\/www.convertize.com\/fr\/glossaire\/malediction-du-savoir\/#breadcrumb"},"inLanguage":"fr-FR","potentialAction":[{"@type":"ReadAction","target":["https:\/\/www.convertize.com\/fr\/glossaire\/malediction-du-savoir\/"]}]},{"@type":"BreadcrumbList","@id":"https:\/\/www.convertize.com\/fr\/glossaire\/malediction-du-savoir\/#breadcrumb","itemListElement":[{"@type":"ListItem","position":1,"name":"Glossaire de Neuromarketing","item":"https:\/\/www.convertize.com\/fr\/glossaire\/"},{"@type":"ListItem","position":2,"name":"Mal\u00e9diction du Savoir"}]},{"@type":"WebSite","@id":"https:\/\/www.convertize.com\/fr\/#website","url":"https:\/\/www.convertize.com\/fr\/","name":"Convertize","description":"May 2026","potentialAction":[{"@type":"SearchAction","target":{"@type":"EntryPoint","urlTemplate":"https:\/\/www.convertize.com\/fr\/?s={search_term_string}"},"query-input":{"@type":"PropertyValueSpecification","valueRequired":true,"valueName":"search_term_string"}}],"inLanguage":"fr-FR"}]}},"_links":{"self":[{"href":"https:\/\/www.convertize.com\/fr\/wp-json\/wp\/v2\/pages\/18621"}],"collection":[{"href":"https:\/\/www.convertize.com\/fr\/wp-json\/wp\/v2\/pages"}],"about":[{"href":"https:\/\/www.convertize.com\/fr\/wp-json\/wp\/v2\/types\/page"}],"author":[{"embeddable":true,"href":"https:\/\/www.convertize.com\/fr\/wp-json\/wp\/v2\/users\/45"}],"replies":[{"embeddable":true,"href":"https:\/\/www.convertize.com\/fr\/wp-json\/wp\/v2\/comments?post=18621"}],"version-history":[{"count":0,"href":"https:\/\/www.convertize.com\/fr\/wp-json\/wp\/v2\/pages\/18621\/revisions"}],"up":[{"embeddable":true,"href":"https:\/\/www.convertize.com\/fr\/wp-json\/wp\/v2\/pages\/18263"}],"wp:attachment":[{"href":"https:\/\/www.convertize.com\/fr\/wp-json\/wp\/v2\/media?parent=18621"}],"wp:term":[{"taxonomy":"category","embeddable":true,"href":"https:\/\/www.convertize.com\/fr\/wp-json\/wp\/v2\/categories?post=18621"},{"taxonomy":"post_tag","embeddable":true,"href":"https:\/\/www.convertize.com\/fr\/wp-json\/wp\/v2\/tags?post=18621"}],"curies":[{"name":"wp","href":"https:\/\/api.w.org\/{rel}","templated":true}]}}