{"id":18655,"date":"2019-05-09T13:50:32","date_gmt":"2019-05-09T11:50:32","guid":{"rendered":"https:\/\/www.convertize.com\/fr\/?page_id=18655"},"modified":"2019-06-05T13:14:33","modified_gmt":"2019-06-05T11:14:33","slug":"goal-gradient-effect","status":"publish","type":"page","link":"https:\/\/www.convertize.com\/fr\/glossaire\/goal-gradient-effect\/","title":{"rendered":"Goal Gradient Effect"},"content":{"rendered":"<span class=\"rt-reading-time\" style=\"display: block;\"><span class=\"rt-label rt-prefix\">Temps de lecture : <\/span> <span class=\"rt-time\">&lt;\u00a01<\/span> <span class=\"rt-label rt-postfix\">minute<\/span><\/span><section class=\"glossary-definition-text container\"><div class=\"col-xs-12\">\n<h2>Qu&rsquo;est-ce que le Goal Gradient Effect ?<\/h2>\n<p>Le Goal Gradient Effect est un ph\u00e9nom\u00e8ne psychologique qui se produit lorsqu&rsquo;un individu remplit une t\u00e2che. Le niveau d&rsquo;attention et d&rsquo;efforts investis dans cette t\u00e2che augmente lorsqu&rsquo;il s&rsquo;approche de la fin. Cet effet est responsable de la fa\u00e7on dont les coureurs acc\u00e9l\u00e8rent lorsqu&rsquo;ils sont \u00e0 proximit\u00e9 de la ligne d&rsquo;arriv\u00e9e. La probabilit\u00e9 d&rsquo;abandonner une activit\u00e9 diminue drastiquement lorsqu&rsquo;on entre dans sa phase finale.<\/p>\n<p><img loading=\"lazy\" decoding=\"async\" src=\"https:\/\/www.convertize.com\/fr\/wp-content\/uploads\/2019\/05\/goal-gradient-effect.png\" alt=\"goal gradient effect\" width=\"700\" height=\"411\" class=\"aligncenter wp-image-18664\" \/><\/p>\n<h2>Exemples<\/h2>\n<p>Le Goal Gradient Effect peut \u00eatre utilis\u00e9 pour encourager les visiteurs \u00e0 remplir un <a href=\"https:\/\/www.convertize.com\/fr\/optimiser-formulaires\/\">formulaire<\/a> ou \u00e0 finaliser d&rsquo;un processus d&rsquo;inscription. En affichant une barre de progression qui montre qu&rsquo;on a d\u00e9j\u00e0 rempli les premi\u00e8res \u00e9tapes d&rsquo;un processus, les <a href=\"https:\/\/www.convertize.com\/fr\/expert-marketing-digital\/\">professionnels du marketing<\/a> peuvent se servir de cet effet \u00ab\u00a0acc\u00e9l\u00e9rateur\u00a0\u00bb.<\/p>\n<p>Le m\u00eame principe peut \u00eatre utilis\u00e9 pour renforcer le pouvoir de persuasion de certaines formes de communication. Sugg\u00e9rer que le consommateur a d\u00e9j\u00e0 bien avanc\u00e9 dans une activit\u00e9 (un r\u00e9gime de fitness par exemple) le rendra plus enclin \u00e0 investir du temps sur la question.<\/p>\n<h2>Goal Gradient Effect<\/h2>\n<p>Le Goal Gradient Effect conduit les gens \u00e0 fournir plus d&rsquo;efforts lorsqu&rsquo;une activit\u00e9 touche \u00e0 sa fin. C&rsquo;est pourquoi les professionnels du marketing digital peuvent encadrer les actions et les processus afin d&rsquo;augmenter l&rsquo;attention qui leur est d\u00e9volue.<\/p>\n<\/div><\/section>\n<div class=\"social-btn\"><a class=\"col-1 sbtn s-twitter\" onclick=\"popupwindow('https:\/\/twitter.com\/intent\/tweet?text=Goal%20Gradient%20Effect&amp;url=https%3A%2F%2Fwww.convertize.com%2Ffr%2Fglossaire%2Fgoal-gradient-effect%2F&amp;via=convertize','Twitter Follow','600','600')\" href=\"javascript:void(0);\" target=\"_blank\" rel=\"nofollow\"><span>Share on Twitter<\/span><\/a><a class=\"col-1 sbtn s-facebook\" onclick=\"popupwindow('https:\/\/www.facebook.com\/sharer\/sharer.php?u=https%3A%2F%2Fwww.convertize.com%2Ffr%2Fglossaire%2Fgoal-gradient-effect%2F','Facebook Follow','600','600')\" href=\"javascript:void(0);\" target=\"_blank\" rel=\"nofollow\"><span>Share on Facebook<\/span><\/a><a class=\"col-1 sbtn s-linkedin\" onclick=\"popupwindow('https:\/\/www.linkedin.com\/shareArticle?mini=true&url=https%3A%2F%2Fwww.convertize.com%2Ffr%2Fglossaire%2Fgoal-gradient-effect%2F&amp;title=Goal%20Gradient%20Effect&amp;description=','Linkedin Follow','600','600')\" href=\"javascript:void(0);\" target=\"_blank\" rel=\"nofollow\"><span>Share on Linkedin<\/span><\/a><\/div>","protected":false},"excerpt":{"rendered":"<p><span class=\"rt-reading-time\" style=\"display: block;\"><span class=\"rt-label rt-prefix\">Temps de lecture : <\/span> <span class=\"rt-time\">&lt;\u00a01<\/span> <span class=\"rt-label rt-postfix\">minute<\/span><\/span> Share on TwitterShare on FacebookShare on Linkedin<\/p>\n","protected":false},"author":45,"featured_media":0,"parent":18263,"menu_order":0,"comment_status":"closed","ping_status":"closed","template":"page-glossary.php","meta":{"_genesis_hide_title":false,"_genesis_hide_breadcrumbs":false,"_genesis_hide_singular_image":false,"_genesis_hide_footer_widgets":false,"_genesis_custom_body_class":"","_genesis_custom_post_class":"","_genesis_layout":"","footnotes":""},"categories":[],"tags":[],"class_list":{"0":"post-18655","1":"page","2":"type-page","3":"status-publish","5":"entry"},"yoast_head":"<!-- This site is optimized with the Yoast SEO plugin v23.7 - https:\/\/yoast.com\/wordpress\/plugins\/seo\/ -->\n<title>Goal Gradient Effect - Convertize - Glossaire de Neuromarketing<\/title>\n<meta name=\"robots\" content=\"index, follow, max-snippet:-1, max-image-preview:large, max-video-preview:-1\" \/>\n<link rel=\"canonical\" href=\"https:\/\/www.convertize.com\/fr\/glossaire\/goal-gradient-effect\/\" \/>\n<meta property=\"og:locale\" content=\"fr_FR\" \/>\n<meta property=\"og:type\" content=\"article\" \/>\n<meta property=\"og:title\" content=\"Goal Gradient Effect - Convertize - Glossaire de Neuromarketing\" \/>\n<meta property=\"og:description\" content=\"Temps de lecture : &lt;\u00a01 minute Share on TwitterShare on FacebookShare on Linkedin\" \/>\n<meta property=\"og:url\" content=\"https:\/\/www.convertize.com\/fr\/glossaire\/goal-gradient-effect\/\" \/>\n<meta property=\"og:site_name\" content=\"Convertize\" \/>\n<meta property=\"article:modified_time\" content=\"2019-06-05T11:14:33+00:00\" \/>\n<meta property=\"og:image\" content=\"https:\/\/www.convertize.com\/fr\/wp-content\/uploads\/2019\/05\/goal-gradient-effect.png\" \/>\n\t<meta property=\"og:image:width\" content=\"1297\" \/>\n\t<meta property=\"og:image:height\" content=\"762\" \/>\n\t<meta property=\"og:image:type\" content=\"image\/png\" \/>\n<meta name=\"twitter:card\" content=\"summary_large_image\" \/>\n<meta name=\"twitter:label1\" content=\"Dur\u00e9e de lecture estim\u00e9e\" \/>\n\t<meta name=\"twitter:data1\" content=\"1 minute\" \/>\n<script type=\"application\/ld+json\" class=\"yoast-schema-graph\">{\"@context\":\"https:\/\/schema.org\",\"@graph\":[{\"@type\":\"WebPage\",\"@id\":\"https:\/\/www.convertize.com\/fr\/glossaire\/goal-gradient-effect\/\",\"url\":\"https:\/\/www.convertize.com\/fr\/glossaire\/goal-gradient-effect\/\",\"name\":\"Goal Gradient Effect - Convertize - Glossaire de Neuromarketing\",\"isPartOf\":{\"@id\":\"https:\/\/www.convertize.com\/fr\/#website\"},\"primaryImageOfPage\":{\"@id\":\"https:\/\/www.convertize.com\/fr\/glossaire\/goal-gradient-effect\/#primaryimage\"},\"image\":{\"@id\":\"https:\/\/www.convertize.com\/fr\/glossaire\/goal-gradient-effect\/#primaryimage\"},\"thumbnailUrl\":\"https:\/\/www.convertize.com\/fr\/wp-content\/uploads\/2019\/05\/goal-gradient-effect.png\",\"datePublished\":\"2019-05-09T11:50:32+00:00\",\"dateModified\":\"2019-06-05T11:14:33+00:00\",\"breadcrumb\":{\"@id\":\"https:\/\/www.convertize.com\/fr\/glossaire\/goal-gradient-effect\/#breadcrumb\"},\"inLanguage\":\"fr-FR\",\"potentialAction\":[{\"@type\":\"ReadAction\",\"target\":[\"https:\/\/www.convertize.com\/fr\/glossaire\/goal-gradient-effect\/\"]}]},{\"@type\":\"ImageObject\",\"inLanguage\":\"fr-FR\",\"@id\":\"https:\/\/www.convertize.com\/fr\/glossaire\/goal-gradient-effect\/#primaryimage\",\"url\":\"https:\/\/www.convertize.com\/fr\/wp-content\/uploads\/2019\/05\/goal-gradient-effect.png\",\"contentUrl\":\"https:\/\/www.convertize.com\/fr\/wp-content\/uploads\/2019\/05\/goal-gradient-effect.png\",\"width\":1297,\"height\":762},{\"@type\":\"BreadcrumbList\",\"@id\":\"https:\/\/www.convertize.com\/fr\/glossaire\/goal-gradient-effect\/#breadcrumb\",\"itemListElement\":[{\"@type\":\"ListItem\",\"position\":1,\"name\":\"Glossaire de Neuromarketing\",\"item\":\"https:\/\/www.convertize.com\/fr\/glossaire\/\"},{\"@type\":\"ListItem\",\"position\":2,\"name\":\"Goal Gradient Effect\"}]},{\"@type\":\"WebSite\",\"@id\":\"https:\/\/www.convertize.com\/fr\/#website\",\"url\":\"https:\/\/www.convertize.com\/fr\/\",\"name\":\"Convertize\",\"description\":\"May 2026\",\"potentialAction\":[{\"@type\":\"SearchAction\",\"target\":{\"@type\":\"EntryPoint\",\"urlTemplate\":\"https:\/\/www.convertize.com\/fr\/?s={search_term_string}\"},\"query-input\":{\"@type\":\"PropertyValueSpecification\",\"valueRequired\":true,\"valueName\":\"search_term_string\"}}],\"inLanguage\":\"fr-FR\"}]}<\/script>\n<!-- \/ Yoast SEO plugin. -->","yoast_head_json":{"title":"Goal Gradient Effect - Convertize - Glossaire de Neuromarketing","robots":{"index":"index","follow":"follow","max-snippet":"max-snippet:-1","max-image-preview":"max-image-preview:large","max-video-preview":"max-video-preview:-1"},"canonical":"https:\/\/www.convertize.com\/fr\/glossaire\/goal-gradient-effect\/","og_locale":"fr_FR","og_type":"article","og_title":"Goal Gradient Effect - Convertize - Glossaire de Neuromarketing","og_description":"Temps de lecture : &lt;\u00a01 minute Share on TwitterShare on FacebookShare on Linkedin","og_url":"https:\/\/www.convertize.com\/fr\/glossaire\/goal-gradient-effect\/","og_site_name":"Convertize","article_modified_time":"2019-06-05T11:14:33+00:00","og_image":[{"width":1297,"height":762,"url":"https:\/\/www.convertize.com\/fr\/wp-content\/uploads\/2019\/05\/goal-gradient-effect.png","type":"image\/png"}],"twitter_card":"summary_large_image","twitter_misc":{"Dur\u00e9e de lecture estim\u00e9e":"1 minute"},"schema":{"@context":"https:\/\/schema.org","@graph":[{"@type":"WebPage","@id":"https:\/\/www.convertize.com\/fr\/glossaire\/goal-gradient-effect\/","url":"https:\/\/www.convertize.com\/fr\/glossaire\/goal-gradient-effect\/","name":"Goal Gradient Effect - Convertize - Glossaire de Neuromarketing","isPartOf":{"@id":"https:\/\/www.convertize.com\/fr\/#website"},"primaryImageOfPage":{"@id":"https:\/\/www.convertize.com\/fr\/glossaire\/goal-gradient-effect\/#primaryimage"},"image":{"@id":"https:\/\/www.convertize.com\/fr\/glossaire\/goal-gradient-effect\/#primaryimage"},"thumbnailUrl":"https:\/\/www.convertize.com\/fr\/wp-content\/uploads\/2019\/05\/goal-gradient-effect.png","datePublished":"2019-05-09T11:50:32+00:00","dateModified":"2019-06-05T11:14:33+00:00","breadcrumb":{"@id":"https:\/\/www.convertize.com\/fr\/glossaire\/goal-gradient-effect\/#breadcrumb"},"inLanguage":"fr-FR","potentialAction":[{"@type":"ReadAction","target":["https:\/\/www.convertize.com\/fr\/glossaire\/goal-gradient-effect\/"]}]},{"@type":"ImageObject","inLanguage":"fr-FR","@id":"https:\/\/www.convertize.com\/fr\/glossaire\/goal-gradient-effect\/#primaryimage","url":"https:\/\/www.convertize.com\/fr\/wp-content\/uploads\/2019\/05\/goal-gradient-effect.png","contentUrl":"https:\/\/www.convertize.com\/fr\/wp-content\/uploads\/2019\/05\/goal-gradient-effect.png","width":1297,"height":762},{"@type":"BreadcrumbList","@id":"https:\/\/www.convertize.com\/fr\/glossaire\/goal-gradient-effect\/#breadcrumb","itemListElement":[{"@type":"ListItem","position":1,"name":"Glossaire de Neuromarketing","item":"https:\/\/www.convertize.com\/fr\/glossaire\/"},{"@type":"ListItem","position":2,"name":"Goal Gradient Effect"}]},{"@type":"WebSite","@id":"https:\/\/www.convertize.com\/fr\/#website","url":"https:\/\/www.convertize.com\/fr\/","name":"Convertize","description":"May 2026","potentialAction":[{"@type":"SearchAction","target":{"@type":"EntryPoint","urlTemplate":"https:\/\/www.convertize.com\/fr\/?s={search_term_string}"},"query-input":{"@type":"PropertyValueSpecification","valueRequired":true,"valueName":"search_term_string"}}],"inLanguage":"fr-FR"}]}},"_links":{"self":[{"href":"https:\/\/www.convertize.com\/fr\/wp-json\/wp\/v2\/pages\/18655"}],"collection":[{"href":"https:\/\/www.convertize.com\/fr\/wp-json\/wp\/v2\/pages"}],"about":[{"href":"https:\/\/www.convertize.com\/fr\/wp-json\/wp\/v2\/types\/page"}],"author":[{"embeddable":true,"href":"https:\/\/www.convertize.com\/fr\/wp-json\/wp\/v2\/users\/45"}],"replies":[{"embeddable":true,"href":"https:\/\/www.convertize.com\/fr\/wp-json\/wp\/v2\/comments?post=18655"}],"version-history":[{"count":0,"href":"https:\/\/www.convertize.com\/fr\/wp-json\/wp\/v2\/pages\/18655\/revisions"}],"up":[{"embeddable":true,"href":"https:\/\/www.convertize.com\/fr\/wp-json\/wp\/v2\/pages\/18263"}],"wp:attachment":[{"href":"https:\/\/www.convertize.com\/fr\/wp-json\/wp\/v2\/media?parent=18655"}],"wp:term":[{"taxonomy":"category","embeddable":true,"href":"https:\/\/www.convertize.com\/fr\/wp-json\/wp\/v2\/categories?post=18655"},{"taxonomy":"post_tag","embeddable":true,"href":"https:\/\/www.convertize.com\/fr\/wp-json\/wp\/v2\/tags?post=18655"}],"curies":[{"name":"wp","href":"https:\/\/api.w.org\/{rel}","templated":true}]}}