{"id":18939,"date":"2019-05-15T18:00:04","date_gmt":"2019-05-15T16:00:04","guid":{"rendered":"https:\/\/www.convertize.com\/fr\/?page_id=18939"},"modified":"2019-08-09T15:06:12","modified_gmt":"2019-08-09T13:06:12","slug":"besoin-certitude","status":"publish","type":"page","link":"https:\/\/www.convertize.com\/fr\/glossaire\/besoin-certitude\/","title":{"rendered":"Besoin de Certitude"},"content":{"rendered":"<span class=\"rt-reading-time\" style=\"display: block;\"><span class=\"rt-label rt-prefix\">Temps de lecture : <\/span> <span class=\"rt-time\">2<\/span> <span class=\"rt-label rt-postfix\">minutes<\/span><\/span><section class=\"glossary-definition-text container\"><div class=\"col-xs-12\">\n<h2>Qu&rsquo;est-ce que le Besoin de Certitude ?<\/h2>\n<p>Un des aspects les plus fondamentaux de la psychologie humaine est le besoin d&rsquo;anticiper l&rsquo;avenir, encore appel\u00e9 le Besoin de Certitude. On peut le rapprocher du <a href=\"https:\/\/psycnet.apa.org\/record\/1943-03751-001\">besoin de s\u00e9curit\u00e9 d\u00e9fini par Maslow<\/a>. En effet, quand nous sommes capables d&rsquo;interpr\u00e9ter correctement une situation et de faire des pr\u00e9dictions correctes, nous nous sentons en s\u00e9curit\u00e9. A l&rsquo;inverse, nous devenons anxieux lorsque nos anticipations se r\u00e9v\u00e8lent inexactes.<\/p>\n<p>C&rsquo;est pourquoi la plupart des gens se sentent satisfaits lorsqu&rsquo;ils sont capables de comprendre un processus, d&rsquo;anticiper un r\u00e9sultat et de compl\u00e9ter une s\u00e9quence avec succ\u00e8s. On d\u00e9crit ce ph\u00e9nom\u00e8ne sous le nom de \u00ab\u00a0Cognitive Closure\u00a0\u00bb en anglais. Lorsqu&rsquo;un r\u00e9sultat est incertain ou lorsque les m\u00e9canismes qui le sous-tendent sont invisibles, les individus ressentent de la frustration et de l&rsquo;anxi\u00e9t\u00e9.<\/p>\n<p><img loading=\"lazy\" decoding=\"async\" src=\"https:\/\/www.convertize.com\/fr\/wp-content\/uploads\/2019\/08\/besoin-de-certitude-e1564667568167.png\" alt=\"besoin de certitude\" width=\"800\" height=\"340\" class=\"aligncenter wp-image-20015\" \/><\/p>\n<h2>Exemples<\/h2>\n<p>Lorsqu&rsquo;on con\u00e7oit l&rsquo;interface d&rsquo;un site Internet, il est important de se souvenir que vos visiteurs s&rsquo;attendent \u00e0 comprendre le processus cach\u00e9 derri\u00e8re chaque interaction qu&rsquo;ils ont avec le site. Si vous leur demandez des informations, ils veulent savoir o\u00f9 ces informations vont aller et comment elles seront utilis\u00e9es. De la m\u00eame fa\u00e7on, les utilisateurs seront plus satisfaits des syst\u00e8mes d&rsquo;inscription ou de r\u00e9servation qui sont bien expliqu\u00e9s.<\/p>\n<p>Il est important d&rsquo;indiquer clairement quelle action va se produire si l&rsquo;on clique sur n&rsquo;importe quel <a href=\"https:\/\/www.convertize.com\/fr\/boutons-call-to-action\/\">bouton Call-to-Action<\/a> du site. Les utilisateurs peuvent \u00eatre intrigu\u00e9s par un bouton Call-to-Action original mais ils \u00e9viteront ceux qui n&rsquo;expliquent pas clairement ce qu&rsquo;ils font.<\/p>\n<p>La pr\u00e9f\u00e9rence pour les syst\u00e8mes et s\u00e9quences coh\u00e9rentes peut \u00e9galement \u00eatre utilis\u00e9e lorsque vous proposez des r\u00e9ductions. Si vos clients ne comprennent pas pourquoi un produit est en r\u00e9duction ou craignent que le prix actuel ne change sans explication, ils seront moins enclins \u00e0 s&rsquo;int\u00e9resser \u00e0 votre offre. M\u00eame si les r\u00e9ductions sont des perspectives all\u00e9chantes pour les consommateurs, ils s&rsquo;attendent \u00e9galement \u00e0 ce que les prix soient fond\u00e9s sur une structure juste et coh\u00e9rente.<\/p>\n<h2>Besoin de Certitude<\/h2>\n<p>Les causes cach\u00e9es et les r\u00e9sultats incertains sont sources de frustration et d&rsquo;anxi\u00e9t\u00e9. Proposer des processus transparents est le meilleur moyen d&rsquo;am\u00e9liorer l&rsquo;exp\u00e9rience utilisateur et de r\u00e9duire l&rsquo;<a href=\"https:\/\/www.convertize.com\/fr\/abandon-panier\/\">abandon de panier<\/a>.<\/p>\n<\/div><\/section>\n<div class=\"social-btn\"><a class=\"col-1 sbtn s-twitter\" onclick=\"popupwindow('https:\/\/twitter.com\/intent\/tweet?text=Besoin%20de%20Certitude&amp;url=https%3A%2F%2Fwww.convertize.com%2Ffr%2Fglossaire%2Fbesoin-certitude%2F&amp;via=convertize','Twitter Follow','600','600')\" href=\"javascript:void(0);\" target=\"_blank\" rel=\"nofollow\"><span>Share on Twitter<\/span><\/a><a class=\"col-1 sbtn s-facebook\" onclick=\"popupwindow('https:\/\/www.facebook.com\/sharer\/sharer.php?u=https%3A%2F%2Fwww.convertize.com%2Ffr%2Fglossaire%2Fbesoin-certitude%2F','Facebook Follow','600','600')\" href=\"javascript:void(0);\" target=\"_blank\" rel=\"nofollow\"><span>Share on Facebook<\/span><\/a><a class=\"col-1 sbtn s-linkedin\" onclick=\"popupwindow('https:\/\/www.linkedin.com\/shareArticle?mini=true&url=https%3A%2F%2Fwww.convertize.com%2Ffr%2Fglossaire%2Fbesoin-certitude%2F&amp;title=Besoin%20de%20Certitude&amp;description=Le%20Besoin%20de%20Certitude%20correspond%20au%20besoin%20de%20comprendre%20une%20situation%20et%20d'anticiper%20correctement%20les%20r\u00e9sultats%20qui%20vont%20en%20d\u00e9couler.','Linkedin Follow','600','600')\" href=\"javascript:void(0);\" target=\"_blank\" rel=\"nofollow\"><span>Share on Linkedin<\/span><\/a><\/div>","protected":false},"excerpt":{"rendered":"<p><span class=\"rt-reading-time\" style=\"display: block;\"><span class=\"rt-label rt-prefix\">Temps de lecture : <\/span> <span class=\"rt-time\">2<\/span> <span class=\"rt-label rt-postfix\">minutes<\/span><\/span> Share on TwitterShare on FacebookShare on Linkedin<\/p>\n","protected":false},"author":45,"featured_media":0,"parent":18263,"menu_order":0,"comment_status":"closed","ping_status":"closed","template":"page-glossary.php","meta":{"_genesis_hide_title":false,"_genesis_hide_breadcrumbs":false,"_genesis_hide_singular_image":false,"_genesis_hide_footer_widgets":false,"_genesis_custom_body_class":"","_genesis_custom_post_class":"","_genesis_layout":"","footnotes":""},"categories":[],"tags":[],"class_list":{"0":"post-18939","1":"page","2":"type-page","3":"status-publish","5":"entry"},"yoast_head":"<!-- This site is optimized with the Yoast SEO plugin v23.7 - https:\/\/yoast.com\/wordpress\/plugins\/seo\/ -->\n<title>Besoin de Certitude - Convertize - Glossaire de Neuromarketing<\/title>\n<meta name=\"description\" content=\"Le Besoin de Certitude correspond au besoin de comprendre une situation et d&#039;anticiper correctement les r\u00e9sultats qui vont en d\u00e9couler.\" \/>\n<meta name=\"robots\" content=\"index, follow, max-snippet:-1, max-image-preview:large, max-video-preview:-1\" \/>\n<link rel=\"canonical\" href=\"https:\/\/www.convertize.com\/fr\/glossaire\/besoin-certitude\/\" \/>\n<meta property=\"og:locale\" content=\"fr_FR\" \/>\n<meta property=\"og:type\" content=\"article\" \/>\n<meta property=\"og:title\" content=\"Besoin de Certitude - Convertize - Glossaire de Neuromarketing\" \/>\n<meta property=\"og:description\" content=\"Le Besoin de Certitude correspond au besoin de comprendre une situation et d&#039;anticiper correctement les r\u00e9sultats qui vont en d\u00e9couler.\" \/>\n<meta property=\"og:url\" content=\"https:\/\/www.convertize.com\/fr\/glossaire\/besoin-certitude\/\" \/>\n<meta property=\"og:site_name\" content=\"Convertize\" \/>\n<meta property=\"article:modified_time\" content=\"2019-08-09T13:06:12+00:00\" \/>\n<meta property=\"og:image\" content=\"https:\/\/www.convertize.com\/fr\/wp-content\/uploads\/2019\/08\/besoin-de-certitude-e1564667568167.png\" \/>\n\t<meta property=\"og:image:width\" content=\"2000\" \/>\n\t<meta property=\"og:image:height\" content=\"850\" \/>\n\t<meta property=\"og:image:type\" content=\"image\/png\" \/>\n<meta name=\"twitter:card\" content=\"summary_large_image\" \/>\n<meta name=\"twitter:label1\" content=\"Dur\u00e9e de lecture estim\u00e9e\" \/>\n\t<meta name=\"twitter:data1\" content=\"2 minutes\" \/>\n<script type=\"application\/ld+json\" class=\"yoast-schema-graph\">{\"@context\":\"https:\/\/schema.org\",\"@graph\":[{\"@type\":\"WebPage\",\"@id\":\"https:\/\/www.convertize.com\/fr\/glossaire\/besoin-certitude\/\",\"url\":\"https:\/\/www.convertize.com\/fr\/glossaire\/besoin-certitude\/\",\"name\":\"Besoin de Certitude - Convertize - Glossaire de Neuromarketing\",\"isPartOf\":{\"@id\":\"https:\/\/www.convertize.com\/fr\/#website\"},\"primaryImageOfPage\":{\"@id\":\"https:\/\/www.convertize.com\/fr\/glossaire\/besoin-certitude\/#primaryimage\"},\"image\":{\"@id\":\"https:\/\/www.convertize.com\/fr\/glossaire\/besoin-certitude\/#primaryimage\"},\"thumbnailUrl\":\"https:\/\/www.convertize.com\/fr\/wp-content\/uploads\/2019\/08\/besoin-de-certitude-e1564667568167.png\",\"datePublished\":\"2019-05-15T16:00:04+00:00\",\"dateModified\":\"2019-08-09T13:06:12+00:00\",\"description\":\"Le Besoin de Certitude correspond au besoin de comprendre une situation et d'anticiper correctement les r\u00e9sultats qui vont en d\u00e9couler.\",\"breadcrumb\":{\"@id\":\"https:\/\/www.convertize.com\/fr\/glossaire\/besoin-certitude\/#breadcrumb\"},\"inLanguage\":\"fr-FR\",\"potentialAction\":[{\"@type\":\"ReadAction\",\"target\":[\"https:\/\/www.convertize.com\/fr\/glossaire\/besoin-certitude\/\"]}]},{\"@type\":\"ImageObject\",\"inLanguage\":\"fr-FR\",\"@id\":\"https:\/\/www.convertize.com\/fr\/glossaire\/besoin-certitude\/#primaryimage\",\"url\":\"https:\/\/www.convertize.com\/fr\/wp-content\/uploads\/2019\/08\/besoin-de-certitude-e1564667568167.png\",\"contentUrl\":\"https:\/\/www.convertize.com\/fr\/wp-content\/uploads\/2019\/08\/besoin-de-certitude-e1564667568167.png\",\"width\":2000,\"height\":850,\"caption\":\"besoin de certitude\"},{\"@type\":\"BreadcrumbList\",\"@id\":\"https:\/\/www.convertize.com\/fr\/glossaire\/besoin-certitude\/#breadcrumb\",\"itemListElement\":[{\"@type\":\"ListItem\",\"position\":1,\"name\":\"Glossaire de Neuromarketing\",\"item\":\"https:\/\/www.convertize.com\/fr\/glossaire\/\"},{\"@type\":\"ListItem\",\"position\":2,\"name\":\"Besoin de Certitude\"}]},{\"@type\":\"WebSite\",\"@id\":\"https:\/\/www.convertize.com\/fr\/#website\",\"url\":\"https:\/\/www.convertize.com\/fr\/\",\"name\":\"Convertize\",\"description\":\"May 2026\",\"potentialAction\":[{\"@type\":\"SearchAction\",\"target\":{\"@type\":\"EntryPoint\",\"urlTemplate\":\"https:\/\/www.convertize.com\/fr\/?s={search_term_string}\"},\"query-input\":{\"@type\":\"PropertyValueSpecification\",\"valueRequired\":true,\"valueName\":\"search_term_string\"}}],\"inLanguage\":\"fr-FR\"}]}<\/script>\n<!-- \/ Yoast SEO plugin. -->","yoast_head_json":{"title":"Besoin de Certitude - Convertize - Glossaire de Neuromarketing","description":"Le Besoin de Certitude correspond au besoin de comprendre une situation et d'anticiper correctement les r\u00e9sultats qui vont en d\u00e9couler.","robots":{"index":"index","follow":"follow","max-snippet":"max-snippet:-1","max-image-preview":"max-image-preview:large","max-video-preview":"max-video-preview:-1"},"canonical":"https:\/\/www.convertize.com\/fr\/glossaire\/besoin-certitude\/","og_locale":"fr_FR","og_type":"article","og_title":"Besoin de Certitude - Convertize - Glossaire de Neuromarketing","og_description":"Le Besoin de Certitude correspond au besoin de comprendre une situation et d'anticiper correctement les r\u00e9sultats qui vont en d\u00e9couler.","og_url":"https:\/\/www.convertize.com\/fr\/glossaire\/besoin-certitude\/","og_site_name":"Convertize","article_modified_time":"2019-08-09T13:06:12+00:00","og_image":[{"width":2000,"height":850,"url":"https:\/\/www.convertize.com\/fr\/wp-content\/uploads\/2019\/08\/besoin-de-certitude-e1564667568167.png","type":"image\/png"}],"twitter_card":"summary_large_image","twitter_misc":{"Dur\u00e9e de lecture estim\u00e9e":"2 minutes"},"schema":{"@context":"https:\/\/schema.org","@graph":[{"@type":"WebPage","@id":"https:\/\/www.convertize.com\/fr\/glossaire\/besoin-certitude\/","url":"https:\/\/www.convertize.com\/fr\/glossaire\/besoin-certitude\/","name":"Besoin de Certitude - Convertize - Glossaire de Neuromarketing","isPartOf":{"@id":"https:\/\/www.convertize.com\/fr\/#website"},"primaryImageOfPage":{"@id":"https:\/\/www.convertize.com\/fr\/glossaire\/besoin-certitude\/#primaryimage"},"image":{"@id":"https:\/\/www.convertize.com\/fr\/glossaire\/besoin-certitude\/#primaryimage"},"thumbnailUrl":"https:\/\/www.convertize.com\/fr\/wp-content\/uploads\/2019\/08\/besoin-de-certitude-e1564667568167.png","datePublished":"2019-05-15T16:00:04+00:00","dateModified":"2019-08-09T13:06:12+00:00","description":"Le Besoin de Certitude correspond au besoin de comprendre une situation et d'anticiper correctement les r\u00e9sultats qui vont en d\u00e9couler.","breadcrumb":{"@id":"https:\/\/www.convertize.com\/fr\/glossaire\/besoin-certitude\/#breadcrumb"},"inLanguage":"fr-FR","potentialAction":[{"@type":"ReadAction","target":["https:\/\/www.convertize.com\/fr\/glossaire\/besoin-certitude\/"]}]},{"@type":"ImageObject","inLanguage":"fr-FR","@id":"https:\/\/www.convertize.com\/fr\/glossaire\/besoin-certitude\/#primaryimage","url":"https:\/\/www.convertize.com\/fr\/wp-content\/uploads\/2019\/08\/besoin-de-certitude-e1564667568167.png","contentUrl":"https:\/\/www.convertize.com\/fr\/wp-content\/uploads\/2019\/08\/besoin-de-certitude-e1564667568167.png","width":2000,"height":850,"caption":"besoin de certitude"},{"@type":"BreadcrumbList","@id":"https:\/\/www.convertize.com\/fr\/glossaire\/besoin-certitude\/#breadcrumb","itemListElement":[{"@type":"ListItem","position":1,"name":"Glossaire de Neuromarketing","item":"https:\/\/www.convertize.com\/fr\/glossaire\/"},{"@type":"ListItem","position":2,"name":"Besoin de Certitude"}]},{"@type":"WebSite","@id":"https:\/\/www.convertize.com\/fr\/#website","url":"https:\/\/www.convertize.com\/fr\/","name":"Convertize","description":"May 2026","potentialAction":[{"@type":"SearchAction","target":{"@type":"EntryPoint","urlTemplate":"https:\/\/www.convertize.com\/fr\/?s={search_term_string}"},"query-input":{"@type":"PropertyValueSpecification","valueRequired":true,"valueName":"search_term_string"}}],"inLanguage":"fr-FR"}]}},"_links":{"self":[{"href":"https:\/\/www.convertize.com\/fr\/wp-json\/wp\/v2\/pages\/18939"}],"collection":[{"href":"https:\/\/www.convertize.com\/fr\/wp-json\/wp\/v2\/pages"}],"about":[{"href":"https:\/\/www.convertize.com\/fr\/wp-json\/wp\/v2\/types\/page"}],"author":[{"embeddable":true,"href":"https:\/\/www.convertize.com\/fr\/wp-json\/wp\/v2\/users\/45"}],"replies":[{"embeddable":true,"href":"https:\/\/www.convertize.com\/fr\/wp-json\/wp\/v2\/comments?post=18939"}],"version-history":[{"count":0,"href":"https:\/\/www.convertize.com\/fr\/wp-json\/wp\/v2\/pages\/18939\/revisions"}],"up":[{"embeddable":true,"href":"https:\/\/www.convertize.com\/fr\/wp-json\/wp\/v2\/pages\/18263"}],"wp:attachment":[{"href":"https:\/\/www.convertize.com\/fr\/wp-json\/wp\/v2\/media?parent=18939"}],"wp:term":[{"taxonomy":"category","embeddable":true,"href":"https:\/\/www.convertize.com\/fr\/wp-json\/wp\/v2\/categories?post=18939"},{"taxonomy":"post_tag","embeddable":true,"href":"https:\/\/www.convertize.com\/fr\/wp-json\/wp\/v2\/tags?post=18939"}],"curies":[{"name":"wp","href":"https:\/\/api.w.org\/{rel}","templated":true}]}}