{"id":19130,"date":"2019-05-24T15:41:08","date_gmt":"2019-05-24T13:41:08","guid":{"rendered":"https:\/\/www.convertize.com\/fr\/?page_id=19130"},"modified":"2019-07-29T11:17:41","modified_gmt":"2019-07-29T09:17:41","slug":"effet-ikea","status":"publish","type":"page","link":"https:\/\/www.convertize.com\/fr\/glossaire\/effet-ikea\/","title":{"rendered":"Effet IKEA"},"content":{"rendered":"<span class=\"rt-reading-time\" style=\"display: block;\"><span class=\"rt-label rt-prefix\">Temps de lecture : <\/span> <span class=\"rt-time\">2<\/span> <span class=\"rt-label rt-postfix\">minutes<\/span><\/span><section class=\"glossary-definition-text container\"><div class=\"col-xs-12\">\n<h2>Qu&rsquo;est-ce que l&rsquo;Effet IKEA ?<\/h2>\n<p>L&rsquo;Effet IKEA d\u00e9crit notre tendance \u00e0 accorder plus d&rsquo;importance aux produits que nous avons construits nous-m\u00eames.<\/p>\n<p>Les chercheurs Michael I. Norton, Daniel Mochon et Dan Ariely ont montr\u00e9 <a href=\"https:\/\/dash.harvard.edu\/bitstream\/handle\/1\/12136084\/nortonmochonarielythirdround%5B1%5D.pdf?sequence=3\">lors de plusieurs exp\u00e9riences<\/a> que les personnes qui construisent ou assemblent des objets sont pr\u00eats \u00e0 d\u00e9bourser plus d&rsquo;argent pour ces objets que pour d&rsquo;autres produits pourtant similaires. L&rsquo;utilit\u00e9 des objets en question n&rsquo;a pas de r\u00e9elle influence sur ce ph\u00e9nom\u00e8ne psychologique.<\/p>\n<p>Ces chercheurs notent cependant que la perspective de devoir monter ou construire un produit soi-m\u00eame rebute souvent les acheteurs, l&rsquo;effet IKEA se produisant seulement\u00a0<strong>apr\u00e8s<\/strong> la r\u00e9alisation du produit. Cela n&#8217;emp\u00eache pas de nombreuses marques de proposer des produits DIY (do-it-yourself ou\u00a0fais-le toi-m\u00eame en fran\u00e7ais) comme <a href=\"https:\/\/www.convertize.com\/fr\/principes-de-neuromarketing-optimisation-leroy-merlin\/\">Leroy Merlin<\/a> ou des produits \u00e0 assembler comme la c\u00e9l\u00e8bre marque su\u00e9doise.<\/p>\n<p><img loading=\"lazy\" decoding=\"async\" src=\"https:\/\/www.convertize.com\/fr\/wp-content\/uploads\/2019\/07\/Effet-IKEA.png\" alt=\"effet ikea\" width=\"800\" height=\"480\" class=\"wp-image-19960 aligncenter\" \/><\/p>\n<h2>Exemples<\/h2>\n<p>Une <a href=\"http:\/\/citeseerx.ist.psu.edu\/viewdoc\/download?doi=10.1.1.1022.7989&amp;rep=rep1&amp;type=pdf\">\u00e9tude de 2010<\/a> a montr\u00e9 que les individus semblent \u00e9galement pr\u00e9f\u00e9rer les produits qu&rsquo;ils ont con\u00e7us eux-m\u00eames, m\u00eame lorsque la phase de personnalisation a lieu en ligne. Ainsi, proposer des options de personnalisation relativement d\u00e9velopp\u00e9es sur son site de e-commerce permettrait d&rsquo;augmenter cette satisfaction et de b\u00e9n\u00e9ficier d&rsquo;un \u00e9quivalent de l&rsquo;Effet IKEA. Toutefois, selon les chercheurs, un tel processus n&rsquo;est pas sans effet n\u00e9gatif et doit imp\u00e9rativement tenir compte d&rsquo;autres biais cognitifs qui peuvent influencer l&rsquo;utilisateur.<\/p>\n<h2>Effet IKEA<\/h2>\n<p>L&rsquo;Effet IKEA permet de renforcer la valeur per\u00e7ue d&rsquo;un objet et d&rsquo;augmenter la satisfaction des clients qui appr\u00e9cieront davantage les produits qu&rsquo;ils auront achet\u00e9s. Utiliser l&rsquo;Effet IKEA en e-commerce vous permettra donc d&rsquo;augmenter vos <a href=\"https:\/\/www.convertize.com\/fr\/taux-conversion-e-commerce\/\">taux de conversion<\/a> et de convaincre vos clients de revenir sur votre site.<\/p>\n<\/div><\/section>\n<div class=\"social-btn\"><a class=\"col-1 sbtn s-twitter\" onclick=\"popupwindow('https:\/\/twitter.com\/intent\/tweet?text=Effet%20IKEA&amp;url=https%3A%2F%2Fwww.convertize.com%2Ffr%2Fglossaire%2Feffet-ikea%2F&amp;via=convertize','Twitter Follow','600','600')\" href=\"javascript:void(0);\" target=\"_blank\" rel=\"nofollow\"><span>Share on Twitter<\/span><\/a><a class=\"col-1 sbtn s-facebook\" onclick=\"popupwindow('https:\/\/www.facebook.com\/sharer\/sharer.php?u=https%3A%2F%2Fwww.convertize.com%2Ffr%2Fglossaire%2Feffet-ikea%2F','Facebook Follow','600','600')\" href=\"javascript:void(0);\" target=\"_blank\" rel=\"nofollow\"><span>Share on Facebook<\/span><\/a><a class=\"col-1 sbtn s-linkedin\" onclick=\"popupwindow('https:\/\/www.linkedin.com\/shareArticle?mini=true&url=https%3A%2F%2Fwww.convertize.com%2Ffr%2Fglossaire%2Feffet-ikea%2F&amp;title=Effet%20IKEA&amp;description=L'Effet%20IKEA%20d\u00e9crit%20la%20tendance%20\u00e0%20accorder%20plus%20de%20valeur%20\u00e0%20un%20objet%20lorsqu'on%20a%20particip\u00e9%20au%20pr\u00e9alable%20\u00e0%20sa%20conception%20ou%20\u00e0%20sa%20construction.','Linkedin Follow','600','600')\" href=\"javascript:void(0);\" target=\"_blank\" rel=\"nofollow\"><span>Share on Linkedin<\/span><\/a><\/div>","protected":false},"excerpt":{"rendered":"<p><span class=\"rt-reading-time\" style=\"display: block;\"><span class=\"rt-label rt-prefix\">Temps de lecture : <\/span> <span class=\"rt-time\">2<\/span> <span class=\"rt-label rt-postfix\">minutes<\/span><\/span> Share on TwitterShare on FacebookShare on Linkedin<\/p>\n","protected":false},"author":45,"featured_media":0,"parent":18263,"menu_order":0,"comment_status":"closed","ping_status":"closed","template":"page-glossary.php","meta":{"_genesis_hide_title":false,"_genesis_hide_breadcrumbs":false,"_genesis_hide_singular_image":false,"_genesis_hide_footer_widgets":false,"_genesis_custom_body_class":"","_genesis_custom_post_class":"","_genesis_layout":"","footnotes":""},"categories":[],"tags":[],"class_list":{"0":"post-19130","1":"page","2":"type-page","3":"status-publish","5":"entry"},"yoast_head":"<!-- This site is optimized with the Yoast SEO plugin v23.7 - https:\/\/yoast.com\/wordpress\/plugins\/seo\/ -->\n<title>Effet IKEA - Convertize - Glossaire de Neuromarketing<\/title>\n<meta name=\"description\" content=\"L&#039;Effet IKEA d\u00e9crit la tendance \u00e0 accorder plus de valeur \u00e0 un objet lorsqu&#039;on a particip\u00e9 au pr\u00e9alable \u00e0 sa conception ou \u00e0 sa construction.\" \/>\n<meta name=\"robots\" content=\"index, follow, max-snippet:-1, max-image-preview:large, max-video-preview:-1\" \/>\n<link rel=\"canonical\" href=\"https:\/\/www.convertize.com\/fr\/glossaire\/effet-ikea\/\" \/>\n<meta property=\"og:locale\" content=\"fr_FR\" \/>\n<meta property=\"og:type\" content=\"article\" \/>\n<meta property=\"og:title\" content=\"Effet IKEA - Convertize - Glossaire de Neuromarketing\" \/>\n<meta property=\"og:description\" content=\"L&#039;Effet IKEA d\u00e9crit la tendance \u00e0 accorder plus de valeur \u00e0 un objet lorsqu&#039;on a particip\u00e9 au pr\u00e9alable \u00e0 sa conception ou \u00e0 sa construction.\" \/>\n<meta property=\"og:url\" content=\"https:\/\/www.convertize.com\/fr\/glossaire\/effet-ikea\/\" \/>\n<meta property=\"og:site_name\" content=\"Convertize\" \/>\n<meta property=\"article:modified_time\" content=\"2019-07-29T09:17:41+00:00\" \/>\n<meta property=\"og:image\" content=\"https:\/\/www.convertize.com\/fr\/wp-content\/uploads\/2019\/07\/Effet-IKEA.png\" \/>\n\t<meta property=\"og:image:width\" content=\"2000\" \/>\n\t<meta property=\"og:image:height\" content=\"1200\" \/>\n\t<meta property=\"og:image:type\" content=\"image\/png\" \/>\n<meta name=\"twitter:card\" content=\"summary_large_image\" \/>\n<meta name=\"twitter:label1\" content=\"Dur\u00e9e de lecture estim\u00e9e\" \/>\n\t<meta name=\"twitter:data1\" content=\"1 minute\" \/>\n<script type=\"application\/ld+json\" class=\"yoast-schema-graph\">{\"@context\":\"https:\/\/schema.org\",\"@graph\":[{\"@type\":\"WebPage\",\"@id\":\"https:\/\/www.convertize.com\/fr\/glossaire\/effet-ikea\/\",\"url\":\"https:\/\/www.convertize.com\/fr\/glossaire\/effet-ikea\/\",\"name\":\"Effet IKEA - Convertize - Glossaire de Neuromarketing\",\"isPartOf\":{\"@id\":\"https:\/\/www.convertize.com\/fr\/#website\"},\"primaryImageOfPage\":{\"@id\":\"https:\/\/www.convertize.com\/fr\/glossaire\/effet-ikea\/#primaryimage\"},\"image\":{\"@id\":\"https:\/\/www.convertize.com\/fr\/glossaire\/effet-ikea\/#primaryimage\"},\"thumbnailUrl\":\"https:\/\/www.convertize.com\/fr\/wp-content\/uploads\/2019\/07\/Effet-IKEA.png\",\"datePublished\":\"2019-05-24T13:41:08+00:00\",\"dateModified\":\"2019-07-29T09:17:41+00:00\",\"description\":\"L'Effet IKEA d\u00e9crit la tendance \u00e0 accorder plus de valeur \u00e0 un objet lorsqu'on a particip\u00e9 au pr\u00e9alable \u00e0 sa conception ou \u00e0 sa construction.\",\"breadcrumb\":{\"@id\":\"https:\/\/www.convertize.com\/fr\/glossaire\/effet-ikea\/#breadcrumb\"},\"inLanguage\":\"fr-FR\",\"potentialAction\":[{\"@type\":\"ReadAction\",\"target\":[\"https:\/\/www.convertize.com\/fr\/glossaire\/effet-ikea\/\"]}]},{\"@type\":\"ImageObject\",\"inLanguage\":\"fr-FR\",\"@id\":\"https:\/\/www.convertize.com\/fr\/glossaire\/effet-ikea\/#primaryimage\",\"url\":\"https:\/\/www.convertize.com\/fr\/wp-content\/uploads\/2019\/07\/Effet-IKEA.png\",\"contentUrl\":\"https:\/\/www.convertize.com\/fr\/wp-content\/uploads\/2019\/07\/Effet-IKEA.png\",\"width\":2000,\"height\":1200,\"caption\":\"effet ikea\"},{\"@type\":\"BreadcrumbList\",\"@id\":\"https:\/\/www.convertize.com\/fr\/glossaire\/effet-ikea\/#breadcrumb\",\"itemListElement\":[{\"@type\":\"ListItem\",\"position\":1,\"name\":\"Glossaire de Neuromarketing\",\"item\":\"https:\/\/www.convertize.com\/fr\/glossaire\/\"},{\"@type\":\"ListItem\",\"position\":2,\"name\":\"Effet IKEA\"}]},{\"@type\":\"WebSite\",\"@id\":\"https:\/\/www.convertize.com\/fr\/#website\",\"url\":\"https:\/\/www.convertize.com\/fr\/\",\"name\":\"Convertize\",\"description\":\"May 2026\",\"potentialAction\":[{\"@type\":\"SearchAction\",\"target\":{\"@type\":\"EntryPoint\",\"urlTemplate\":\"https:\/\/www.convertize.com\/fr\/?s={search_term_string}\"},\"query-input\":{\"@type\":\"PropertyValueSpecification\",\"valueRequired\":true,\"valueName\":\"search_term_string\"}}],\"inLanguage\":\"fr-FR\"}]}<\/script>\n<!-- \/ Yoast SEO plugin. -->","yoast_head_json":{"title":"Effet IKEA - Convertize - Glossaire de Neuromarketing","description":"L'Effet IKEA d\u00e9crit la tendance \u00e0 accorder plus de valeur \u00e0 un objet lorsqu'on a particip\u00e9 au pr\u00e9alable \u00e0 sa conception ou \u00e0 sa construction.","robots":{"index":"index","follow":"follow","max-snippet":"max-snippet:-1","max-image-preview":"max-image-preview:large","max-video-preview":"max-video-preview:-1"},"canonical":"https:\/\/www.convertize.com\/fr\/glossaire\/effet-ikea\/","og_locale":"fr_FR","og_type":"article","og_title":"Effet IKEA - Convertize - Glossaire de Neuromarketing","og_description":"L'Effet IKEA d\u00e9crit la tendance \u00e0 accorder plus de valeur \u00e0 un objet lorsqu'on a particip\u00e9 au pr\u00e9alable \u00e0 sa conception ou \u00e0 sa construction.","og_url":"https:\/\/www.convertize.com\/fr\/glossaire\/effet-ikea\/","og_site_name":"Convertize","article_modified_time":"2019-07-29T09:17:41+00:00","og_image":[{"width":2000,"height":1200,"url":"https:\/\/www.convertize.com\/fr\/wp-content\/uploads\/2019\/07\/Effet-IKEA.png","type":"image\/png"}],"twitter_card":"summary_large_image","twitter_misc":{"Dur\u00e9e de lecture estim\u00e9e":"1 minute"},"schema":{"@context":"https:\/\/schema.org","@graph":[{"@type":"WebPage","@id":"https:\/\/www.convertize.com\/fr\/glossaire\/effet-ikea\/","url":"https:\/\/www.convertize.com\/fr\/glossaire\/effet-ikea\/","name":"Effet IKEA - Convertize - Glossaire de Neuromarketing","isPartOf":{"@id":"https:\/\/www.convertize.com\/fr\/#website"},"primaryImageOfPage":{"@id":"https:\/\/www.convertize.com\/fr\/glossaire\/effet-ikea\/#primaryimage"},"image":{"@id":"https:\/\/www.convertize.com\/fr\/glossaire\/effet-ikea\/#primaryimage"},"thumbnailUrl":"https:\/\/www.convertize.com\/fr\/wp-content\/uploads\/2019\/07\/Effet-IKEA.png","datePublished":"2019-05-24T13:41:08+00:00","dateModified":"2019-07-29T09:17:41+00:00","description":"L'Effet IKEA d\u00e9crit la tendance \u00e0 accorder plus de valeur \u00e0 un objet lorsqu'on a particip\u00e9 au pr\u00e9alable \u00e0 sa conception ou \u00e0 sa construction.","breadcrumb":{"@id":"https:\/\/www.convertize.com\/fr\/glossaire\/effet-ikea\/#breadcrumb"},"inLanguage":"fr-FR","potentialAction":[{"@type":"ReadAction","target":["https:\/\/www.convertize.com\/fr\/glossaire\/effet-ikea\/"]}]},{"@type":"ImageObject","inLanguage":"fr-FR","@id":"https:\/\/www.convertize.com\/fr\/glossaire\/effet-ikea\/#primaryimage","url":"https:\/\/www.convertize.com\/fr\/wp-content\/uploads\/2019\/07\/Effet-IKEA.png","contentUrl":"https:\/\/www.convertize.com\/fr\/wp-content\/uploads\/2019\/07\/Effet-IKEA.png","width":2000,"height":1200,"caption":"effet ikea"},{"@type":"BreadcrumbList","@id":"https:\/\/www.convertize.com\/fr\/glossaire\/effet-ikea\/#breadcrumb","itemListElement":[{"@type":"ListItem","position":1,"name":"Glossaire de Neuromarketing","item":"https:\/\/www.convertize.com\/fr\/glossaire\/"},{"@type":"ListItem","position":2,"name":"Effet IKEA"}]},{"@type":"WebSite","@id":"https:\/\/www.convertize.com\/fr\/#website","url":"https:\/\/www.convertize.com\/fr\/","name":"Convertize","description":"May 2026","potentialAction":[{"@type":"SearchAction","target":{"@type":"EntryPoint","urlTemplate":"https:\/\/www.convertize.com\/fr\/?s={search_term_string}"},"query-input":{"@type":"PropertyValueSpecification","valueRequired":true,"valueName":"search_term_string"}}],"inLanguage":"fr-FR"}]}},"_links":{"self":[{"href":"https:\/\/www.convertize.com\/fr\/wp-json\/wp\/v2\/pages\/19130"}],"collection":[{"href":"https:\/\/www.convertize.com\/fr\/wp-json\/wp\/v2\/pages"}],"about":[{"href":"https:\/\/www.convertize.com\/fr\/wp-json\/wp\/v2\/types\/page"}],"author":[{"embeddable":true,"href":"https:\/\/www.convertize.com\/fr\/wp-json\/wp\/v2\/users\/45"}],"replies":[{"embeddable":true,"href":"https:\/\/www.convertize.com\/fr\/wp-json\/wp\/v2\/comments?post=19130"}],"version-history":[{"count":0,"href":"https:\/\/www.convertize.com\/fr\/wp-json\/wp\/v2\/pages\/19130\/revisions"}],"up":[{"embeddable":true,"href":"https:\/\/www.convertize.com\/fr\/wp-json\/wp\/v2\/pages\/18263"}],"wp:attachment":[{"href":"https:\/\/www.convertize.com\/fr\/wp-json\/wp\/v2\/media?parent=19130"}],"wp:term":[{"taxonomy":"category","embeddable":true,"href":"https:\/\/www.convertize.com\/fr\/wp-json\/wp\/v2\/categories?post=19130"},{"taxonomy":"post_tag","embeddable":true,"href":"https:\/\/www.convertize.com\/fr\/wp-json\/wp\/v2\/tags?post=19130"}],"curies":[{"name":"wp","href":"https:\/\/api.w.org\/{rel}","templated":true}]}}