{"id":19327,"date":"2019-06-28T18:33:24","date_gmt":"2019-06-28T16:33:24","guid":{"rendered":"https:\/\/www.convertize.com\/fr\/?page_id=19327"},"modified":"2019-07-29T11:06:40","modified_gmt":"2019-07-29T09:06:40","slug":"effet-de-recence","status":"publish","type":"page","link":"https:\/\/www.convertize.com\/fr\/glossaire\/effet-de-recence\/","title":{"rendered":"Effet de R\u00e9cence"},"content":{"rendered":"<span class=\"rt-reading-time\" style=\"display: block;\"><span class=\"rt-label rt-prefix\">Temps de lecture : <\/span> <span class=\"rt-time\">2<\/span> <span class=\"rt-label rt-postfix\">minutes<\/span><\/span><section class=\"glossary-definition-text container\"><div class=\"col-xs-12\">\n<h2>Qu&rsquo;est-ce que l&rsquo;Effet de R\u00e9cence ?<\/h2>\n<p>L&rsquo;Effet de R\u00e9cence est un biais cognitif qui se produit lorsque les individus sont confront\u00e9s \u00e0 une s\u00e9rie d&rsquo;informations. Ils ont alors plus de facilit\u00e9 \u00e0 se rem\u00e9morer la derni\u00e8re information re\u00e7ue. <a href=\"https:\/\/pdfs.semanticscholar.org\/f518\/20619ca42c5799f3c5acc3855671b905419c.pdf\">Plusieurs exp\u00e9riences<\/a>\u00a0demandant \u00e0 des sujets de m\u00e9moriser puis restituer des listes de mots ont identifi\u00e9 ce ph\u00e9nom\u00e8ne. Ces exp\u00e9riences ont aussi montr\u00e9 l&rsquo;existence d&rsquo;un autre biais affectant la m\u00e9moire : l&rsquo;effet de primaut\u00e9. Il s&rsquo;agit dans ce cas de la tendance \u00e0 se souvenir plus facilement de la premi\u00e8re information que l&rsquo;on rencontre.<\/p>\n<p>L&rsquo;Effet de R\u00e9cence n&rsquo;a pas seulement des cons\u00e9quences sur la fa\u00e7on dont nous m\u00e9morisons les informations. Il influence \u00e9galement les d\u00e9cisions prises par la suite. Ainsi, <a href=\"https:\/\/s3.amazonaws.com\/academia.edu.documents\/5970124\/Enescu_2009_RSC.pdf?AWSAccessKeyId=AKIAIWOWYYGZ2Y53UL3A&amp;Expires=1559645483&amp;Signature=FR%2F221pGawVIbbYEYSNr5Wvmc2M%3D&amp;response-content-disposition=inline%3B%20filename%3DEffets_Seriels_et_Conflit_Cognitif_dans.pdf\">des \u00e9tudes<\/a> ont montr\u00e9 que l&rsquo;ordre de pr\u00e9sentation des preuves et t\u00e9moignages lors de proc\u00e8s influen\u00e7ait les verdicts.<\/p>\n<p><img loading=\"lazy\" decoding=\"async\" src=\"https:\/\/www.convertize.com\/fr\/wp-content\/uploads\/2019\/07\/Effet-de-Re\u0301cence.png\" alt=\"\" width=\"800\" height=\"480\" class=\"wp-image-19951 aligncenter\" \/><\/p>\n<h2>Exemples<\/h2>\n<p>Des\u00a0<a href=\"http:\/\/www.jecr.org\/sites\/default\/files\/2016vol17no4_Paper1.pdf\">\u00e9tudes<\/a>\u00a0ont montr\u00e9 que les premier et dernier commentaires lus influencent la perception g\u00e9n\u00e9rale du produit ou service \u00e9valu\u00e9, dans le cas o\u00f9 ces commentaires sont tous deux positifs ou n\u00e9gatifs.<\/p>\n<p>Il est \u00e9galement utile de prendre en compte l&rsquo;Effet de R\u00e9cence lorsqu&rsquo;on r\u00e9dige une page produit ou pr\u00e9pare une publicit\u00e9. La derni\u00e8re information fournie aura en effet un impact sur les perceptions des utilisateurs et la fa\u00e7on dont ils se souviendront du produit propos\u00e9.<\/p>\n<h2>Effet de R\u00e9cence<\/h2>\n<p>L&rsquo;Effet de R\u00e9cence joue donc un r\u00f4le dans la fa\u00e7on dont nous nous souvenons de plusieurs informations. Ce ph\u00e9nom\u00e8ne influence notre jugement et nos d\u00e9cisions. Les <a href=\"https:\/\/www.convertize.com\/fr\/expert-marketing-digital\">professionnels du marketing digital<\/a> doivent donc y faire attention lorsqu&rsquo;ils structurent l&rsquo;information sur leur site de e-commerce.<\/p>\n<\/div><\/section>\n<div class=\"social-btn\"><a class=\"col-1 sbtn s-twitter\" onclick=\"popupwindow('https:\/\/twitter.com\/intent\/tweet?text=Effet%20de%20R\u00e9cence&amp;url=https%3A%2F%2Fwww.convertize.com%2Ffr%2Fglossaire%2Feffet-de-recence%2F&amp;via=convertize','Twitter Follow','600','600')\" href=\"javascript:void(0);\" target=\"_blank\" rel=\"nofollow\"><span>Share on Twitter<\/span><\/a><a class=\"col-1 sbtn s-facebook\" onclick=\"popupwindow('https:\/\/www.facebook.com\/sharer\/sharer.php?u=https%3A%2F%2Fwww.convertize.com%2Ffr%2Fglossaire%2Feffet-de-recence%2F','Facebook Follow','600','600')\" href=\"javascript:void(0);\" target=\"_blank\" rel=\"nofollow\"><span>Share on Facebook<\/span><\/a><a class=\"col-1 sbtn s-linkedin\" onclick=\"popupwindow('https:\/\/www.linkedin.com\/shareArticle?mini=true&url=https%3A%2F%2Fwww.convertize.com%2Ffr%2Fglossaire%2Feffet-de-recence%2F&amp;title=Effet%20de%20R\u00e9cence&amp;description=L'Effet%20de%20R\u00e9cence%20se%20produit%20lorsque%20des%20informations%20sont%20pr\u00e9sent\u00e9es%20en%20s\u00e9rie%20:%20on%20se%20souviendra%20plus%20facilement%20des%20derni\u00e8res%20informations%20rencontr\u00e9es.','Linkedin Follow','600','600')\" href=\"javascript:void(0);\" target=\"_blank\" rel=\"nofollow\"><span>Share on Linkedin<\/span><\/a><\/div>","protected":false},"excerpt":{"rendered":"<p><span class=\"rt-reading-time\" style=\"display: block;\"><span class=\"rt-label rt-prefix\">Temps de lecture : <\/span> <span class=\"rt-time\">2<\/span> <span class=\"rt-label rt-postfix\">minutes<\/span><\/span> Share on TwitterShare on FacebookShare on Linkedin<\/p>\n","protected":false},"author":45,"featured_media":0,"parent":18263,"menu_order":0,"comment_status":"closed","ping_status":"closed","template":"page-glossary.php","meta":{"_genesis_hide_title":false,"_genesis_hide_breadcrumbs":false,"_genesis_hide_singular_image":false,"_genesis_hide_footer_widgets":false,"_genesis_custom_body_class":"","_genesis_custom_post_class":"","_genesis_layout":"","footnotes":""},"categories":[],"tags":[],"class_list":{"0":"post-19327","1":"page","2":"type-page","3":"status-publish","5":"entry"},"yoast_head":"<!-- This site is optimized with the Yoast SEO plugin v23.7 - https:\/\/yoast.com\/wordpress\/plugins\/seo\/ -->\n<title>Effet de R\u00e9cence - Convertize - Glossaire de Neuromarketing<\/title>\n<meta name=\"description\" content=\"L&#039;Effet de R\u00e9cence se produit lorsque des informations sont pr\u00e9sent\u00e9es en s\u00e9rie : on se souviendra plus facilement des derni\u00e8res informations rencontr\u00e9es.\" \/>\n<meta name=\"robots\" content=\"index, follow, max-snippet:-1, max-image-preview:large, max-video-preview:-1\" \/>\n<link rel=\"canonical\" href=\"https:\/\/www.convertize.com\/fr\/glossaire\/effet-de-recence\/\" \/>\n<meta property=\"og:locale\" content=\"fr_FR\" \/>\n<meta property=\"og:type\" content=\"article\" \/>\n<meta property=\"og:title\" content=\"Effet de R\u00e9cence - Convertize - Glossaire de Neuromarketing\" \/>\n<meta property=\"og:description\" content=\"L&#039;Effet de R\u00e9cence se produit lorsque des informations sont pr\u00e9sent\u00e9es en s\u00e9rie : on se souviendra plus facilement des derni\u00e8res informations rencontr\u00e9es.\" \/>\n<meta property=\"og:url\" content=\"https:\/\/www.convertize.com\/fr\/glossaire\/effet-de-recence\/\" \/>\n<meta property=\"og:site_name\" content=\"Convertize\" \/>\n<meta property=\"article:modified_time\" content=\"2019-07-29T09:06:40+00:00\" \/>\n<meta name=\"twitter:card\" content=\"summary_large_image\" \/>\n<meta name=\"twitter:label1\" content=\"Dur\u00e9e de lecture estim\u00e9e\" \/>\n\t<meta name=\"twitter:data1\" content=\"1 minute\" \/>\n<script type=\"application\/ld+json\" class=\"yoast-schema-graph\">{\"@context\":\"https:\/\/schema.org\",\"@graph\":[{\"@type\":\"WebPage\",\"@id\":\"https:\/\/www.convertize.com\/fr\/glossaire\/effet-de-recence\/\",\"url\":\"https:\/\/www.convertize.com\/fr\/glossaire\/effet-de-recence\/\",\"name\":\"Effet de R\u00e9cence - Convertize - Glossaire de Neuromarketing\",\"isPartOf\":{\"@id\":\"https:\/\/www.convertize.com\/fr\/#website\"},\"datePublished\":\"2019-06-28T16:33:24+00:00\",\"dateModified\":\"2019-07-29T09:06:40+00:00\",\"description\":\"L'Effet de R\u00e9cence se produit lorsque des informations sont pr\u00e9sent\u00e9es en s\u00e9rie : on se souviendra plus facilement des derni\u00e8res informations rencontr\u00e9es.\",\"breadcrumb\":{\"@id\":\"https:\/\/www.convertize.com\/fr\/glossaire\/effet-de-recence\/#breadcrumb\"},\"inLanguage\":\"fr-FR\",\"potentialAction\":[{\"@type\":\"ReadAction\",\"target\":[\"https:\/\/www.convertize.com\/fr\/glossaire\/effet-de-recence\/\"]}]},{\"@type\":\"BreadcrumbList\",\"@id\":\"https:\/\/www.convertize.com\/fr\/glossaire\/effet-de-recence\/#breadcrumb\",\"itemListElement\":[{\"@type\":\"ListItem\",\"position\":1,\"name\":\"Glossaire de Neuromarketing\",\"item\":\"https:\/\/www.convertize.com\/fr\/glossaire\/\"},{\"@type\":\"ListItem\",\"position\":2,\"name\":\"Effet de R\u00e9cence\"}]},{\"@type\":\"WebSite\",\"@id\":\"https:\/\/www.convertize.com\/fr\/#website\",\"url\":\"https:\/\/www.convertize.com\/fr\/\",\"name\":\"Convertize\",\"description\":\"May 2026\",\"potentialAction\":[{\"@type\":\"SearchAction\",\"target\":{\"@type\":\"EntryPoint\",\"urlTemplate\":\"https:\/\/www.convertize.com\/fr\/?s={search_term_string}\"},\"query-input\":{\"@type\":\"PropertyValueSpecification\",\"valueRequired\":true,\"valueName\":\"search_term_string\"}}],\"inLanguage\":\"fr-FR\"}]}<\/script>\n<!-- \/ Yoast SEO plugin. -->","yoast_head_json":{"title":"Effet de R\u00e9cence - Convertize - Glossaire de Neuromarketing","description":"L'Effet de R\u00e9cence se produit lorsque des informations sont pr\u00e9sent\u00e9es en s\u00e9rie : on se souviendra plus facilement des derni\u00e8res informations rencontr\u00e9es.","robots":{"index":"index","follow":"follow","max-snippet":"max-snippet:-1","max-image-preview":"max-image-preview:large","max-video-preview":"max-video-preview:-1"},"canonical":"https:\/\/www.convertize.com\/fr\/glossaire\/effet-de-recence\/","og_locale":"fr_FR","og_type":"article","og_title":"Effet de R\u00e9cence - Convertize - Glossaire de Neuromarketing","og_description":"L'Effet de R\u00e9cence se produit lorsque des informations sont pr\u00e9sent\u00e9es en s\u00e9rie : on se souviendra plus facilement des derni\u00e8res informations rencontr\u00e9es.","og_url":"https:\/\/www.convertize.com\/fr\/glossaire\/effet-de-recence\/","og_site_name":"Convertize","article_modified_time":"2019-07-29T09:06:40+00:00","twitter_card":"summary_large_image","twitter_misc":{"Dur\u00e9e de lecture estim\u00e9e":"1 minute"},"schema":{"@context":"https:\/\/schema.org","@graph":[{"@type":"WebPage","@id":"https:\/\/www.convertize.com\/fr\/glossaire\/effet-de-recence\/","url":"https:\/\/www.convertize.com\/fr\/glossaire\/effet-de-recence\/","name":"Effet de R\u00e9cence - Convertize - Glossaire de Neuromarketing","isPartOf":{"@id":"https:\/\/www.convertize.com\/fr\/#website"},"datePublished":"2019-06-28T16:33:24+00:00","dateModified":"2019-07-29T09:06:40+00:00","description":"L'Effet de R\u00e9cence se produit lorsque des informations sont pr\u00e9sent\u00e9es en s\u00e9rie : on se souviendra plus facilement des derni\u00e8res informations rencontr\u00e9es.","breadcrumb":{"@id":"https:\/\/www.convertize.com\/fr\/glossaire\/effet-de-recence\/#breadcrumb"},"inLanguage":"fr-FR","potentialAction":[{"@type":"ReadAction","target":["https:\/\/www.convertize.com\/fr\/glossaire\/effet-de-recence\/"]}]},{"@type":"BreadcrumbList","@id":"https:\/\/www.convertize.com\/fr\/glossaire\/effet-de-recence\/#breadcrumb","itemListElement":[{"@type":"ListItem","position":1,"name":"Glossaire de Neuromarketing","item":"https:\/\/www.convertize.com\/fr\/glossaire\/"},{"@type":"ListItem","position":2,"name":"Effet de R\u00e9cence"}]},{"@type":"WebSite","@id":"https:\/\/www.convertize.com\/fr\/#website","url":"https:\/\/www.convertize.com\/fr\/","name":"Convertize","description":"May 2026","potentialAction":[{"@type":"SearchAction","target":{"@type":"EntryPoint","urlTemplate":"https:\/\/www.convertize.com\/fr\/?s={search_term_string}"},"query-input":{"@type":"PropertyValueSpecification","valueRequired":true,"valueName":"search_term_string"}}],"inLanguage":"fr-FR"}]}},"_links":{"self":[{"href":"https:\/\/www.convertize.com\/fr\/wp-json\/wp\/v2\/pages\/19327"}],"collection":[{"href":"https:\/\/www.convertize.com\/fr\/wp-json\/wp\/v2\/pages"}],"about":[{"href":"https:\/\/www.convertize.com\/fr\/wp-json\/wp\/v2\/types\/page"}],"author":[{"embeddable":true,"href":"https:\/\/www.convertize.com\/fr\/wp-json\/wp\/v2\/users\/45"}],"replies":[{"embeddable":true,"href":"https:\/\/www.convertize.com\/fr\/wp-json\/wp\/v2\/comments?post=19327"}],"version-history":[{"count":0,"href":"https:\/\/www.convertize.com\/fr\/wp-json\/wp\/v2\/pages\/19327\/revisions"}],"up":[{"embeddable":true,"href":"https:\/\/www.convertize.com\/fr\/wp-json\/wp\/v2\/pages\/18263"}],"wp:attachment":[{"href":"https:\/\/www.convertize.com\/fr\/wp-json\/wp\/v2\/media?parent=19327"}],"wp:term":[{"taxonomy":"category","embeddable":true,"href":"https:\/\/www.convertize.com\/fr\/wp-json\/wp\/v2\/categories?post=19327"},{"taxonomy":"post_tag","embeddable":true,"href":"https:\/\/www.convertize.com\/fr\/wp-json\/wp\/v2\/tags?post=19327"}],"curies":[{"name":"wp","href":"https:\/\/api.w.org\/{rel}","templated":true}]}}