{"id":20857,"date":"2020-07-17T14:08:10","date_gmt":"2020-07-17T12:08:10","guid":{"rendered":"https:\/\/www.convertize.com\/fr\/?page_id=20857"},"modified":"2020-07-17T14:08:10","modified_gmt":"2020-07-17T12:08:10","slug":"pv-6etapes-bonus","status":"publish","type":"page","link":"https:\/\/www.convertize.com\/fr\/pv-6etapes-bonus\/","title":{"rendered":"Comment trouver une proposition de valeur qui VEND en 6 \u00e9tapes"},"content":{"rendered":"<span class=\"rt-reading-time\" style=\"display: block;\"><span class=\"rt-label rt-prefix\">Temps de lecture : <\/span> <span class=\"rt-time\">&lt;\u00a01<\/span> <span class=\"rt-label rt-postfix\">minute<\/span><\/span><p>Merci d&rsquo;avoir joint notre groupe de \u00ab\u00a0Insiders\u00a0\u00bb qui re\u00e7oivent des conseils CRO pertinents et concrets.<\/p>\n<p>&nbsp;<\/p>\n<p>Comme promis, voici mon guide d\u00e9taill\u00e9 pour vous:<\/p>\n<p><a href=\"https:\/\/www.convertize.com\/fr\/wp-content\/uploads\/2020\/03\/Proposition-de-valeur-Convertize-V3.pdf\">Comment trouver une proposition de valeur qui VEND en 6 \u00e9tapes<\/a><\/p>\n<p>&nbsp;<\/p>\n<p>Bonne lecture et excellentes conversions<\/p>\n<p>Jochen<\/p>\n<div class=\"social-btn\"><a class=\"col-1 sbtn s-twitter\" onclick=\"popupwindow('https:\/\/twitter.com\/intent\/tweet?text=Comment%20trouver%20une%20proposition%20de%20valeur%20qui%20VEND%20en%206%20\u00e9tapes&amp;url=https%3A%2F%2Fwww.convertize.com%2Ffr%2Fpv-6etapes-bonus%2F&amp;via=convertize','Twitter Follow','600','600')\" href=\"javascript:void(0);\" target=\"_blank\" rel=\"nofollow\"><span>Share on Twitter<\/span><\/a><a class=\"col-1 sbtn s-facebook\" onclick=\"popupwindow('https:\/\/www.facebook.com\/sharer\/sharer.php?u=https%3A%2F%2Fwww.convertize.com%2Ffr%2Fpv-6etapes-bonus%2F','Facebook Follow','600','600')\" href=\"javascript:void(0);\" target=\"_blank\" rel=\"nofollow\"><span>Share on Facebook<\/span><\/a><a class=\"col-1 sbtn s-linkedin\" onclick=\"popupwindow('https:\/\/www.linkedin.com\/shareArticle?mini=true&url=https%3A%2F%2Fwww.convertize.com%2Ffr%2Fpv-6etapes-bonus%2F&amp;title=Comment%20trouver%20une%20proposition%20de%20valeur%20qui%20VEND%20en%206%20\u00e9tapes&amp;description=','Linkedin Follow','600','600')\" href=\"javascript:void(0);\" target=\"_blank\" rel=\"nofollow\"><span>Share on Linkedin<\/span><\/a><\/div>","protected":false},"excerpt":{"rendered":"<p><span class=\"rt-reading-time\" style=\"display: block;\"><span class=\"rt-label rt-prefix\">Temps de lecture : <\/span> <span class=\"rt-time\">&lt;\u00a01<\/span> <span class=\"rt-label rt-postfix\">minute<\/span><\/span> Merci d&rsquo;avoir joint notre groupe de \u00ab\u00a0Insiders\u00a0\u00bb qui re\u00e7oivent des conseils CRO pertinents et concrets. &nbsp; Comme promis, voici mon guide d\u00e9taill\u00e9 pour vous: Comment trouver une proposition de valeur qui VEND en 6 \u00e9tapes &nbsp; Bonne lecture et excellentes conversions Jochen Share on TwitterShare on FacebookShare on Linkedin<\/p>\n","protected":false},"author":13,"featured_media":0,"parent":0,"menu_order":0,"comment_status":"closed","ping_status":"closed","template":"","meta":{"_genesis_hide_title":false,"_genesis_hide_breadcrumbs":false,"_genesis_hide_singular_image":false,"_genesis_hide_footer_widgets":false,"_genesis_custom_body_class":"","_genesis_custom_post_class":"","_genesis_layout":"","footnotes":""},"categories":[],"tags":[],"class_list":{"0":"post-20857","1":"page","2":"type-page","3":"status-publish","5":"entry"},"yoast_head":"<!-- This site is optimized with the Yoast SEO plugin v23.7 - https:\/\/yoast.com\/wordpress\/plugins\/seo\/ -->\n<title>Comment trouver une proposition de valeur qui VEND en 6 \u00e9tapes - Convertize<\/title>\n<meta name=\"robots\" content=\"index, follow, max-snippet:-1, max-image-preview:large, max-video-preview:-1\" \/>\n<link rel=\"canonical\" href=\"https:\/\/www.convertize.com\/fr\/pv-6etapes-bonus\/\" \/>\n<meta property=\"og:locale\" content=\"fr_FR\" \/>\n<meta property=\"og:type\" content=\"article\" \/>\n<meta property=\"og:title\" content=\"Comment trouver une proposition de valeur qui VEND en 6 \u00e9tapes - Convertize\" \/>\n<meta property=\"og:description\" content=\"Temps de lecture : &lt;\u00a01 minute Merci d&rsquo;avoir joint notre groupe de \u00ab\u00a0Insiders\u00a0\u00bb qui re\u00e7oivent des conseils CRO pertinents et concrets. &nbsp; Comme promis, voici mon guide d\u00e9taill\u00e9 pour vous: Comment trouver une proposition de valeur qui VEND en 6 \u00e9tapes &nbsp; Bonne lecture et excellentes conversions Jochen Share on TwitterShare on FacebookShare on Linkedin\" \/>\n<meta property=\"og:url\" content=\"https:\/\/www.convertize.com\/fr\/pv-6etapes-bonus\/\" \/>\n<meta property=\"og:site_name\" content=\"Convertize\" \/>\n<meta name=\"twitter:card\" content=\"summary_large_image\" \/>\n<script type=\"application\/ld+json\" class=\"yoast-schema-graph\">{\"@context\":\"https:\/\/schema.org\",\"@graph\":[{\"@type\":\"WebPage\",\"@id\":\"https:\/\/www.convertize.com\/fr\/pv-6etapes-bonus\/\",\"url\":\"https:\/\/www.convertize.com\/fr\/pv-6etapes-bonus\/\",\"name\":\"Comment trouver une proposition de valeur qui VEND en 6 \u00e9tapes - Convertize\",\"isPartOf\":{\"@id\":\"https:\/\/www.convertize.com\/fr\/#website\"},\"datePublished\":\"2020-07-17T12:08:10+00:00\",\"dateModified\":\"2020-07-17T12:08:10+00:00\",\"inLanguage\":\"fr-FR\",\"potentialAction\":[{\"@type\":\"ReadAction\",\"target\":[\"https:\/\/www.convertize.com\/fr\/pv-6etapes-bonus\/\"]}]},{\"@type\":\"WebSite\",\"@id\":\"https:\/\/www.convertize.com\/fr\/#website\",\"url\":\"https:\/\/www.convertize.com\/fr\/\",\"name\":\"Convertize\",\"description\":\"April 2026\",\"potentialAction\":[{\"@type\":\"SearchAction\",\"target\":{\"@type\":\"EntryPoint\",\"urlTemplate\":\"https:\/\/www.convertize.com\/fr\/?s={search_term_string}\"},\"query-input\":{\"@type\":\"PropertyValueSpecification\",\"valueRequired\":true,\"valueName\":\"search_term_string\"}}],\"inLanguage\":\"fr-FR\"}]}<\/script>\n<!-- \/ Yoast SEO plugin. -->","yoast_head_json":{"title":"Comment trouver une proposition de valeur qui VEND en 6 \u00e9tapes - Convertize","robots":{"index":"index","follow":"follow","max-snippet":"max-snippet:-1","max-image-preview":"max-image-preview:large","max-video-preview":"max-video-preview:-1"},"canonical":"https:\/\/www.convertize.com\/fr\/pv-6etapes-bonus\/","og_locale":"fr_FR","og_type":"article","og_title":"Comment trouver une proposition de valeur qui VEND en 6 \u00e9tapes - Convertize","og_description":"Temps de lecture : &lt;\u00a01 minute Merci d&rsquo;avoir joint notre groupe de \u00ab\u00a0Insiders\u00a0\u00bb qui re\u00e7oivent des conseils CRO pertinents et concrets. &nbsp; Comme promis, voici mon guide d\u00e9taill\u00e9 pour vous: Comment trouver une proposition de valeur qui VEND en 6 \u00e9tapes &nbsp; Bonne lecture et excellentes conversions Jochen Share on TwitterShare on FacebookShare on Linkedin","og_url":"https:\/\/www.convertize.com\/fr\/pv-6etapes-bonus\/","og_site_name":"Convertize","twitter_card":"summary_large_image","schema":{"@context":"https:\/\/schema.org","@graph":[{"@type":"WebPage","@id":"https:\/\/www.convertize.com\/fr\/pv-6etapes-bonus\/","url":"https:\/\/www.convertize.com\/fr\/pv-6etapes-bonus\/","name":"Comment trouver une proposition de valeur qui VEND en 6 \u00e9tapes - Convertize","isPartOf":{"@id":"https:\/\/www.convertize.com\/fr\/#website"},"datePublished":"2020-07-17T12:08:10+00:00","dateModified":"2020-07-17T12:08:10+00:00","inLanguage":"fr-FR","potentialAction":[{"@type":"ReadAction","target":["https:\/\/www.convertize.com\/fr\/pv-6etapes-bonus\/"]}]},{"@type":"WebSite","@id":"https:\/\/www.convertize.com\/fr\/#website","url":"https:\/\/www.convertize.com\/fr\/","name":"Convertize","description":"April 2026","potentialAction":[{"@type":"SearchAction","target":{"@type":"EntryPoint","urlTemplate":"https:\/\/www.convertize.com\/fr\/?s={search_term_string}"},"query-input":{"@type":"PropertyValueSpecification","valueRequired":true,"valueName":"search_term_string"}}],"inLanguage":"fr-FR"}]}},"_links":{"self":[{"href":"https:\/\/www.convertize.com\/fr\/wp-json\/wp\/v2\/pages\/20857"}],"collection":[{"href":"https:\/\/www.convertize.com\/fr\/wp-json\/wp\/v2\/pages"}],"about":[{"href":"https:\/\/www.convertize.com\/fr\/wp-json\/wp\/v2\/types\/page"}],"author":[{"embeddable":true,"href":"https:\/\/www.convertize.com\/fr\/wp-json\/wp\/v2\/users\/13"}],"replies":[{"embeddable":true,"href":"https:\/\/www.convertize.com\/fr\/wp-json\/wp\/v2\/comments?post=20857"}],"version-history":[{"count":0,"href":"https:\/\/www.convertize.com\/fr\/wp-json\/wp\/v2\/pages\/20857\/revisions"}],"wp:attachment":[{"href":"https:\/\/www.convertize.com\/fr\/wp-json\/wp\/v2\/media?parent=20857"}],"wp:term":[{"taxonomy":"category","embeddable":true,"href":"https:\/\/www.convertize.com\/fr\/wp-json\/wp\/v2\/categories?post=20857"},{"taxonomy":"post_tag","embeddable":true,"href":"https:\/\/www.convertize.com\/fr\/wp-json\/wp\/v2\/tags?post=20857"}],"curies":[{"name":"wp","href":"https:\/\/api.w.org\/{rel}","templated":true}]}}