{"id":20883,"date":"2020-08-04T19:30:05","date_gmt":"2020-08-04T17:30:05","guid":{"rendered":"https:\/\/www.convertize.com\/fr\/?page_id=20883"},"modified":"2021-08-02T18:22:08","modified_gmt":"2021-08-02T16:22:08","slug":"geolocation-plugin","status":"publish","type":"page","link":"https:\/\/www.convertize.com\/fr\/geolocation-plugin\/","title":{"rendered":"Optimiser les campagnes PPC Avec g\u00e9olocalisation"},"content":{"rendered":"<span class=\"rt-reading-time\" style=\"display: block;\"><span class=\"rt-label rt-prefix\">Temps de lecture : <\/span> <span class=\"rt-time\">3<\/span> <span class=\"rt-label rt-postfix\">minutes<\/span><\/span><section class=\"explanation-container section-odd\">\n<div class=\"explanation\">\n<div class=\"container\">\n<div class=\"col-xs-12 col-md-6\"><img decoding=\"async\" class=\"explanation-image\" src=\"https:\/\/www.convertize.com\/fr\/wp-content\/uploads\/2020\/08\/geolocation-plugin-landing-pages.png\" alt=\"geolocation plugin landing pages\" \/><\/div>\n<div class=\"col-xs-12 col-md-6\">\n<div class=\"centered-content-wrap\">\n<div class=\"before-title\">Geolocation Plugin<\/div>\n<h2><span class=\"title\">Augmentez les conversions avec <strong>contenu local<\/strong><\/h2>\n<p class=\"text\">L&rsquo;utilisation d&rsquo;annonces PPC g\u00e9o-personnalis\u00e9es avec l&rsquo;<a href=\"https:\/\/support.google.com\/google-ads\/answer\/1722043?hl=fr\" target=\"_blank\" rel=\"nofollow\">outil de personnalisation d&rsquo;annonces Google<\/a> ou le <a href=\"https:\/\/fr-fr.facebook.com\/business\/help\/202297959811696?id=176276233019487\" target=\"_blank\" rel=\"nofollow\">ciblage g\u00e9ographique Facebook<\/a> vous permet d&rsquo;afficher la position de votre visiteur dans vos annonces. Le plugin Convertize Geolocation vous permet d&rsquo;ajouter les m\u00eames d\u00e9tails \u00e0 vos pages de destination.\n<\/p>\n<ul style=\"margin-bottom: 0;\">\n<li><strong>Augmentez votre taux de conversion<\/strong> en proposant un contenu local et personnalis\u00e9<\/li>\n<li><strong>R\u00e9duisez votre CPC<\/strong> en attirant plus de clics et en diminuant votre taux de rebond<\/li>\n<li><strong>R\u00e9duisez votre CPA (co\u00fbt d&rsquo;acquisition)<\/strong> avec des annonces moins ch\u00e8res et plus de conversions<\/li>\n<\/ul>\n<\/div>\n<\/div>\n<\/div>\n<\/div>\n<\/section>\n<section class=\"explanation-container section-odd\">\n<div class=\"explanation\">\n<div class=\"container\">\n<div class=\"col-xs-12 col-md-6 col-md-push-6\"><img decoding=\"async\" class=\"explanation-image\" src=\"https:\/\/www.convertize.com\/fr\/wp-content\/uploads\/2020\/08\/delivery-geolocation-plugin.png\" alt=\"dropshipping geolocation plugin\" \/><\/div>\n<div class=\"col-xs-12 col-md-6 col-md-pull-6\">\n<div class=\"centered-content-wrap\">\n<div class=\"before-title\">Geolocation Plugin<\/div>\n<h2><span class=\"title\">Ciblez une entreprise locale <strong>pour le dropshipping<\/strong><\/h2>\n<p class=\"text\">Dropshipping et les eCommerce entreprises doivent offrir un excellent service de livraison (id\u00e9alement gratuit) dans le cadre de chaque commande.<\/p>\n<p class=\"text\">Le plugin de g\u00e9olocalisation vous permet d\u2019afficher la ville et le pays de votre visiteur, afin qu\u2019il se sente en confiance avec votre service de livraison.<\/p>\n<\/div>\n<\/div>\n<\/div>\n<\/div>\n<\/section>\n<section class=\"quote-container author-quote\">\n<div class=\"container text-center\">\n<div class=\"illustration\">\n<div class=\"border\"><\/div>\n<div class=\"icon\">\n<div class=\"icon-inner\"><span class=\"helper\"><\/span><img decoding=\"async\" src=\"https:\/\/www.convertize.com\/fr\/wp-content\/themes\/scenariopro\/images\/quote.png\" alt=\"\" \/><\/div>\n<\/div>\n<\/div>\n<h3 class=\"section-title\">\u201cConvertize est l&rsquo;outil par excellence pour les marketeurs d&rsquo;aujourd&rsquo;hui\u2026 La mise en place est simple, vous pouvez facilement g\u00e9rer vos modifications et v\u00e9rifier les r\u00e9sultats de vos objectifs de conversion en direct\u201d<\/h3>\n<div class=\"text-center\"><img decoding=\"async\" class=\"center-block\" src=\"https:\/\/www.convertize.com\/assets\/images\/people\/tobis.jpg\" alt=\"ab testing software customer endorsement\" \/><\/div>\n<p class=\"author-name\"><strong>Tobias Ockerm\u00fcller<\/strong><\/p>\n<p class=\"author-title\">Fondateur de <a href=\"https:\/\/tobistribe.com\/\">Tobistribe<\/a><\/p>\n<\/div>\n<\/section>\n<section class=\"section-odd\" style=\"padding-bottom: 0;\">\n<div class=\"container\">\n<div class=\"title\">\n<h2 class=\"text-center\">Optimisez votre texte dynamique <br class=\"visible-lg visible-md\" \/>avec A\/B Testing<\/h2>\n<\/div>\n<div class=\"row\">\n<div class=\"col-xs-12\">\n<p class=\"text-center\">Comme Convertize combine une plate-forme de A\/B testing ultra-rapide avec le plug-in de g\u00e9olocalisation, <br class=\"visible-lg visible-md\" \/>il vous est facile de tester et de mesurer l&rsquo;impact de votre contenu g\u00e9o-cibl\u00e9. Cela signifie que vous pouvez <br class=\"visible-lg visible-md\" \/><a href=\"https:\/\/www.convertize.com\/fr\/landing-page-8-leviers-pour-acquerir-du-lead\/\">optimiser vos landing pages<\/a> pour obtenir le meilleur retour sur investissement des campagnes au paiement par clic.<\/p>\n<p><img decoding=\"async\" class=\"aligncenter\" src=\"https:\/\/www.convertize.com\/fr\/wp-content\/uploads\/2020\/08\/dynamic-text-ab-testing.png\" alt=\"plugin de texte dynamique\" style=\"max-width: 780px; width: 100%;\" \/><\/p>\n<\/div>\n<\/div>\n<\/div>\n<\/section>\n<section class=\"section-odd cta-middle-hidden\" id=\"pricing\">\n<div class=\"container\">\n<div class=\"row\">\n<div class=\"col-xs-12\">\n<h2 class=\"text-center\">Apr\u00e8s votre Essai Gratuit<\/h2>\n<p class=\"text-center\" style=\"margin-bottom: 50px;\">Si vous profitez de votre essai gratuit, vous pouvez prolonger vos exp\u00e9riences en choisissant un forfait payant. Il existe une <br class=\"visible-lg visible-md\">gamme de plans pour convenir \u00e0 tout type d&rsquo;entreprise, et vous pouvez mettre \u00e0 jour ou annuler \u00e0 tout moment.<\/p>\n<\/div>\n<\/div>\n\n        <div class=\"row selector-row\">\n            <div class=\"col-xs-12 col-md-8 col-md-offset-2\">\n                <div class=\"pricing-selector\">\n                    <div data-time=\"monthly\" class=\"selector-button selector-button-left switch-monthly\">Mensuel<\/div>\n                    <div class=\"active selector-inside\"><\/div>\n                    <div data-time=\"yearly\" class=\"selector-button selector-button-right switch-yearly\">Annuel<\/div>\n                    <span class=\"savings\"><span class=\"warning\">2 mois gratuits avec le plan annuel<\/span><\/span>\n                <\/div>\n                <div class=\"currency-container\">\n                    <div class=\"currency\">\n                        <div class=\"form-group select-group\">\n                            <i class=\"fa fa-angle-down\"><\/i>\n                            <select name=\"currency\" id=\"currency\" class=\"form-control form-material\">\n                                <option value=\"euro\">&euro;<\/option>\n                                <option value=\"pound\">&pound;<\/option>\n                                <option value=\"dollar\">&dollar;<\/option>\n                            <\/select>\n                        <\/div>\n                    <\/div>\n                <\/div>\n            <\/div>\n        <\/div>\n        <div class=\"row\">\n            <div class=\"col-xs-12 col-md-8 col-centered-offset\">\n                <div class=\"pricing-table\">\n                    <div class=\"pricing-col\">\n                        <div class=\"pricing-card solo\">\n                            <div class=\"pricing-header\">\n                                <h5>Solo<\/h5>\n                                <div class=\"price-box\">\n                                    <div class=\"price\">\n                                        <div class=\"currency yearly\"><\/div>\n                                        <span class=\"price-value yearly\"><\/span>\n                                        <div class=\"plan yearly\">\/ mois<\/div>\n                                        <p class=\"text-small commitment yearly\"><\/p>\n                                    <\/div>\n                                <\/div>\n                                <div class=\"head\">\n                                    <p class=\"plan-description\">\n                                        <span class=\"big-desc\">\n                                            Jusqu\u2019\u00e0 <strong>20 000<\/strong> visiteurs par mois\n                                        <\/span><br>\n                                    <\/p>\n                                <\/div>\n                                <div class=\"cta-middle\">\n                                    <a href=\"https:\/\/app.convertize.io\/auth\/login\/register\" class=\"cta cta-primary track-btn\" data-id=\"cta-pricing-main\" data-event=\"SC-LP-BUTTON-SIGNUP\">Essayez gratuitement<\/a>\n                                <\/div>\n                            <\/div>\n                            <div class=\"pricing-feature\">\n                                <ul class=\"tick-list\">\n                                    <li><strong>3 projets<\/strong><\/li>\n                                    <li>AB Testing avec <a href=\"https:\/\/www.convertize.com\/fr\/solution-ab-testing\/multi-armed-bandit\/\" ><strong>Autopilot<\/strong><\/a><\/li>\n                                    <li><a href=\"https:\/\/www.convertize.com\/fr\/solution-ab-testing\/confiance-statistique\/\"><strong>Statistiques Hybrides<\/strong><\/a><\/li>\n                                    <li><strong>Pr\u00e9diction de dur\u00e9e<\/strong><\/li>\n                                <\/ul>\n                            <\/div>\n                            <div class=\"text-center compared-link-container\">\n                                <a href=\"https:\/\/www.convertize.com\/fr\/tarifs.php#features\" class=\"compare-link\">Comparez toutes les fonctionnalit\u00e9s<\/a>\n                            <\/div>\n                        <\/div>\n                    <\/div>\n                    <div class=\"pricing-col featured-col\">\n                        <div class=\"pricing-card team\">\n                            <div class=\"pricing-header\">\n                                <h5>Team<\/h5>\n                                <div class=\"price-box\">\n                                    <div class=\"price\">\n                                        <div class=\"currency yearly\"><\/div>\n                                        <span class=\"price-value yearly slider-0\"><\/span>\n                                        <div class=\"plan yearly\">\/ mois<\/div>\n                                        <p class=\"text-small commitment yearly\"><\/p>\n                                    <\/div>\n                                <\/div>\n                                <div class=\"head\">\n                                    <div class=\"plan-description\">\n                                        <span class=\"big-desc\">\n                                            Jusqu\u2019\u00e0 <span class=\"numVisitors slider-0\"><\/span> visiteurs par mois\n                                            <div class=\"selector\">\n                                                <input type=\"range\" min=\"0\" max=\"100\" value=\"0\" step=\"33.33\" class=\"slider\" id=\"teamPriceSlider\">\n                                            <\/div>\n                                        <\/span>\n                                    <\/div>\n                                <\/div>\n                                <div class=\"cta-middle\">\n                                    <a href=\"https:\/\/app.convertize.io\/auth\/login\/register\" class=\"cta cta-primary choose-plan\" data-id=\"cta-pricing-main\"  data-event=\"SC-LP-BUTTON-SIGNUP\" rel=\"nofollow\" target=\"_blank\">Essayez gratuitement<\/a>\n                                <\/div>\n                            <\/div>\n                            <div class=\"pricing-feature\">\n                                <ul class=\"tick-list\">\n                                    <li><strong>Projets illimit\u00e9s<\/strong><\/li>\n                                    <li>AB Testing avec <a href=\"https:\/\/www.convertize.com\/fr\/solution-ab-testing\/multi-armed-bandit\/\" ><strong>Autopilot<\/strong><\/a><\/li>\n                                    <li><a href=\"https:\/\/www.convertize.com\/fr\/solution-ab-testing\/confiance-statistique\/\"><strong>Statistiques Hybrides<\/strong><\/a><\/li>\n                                    <li><strong>Pr\u00e9diction de dur\u00e9e<\/strong><\/li>\n                                    <li><strong>Support par Chat<\/strong><\/li>\n                                    <li>Recevez une copie de <a href=\"https:\/\/www.convertize.com\/fr\/smart-persuasion\/\"><strong>Smart Persuasion<\/strong><\/a><\/li>\n                                <\/ul>\n                            <\/div>\n                            <div class=\"text-center compared-link-container\">\n                                <a href=\"https:\/\/www.convertize.com\/fr\/tarifs.php#features\" class=\"compare-link\">Comparez toutes les fonctionnalit\u00e9s<\/a>\n                            <\/div>\n                        <\/div>\n                    <\/div>\n                <\/div>\n            <\/div>\n        <\/div>\n    <\/div>\n<\/section>\n<section class=\"talking-about-us-container-bottom\">\n<div class=\"container\">\n<div class=\"row\">\n<div class=\"col-md-12 title-container\">\n<h4 class=\"text-center join-us-text\">Rejoignez plus de 800 heureux clients qui utilisent <strong>Convertize<\/strong><\/h4>\n<\/div>\n<\/div>\n<div class=\"row\">\n<div class=\"text-center col-xs-12\"><img decoding=\"async\" class=\"hidden-xs hidden-sm img-responsive\" src=\"https:\/\/www.convertize.com\/assets\/images\/new_design\/homepage-clients-logo-bottom-v1.png\" alt=\"ab testing software customers\" \/> <img loading=\"lazy\" decoding=\"async\" class=\"visible-sm visible-xs img-responsive\" style=\"margin: 0 auto;\" src=\"https:\/\/www.convertize.com\/assets\/images\/new_design\/homepage-clients-logo-bottom-mobile-v1.png\" alt=\"ab testing software partners\" width=\"453\" height=\"142\" \/><\/div>\n<\/div>\n<\/div>\n<\/section>\n<section id=\"cta-section\" class=\"col-xs-12\">\n<div class=\"container\">\n<div class=\"row\">\n<div class=\"col-xs-12 col-sm-12\">\n<h1 class=\"title\">Etes-vous pr\u00eat \u00e0 lancer votre premier test AB ?<\/h1>\n<h3 class=\"subtitle\">Nos experts CRO vous assistent gratuitement pendant 30 jours<\/h3>\n<div class=\"button-container\"><a class=\"cta cta-primary track-btn\" href=\"https:\/\/app.convertize.io\/auth\/login\/register\" type=\"button\" data-id=\"cta-home-footer\" data-event=\"SC-LP-BUTTON-SIGNUP\">Essai gratuit<\/a><\/div>\n<div class=\"button-container\"><a class=\"cta cta-white track-btn\" type=\"button\" data-id=\"cta-home-footer\" href=\"\" onclick=\"Calendly.initPopupWidget({url: 'https:\/\/calendly.com\/convertize\/discovery-session'});return false;\">R\u00e9server une d\u00e9mo<\/a><\/div>\n<\/div>\n<\/div>\n<\/div>\n<\/section>\n<div class=\"social-btn\"><a class=\"col-1 sbtn s-twitter\" onclick=\"popupwindow('https:\/\/twitter.com\/intent\/tweet?text=Optimiser%20les%20campagnes%20PPC%20Avec%20g\u00e9olocalisation&amp;url=https%3A%2F%2Fwww.convertize.com%2Ffr%2Fgeolocation-plugin%2F&amp;via=convertize','Twitter Follow','600','600')\" href=\"javascript:void(0);\" target=\"_blank\" rel=\"nofollow\"><span>Share on Twitter<\/span><\/a><a class=\"col-1 sbtn s-facebook\" onclick=\"popupwindow('https:\/\/www.facebook.com\/sharer\/sharer.php?u=https%3A%2F%2Fwww.convertize.com%2Ffr%2Fgeolocation-plugin%2F','Facebook Follow','600','600')\" href=\"javascript:void(0);\" target=\"_blank\" rel=\"nofollow\"><span>Share on Facebook<\/span><\/a><a class=\"col-1 sbtn s-linkedin\" onclick=\"popupwindow('https:\/\/www.linkedin.com\/shareArticle?mini=true&url=https%3A%2F%2Fwww.convertize.com%2Ffr%2Fgeolocation-plugin%2F&amp;title=Optimiser%20les%20campagnes%20PPC%20Avec%20g\u00e9olocalisation&amp;description=','Linkedin Follow','600','600')\" href=\"javascript:void(0);\" target=\"_blank\" rel=\"nofollow\"><span>Share on Linkedin<\/span><\/a><\/div>","protected":false},"excerpt":{"rendered":"<p><span class=\"rt-reading-time\" style=\"display: block;\"><span class=\"rt-label rt-prefix\">Temps de lecture : <\/span> <span class=\"rt-time\">3<\/span> <span class=\"rt-label rt-postfix\">minutes<\/span><\/span> Geolocation Plugin Augmentez les conversions avec contenu local L&rsquo;utilisation d&rsquo;annonces PPC g\u00e9o-personnalis\u00e9es avec l&rsquo;outil de personnalisation d&rsquo;annonces Google ou le ciblage g\u00e9ographique Facebook vous permet d&rsquo;afficher la position de votre visiteur dans vos annonces. Le plugin Convertize Geolocation vous permet d&rsquo;ajouter les m\u00eames d\u00e9tails \u00e0 vos pages de destination. Augmentez votre taux de conversion en [&hellip;]<\/p>\n","protected":false},"author":41,"featured_media":20879,"parent":0,"menu_order":0,"comment_status":"closed","ping_status":"closed","template":"page-website.php","meta":{"_genesis_hide_title":false,"_genesis_hide_breadcrumbs":false,"_genesis_hide_singular_image":false,"_genesis_hide_footer_widgets":false,"_genesis_custom_body_class":"","_genesis_custom_post_class":"","_genesis_layout":"","footnotes":""},"categories":[],"tags":[],"class_list":{"0":"post-20883","1":"page","2":"type-page","3":"status-publish","4":"has-post-thumbnail","6":"entry"},"yoast_head":"<!-- This site is optimized with the Yoast SEO plugin v23.7 - https:\/\/yoast.com\/wordpress\/plugins\/seo\/ -->\n<title>Optimiser les campagnes PPC Avec g\u00e9olocalisation - Convertize<\/title>\n<meta name=\"robots\" content=\"index, follow, max-snippet:-1, max-image-preview:large, max-video-preview:-1\" \/>\n<link rel=\"canonical\" href=\"https:\/\/www.convertize.com\/fr\/geolocation-plugin\/\" \/>\n<meta property=\"og:locale\" content=\"fr_FR\" \/>\n<meta property=\"og:type\" content=\"article\" \/>\n<meta property=\"og:title\" content=\"Optimiser les campagnes PPC Avec g\u00e9olocalisation - Convertize\" \/>\n<meta property=\"og:description\" content=\"Temps de lecture : 3 minutes Geolocation Plugin Augmentez les conversions avec contenu local L&rsquo;utilisation d&rsquo;annonces PPC g\u00e9o-personnalis\u00e9es avec l&rsquo;outil de personnalisation d&rsquo;annonces Google ou le ciblage g\u00e9ographique Facebook vous permet d&rsquo;afficher la position de votre visiteur dans vos annonces. Le plugin Convertize Geolocation vous permet d&rsquo;ajouter les m\u00eames d\u00e9tails \u00e0 vos pages de destination. Augmentez votre taux de conversion en [&hellip;]\" \/>\n<meta property=\"og:url\" content=\"https:\/\/www.convertize.com\/fr\/geolocation-plugin\/\" \/>\n<meta property=\"og:site_name\" content=\"Convertize\" \/>\n<meta property=\"article:modified_time\" content=\"2021-08-02T16:22:08+00:00\" \/>\n<meta property=\"og:image\" content=\"https:\/\/www.convertize.com\/fr\/wp-content\/uploads\/2020\/08\/geolocation-plugin-meta-fb.png\" \/>\n\t<meta property=\"og:image:width\" content=\"1200\" \/>\n\t<meta property=\"og:image:height\" content=\"630\" \/>\n\t<meta property=\"og:image:type\" content=\"image\/png\" \/>\n<meta name=\"twitter:card\" content=\"summary_large_image\" \/>\n<meta name=\"twitter:image\" content=\"https:\/\/www.convertize.com\/fr\/wp-content\/uploads\/2020\/08\/geolocation-plugin-meta-tw.png\" \/>\n<meta name=\"twitter:label1\" content=\"Dur\u00e9e de lecture estim\u00e9e\" \/>\n\t<meta name=\"twitter:data1\" content=\"2 minutes\" \/>\n<script type=\"application\/ld+json\" class=\"yoast-schema-graph\">{\"@context\":\"https:\/\/schema.org\",\"@graph\":[{\"@type\":\"WebPage\",\"@id\":\"https:\/\/www.convertize.com\/fr\/geolocation-plugin\/\",\"url\":\"https:\/\/www.convertize.com\/fr\/geolocation-plugin\/\",\"name\":\"Optimiser les campagnes PPC Avec g\u00e9olocalisation - Convertize\",\"isPartOf\":{\"@id\":\"https:\/\/www.convertize.com\/fr\/#website\"},\"primaryImageOfPage\":{\"@id\":\"https:\/\/www.convertize.com\/fr\/geolocation-plugin\/#primaryimage\"},\"image\":{\"@id\":\"https:\/\/www.convertize.com\/fr\/geolocation-plugin\/#primaryimage\"},\"thumbnailUrl\":\"https:\/\/www.convertize.com\/fr\/wp-content\/uploads\/2020\/08\/geolocation-plugin-convertize.png\",\"datePublished\":\"2020-08-04T17:30:05+00:00\",\"dateModified\":\"2021-08-02T16:22:08+00:00\",\"inLanguage\":\"fr-FR\",\"potentialAction\":[{\"@type\":\"ReadAction\",\"target\":[\"https:\/\/www.convertize.com\/fr\/geolocation-plugin\/\"]}]},{\"@type\":\"ImageObject\",\"inLanguage\":\"fr-FR\",\"@id\":\"https:\/\/www.convertize.com\/fr\/geolocation-plugin\/#primaryimage\",\"url\":\"https:\/\/www.convertize.com\/fr\/wp-content\/uploads\/2020\/08\/geolocation-plugin-convertize.png\",\"contentUrl\":\"https:\/\/www.convertize.com\/fr\/wp-content\/uploads\/2020\/08\/geolocation-plugin-convertize.png\",\"width\":1962,\"height\":1356},{\"@type\":\"WebSite\",\"@id\":\"https:\/\/www.convertize.com\/fr\/#website\",\"url\":\"https:\/\/www.convertize.com\/fr\/\",\"name\":\"Convertize\",\"description\":\"May 2026\",\"potentialAction\":[{\"@type\":\"SearchAction\",\"target\":{\"@type\":\"EntryPoint\",\"urlTemplate\":\"https:\/\/www.convertize.com\/fr\/?s={search_term_string}\"},\"query-input\":{\"@type\":\"PropertyValueSpecification\",\"valueRequired\":true,\"valueName\":\"search_term_string\"}}],\"inLanguage\":\"fr-FR\"}]}<\/script>\n<!-- \/ Yoast SEO plugin. -->","yoast_head_json":{"title":"Optimiser les campagnes PPC Avec g\u00e9olocalisation - Convertize","robots":{"index":"index","follow":"follow","max-snippet":"max-snippet:-1","max-image-preview":"max-image-preview:large","max-video-preview":"max-video-preview:-1"},"canonical":"https:\/\/www.convertize.com\/fr\/geolocation-plugin\/","og_locale":"fr_FR","og_type":"article","og_title":"Optimiser les campagnes PPC Avec g\u00e9olocalisation - Convertize","og_description":"Temps de lecture : 3 minutes Geolocation Plugin Augmentez les conversions avec contenu local L&rsquo;utilisation d&rsquo;annonces PPC g\u00e9o-personnalis\u00e9es avec l&rsquo;outil de personnalisation d&rsquo;annonces Google ou le ciblage g\u00e9ographique Facebook vous permet d&rsquo;afficher la position de votre visiteur dans vos annonces. Le plugin Convertize Geolocation vous permet d&rsquo;ajouter les m\u00eames d\u00e9tails \u00e0 vos pages de destination. Augmentez votre taux de conversion en [&hellip;]","og_url":"https:\/\/www.convertize.com\/fr\/geolocation-plugin\/","og_site_name":"Convertize","article_modified_time":"2021-08-02T16:22:08+00:00","og_image":[{"width":1200,"height":630,"url":"https:\/\/www.convertize.com\/fr\/wp-content\/uploads\/2020\/08\/geolocation-plugin-meta-fb.png","type":"image\/png"}],"twitter_card":"summary_large_image","twitter_image":"https:\/\/www.convertize.com\/fr\/wp-content\/uploads\/2020\/08\/geolocation-plugin-meta-tw.png","twitter_misc":{"Dur\u00e9e de lecture estim\u00e9e":"2 minutes"},"schema":{"@context":"https:\/\/schema.org","@graph":[{"@type":"WebPage","@id":"https:\/\/www.convertize.com\/fr\/geolocation-plugin\/","url":"https:\/\/www.convertize.com\/fr\/geolocation-plugin\/","name":"Optimiser les campagnes PPC Avec g\u00e9olocalisation - Convertize","isPartOf":{"@id":"https:\/\/www.convertize.com\/fr\/#website"},"primaryImageOfPage":{"@id":"https:\/\/www.convertize.com\/fr\/geolocation-plugin\/#primaryimage"},"image":{"@id":"https:\/\/www.convertize.com\/fr\/geolocation-plugin\/#primaryimage"},"thumbnailUrl":"https:\/\/www.convertize.com\/fr\/wp-content\/uploads\/2020\/08\/geolocation-plugin-convertize.png","datePublished":"2020-08-04T17:30:05+00:00","dateModified":"2021-08-02T16:22:08+00:00","inLanguage":"fr-FR","potentialAction":[{"@type":"ReadAction","target":["https:\/\/www.convertize.com\/fr\/geolocation-plugin\/"]}]},{"@type":"ImageObject","inLanguage":"fr-FR","@id":"https:\/\/www.convertize.com\/fr\/geolocation-plugin\/#primaryimage","url":"https:\/\/www.convertize.com\/fr\/wp-content\/uploads\/2020\/08\/geolocation-plugin-convertize.png","contentUrl":"https:\/\/www.convertize.com\/fr\/wp-content\/uploads\/2020\/08\/geolocation-plugin-convertize.png","width":1962,"height":1356},{"@type":"WebSite","@id":"https:\/\/www.convertize.com\/fr\/#website","url":"https:\/\/www.convertize.com\/fr\/","name":"Convertize","description":"May 2026","potentialAction":[{"@type":"SearchAction","target":{"@type":"EntryPoint","urlTemplate":"https:\/\/www.convertize.com\/fr\/?s={search_term_string}"},"query-input":{"@type":"PropertyValueSpecification","valueRequired":true,"valueName":"search_term_string"}}],"inLanguage":"fr-FR"}]}},"_links":{"self":[{"href":"https:\/\/www.convertize.com\/fr\/wp-json\/wp\/v2\/pages\/20883"}],"collection":[{"href":"https:\/\/www.convertize.com\/fr\/wp-json\/wp\/v2\/pages"}],"about":[{"href":"https:\/\/www.convertize.com\/fr\/wp-json\/wp\/v2\/types\/page"}],"author":[{"embeddable":true,"href":"https:\/\/www.convertize.com\/fr\/wp-json\/wp\/v2\/users\/41"}],"replies":[{"embeddable":true,"href":"https:\/\/www.convertize.com\/fr\/wp-json\/wp\/v2\/comments?post=20883"}],"version-history":[{"count":1,"href":"https:\/\/www.convertize.com\/fr\/wp-json\/wp\/v2\/pages\/20883\/revisions"}],"predecessor-version":[{"id":21392,"href":"https:\/\/www.convertize.com\/fr\/wp-json\/wp\/v2\/pages\/20883\/revisions\/21392"}],"wp:featuredmedia":[{"embeddable":true,"href":"https:\/\/www.convertize.com\/fr\/wp-json\/wp\/v2\/media\/20879"}],"wp:attachment":[{"href":"https:\/\/www.convertize.com\/fr\/wp-json\/wp\/v2\/media?parent=20883"}],"wp:term":[{"taxonomy":"category","embeddable":true,"href":"https:\/\/www.convertize.com\/fr\/wp-json\/wp\/v2\/categories?post=20883"},{"taxonomy":"post_tag","embeddable":true,"href":"https:\/\/www.convertize.com\/fr\/wp-json\/wp\/v2\/tags?post=20883"}],"curies":[{"name":"wp","href":"https:\/\/api.w.org\/{rel}","templated":true}]}}