{"id":21687,"date":"2021-09-01T19:29:06","date_gmt":"2021-09-01T17:29:06","guid":{"rendered":"https:\/\/www.convertize.com\/fr\/?page_id=21687"},"modified":"2022-02-18T16:43:02","modified_gmt":"2022-02-18T15:43:02","slug":"a-propos","status":"publish","type":"page","link":"https:\/\/www.convertize.com\/fr\/a-propos\/","title":{"rendered":"A propos"},"content":{"rendered":"<span class=\"rt-reading-time\" style=\"display: block;\"><span class=\"rt-label rt-prefix\">Temps de lecture : <\/span> <span class=\"rt-time\">2<\/span> <span class=\"rt-label rt-postfix\">minutes<\/span><\/span><div class=\"site-content\">\n<section class=\"plain-section smart-plugins\">\n<div class=\"overlay\"><\/div>\n<div class=\"container\">\n<div class=\"row plain-section\">\n<div class=\"col-xs-12 text-center\">\n<div>\n<h1 class=\"section-title\">Notre mission est de transformer la psychologie du consommateur en<br \/>\nsolutions qui aident les Marketeurs \u00e0 augmenter les ventes en ligne.<\/h1>\n<\/div>\n<\/div>\n<\/div>\n<\/div>\n<\/section>\n<section class=\"section-plugin clearfix\" style=\"display: flex;\">\n<div class=\"col-md-6 plain-section section-even\">\n<div class=\"col-md-10 col-md-offset-2 clearfix\">\n<div class=\"\">\n<h1 class=\"section-title text-left\"><strong>A propos<\/strong><\/h1>\n<p>Convertize, une soci\u00e9t\u00e9 autofinanc\u00e9e, a \u00e9t\u00e9 fond\u00e9e en 2011 par Philippe Aim\u00e9 qui a d\u00e9velopp\u00e9 des sites internet depuis 1996 et qui a une passion pour la psychologie du consommateur. Plus tard, Jochen Gr\u00fcnbeck a contribu\u00e9 son expertise en cherchant des moyens \u00e0 rendre l&rsquo;exp\u00e9rience en ligne plus humaine. Comme ils disent dans leur ouvrage r\u00e9cent, <span class=\"italic\"><a href=\"https:\/\/www.convertize.com\/fr\/smart-persuasion\/\">Smart Persuasion<\/a><\/span>:<\/p>\n<p><span class=\"indentation italic\">\u00ab Les tendances en marketing changent, mais le cerveau ne change pas. \u00bb<\/span><\/p>\n<p>Au d\u00e9but, Convertize s\u2019est focalis\u00e9 sur la mise en \u0153uvre de campagnes d\u2019acquisition pour les sites B2C et B2B. Cependant, ces campagnes ont rencontr\u00e9 un obstacle :<\/p>\n<p><span class=\"indentation\"><span class=\"italic\">\u00ab Nous avons constat\u00e9 que la seule fa\u00e7on d\u2019optimiser les campagnes et le contenu sur les sites \u00e9tait d\u2019associer notre d\u00e9marche avec le A\/B Testing. Le probl\u00e8me \u00e9tait que la plupart des solutions A\/B Testing \u00e9tait trop compliqu\u00e9 pour les \u00e9quipes de marketing. \u00bb<\/span> <strong>&#8211; Philippe<\/strong><\/span><\/p>\n<p>Pour r\u00e9soudre au probl\u00e8me, Convertize a d\u00e9cid\u00e9 de cr\u00e9er sa propre solution. En 2015, son logiciel A\/B Testing \u00e9tait disponible pour toute agence ou \u00e9quipe Marketing.<br \/>\nDepuis son lancement, Convertize a explor\u00e9 de nombreuses solutions pour am\u00e9liorer l\u2019exp\u00e9rience client gr\u00e2ce aux technologies. En 2017, <a href=\"https:\/\/web.archive.org\/web\/20210822185518\/https:\/\/www.nudgify.com\/fr\/\" target=\"_blank\" rel=\"noopener\">Nudgify<\/a> est n\u00e9.<\/p>\n<p><span class=\"indentation\"><span class=\"italic\"> \u00ab Nudgify est une application qui aide les sites Internet au augmenter l&rsquo;engagement utilisateur et les ventes. Des notifications subtiles (nudges) g\u00e9n\u00e8rent une r\u00e9ponse \u00e9motionnelles et encourage les visiteurs \u00e0 passer \u00e0 l&rsquo;action. Nudgify transforme l&rsquo;exp\u00e9rience en ligne en exp\u00e9rience \u2013 r\u00e9elle \u2013 et engageante. \u00bb<\/span> <strong>&#8211; Jochen<\/strong><\/span><\/p>\n<p>Nudgify, con\u00e7u au d\u00e9but pour Shopify, a depuis \u00e9volu\u00e9 pour devenir une solution ind\u00e9pendante adapt\u00e9e \u00e0 tout site web.<\/p>\n<p>En 2018, Convertize a d\u00e9m\u00e9nag\u00e9 \u00e0 Hammersmith, Londres. Ce nouveau si\u00e8ge social offre les conditions de travail id\u00e9ales pour une compagnie diversifi\u00e9e en nationalit\u00e9s et parcours professionnels.<\/p>\n<div class=\"text-center\"><\/div>\n<\/div>\n<\/div>\n<\/div>\n<div class=\"col-md-6 clearfix\" style=\"background-image: url('\/assets\/images\/about\/office-05711_lores.jpg'); background-size: cover; background-position: center;\"><\/div>\n<\/section>\n<section class=\"plain-section section-odd team\">\n<div class=\"container\">\n<div class=\"row\">\n<div class=\"col-xs-12\">\n<h1 class=\"section-title text-center\">Nos Clients<\/h1>\n<h3 class=\"section-subtitle text-center\">Nous travaillons avec les marques parmi les plus connus<\/h3>\n<\/div>\n<\/div>\n<div class=\"col-xs-12\"><img decoding=\"async\" src=\"\/wp-content\/uploads\/2016\/03\/customers-desktop3-1-1.jpg\" class=\"img-responsive img-center\" alt=\"Real-time Analytics\" \/><\/div>\n<\/div>\n<\/section>\n<div class=\"arrow arrow-odd\"><\/div>\n<section id=\"cta-section\" class=\"plain-section\" style=\"background-image: url('\/assets\/images\/about\/cta-section-background.png');\">\n<div class=\"container\">\n<div class=\"row\">\n<div class=\"col-xs-12\">\n<h1 class=\"section-title text-inverse text-center\">\n<p>&nbsp;<\/p>\n<p><\/strong><\/h1>\n<p>&nbsp;<\/p>\n<p>&nbsp;<\/p>\n<div class=\"row\">\n<div class=\"col-xs-12\">\n<div class=\"btn-section text-center\"><\/div>\n<\/div>\n<\/div>\n<\/div>\n<\/div>\n<\/div>\n<\/section>\n<section class=\"plain-section section-odd\" id=\"security\">\n<div class=\"container\">\n<div class=\"row logos-row\">\n<div class=\"col-xs-6 col-md-2 col-md-offset-1 getapp hidden-sm hidden-xs\">\n<div class=\"stars\"><\/div>\n<p class=\"rating-text\"><span class=\"rating\">Rating: 5\/5 ( <span class=\"count\">28<\/span> reviews )<\/span><\/p>\n<\/div>\n<div class=\"col-xs-6 col-md-2 \"><img decoding=\"async\" src=\"\/assets\/images\/amazon_s3.png?v=4.10.9\" alt=\"Amazon S3 Web Services icon\" class=\"img-center img-responsive lowered\" \/><\/div>\n<div class=\"col-xs-6 col-md-2\"><a href=\"https:\/\/crozdesk.com\/analytics-intelligence\/a-b-testing-software\/convertize\" target=\"_blank\" title=\"Convertize - software ratings and reviews on Crozdesk\" rel=\"noopener\"><img decoding=\"async\" src=\"\/assets\/images\/crozdesk.png?v=4.10.9\" alt=\"Convertize reviews\" class=\"img-center img-responsive crozdesk\" \/><\/a><\/div>\n<div class=\"col-xs-6 col-md-2\"><img decoding=\"async\" src=\"\/assets\/images\/stripe.png?v=4.10.9\" alt=\"Stripe icon\" class=\"img-center img-responsive lowered\" \/><\/div>\n<div class=\"col-xs-6 col-md-2 \"><img decoding=\"async\" src=\"\/assets\/images\/ssl.png?v=4.10.9\" alt=\"SSL icon\" class=\"img-center img-responsive lowered\" \/><\/div>\n<\/div>\n<\/div>\n<\/section>\n<\/div>\n<div class=\"social-btn\"><a class=\"col-1 sbtn s-twitter\" onclick=\"popupwindow('https:\/\/twitter.com\/intent\/tweet?text=A%20propos&amp;url=https%3A%2F%2Fwww.convertize.com%2Ffr%2Fa-propos%2F&amp;via=convertize','Twitter Follow','600','600')\" href=\"javascript:void(0);\" target=\"_blank\" rel=\"nofollow\"><span>Share on Twitter<\/span><\/a><a class=\"col-1 sbtn s-facebook\" onclick=\"popupwindow('https:\/\/www.facebook.com\/sharer\/sharer.php?u=https%3A%2F%2Fwww.convertize.com%2Ffr%2Fa-propos%2F','Facebook Follow','600','600')\" href=\"javascript:void(0);\" target=\"_blank\" rel=\"nofollow\"><span>Share on Facebook<\/span><\/a><a class=\"col-1 sbtn s-linkedin\" onclick=\"popupwindow('https:\/\/www.linkedin.com\/shareArticle?mini=true&url=https%3A%2F%2Fwww.convertize.com%2Ffr%2Fa-propos%2F&amp;title=A%20propos&amp;description=','Linkedin Follow','600','600')\" href=\"javascript:void(0);\" target=\"_blank\" rel=\"nofollow\"><span>Share on Linkedin<\/span><\/a><\/div>","protected":false},"excerpt":{"rendered":"<p><span class=\"rt-reading-time\" style=\"display: block;\"><span class=\"rt-label rt-prefix\">Temps de lecture : <\/span> <span class=\"rt-time\">2<\/span> <span class=\"rt-label rt-postfix\">minutes<\/span><\/span> Notre mission est de transformer la psychologie du consommateur en solutions qui aident les Marketeurs \u00e0 augmenter les ventes en ligne. A propos Convertize, une soci\u00e9t\u00e9 autofinanc\u00e9e, a \u00e9t\u00e9 fond\u00e9e en 2011 par Philippe Aim\u00e9 qui a d\u00e9velopp\u00e9 des sites internet depuis 1996 et qui a une passion pour la psychologie du consommateur. Plus tard, [&hellip;]<\/p>\n","protected":false},"author":39,"featured_media":0,"parent":0,"menu_order":0,"comment_status":"closed","ping_status":"closed","template":"page-plain.php","meta":{"_genesis_hide_title":false,"_genesis_hide_breadcrumbs":false,"_genesis_hide_singular_image":false,"_genesis_hide_footer_widgets":false,"_genesis_custom_body_class":"","_genesis_custom_post_class":"","_genesis_layout":"","footnotes":""},"categories":[],"tags":[],"class_list":{"0":"post-21687","1":"page","2":"type-page","3":"status-publish","5":"entry"},"yoast_head":"<!-- This site is optimized with the Yoast SEO plugin v23.7 - https:\/\/yoast.com\/wordpress\/plugins\/seo\/ -->\n<title>A propos - Convertize<\/title>\n<meta name=\"robots\" content=\"index, follow, max-snippet:-1, max-image-preview:large, max-video-preview:-1\" \/>\n<link rel=\"canonical\" href=\"https:\/\/www.convertize.com\/fr\/a-propos\/\" \/>\n<meta property=\"og:locale\" content=\"fr_FR\" \/>\n<meta property=\"og:type\" content=\"article\" \/>\n<meta property=\"og:title\" content=\"A propos - Convertize\" \/>\n<meta property=\"og:description\" content=\"Temps de lecture : 2 minutes Notre mission est de transformer la psychologie du consommateur en solutions qui aident les Marketeurs \u00e0 augmenter les ventes en ligne. A propos Convertize, une soci\u00e9t\u00e9 autofinanc\u00e9e, a \u00e9t\u00e9 fond\u00e9e en 2011 par Philippe Aim\u00e9 qui a d\u00e9velopp\u00e9 des sites internet depuis 1996 et qui a une passion pour la psychologie du consommateur. Plus tard, [&hellip;]\" \/>\n<meta property=\"og:url\" content=\"https:\/\/www.convertize.com\/fr\/a-propos\/\" \/>\n<meta property=\"og:site_name\" content=\"Convertize\" \/>\n<meta property=\"article:modified_time\" content=\"2022-02-18T15:43:02+00:00\" \/>\n<meta name=\"twitter:card\" content=\"summary_large_image\" \/>\n<meta name=\"twitter:label1\" content=\"Dur\u00e9e de lecture estim\u00e9e\" \/>\n\t<meta name=\"twitter:data1\" content=\"2 minutes\" \/>\n<script type=\"application\/ld+json\" class=\"yoast-schema-graph\">{\"@context\":\"https:\/\/schema.org\",\"@graph\":[{\"@type\":\"WebPage\",\"@id\":\"https:\/\/www.convertize.com\/fr\/a-propos\/\",\"url\":\"https:\/\/www.convertize.com\/fr\/a-propos\/\",\"name\":\"A propos - Convertize\",\"isPartOf\":{\"@id\":\"https:\/\/www.convertize.com\/fr\/#website\"},\"datePublished\":\"2021-09-01T17:29:06+00:00\",\"dateModified\":\"2022-02-18T15:43:02+00:00\",\"inLanguage\":\"fr-FR\",\"potentialAction\":[{\"@type\":\"ReadAction\",\"target\":[\"https:\/\/www.convertize.com\/fr\/a-propos\/\"]}]},{\"@type\":\"WebSite\",\"@id\":\"https:\/\/www.convertize.com\/fr\/#website\",\"url\":\"https:\/\/www.convertize.com\/fr\/\",\"name\":\"Convertize\",\"description\":\"May 2026\",\"potentialAction\":[{\"@type\":\"SearchAction\",\"target\":{\"@type\":\"EntryPoint\",\"urlTemplate\":\"https:\/\/www.convertize.com\/fr\/?s={search_term_string}\"},\"query-input\":{\"@type\":\"PropertyValueSpecification\",\"valueRequired\":true,\"valueName\":\"search_term_string\"}}],\"inLanguage\":\"fr-FR\"}]}<\/script>\n<!-- \/ Yoast SEO plugin. -->","yoast_head_json":{"title":"A propos - Convertize","robots":{"index":"index","follow":"follow","max-snippet":"max-snippet:-1","max-image-preview":"max-image-preview:large","max-video-preview":"max-video-preview:-1"},"canonical":"https:\/\/www.convertize.com\/fr\/a-propos\/","og_locale":"fr_FR","og_type":"article","og_title":"A propos - Convertize","og_description":"Temps de lecture : 2 minutes Notre mission est de transformer la psychologie du consommateur en solutions qui aident les Marketeurs \u00e0 augmenter les ventes en ligne. A propos Convertize, une soci\u00e9t\u00e9 autofinanc\u00e9e, a \u00e9t\u00e9 fond\u00e9e en 2011 par Philippe Aim\u00e9 qui a d\u00e9velopp\u00e9 des sites internet depuis 1996 et qui a une passion pour la psychologie du consommateur. Plus tard, [&hellip;]","og_url":"https:\/\/www.convertize.com\/fr\/a-propos\/","og_site_name":"Convertize","article_modified_time":"2022-02-18T15:43:02+00:00","twitter_card":"summary_large_image","twitter_misc":{"Dur\u00e9e de lecture estim\u00e9e":"2 minutes"},"schema":{"@context":"https:\/\/schema.org","@graph":[{"@type":"WebPage","@id":"https:\/\/www.convertize.com\/fr\/a-propos\/","url":"https:\/\/www.convertize.com\/fr\/a-propos\/","name":"A propos - Convertize","isPartOf":{"@id":"https:\/\/www.convertize.com\/fr\/#website"},"datePublished":"2021-09-01T17:29:06+00:00","dateModified":"2022-02-18T15:43:02+00:00","inLanguage":"fr-FR","potentialAction":[{"@type":"ReadAction","target":["https:\/\/www.convertize.com\/fr\/a-propos\/"]}]},{"@type":"WebSite","@id":"https:\/\/www.convertize.com\/fr\/#website","url":"https:\/\/www.convertize.com\/fr\/","name":"Convertize","description":"May 2026","potentialAction":[{"@type":"SearchAction","target":{"@type":"EntryPoint","urlTemplate":"https:\/\/www.convertize.com\/fr\/?s={search_term_string}"},"query-input":{"@type":"PropertyValueSpecification","valueRequired":true,"valueName":"search_term_string"}}],"inLanguage":"fr-FR"}]}},"_links":{"self":[{"href":"https:\/\/www.convertize.com\/fr\/wp-json\/wp\/v2\/pages\/21687"}],"collection":[{"href":"https:\/\/www.convertize.com\/fr\/wp-json\/wp\/v2\/pages"}],"about":[{"href":"https:\/\/www.convertize.com\/fr\/wp-json\/wp\/v2\/types\/page"}],"author":[{"embeddable":true,"href":"https:\/\/www.convertize.com\/fr\/wp-json\/wp\/v2\/users\/39"}],"replies":[{"embeddable":true,"href":"https:\/\/www.convertize.com\/fr\/wp-json\/wp\/v2\/comments?post=21687"}],"version-history":[{"count":17,"href":"https:\/\/www.convertize.com\/fr\/wp-json\/wp\/v2\/pages\/21687\/revisions"}],"predecessor-version":[{"id":21760,"href":"https:\/\/www.convertize.com\/fr\/wp-json\/wp\/v2\/pages\/21687\/revisions\/21760"}],"wp:attachment":[{"href":"https:\/\/www.convertize.com\/fr\/wp-json\/wp\/v2\/media?parent=21687"}],"wp:term":[{"taxonomy":"category","embeddable":true,"href":"https:\/\/www.convertize.com\/fr\/wp-json\/wp\/v2\/categories?post=21687"},{"taxonomy":"post_tag","embeddable":true,"href":"https:\/\/www.convertize.com\/fr\/wp-json\/wp\/v2\/tags?post=21687"}],"curies":[{"name":"wp","href":"https:\/\/api.w.org\/{rel}","templated":true}]}}