{"id":21695,"date":"2021-09-01T19:52:25","date_gmt":"2021-09-01T17:52:25","guid":{"rendered":"https:\/\/www.convertize.com\/fr\/?page_id=21695"},"modified":"2022-03-16T14:26:47","modified_gmt":"2022-03-16T13:26:47","slug":"contact","status":"publish","type":"page","link":"https:\/\/www.convertize.com\/fr\/contact\/","title":{"rendered":"Contact"},"content":{"rendered":"<span class=\"rt-reading-time\" style=\"display: block;\"><span class=\"rt-label rt-prefix\">Temps de lecture : <\/span> <span class=\"rt-time\">2<\/span> <span class=\"rt-label rt-postfix\">minutes<\/span><\/span><div class=\"site-content\">\n<h1 class=\"hidden\" itemprop=\"headline\">Contact<\/h1>\n<section class=\"plain-section section-odd\" id=\"contact-padding\"><\/section>\n<div class=\"arrow arrow-odd\"><\/div>\n<section class=\"plain-section section-even\" id=\"faq\">\n<div class=\"container\">\n<div class=\"row\">\n<div class=\"col-md-10 col-md-offset-1\">\n<h1 class=\"section-title text-center\">Qui est Convertize ? O\u00f9 \u00eates-vous bas\u00e9s ?<\/h1>\n<p>Convertize est une entreprise de conseil digital sp\u00e9cialis\u00e9e dans l\u2019optimisation des taux de conversion (CRO- Conversion Rate Optimisation). Bas\u00e9e \u00e0 Londres (UK) et en Suisse, notre \u00e9quipe est compos\u00e9e de\u00a0consultants passionn\u00e9s et innovants, aux parcours professionnels vari\u00e9s : d\u00e9veloppement produit \/ Saas, Web Marketing, UX et CRO. Originaires de France, d\u2019Allemagne, du Royaume-Uni, de Pologne et d\u2019Italie, nous b\u00e9n\u00e9ficions d&rsquo;un mix exceptionnel d&rsquo;exp\u00e9riences, de sp\u00e9cialit\u00e9s et d\u2019id\u00e9es neuves qui permettent \u00e0 notre soci\u00e9t\u00e9 d&rsquo;\u00eatre toujours innovante et contribuent \u00e0 sa croissance et \u00e0 son succ\u00e8s.<\/p>\n<\/div>\n<\/div>\n<div class=\"row\">\n<div class=\"map-contacts\">\n<div class=\"row map-row\">\n<div class=\"map-container\"><img decoding=\"async\" src=\"https:\/\/www.convertize.com\/wp-content\/uploads\/2022\/03\/convertize-ag.png\" id=\"map\" class=\"img-responsive img-center\" alt=\"Our office\" \/><\/div>\n<div class=\"details\">\n<div class=\"contact-address\">\n<p class=\"text-alternate title\">Si\u00e8ge social<\/p>\n<p class=\"text-alternate\">Convertize Limited<\/p>\n<p class=\"text-alternate\">Ruessentrasse 12<\/p>\n<p class=\"text-alternate\">6340 Baar<\/p>\n<p class=\"text-alternate\">Suisse<\/p>\n<p class=\"text-alternate title\">Contact<\/p>\n<p class=\"text-alternate email\"><a href=\"mailto:inbound@convertize.com\">inbound@convertize.com<\/a><\/p>\n<p class=\"text-alternate phone\">+44 (0)20 3950 9121<\/p>\n<p class=\"text-alternate title\">Recrutement<\/p>\n<p class=\"text-alternate email\"><a href=\"mailto:jobs@convertize.com\">jobs@convertize.com<\/a><\/p>\n<\/div>\n<\/div>\n<\/div>\n<\/div>\n<\/div>\n<\/div>\n<\/section>\n<\/div>\n<div class=\"arrow arrow-even\"><\/div>\n<section id=\"cta-section\" class=\"plain-section\">\n<div class=\"container\">\n<div class=\"row\">\n<div class=\"col-xs-12\">\n<h1 class=\"section-title text-inverse text-center\">Transformez plus de visiteurs en clients, d\u00e8s aujourd&rsquo;hui.<\/h1>\n<div class=\"row\">\n<div class=\"col-xs-12\">\n<div class=\"btn-section text-center\"><a class=\"btn btn-secondary track-btn\" style=\"margin-right: 0;\" href=\"https:\/\/app.convertize.io\/auth\/login\/register\" type=\"button\" data-id=\"cta-home-footer\" data-event=\"SC-LP-BUTTON-SIGNUP\"> R\u00e9server une d\u00e9mo <\/a><\/div>\n<\/div>\n<\/div>\n<p class=\"text-small text-inverse text-center\">Essai gratuit &#8211; Sans carte bancaire<\/p>\n<\/div>\n<\/div>\n<\/div>\n<\/section>\n<section class=\"plain-section section-odd\" id=\"security\">\n<div class=\"container\">\n<div class=\"row logos-row\">\n<div class=\"col-xs-6 col-md-2 col-md-offset-1 getapp hidden-sm hidden-xs\">\n<div class=\"stars\"><\/div>\n<p class=\"rating-text\"><span class=\"rating\">Rating: 5\/5 ( <span class=\"count\">28<\/span> reviews )<\/span><\/p>\n<\/div>\n<div class=\"col-xs-6 col-md-2 \"><img decoding=\"async\" src=\"\/assets\/images\/amazon_s3.png?v=4.10.9\" alt=\"Amazon S3 Web Services icon\" class=\"img-center img-responsive lowered\" \/><\/div>\n<div class=\"col-xs-6 col-md-2\"><a href=\"https:\/\/crozdesk.com\/analytics-intelligence\/a-b-testing-software\/convertize\" target=\"_blank\" title=\"Convertize - software ratings and reviews on Crozdesk\" rel=\"noopener\"><img decoding=\"async\" src=\"\/assets\/images\/crozdesk.png?v=4.10.9\" alt=\"Convertize reviews\" class=\"img-center img-responsive crozdesk\" \/><\/a><\/div>\n<div class=\"col-xs-6 col-md-2\"><img decoding=\"async\" src=\"\/assets\/images\/stripe.png?v=4.10.9\" alt=\"Stripe icon\" class=\"img-center img-responsive lowered\" \/><\/div>\n<div class=\"col-xs-6 col-md-2 \"><img decoding=\"async\" src=\"\/assets\/images\/ssl.png?v=4.10.9\" alt=\"SSL icon\" class=\"img-center img-responsive lowered\" \/><\/div>\n<\/div>\n<\/div>\n<\/section>\n<div class=\"social-btn\"><a class=\"col-1 sbtn s-twitter\" onclick=\"popupwindow('https:\/\/twitter.com\/intent\/tweet?text=Contact&amp;url=https%3A%2F%2Fwww.convertize.com%2Ffr%2Fcontact%2F&amp;via=convertize','Twitter Follow','600','600')\" href=\"javascript:void(0);\" target=\"_blank\" rel=\"nofollow\"><span>Share on Twitter<\/span><\/a><a class=\"col-1 sbtn s-facebook\" onclick=\"popupwindow('https:\/\/www.facebook.com\/sharer\/sharer.php?u=https%3A%2F%2Fwww.convertize.com%2Ffr%2Fcontact%2F','Facebook Follow','600','600')\" href=\"javascript:void(0);\" target=\"_blank\" rel=\"nofollow\"><span>Share on Facebook<\/span><\/a><a class=\"col-1 sbtn s-linkedin\" onclick=\"popupwindow('https:\/\/www.linkedin.com\/shareArticle?mini=true&url=https%3A%2F%2Fwww.convertize.com%2Ffr%2Fcontact%2F&amp;title=Contact&amp;description=','Linkedin Follow','600','600')\" href=\"javascript:void(0);\" target=\"_blank\" rel=\"nofollow\"><span>Share on Linkedin<\/span><\/a><\/div>","protected":false},"excerpt":{"rendered":"<p><span class=\"rt-reading-time\" style=\"display: block;\"><span class=\"rt-label rt-prefix\">Temps de lecture : <\/span> <span class=\"rt-time\">2<\/span> <span class=\"rt-label rt-postfix\">minutes<\/span><\/span> Contact Qui est Convertize ? O\u00f9 \u00eates-vous bas\u00e9s ? Convertize est une entreprise de conseil digital sp\u00e9cialis\u00e9e dans l\u2019optimisation des taux de conversion (CRO- Conversion Rate Optimisation). Bas\u00e9e \u00e0 Londres (UK) et en Suisse, notre \u00e9quipe est compos\u00e9e de\u00a0consultants passionn\u00e9s et innovants, aux parcours professionnels vari\u00e9s : d\u00e9veloppement produit \/ Saas, Web Marketing, UX et [&hellip;]<\/p>\n","protected":false},"author":39,"featured_media":0,"parent":0,"menu_order":0,"comment_status":"closed","ping_status":"closed","template":"page-plain.php","meta":{"_genesis_hide_title":false,"_genesis_hide_breadcrumbs":false,"_genesis_hide_singular_image":false,"_genesis_hide_footer_widgets":false,"_genesis_custom_body_class":"","_genesis_custom_post_class":"","_genesis_layout":"","footnotes":""},"categories":[],"tags":[],"class_list":{"0":"post-21695","1":"page","2":"type-page","3":"status-publish","5":"entry"},"yoast_head":"<!-- This site is optimized with the Yoast SEO plugin v23.7 - https:\/\/yoast.com\/wordpress\/plugins\/seo\/ -->\n<title>Contact - Convertize<\/title>\n<meta name=\"robots\" content=\"index, follow, max-snippet:-1, max-image-preview:large, max-video-preview:-1\" \/>\n<link rel=\"canonical\" href=\"https:\/\/www.convertize.com\/fr\/contact\/\" \/>\n<meta property=\"og:locale\" content=\"fr_FR\" \/>\n<meta property=\"og:type\" content=\"article\" \/>\n<meta property=\"og:title\" content=\"Contact - Convertize\" \/>\n<meta property=\"og:description\" content=\"Temps de lecture : 2 minutes Contact Qui est Convertize ? O\u00f9 \u00eates-vous bas\u00e9s ? Convertize est une entreprise de conseil digital sp\u00e9cialis\u00e9e dans l\u2019optimisation des taux de conversion (CRO- Conversion Rate Optimisation). Bas\u00e9e \u00e0 Londres (UK) et en Suisse, notre \u00e9quipe est compos\u00e9e de\u00a0consultants passionn\u00e9s et innovants, aux parcours professionnels vari\u00e9s : d\u00e9veloppement produit \/ Saas, Web Marketing, UX et [&hellip;]\" \/>\n<meta property=\"og:url\" content=\"https:\/\/www.convertize.com\/fr\/contact\/\" \/>\n<meta property=\"og:site_name\" content=\"Convertize\" \/>\n<meta property=\"article:modified_time\" content=\"2022-03-16T13:26:47+00:00\" \/>\n<meta property=\"og:image\" content=\"https:\/\/www.convertize.com\/wp-content\/uploads\/2022\/03\/convertize-ag.png\" \/>\n<meta name=\"twitter:card\" content=\"summary_large_image\" \/>\n<meta name=\"twitter:label1\" content=\"Dur\u00e9e de lecture estim\u00e9e\" \/>\n\t<meta name=\"twitter:data1\" content=\"1 minute\" \/>\n<script type=\"application\/ld+json\" class=\"yoast-schema-graph\">{\"@context\":\"https:\/\/schema.org\",\"@graph\":[{\"@type\":\"WebPage\",\"@id\":\"https:\/\/www.convertize.com\/fr\/contact\/\",\"url\":\"https:\/\/www.convertize.com\/fr\/contact\/\",\"name\":\"Contact - Convertize\",\"isPartOf\":{\"@id\":\"https:\/\/www.convertize.com\/fr\/#website\"},\"primaryImageOfPage\":{\"@id\":\"https:\/\/www.convertize.com\/fr\/contact\/#primaryimage\"},\"image\":{\"@id\":\"https:\/\/www.convertize.com\/fr\/contact\/#primaryimage\"},\"thumbnailUrl\":\"https:\/\/www.convertize.com\/wp-content\/uploads\/2022\/03\/convertize-ag.png\",\"datePublished\":\"2021-09-01T17:52:25+00:00\",\"dateModified\":\"2022-03-16T13:26:47+00:00\",\"inLanguage\":\"fr-FR\",\"potentialAction\":[{\"@type\":\"ReadAction\",\"target\":[\"https:\/\/www.convertize.com\/fr\/contact\/\"]}]},{\"@type\":\"ImageObject\",\"inLanguage\":\"fr-FR\",\"@id\":\"https:\/\/www.convertize.com\/fr\/contact\/#primaryimage\",\"url\":\"https:\/\/www.convertize.com\/wp-content\/uploads\/2022\/03\/convertize-ag.png\",\"contentUrl\":\"https:\/\/www.convertize.com\/wp-content\/uploads\/2022\/03\/convertize-ag.png\"},{\"@type\":\"WebSite\",\"@id\":\"https:\/\/www.convertize.com\/fr\/#website\",\"url\":\"https:\/\/www.convertize.com\/fr\/\",\"name\":\"Convertize\",\"description\":\"April 2026\",\"potentialAction\":[{\"@type\":\"SearchAction\",\"target\":{\"@type\":\"EntryPoint\",\"urlTemplate\":\"https:\/\/www.convertize.com\/fr\/?s={search_term_string}\"},\"query-input\":{\"@type\":\"PropertyValueSpecification\",\"valueRequired\":true,\"valueName\":\"search_term_string\"}}],\"inLanguage\":\"fr-FR\"}]}<\/script>\n<!-- \/ Yoast SEO plugin. -->","yoast_head_json":{"title":"Contact - Convertize","robots":{"index":"index","follow":"follow","max-snippet":"max-snippet:-1","max-image-preview":"max-image-preview:large","max-video-preview":"max-video-preview:-1"},"canonical":"https:\/\/www.convertize.com\/fr\/contact\/","og_locale":"fr_FR","og_type":"article","og_title":"Contact - Convertize","og_description":"Temps de lecture : 2 minutes Contact Qui est Convertize ? O\u00f9 \u00eates-vous bas\u00e9s ? Convertize est une entreprise de conseil digital sp\u00e9cialis\u00e9e dans l\u2019optimisation des taux de conversion (CRO- Conversion Rate Optimisation). Bas\u00e9e \u00e0 Londres (UK) et en Suisse, notre \u00e9quipe est compos\u00e9e de\u00a0consultants passionn\u00e9s et innovants, aux parcours professionnels vari\u00e9s : d\u00e9veloppement produit \/ Saas, Web Marketing, UX et [&hellip;]","og_url":"https:\/\/www.convertize.com\/fr\/contact\/","og_site_name":"Convertize","article_modified_time":"2022-03-16T13:26:47+00:00","og_image":[{"url":"https:\/\/www.convertize.com\/wp-content\/uploads\/2022\/03\/convertize-ag.png"}],"twitter_card":"summary_large_image","twitter_misc":{"Dur\u00e9e de lecture estim\u00e9e":"1 minute"},"schema":{"@context":"https:\/\/schema.org","@graph":[{"@type":"WebPage","@id":"https:\/\/www.convertize.com\/fr\/contact\/","url":"https:\/\/www.convertize.com\/fr\/contact\/","name":"Contact - Convertize","isPartOf":{"@id":"https:\/\/www.convertize.com\/fr\/#website"},"primaryImageOfPage":{"@id":"https:\/\/www.convertize.com\/fr\/contact\/#primaryimage"},"image":{"@id":"https:\/\/www.convertize.com\/fr\/contact\/#primaryimage"},"thumbnailUrl":"https:\/\/www.convertize.com\/wp-content\/uploads\/2022\/03\/convertize-ag.png","datePublished":"2021-09-01T17:52:25+00:00","dateModified":"2022-03-16T13:26:47+00:00","inLanguage":"fr-FR","potentialAction":[{"@type":"ReadAction","target":["https:\/\/www.convertize.com\/fr\/contact\/"]}]},{"@type":"ImageObject","inLanguage":"fr-FR","@id":"https:\/\/www.convertize.com\/fr\/contact\/#primaryimage","url":"https:\/\/www.convertize.com\/wp-content\/uploads\/2022\/03\/convertize-ag.png","contentUrl":"https:\/\/www.convertize.com\/wp-content\/uploads\/2022\/03\/convertize-ag.png"},{"@type":"WebSite","@id":"https:\/\/www.convertize.com\/fr\/#website","url":"https:\/\/www.convertize.com\/fr\/","name":"Convertize","description":"April 2026","potentialAction":[{"@type":"SearchAction","target":{"@type":"EntryPoint","urlTemplate":"https:\/\/www.convertize.com\/fr\/?s={search_term_string}"},"query-input":{"@type":"PropertyValueSpecification","valueRequired":true,"valueName":"search_term_string"}}],"inLanguage":"fr-FR"}]}},"_links":{"self":[{"href":"https:\/\/www.convertize.com\/fr\/wp-json\/wp\/v2\/pages\/21695"}],"collection":[{"href":"https:\/\/www.convertize.com\/fr\/wp-json\/wp\/v2\/pages"}],"about":[{"href":"https:\/\/www.convertize.com\/fr\/wp-json\/wp\/v2\/types\/page"}],"author":[{"embeddable":true,"href":"https:\/\/www.convertize.com\/fr\/wp-json\/wp\/v2\/users\/39"}],"replies":[{"embeddable":true,"href":"https:\/\/www.convertize.com\/fr\/wp-json\/wp\/v2\/comments?post=21695"}],"version-history":[{"count":5,"href":"https:\/\/www.convertize.com\/fr\/wp-json\/wp\/v2\/pages\/21695\/revisions"}],"predecessor-version":[{"id":21764,"href":"https:\/\/www.convertize.com\/fr\/wp-json\/wp\/v2\/pages\/21695\/revisions\/21764"}],"wp:attachment":[{"href":"https:\/\/www.convertize.com\/fr\/wp-json\/wp\/v2\/media?parent=21695"}],"wp:term":[{"taxonomy":"category","embeddable":true,"href":"https:\/\/www.convertize.com\/fr\/wp-json\/wp\/v2\/categories?post=21695"},{"taxonomy":"post_tag","embeddable":true,"href":"https:\/\/www.convertize.com\/fr\/wp-json\/wp\/v2\/tags?post=21695"}],"curies":[{"name":"wp","href":"https:\/\/api.w.org\/{rel}","templated":true}]}}