{"id":21701,"date":"2021-09-14T11:32:50","date_gmt":"2021-09-14T09:32:50","guid":{"rendered":"https:\/\/www.convertize.com\/fr\/?page_id=21701"},"modified":"2021-09-14T13:18:50","modified_gmt":"2021-09-14T11:18:50","slug":"convertize-glassbox","status":"publish","type":"page","link":"https:\/\/www.convertize.com\/fr\/convertize-glassbox\/","title":{"rendered":"Glassbox rach\u00e8te la plateforme d\u2019A\/B Testing de Convertize"},"content":{"rendered":"<span class=\"rt-reading-time\" style=\"display: block;\"><span class=\"rt-label rt-prefix\">Temps de lecture : <\/span> <span class=\"rt-time\">3<\/span> <span class=\"rt-label rt-postfix\">minutes<\/span><\/span><div class=\"site-content\">\n<section class=\"plain-section section-even\" id=\"faq\">\n<div class=\"container\">\n<div class=\"row\">\n<div class=\"col-md-10 col-md-offset-1\">\n<p><img loading=\"lazy\" decoding=\"async\" src=\"https:\/\/www.convertize.com\/wp-content\/uploads\/2021\/09\/glassbox-convertize-acquisition.png\" alt=\"\" width=\"1200\" height=\"516\" class=\"aligncenter wp-image-25826 size-full\" \/><\/p>\n<h1 class=\"section-title text-center\"><b>Nous sommes fiers d&rsquo;annoncer que notre plateforme d&rsquo;A\/B Testing vient d&rsquo;\u00eatre rachet\u00e9e par Glassbox.<\/b><\/h1>\n<p><span style=\"font-weight: 400;\">Fond\u00e9e en 2010, <\/span><strong><a href=\"https:\/\/www.glassbox.com\/\" target=\"_blank\" rel=\"noopener\">Glassbox<\/a><\/strong><span style=\"font-weight: 400;\">\u00a0est le fournisseur leader de solution Analytics d&rsquo;exp\u00e9riences num\u00e9riques sur applications web et mobile.<\/span><\/p>\n<p>Quand nous avons lanc\u00e9 notre plateforme d&rsquo;A\/B Testing en 2016, nous voulions proposer une solution intelligente pour aider les Marketeurs \u00e0 prendre des d\u00e9cisions bas\u00e9es sur les donn\u00e9es (data-driven) en s&rsquo;appuyant sur des tests A\/B.<\/p>\n<p>Il existait d\u00e9j\u00e0 plusieurs solutions sur le march\u00e9, mais il \u00e9tait facile de faire des erreurs et cela demandait beaucoup de connaissances statistiques pour pouvoir valider les r\u00e9sultats des tests.<\/p>\n<p><span style=\"font-weight: 400;\">Avec nos \u00e9quipes de D\u00e9veloppeurs, Designers, at Data-Scientists, nous avons travaill\u00e9 dur pour cr\u00e9er une interface client tr\u00e8s intuitive et transformer des connaissances math\u00e9matiques en algorithmes innovants afin de permettre \u00e0 nos clients de finalement avoir confiance dans les r\u00e9sultats de leurs tests A\/B. Enfin, nous avons concentr\u00e9 nos efforts sur l&rsquo;automatisation en mettant la gestion des tests A\/B\u00a0sur Autopilot, permettant ainsi aux Marketeurs d&rsquo;avoir plus de temps pour leurs t\u00e2ches plus importantes.\u00a0<\/span><\/p>\n<p>Plus tard, notre orientation sur l&rsquo;optimisation des conversions et l&rsquo;\u00e9conomie comportementale nous a amen\u00e9e \u00e0 lancer une nouvelle solution SaaS pour les Marketeurs :<span style=\"font-weight: 400;\">\u00a0<\/span><a href=\"https:\/\/www.nudgify.com\/\" target=\"_blank\" rel=\"noopener\"><b>Nudgify<\/b><\/a><\/p>\n<p><span style=\"font-weight: 400;\">D\u00e9but 2021, alors que vous repensons la strat\u00e9gie de l&rsquo;entreprise, nous d\u00e9cidons de concentrer nos efforts sur une solution SaaS, nous choisissons Nudigfy. Quelques mois plus tard nous rencontrons naturellement Glassbox pour parler de Convertize A\/B Testing.<\/span><\/p>\n<p>L&rsquo;acquisition de notre plateforme\u00a0<span style=\"font-weight: 400;\">A\/B Testing est une extension logique pour Glassbox qui, une fois int\u00e9gr\u00e9e avec\u00a0<\/span><a href=\"https:\/\/www.glassbox.com\/digital-experience-analytics-platform\"><span style=\"font-weight: 400;\">Glassbox digital experience analytics<\/span><\/a><span style=\"font-weight: 400;\">, apportera aux \u00e9quipes num\u00e9riques une plateforme unique pour \u00e9valuer, analyser et optimiser l&rsquo;exp\u00e9rience client en ligne.<\/span><\/p>\n<p><img loading=\"lazy\" decoding=\"async\" src=\"https:\/\/www.convertize.com\/wp-content\/uploads\/2021\/09\/glassbox-home.png\" alt=\"\" width=\"1200\" height=\"688\" class=\"aligncenter wp-image-25828 size-full\" \/><\/p>\n<p><span style=\"font-weight: 400;\">Avec l&rsquo;apport de la solution de A\/B testing de Convertize, Glassbox permettra aux entreprises de :<\/span><\/p>\n<ul>\n<li style=\"font-weight: 400;\" aria-level=\"1\"><span style=\"font-weight: 400;\">Am\u00e9liorer la vitesse et la qualit\u00e9 des cycles de d\u00e9veloppement produits<\/span><\/li>\n<li style=\"font-weight: 400;\" aria-level=\"1\"><span style=\"font-weight: 400;\">D\u00e9finir des campagnes marketing avec une compr\u00e9hension des conversions<\/span><\/li>\n<li style=\"font-weight: 400;\" aria-level=\"1\"><span style=\"font-weight: 400;\">Avoir une vue compl\u00e8te des comportements consommateurs entre les tests<\/span><\/li>\n<li style=\"font-weight: 400;\" aria-level=\"1\"><span style=\"font-weight: 400;\">Comprendre le potentiel de revenus associ\u00e9 aux variations des tests<\/span><\/li>\n<li style=\"font-weight: 400;\" aria-level=\"1\">Identifier les principaux d\u00e9fis li\u00e9s \u00e0 l&rsquo;engagement, \u00e0 la technique et \u00e0 l&rsquo;exp\u00e9rience client globale de chaque test<\/li>\n<\/ul>\n<p><span style=\"font-weight: 400;\">Vous pouvez lire ici le\u00a0<\/span><b><a href=\"https:\/\/www.glassbox.com\/in-the-press\/glassbox-expands-vision-with-a-b-testing-acquisition\" target=\"_blank\" rel=\"noopener\">communiqu\u00e9 de presse de Glassbox.<\/a><\/b><\/p>\n<p><span style=\"font-weight: 400;\">Les clients A\/B Testing actuels peuvent continuer \u00e0 utiliser leur compte en visitant <a href=\"https:\/\/www.convertize.io\/\" target=\"_blank\" rel=\"noopener\"><strong>Convertize.io<\/strong><\/a> sachant que Glassbox va conserver la plateforme A\/B testing de Convertize. Dans les prochains mois, vous verrez la marque Glassbox remplacer Convertize dans des espaces tels que la facturation et directement dans l&rsquo;application.<\/span><\/p>\n<p><span style=\"font-weight: 400;\">L\u2019exp\u00e9rience client et l\u2019optimisation des conversions faisant partie de notre ADN, nous allons continuer \u00e0 proposer des services de CRO et cr\u00e9er des solutions SaaS innovantes.<\/span><\/p>\n<p><span style=\"font-weight: 400;\">Pour conclure sur cette petite \u00e9pop\u00e9e, j&rsquo;aimerais remercier les clients qui nous ont fait confiance toutes ces ann\u00e9es pour am\u00e9liorer l&rsquo;exp\u00e9rience client et tous les membres de notre \u00e9quipe qui ont fortement contribu\u00e9 au succ\u00e8s de notre plateforme de A\/B Testing : Aleksander, Anton, Benjamin, Charlotte, Chumang, Dawid, Drew, Etch, Harry, Jacek, John, Joey, Joycela, Pia, Richard, Rory, Sebastiano, Stephen, Syed, Yanis, Valentin &amp; Valentina.<\/span><\/p>\n<p><span style=\"font-weight: 400;\">Happy optimization!<\/span><\/p>\n<p><span style=\"font-weight: 400;\">Philippe AIM\u00c9<\/span><span style=\"font-weight: 400;\"><br \/>\n<\/span><span style=\"font-weight: 400;\">CEO de Convertize<\/span><\/p>\n<\/div>\n<\/div>\n<\/div>\n<\/section>\n<\/div>\n<div class=\"social-btn\"><a class=\"col-1 sbtn s-twitter\" onclick=\"popupwindow('https:\/\/twitter.com\/intent\/tweet?text=Glassbox%20rach\u00e8te%20la%20plateforme%20d\u2019A\/B%20Testing%20de%20Convertize&amp;url=https%3A%2F%2Fwww.convertize.com%2Ffr%2Fconvertize-glassbox%2F&amp;via=convertize','Twitter Follow','600','600')\" href=\"javascript:void(0);\" target=\"_blank\" rel=\"nofollow\"><span>Share on Twitter<\/span><\/a><a class=\"col-1 sbtn s-facebook\" onclick=\"popupwindow('https:\/\/www.facebook.com\/sharer\/sharer.php?u=https%3A%2F%2Fwww.convertize.com%2Ffr%2Fconvertize-glassbox%2F','Facebook Follow','600','600')\" href=\"javascript:void(0);\" target=\"_blank\" rel=\"nofollow\"><span>Share on Facebook<\/span><\/a><a class=\"col-1 sbtn s-linkedin\" onclick=\"popupwindow('https:\/\/www.linkedin.com\/shareArticle?mini=true&url=https%3A%2F%2Fwww.convertize.com%2Ffr%2Fconvertize-glassbox%2F&amp;title=Glassbox%20rach\u00e8te%20la%20plateforme%20d\u2019A\/B%20Testing%20de%20Convertize&amp;description=','Linkedin Follow','600','600')\" href=\"javascript:void(0);\" target=\"_blank\" rel=\"nofollow\"><span>Share on Linkedin<\/span><\/a><\/div>","protected":false},"excerpt":{"rendered":"<p><span class=\"rt-reading-time\" style=\"display: block;\"><span class=\"rt-label rt-prefix\">Temps de lecture : <\/span> <span class=\"rt-time\">3<\/span> <span class=\"rt-label rt-postfix\">minutes<\/span><\/span> Nous sommes fiers d&rsquo;annoncer que notre plateforme d&rsquo;A\/B Testing vient d&rsquo;\u00eatre rachet\u00e9e par Glassbox. Fond\u00e9e en 2010, Glassbox\u00a0est le fournisseur leader de solution Analytics d&rsquo;exp\u00e9riences num\u00e9riques sur applications web et mobile. Quand nous avons lanc\u00e9 notre plateforme d&rsquo;A\/B Testing en 2016, nous voulions proposer une solution intelligente pour aider les Marketeurs \u00e0 prendre des d\u00e9cisions [&hellip;]<\/p>\n","protected":false},"author":14,"featured_media":0,"parent":0,"menu_order":0,"comment_status":"closed","ping_status":"closed","template":"page-plain.php","meta":{"_genesis_hide_title":false,"_genesis_hide_breadcrumbs":false,"_genesis_hide_singular_image":false,"_genesis_hide_footer_widgets":false,"_genesis_custom_body_class":"","_genesis_custom_post_class":"","_genesis_layout":"","footnotes":""},"categories":[],"tags":[],"class_list":{"0":"post-21701","1":"page","2":"type-page","3":"status-publish","5":"entry"},"yoast_head":"<!-- This site is optimized with the Yoast SEO plugin v23.7 - https:\/\/yoast.com\/wordpress\/plugins\/seo\/ -->\n<title>Glassbox rach\u00e8te la plateforme d\u2019A\/B Testing de Convertize - Convertize<\/title>\n<meta name=\"robots\" content=\"index, follow, max-snippet:-1, max-image-preview:large, max-video-preview:-1\" \/>\n<link rel=\"canonical\" href=\"https:\/\/www.convertize.com\/fr\/convertize-glassbox\/\" \/>\n<meta property=\"og:locale\" content=\"fr_FR\" \/>\n<meta property=\"og:type\" content=\"article\" \/>\n<meta property=\"og:title\" content=\"Glassbox rach\u00e8te la plateforme d\u2019A\/B Testing de Convertize - Convertize\" \/>\n<meta property=\"og:description\" content=\"Temps de lecture : 3 minutes Nous sommes fiers d&rsquo;annoncer que notre plateforme d&rsquo;A\/B Testing vient d&rsquo;\u00eatre rachet\u00e9e par Glassbox. Fond\u00e9e en 2010, Glassbox\u00a0est le fournisseur leader de solution Analytics d&rsquo;exp\u00e9riences num\u00e9riques sur applications web et mobile. Quand nous avons lanc\u00e9 notre plateforme d&rsquo;A\/B Testing en 2016, nous voulions proposer une solution intelligente pour aider les Marketeurs \u00e0 prendre des d\u00e9cisions [&hellip;]\" \/>\n<meta property=\"og:url\" content=\"https:\/\/www.convertize.com\/fr\/convertize-glassbox\/\" \/>\n<meta property=\"og:site_name\" content=\"Convertize\" \/>\n<meta property=\"article:modified_time\" content=\"2021-09-14T11:18:50+00:00\" \/>\n<meta name=\"twitter:card\" content=\"summary_large_image\" \/>\n<meta name=\"twitter:label1\" content=\"Dur\u00e9e de lecture estim\u00e9e\" \/>\n\t<meta name=\"twitter:data1\" content=\"3 minutes\" \/>\n<script type=\"application\/ld+json\" class=\"yoast-schema-graph\">{\"@context\":\"https:\/\/schema.org\",\"@graph\":[{\"@type\":\"WebPage\",\"@id\":\"https:\/\/www.convertize.com\/fr\/convertize-glassbox\/\",\"url\":\"https:\/\/www.convertize.com\/fr\/convertize-glassbox\/\",\"name\":\"Glassbox rach\u00e8te la plateforme d\u2019A\/B Testing de Convertize - Convertize\",\"isPartOf\":{\"@id\":\"https:\/\/www.convertize.com\/fr\/#website\"},\"primaryImageOfPage\":{\"@id\":\"https:\/\/www.convertize.com\/fr\/convertize-glassbox\/#primaryimage\"},\"image\":{\"@id\":\"https:\/\/www.convertize.com\/fr\/convertize-glassbox\/#primaryimage\"},\"thumbnailUrl\":\"https:\/\/www.convertize.com\/wp-content\/uploads\/2021\/09\/glassbox-convertize-acquisition.png\",\"datePublished\":\"2021-09-14T09:32:50+00:00\",\"dateModified\":\"2021-09-14T11:18:50+00:00\",\"inLanguage\":\"fr-FR\",\"potentialAction\":[{\"@type\":\"ReadAction\",\"target\":[\"https:\/\/www.convertize.com\/fr\/convertize-glassbox\/\"]}]},{\"@type\":\"ImageObject\",\"inLanguage\":\"fr-FR\",\"@id\":\"https:\/\/www.convertize.com\/fr\/convertize-glassbox\/#primaryimage\",\"url\":\"https:\/\/www.convertize.com\/wp-content\/uploads\/2021\/09\/glassbox-convertize-acquisition.png\",\"contentUrl\":\"https:\/\/www.convertize.com\/wp-content\/uploads\/2021\/09\/glassbox-convertize-acquisition.png\"},{\"@type\":\"WebSite\",\"@id\":\"https:\/\/www.convertize.com\/fr\/#website\",\"url\":\"https:\/\/www.convertize.com\/fr\/\",\"name\":\"Convertize\",\"description\":\"May 2026\",\"potentialAction\":[{\"@type\":\"SearchAction\",\"target\":{\"@type\":\"EntryPoint\",\"urlTemplate\":\"https:\/\/www.convertize.com\/fr\/?s={search_term_string}\"},\"query-input\":{\"@type\":\"PropertyValueSpecification\",\"valueRequired\":true,\"valueName\":\"search_term_string\"}}],\"inLanguage\":\"fr-FR\"}]}<\/script>\n<!-- \/ Yoast SEO plugin. -->","yoast_head_json":{"title":"Glassbox rach\u00e8te la plateforme d\u2019A\/B Testing de Convertize - Convertize","robots":{"index":"index","follow":"follow","max-snippet":"max-snippet:-1","max-image-preview":"max-image-preview:large","max-video-preview":"max-video-preview:-1"},"canonical":"https:\/\/www.convertize.com\/fr\/convertize-glassbox\/","og_locale":"fr_FR","og_type":"article","og_title":"Glassbox rach\u00e8te la plateforme d\u2019A\/B Testing de Convertize - Convertize","og_description":"Temps de lecture : 3 minutes Nous sommes fiers d&rsquo;annoncer que notre plateforme d&rsquo;A\/B Testing vient d&rsquo;\u00eatre rachet\u00e9e par Glassbox. Fond\u00e9e en 2010, Glassbox\u00a0est le fournisseur leader de solution Analytics d&rsquo;exp\u00e9riences num\u00e9riques sur applications web et mobile. Quand nous avons lanc\u00e9 notre plateforme d&rsquo;A\/B Testing en 2016, nous voulions proposer une solution intelligente pour aider les Marketeurs \u00e0 prendre des d\u00e9cisions [&hellip;]","og_url":"https:\/\/www.convertize.com\/fr\/convertize-glassbox\/","og_site_name":"Convertize","article_modified_time":"2021-09-14T11:18:50+00:00","twitter_card":"summary_large_image","twitter_misc":{"Dur\u00e9e de lecture estim\u00e9e":"3 minutes"},"schema":{"@context":"https:\/\/schema.org","@graph":[{"@type":"WebPage","@id":"https:\/\/www.convertize.com\/fr\/convertize-glassbox\/","url":"https:\/\/www.convertize.com\/fr\/convertize-glassbox\/","name":"Glassbox rach\u00e8te la plateforme d\u2019A\/B Testing de Convertize - Convertize","isPartOf":{"@id":"https:\/\/www.convertize.com\/fr\/#website"},"primaryImageOfPage":{"@id":"https:\/\/www.convertize.com\/fr\/convertize-glassbox\/#primaryimage"},"image":{"@id":"https:\/\/www.convertize.com\/fr\/convertize-glassbox\/#primaryimage"},"thumbnailUrl":"https:\/\/www.convertize.com\/wp-content\/uploads\/2021\/09\/glassbox-convertize-acquisition.png","datePublished":"2021-09-14T09:32:50+00:00","dateModified":"2021-09-14T11:18:50+00:00","inLanguage":"fr-FR","potentialAction":[{"@type":"ReadAction","target":["https:\/\/www.convertize.com\/fr\/convertize-glassbox\/"]}]},{"@type":"ImageObject","inLanguage":"fr-FR","@id":"https:\/\/www.convertize.com\/fr\/convertize-glassbox\/#primaryimage","url":"https:\/\/www.convertize.com\/wp-content\/uploads\/2021\/09\/glassbox-convertize-acquisition.png","contentUrl":"https:\/\/www.convertize.com\/wp-content\/uploads\/2021\/09\/glassbox-convertize-acquisition.png"},{"@type":"WebSite","@id":"https:\/\/www.convertize.com\/fr\/#website","url":"https:\/\/www.convertize.com\/fr\/","name":"Convertize","description":"May 2026","potentialAction":[{"@type":"SearchAction","target":{"@type":"EntryPoint","urlTemplate":"https:\/\/www.convertize.com\/fr\/?s={search_term_string}"},"query-input":{"@type":"PropertyValueSpecification","valueRequired":true,"valueName":"search_term_string"}}],"inLanguage":"fr-FR"}]}},"_links":{"self":[{"href":"https:\/\/www.convertize.com\/fr\/wp-json\/wp\/v2\/pages\/21701"}],"collection":[{"href":"https:\/\/www.convertize.com\/fr\/wp-json\/wp\/v2\/pages"}],"about":[{"href":"https:\/\/www.convertize.com\/fr\/wp-json\/wp\/v2\/types\/page"}],"author":[{"embeddable":true,"href":"https:\/\/www.convertize.com\/fr\/wp-json\/wp\/v2\/users\/14"}],"replies":[{"embeddable":true,"href":"https:\/\/www.convertize.com\/fr\/wp-json\/wp\/v2\/comments?post=21701"}],"version-history":[{"count":10,"href":"https:\/\/www.convertize.com\/fr\/wp-json\/wp\/v2\/pages\/21701\/revisions"}],"predecessor-version":[{"id":21735,"href":"https:\/\/www.convertize.com\/fr\/wp-json\/wp\/v2\/pages\/21701\/revisions\/21735"}],"wp:attachment":[{"href":"https:\/\/www.convertize.com\/fr\/wp-json\/wp\/v2\/media?parent=21701"}],"wp:term":[{"taxonomy":"category","embeddable":true,"href":"https:\/\/www.convertize.com\/fr\/wp-json\/wp\/v2\/categories?post=21701"},{"taxonomy":"post_tag","embeddable":true,"href":"https:\/\/www.convertize.com\/fr\/wp-json\/wp\/v2\/tags?post=21701"}],"curies":[{"name":"wp","href":"https:\/\/api.w.org\/{rel}","templated":true}]}}