{"id":21723,"date":"2021-09-13T14:28:19","date_gmt":"2021-09-13T12:28:19","guid":{"rendered":"https:\/\/www.convertize.com\/fr\/?page_id=21723"},"modified":"2021-09-13T14:47:18","modified_gmt":"2021-09-13T12:47:18","slug":"presse","status":"publish","type":"page","link":"https:\/\/www.convertize.com\/fr\/presse\/","title":{"rendered":"Convertize Presse &#038; M\u00e9dias"},"content":{"rendered":"<span class=\"rt-reading-time\" style=\"display: block;\"><span class=\"rt-label rt-prefix\">Temps de lecture : <\/span> <span class=\"rt-time\">3<\/span> <span class=\"rt-label rt-postfix\">minutes<\/span><\/span><div class=\"tab-menu\">\n<div class=\"container\">\n<div class=\"col-sm-8 col-sm-offset-2\">\n<ul class=\"nav nav-tabs nav-justified\" role=\"tablist\">\n<li role=\"presentation\" class=\"active\"><a href=\"#\" data-target=\"#media\" aria-controls=\"media\" role=\"tab\" data-toggle=\"tab\">Dans les m\u00e9dias<\/a><\/li>\n<li role=\"presentation\"><a href=\"#\" data-target=\"#press\" aria-controls=\"press\" role=\"tab\" data-toggle=\"tab\">Revue de presse<\/a><\/li>\n<li role=\"presentation\"><a href=\"#\" data-target=\"#logos\" aria-controls=\"logos\" role=\"tab\" data-toggle=\"tab\">Logos et ressources<\/a><\/li>\n<\/ul>\n<\/div>\n<\/div>\n<\/div>\n<div class=\"tab-content press-page\">\n<div class=\"tab-container tab-pane media-articles media active\" role=\"tabpanel\" id=\"media\">\n<div class=\"container\">\n<div class=\"col-xs-12 text-center\">\n<h2 class=\"title\">Dans les m\u00e9dias<\/h2>\n<\/div>\n<div class=\"col-xs-12 articles-wrap\">\n<div class=\"col-xs-12 col-sm-6 col-lg-4 article\">\n<div class=\"wrapper\">\n<div class=\"image big-thumbnail\" style=\"background-image: url('https:\/\/www.actu-marketing.fr\/wp-content\/uploads\/2017\/02\/actu-marketing-logo.png');\"><\/div>\n<div class=\"text\"><a href=\"https:\/\/www.convertize.com\/fr\/motivation-par-incertitude-pour-optimiser-conversions-et-booster-ventes\/\"><span class=\"title\">L\u2019incertitude, le secret marketing pour optimiser ses conversions et&#8230; <\/span><\/a><\/p>\n<div class=\"info\"><span class=\"author\">Philippe Aim\u00e9,<\/span><br \/>\n<span class=\"date\">14.08.2018<\/span><\/div>\n<\/div>\n<\/div>\n<\/div>\n<div class=\"col-xs-12 col-sm-6 col-lg-4 article\">\n<div class=\"wrapper\">\n<div class=\"image big-thumbnail\" style=\"background-image: url('https:\/\/www.convertize.com\/fr\/wp-content\/uploads\/2018\/06\/optimizeo.svg');\"><\/div>\n<div class=\"text\"><a href=\"https:\/\/www.convertize.com\/fr\/partenariat-entre-convertize-et-optimizeo\/\"><span class=\"title\">Partenariat entre Convertize et Optimizeo<\/span><\/a><\/p>\n<div class=\"info\"><span class=\"author\">Philippe Aim\u00e9,<\/span><br \/>\n<span class=\"date\">20.03.2016<\/span><\/div>\n<\/div>\n<\/div>\n<\/div>\n<\/div>\n<div class=\"col-xs-12 text-center\" style=\"margin-bottom: 80px;\">\n<div class=\"spinning_icon\" style=\"display: none;\">\n<div class=\"col-xs-12 text-center\">\n<div class=\"showbox\">\n<div class=\"loader\"><svg class=\"circular\" viewbox=\"25 25 50 50\"><\/svg><br \/>\n<circle class=\"path\" cx=\"50\" cy=\"50\" r=\"20\" fill=\"none\" stroke-width=\"2\" stroke-miterlimit=\"10\"><\/circle><\/div>\n<\/div>\n<\/div>\n<\/div>\n<p><a href=\"#\" class=\"cta cta-quatenary load-more hidden\">Voir plus&#8230;<\/a><\/p>\n<\/div>\n<\/div>\n<\/div>\n<div class=\"tab-container tab-pane media-articles press\" role=\"tabpanel\" id=\"press\">\n<div class=\"container\">\n<div class=\"col-xs-12 text-center\">\n<h2 class=\"title\">Revue de presse<\/h2>\n<\/div>\n<div class=\"col-xs-12 articles-wrap\">\n<div class=\"col-xs-12 col-sm-6 col-lg-4 article\">\n<div class=\"wrapper\">\n<div class=\"image big-thumbnail\" style=\"background-image: url('https:\/\/www.convertize.com\/wp-content\/uploads\/2018\/05\/convertize_logo_color.svg');\"><\/div>\n<div class=\"text\"><a href=\"https:\/\/www.convertize.com\/new-convertize-pricing-from-06-15-2017\/\"><span class=\"title\">New Convertize Pricing from 15th June 2017<\/span><\/a><\/p>\n<div class=\"info\"><span class=\"author\">Philippe Aim\u00e9,<\/span><br \/>\n<span class=\"date\">Jun 01, 2017<\/span><\/div>\n<\/div>\n<\/div>\n<\/div>\n<div class=\"col-xs-12 col-sm-6 col-lg-4 article\">\n<div class=\"wrapper\">\n<div class=\"image big-thumbnail\" style=\"background-image: url('https:\/\/www.convertize.com\/wp-content\/uploads\/2018\/05\/glisshop.svg');\"><\/div>\n<div class=\"text\"><a href=\"https:\/\/www.convertize.com\/convertize-persuade-customer-experience-glisshop\/\"><span class=\"title\">Glisshop Partners with Convertize to Provide Customers with a Better P&#8230; <\/span><\/a><\/p>\n<div class=\"info\"><span class=\"author\">Philippe Aim\u00e9,<\/span><br \/>\n<span class=\"date\">Mar 30, 2017<\/span><\/div>\n<\/div>\n<\/div>\n<\/div>\n<div class=\"col-xs-12 col-sm-6 col-lg-4 article\">\n<div class=\"wrapper\">\n<div class=\"image big-thumbnail\" style=\"background-image: url('https:\/\/www.convertize.com\/wp-content\/uploads\/2018\/05\/convertize_logo_color.svg');\"><\/div>\n<div class=\"text\"><a href=\"https:\/\/www.convertize.com\/convertize-ab-testing-platform\/\"><span class=\"title\">CONVERTIZE \u2013 The New AB Testing Platform<\/span><\/a><\/p>\n<div class=\"info\"><span class=\"author\">Philippe Aim\u00e9,<\/span><br \/>\n<span class=\"date\">Jul 08, 2016<\/span><\/div>\n<\/div>\n<\/div>\n<\/div>\n<div class=\"col-xs-12 col-sm-6 col-lg-4 article\">\n<div class=\"wrapper\">\n<div class=\"image big-thumbnail\" style=\"background-image: url('https:\/\/www.convertize.com\/wp-content\/uploads\/2018\/06\/optimizeo.svg');\"><\/div>\n<div class=\"text\"><a href=\"https:\/\/www.convertize.com\/partnership-between-convertize-and-optimizeo\/\"><span class=\"title\">Partnership between Convertize and Optimizeo<\/span><\/a><\/p>\n<div class=\"info\"><span class=\"author\">Philippe Aim\u00e9,<\/span><br \/>\n<span class=\"date\">Mar 20, 2016<\/span><\/div>\n<\/div>\n<\/div>\n<\/div>\n<div class=\"col-xs-12 col-sm-6 col-lg-4 article\">\n<div class=\"wrapper\">\n<div class=\"image big-thumbnail\" style=\"background-image: url('https:\/\/www.convertize.com\/wp-content\/uploads\/2018\/06\/gites-de-france.svg');\"><\/div>\n<div class=\"text\"><a href=\"https:\/\/www.convertize.com\/gites-de-france-chooses-convertize-to-optimise-its-website\/\"><span class=\"title\">G\u00eetes de France chooses Convertize to optimise its website<\/span><\/a><\/p>\n<div class=\"info\"><span class=\"author\">Philippe Aim\u00e9,<\/span><br \/>\n<span class=\"date\">Nov 11, 2015<\/span><\/div>\n<\/div>\n<\/div>\n<\/div>\n<div class=\"col-xs-12 col-sm-6 col-lg-4 article\">\n<div class=\"wrapper\">\n<div class=\"image big-thumbnail\" style=\"background-image: url('https:\/\/www.convertize.com\/wp-content\/uploads\/2018\/05\/convertize_logo_color.svg');\"><\/div>\n<div class=\"text\"><a href=\"https:\/\/www.convertize.com\/convertize-refocuses-on-conversion-rate-optimisation\/\"><span class=\"title\">Convertize Refocuses on Conversion Rate Optimisation<\/span><\/a><\/p>\n<div class=\"info\"><span class=\"author\">Philippe Aim\u00e9,<\/span><br \/>\n<span class=\"date\">Oct 18, 2015<\/span><\/div>\n<\/div>\n<\/div>\n<\/div>\n<\/div>\n<div class=\"col-xs-12 text-center\" style=\"margin-bottom: 80px;\">\n<div class=\"spinning_icon\" style=\"display: none;\">\n<div class=\"col-xs-12 text-center\">\n<div class=\"showbox\">\n<div class=\"loader\"><svg class=\"circular\" viewbox=\"25 25 50 50\"><\/svg><br \/>\n<circle class=\"path\" cx=\"50\" cy=\"50\" r=\"20\" fill=\"none\" stroke-width=\"2\" stroke-miterlimit=\"10\"><\/circle><\/div>\n<\/div>\n<\/div>\n<\/div>\n<p><a href=\"#\" class=\"cta cta-quatenary load-more-press hidden\">Voir plus&#8230;<\/a><\/p>\n<\/div>\n<\/div>\n<\/div>\n<div class=\"tab-container tab-pane logos-resources\" role=\"tabpanel\" id=\"logos\">\n<div class=\"container\">\n<div class=\"col-xs-12 introduction text-center\">\n<h2 class=\"title\">Logos et ressources<\/h2>\n<p><span class=\"subtitle\">Voici les ressources graphiques officielles de Convertize que<br class=\"visible-lg\" \/>vous pouvez ajouter \u00e0 votre page web, \u00e0 votre application mobile,<br class=\"visible-lg\" \/>ou \u00e0 vos documents papier.<\/span><\/p>\n<\/div>\n<\/div>\n<hr \/>\n<div class=\"container\">\n<div class=\"examples row\">\n<div class=\"col-xs-12\">\n<h2 class=\"title\">Notre logo<\/h2>\n<p><span class=\"subtitle\">Voici notre logo, celui qui doit toujours \u00eatre utilis\u00e9.<br class=\"visible-lg\" \/>Il y a quatre versions pour assurer une lisibilit\u00e9 optimale.<\/span><\/p>\n<\/div>\n<div class=\"col-xs-12 logo-list\">\n<div class=\"col-xs-12 col-sm-6 logo-description\">\n<div class=\"logo-container standart\"><\/div>\n<p><span class=\"title\">Logo<\/span><br \/>\n<span class=\"subtitle\">C\u2019est le logo principal de Convertize qui est le format \u00e0 utiliser aussi souvent que possible.<\/span><\/p>\n<\/div>\n<div class=\"col-xs-12 col-sm-6 logo-description\">\n<div class=\"logo-container inverted\"><\/div>\n<p><span class=\"title\">Logo invers\u00e9<\/span><br \/>\n<span class=\"subtitle\">Cette version avec l\u2019\u00e9criture blanche est id\u00e9ale sur les arri\u00e8re-plans sombres et assez charg\u00e9s.<\/span><\/p>\n<\/div>\n<\/div>\n<div class=\"col-xs-12\">\n<div class=\"col-xs-12 col-sm-6 logo-description\">\n<div class=\"logo-container standart-strapline\"><\/div>\n<p><span class=\"title\">Logo avec mention<\/span><br \/>\n<span class=\"subtitle\">C&rsquo;est le logo principal de Convertize qui est le format \u00e0 utiliser aussi souvent que possible.<\/span><\/p>\n<\/div>\n<div class=\"col-xs-12 col-sm-6 logo-description\">\n<div class=\"logo-container standart-strapline-inverted\"><\/div>\n<p><span class=\"title\">Logo invers\u00e9 avec mention<\/span><br \/>\n<span class=\"subtitle\">Cette version avec l\u2019\u00e9criture blanche est id\u00e9ale sur les arri\u00e8re-plans sombres et assez charg\u00e9s.<\/span><\/p>\n<\/div>\n<\/div>\n<\/div>\n<\/div>\n<hr \/>\n<div class=\"container\">\n<div class=\"glyph row\">\n<div class=\"col-xs-12 main\"><span class=\"title\">Notre Glyphe<\/span><br \/>\n<span class=\"subtitle\">C&rsquo;est notre logo sans texte. Utilisez-le uniquement si vous n\u2019avez pas assez d&rsquo;espace.<\/span><\/div>\n<div class=\"col-xs-12 show\">\n<div class=\"col-xs-12 col-sm-6\">\n<div class=\"col-xs-6 wrapper\">\n<div class=\"logo-container convertize-glyph\"><\/div>\n<\/div>\n<div class=\"col-xs-6 wrapper\">\n<div class=\"logo-container convertize-glyph-inverted\"><\/div>\n<\/div>\n<\/div>\n<div class=\"col-xs-12 col-sm-6 explanation\"><span class=\"title\">Le logo principal est toujours prioritaire<\/span><br \/>\n<span class=\"subtitle\">Cependant, dans certaines situations o\u00f9 l&rsquo;espace est tr\u00e8s restreint, par exemple lorsque le logo doit \u00eatre dans un carr\u00e9 ou un cercle, l&rsquo;utilisation du glyphe est autoris\u00e9e.<\/span><\/div>\n<\/div>\n<\/div>\n<\/div>\n<hr \/>\n<div class=\"container\">\n<div class=\"best-practices row\">\n<div class=\"col-xs-12 main\"><span class=\"title\">Bonnes pratiques<\/span><br \/>\n<span class=\"subtitle\">Voici quelques exemples de ce que vous devriez<br class=\"visible-lg\" \/>absolument \u00e9viter en utilisant notre logo.<\/span><\/div>\n<div class=\"col-xs-12 example-list\">\n<div class=\"col-xs-12 col-sm-4 example-container\">\n<div class=\"bad-example\"><img decoding=\"async\" src=\"\/assets\/images\/new_design\/convertize_brand_assets\/logo-crime\/logo-crime-1.png?v=4.10.9\" alt=\"\" class=\"img-responsive\" \/><\/div>\n<p><span class=\"subtitle\">N\u2019utilisez pas le mot seul<\/span><\/p>\n<\/div>\n<div class=\"col-xs-12 col-sm-4 example-container\">\n<div class=\"bad-example\"><img decoding=\"async\" src=\"\/assets\/images\/new_design\/convertize_brand_assets\/logo-crime\/logo-crime-2.png?v=4.10.9\" alt=\"\" class=\"img-responsive\" \/><\/div>\n<p><span class=\"subtitle\">Ne l\u2019\u00e9tirez \/ Ne le resserrez pas<\/span><\/p>\n<\/div>\n<div class=\"col-xs-12 col-sm-4 example-container\">\n<div class=\"bad-example\"><img decoding=\"async\" src=\"\/assets\/images\/new_design\/convertize_brand_assets\/logo-crime\/logo-crime-3.png?v=4.10.9\" alt=\"\" class=\"img-responsive\" \/><\/div>\n<p><span class=\"subtitle\">Ne le pivotez pas<\/span><\/p>\n<\/div>\n<div class=\"col-xs-12 col-sm-4 example-container\">\n<div class=\"bad-example\"><img decoding=\"async\" src=\"\/assets\/images\/new_design\/convertize_brand_assets\/logo-crime\/logo-crime-4.png?v=4.10.9\" alt=\"\" class=\"img-responsive\" \/><\/div>\n<p><span class=\"subtitle\">N\u2019utilisez pas d\u2019arri\u00e8re-plans trop charg\u00e9s<\/span><\/p>\n<\/div>\n<div class=\"col-xs-12 col-sm-4 example-container\">\n<div class=\"bad-example\"><img decoding=\"async\" src=\"\/assets\/images\/new_design\/convertize_brand_assets\/logo-crime\/logo-crime-5.png?v=4.10.9\" alt=\"\" class=\"img-responsive\" \/><\/div>\n<p><span class=\"subtitle\">N\u2019utilisez pas sur arri\u00e8re-plans \u00e0 faible contraste<\/span><\/p>\n<\/div>\n<div class=\"col-xs-12 col-sm-4 example-container\">\n<div class=\"bad-example\"><img decoding=\"async\" src=\"\/assets\/images\/new_design\/convertize_brand_assets\/logo-crime\/logo-crime-6.png?v=4.10.9\" alt=\"\" class=\"img-responsive\" \/><\/div>\n<p><span class=\"subtitle\">Ne cr\u00e9ez pas votre propre version<\/span><\/p>\n<\/div>\n<\/div>\n<\/div>\n<div class=\"download-section text-center\">\n<p class=\"text\">En utilisant nos actifs de marque, vous acceptez les conditions d\u2019utilisation de notre marque<br class=\"visible-lg\" \/>d\u00e9pos\u00e9e et vous comprenez qu&rsquo;une violation de ces conditions entra\u00eenera l\u2019interruption de<br class=\"visible-lg\" \/>votre licence et \/ ou de votre permission d\u2019utiliser nos actifs de marque.<\/p>\n<p><a href=\"https:\/\/convertize.s3.amazonaws.com\/website\/press-and-media\/convertize-brand-assets.zip\" class=\"cta cta-primary\">T\u00e9l\u00e9charger les actifs<\/a><\/p>\n<\/div>\n<\/div>\n<\/div>\n<\/div>\n<div class=\"social-btn\"><a class=\"col-1 sbtn s-twitter\" onclick=\"popupwindow('https:\/\/twitter.com\/intent\/tweet?text=Convertize%20Presse%20&#038;%20M\u00e9dias&amp;url=https%3A%2F%2Fwww.convertize.com%2Ffr%2Fpresse%2F&amp;via=convertize','Twitter Follow','600','600')\" href=\"javascript:void(0);\" target=\"_blank\" rel=\"nofollow\"><span>Share on Twitter<\/span><\/a><a class=\"col-1 sbtn s-facebook\" onclick=\"popupwindow('https:\/\/www.facebook.com\/sharer\/sharer.php?u=https%3A%2F%2Fwww.convertize.com%2Ffr%2Fpresse%2F','Facebook Follow','600','600')\" href=\"javascript:void(0);\" target=\"_blank\" rel=\"nofollow\"><span>Share on Facebook<\/span><\/a><a class=\"col-1 sbtn s-linkedin\" onclick=\"popupwindow('https:\/\/www.linkedin.com\/shareArticle?mini=true&url=https%3A%2F%2Fwww.convertize.com%2Ffr%2Fpresse%2F&amp;title=Convertize%20Presse%20&#038;%20M\u00e9dias&amp;description=','Linkedin Follow','600','600')\" href=\"javascript:void(0);\" target=\"_blank\" rel=\"nofollow\"><span>Share on Linkedin<\/span><\/a><\/div>","protected":false},"excerpt":{"rendered":"<p><span class=\"rt-reading-time\" style=\"display: block;\"><span class=\"rt-label rt-prefix\">Temps de lecture : <\/span> <span class=\"rt-time\">3<\/span> <span class=\"rt-label rt-postfix\">minutes<\/span><\/span> Dans les m\u00e9dias Revue de presse Logos et ressources Dans les m\u00e9dias L\u2019incertitude, le secret marketing pour optimiser ses conversions et&#8230; Philippe Aim\u00e9, 14.08.2018 Partenariat entre Convertize et Optimizeo Philippe Aim\u00e9, 20.03.2016 Voir plus&#8230; Revue de presse New Convertize Pricing from 15th June 2017 Philippe Aim\u00e9, Jun 01, 2017 Glisshop Partners with Convertize to Provide [&hellip;]<\/p>\n","protected":false},"author":39,"featured_media":21726,"parent":0,"menu_order":0,"comment_status":"closed","ping_status":"closed","template":"page-website.php","meta":{"_genesis_hide_title":false,"_genesis_hide_breadcrumbs":false,"_genesis_hide_singular_image":false,"_genesis_hide_footer_widgets":false,"_genesis_custom_body_class":"","_genesis_custom_post_class":"","_genesis_layout":"","footnotes":""},"categories":[],"tags":[],"class_list":{"0":"post-21723","1":"page","2":"type-page","3":"status-publish","4":"has-post-thumbnail","6":"entry"},"yoast_head":"<!-- This site is optimized with the Yoast SEO plugin v23.7 - https:\/\/yoast.com\/wordpress\/plugins\/seo\/ -->\n<title>Convertize Presse &amp; M\u00e9dias - Convertize<\/title>\n<meta name=\"robots\" content=\"index, follow, max-snippet:-1, max-image-preview:large, max-video-preview:-1\" \/>\n<link rel=\"canonical\" href=\"https:\/\/www.convertize.com\/fr\/presse\/\" \/>\n<meta property=\"og:locale\" content=\"fr_FR\" \/>\n<meta property=\"og:type\" content=\"article\" \/>\n<meta property=\"og:title\" content=\"Convertize Presse &amp; M\u00e9dias - Convertize\" \/>\n<meta property=\"og:description\" content=\"Temps de lecture : 3 minutes Dans les m\u00e9dias Revue de presse Logos et ressources Dans les m\u00e9dias L\u2019incertitude, le secret marketing pour optimiser ses conversions et&#8230; Philippe Aim\u00e9, 14.08.2018 Partenariat entre Convertize et Optimizeo Philippe Aim\u00e9, 20.03.2016 Voir plus&#8230; Revue de presse New Convertize Pricing from 15th June 2017 Philippe Aim\u00e9, Jun 01, 2017 Glisshop Partners with Convertize to Provide [&hellip;]\" \/>\n<meta property=\"og:url\" content=\"https:\/\/www.convertize.com\/fr\/presse\/\" \/>\n<meta property=\"og:site_name\" content=\"Convertize\" \/>\n<meta property=\"article:modified_time\" content=\"2021-09-13T12:47:18+00:00\" \/>\n<meta property=\"og:image\" content=\"https:\/\/www.convertize.com\/fr\/wp-content\/uploads\/2021\/09\/illustration-press-and-media-1.png\" \/>\n\t<meta property=\"og:image:width\" content=\"1024\" \/>\n\t<meta property=\"og:image:height\" content=\"826\" \/>\n\t<meta property=\"og:image:type\" content=\"image\/png\" \/>\n<meta name=\"twitter:card\" content=\"summary_large_image\" \/>\n<meta name=\"twitter:label1\" content=\"Dur\u00e9e de lecture estim\u00e9e\" \/>\n\t<meta name=\"twitter:data1\" content=\"2 minutes\" \/>\n<script type=\"application\/ld+json\" class=\"yoast-schema-graph\">{\"@context\":\"https:\/\/schema.org\",\"@graph\":[{\"@type\":\"WebPage\",\"@id\":\"https:\/\/www.convertize.com\/fr\/presse\/\",\"url\":\"https:\/\/www.convertize.com\/fr\/presse\/\",\"name\":\"Convertize Presse & M\u00e9dias - Convertize\",\"isPartOf\":{\"@id\":\"https:\/\/www.convertize.com\/fr\/#website\"},\"primaryImageOfPage\":{\"@id\":\"https:\/\/www.convertize.com\/fr\/presse\/#primaryimage\"},\"image\":{\"@id\":\"https:\/\/www.convertize.com\/fr\/presse\/#primaryimage\"},\"thumbnailUrl\":\"https:\/\/www.convertize.com\/fr\/wp-content\/uploads\/2021\/09\/illustration-press-and-media-1.png\",\"datePublished\":\"2021-09-13T12:28:19+00:00\",\"dateModified\":\"2021-09-13T12:47:18+00:00\",\"inLanguage\":\"fr-FR\",\"potentialAction\":[{\"@type\":\"ReadAction\",\"target\":[\"https:\/\/www.convertize.com\/fr\/presse\/\"]}]},{\"@type\":\"ImageObject\",\"inLanguage\":\"fr-FR\",\"@id\":\"https:\/\/www.convertize.com\/fr\/presse\/#primaryimage\",\"url\":\"https:\/\/www.convertize.com\/fr\/wp-content\/uploads\/2021\/09\/illustration-press-and-media-1.png\",\"contentUrl\":\"https:\/\/www.convertize.com\/fr\/wp-content\/uploads\/2021\/09\/illustration-press-and-media-1.png\",\"width\":1024,\"height\":826},{\"@type\":\"WebSite\",\"@id\":\"https:\/\/www.convertize.com\/fr\/#website\",\"url\":\"https:\/\/www.convertize.com\/fr\/\",\"name\":\"Convertize\",\"description\":\"May 2026\",\"potentialAction\":[{\"@type\":\"SearchAction\",\"target\":{\"@type\":\"EntryPoint\",\"urlTemplate\":\"https:\/\/www.convertize.com\/fr\/?s={search_term_string}\"},\"query-input\":{\"@type\":\"PropertyValueSpecification\",\"valueRequired\":true,\"valueName\":\"search_term_string\"}}],\"inLanguage\":\"fr-FR\"}]}<\/script>\n<!-- \/ Yoast SEO plugin. -->","yoast_head_json":{"title":"Convertize Presse & M\u00e9dias - Convertize","robots":{"index":"index","follow":"follow","max-snippet":"max-snippet:-1","max-image-preview":"max-image-preview:large","max-video-preview":"max-video-preview:-1"},"canonical":"https:\/\/www.convertize.com\/fr\/presse\/","og_locale":"fr_FR","og_type":"article","og_title":"Convertize Presse & M\u00e9dias - Convertize","og_description":"Temps de lecture : 3 minutes Dans les m\u00e9dias Revue de presse Logos et ressources Dans les m\u00e9dias L\u2019incertitude, le secret marketing pour optimiser ses conversions et&#8230; Philippe Aim\u00e9, 14.08.2018 Partenariat entre Convertize et Optimizeo Philippe Aim\u00e9, 20.03.2016 Voir plus&#8230; Revue de presse New Convertize Pricing from 15th June 2017 Philippe Aim\u00e9, Jun 01, 2017 Glisshop Partners with Convertize to Provide [&hellip;]","og_url":"https:\/\/www.convertize.com\/fr\/presse\/","og_site_name":"Convertize","article_modified_time":"2021-09-13T12:47:18+00:00","og_image":[{"width":1024,"height":826,"url":"https:\/\/www.convertize.com\/fr\/wp-content\/uploads\/2021\/09\/illustration-press-and-media-1.png","type":"image\/png"}],"twitter_card":"summary_large_image","twitter_misc":{"Dur\u00e9e de lecture estim\u00e9e":"2 minutes"},"schema":{"@context":"https:\/\/schema.org","@graph":[{"@type":"WebPage","@id":"https:\/\/www.convertize.com\/fr\/presse\/","url":"https:\/\/www.convertize.com\/fr\/presse\/","name":"Convertize Presse & M\u00e9dias - Convertize","isPartOf":{"@id":"https:\/\/www.convertize.com\/fr\/#website"},"primaryImageOfPage":{"@id":"https:\/\/www.convertize.com\/fr\/presse\/#primaryimage"},"image":{"@id":"https:\/\/www.convertize.com\/fr\/presse\/#primaryimage"},"thumbnailUrl":"https:\/\/www.convertize.com\/fr\/wp-content\/uploads\/2021\/09\/illustration-press-and-media-1.png","datePublished":"2021-09-13T12:28:19+00:00","dateModified":"2021-09-13T12:47:18+00:00","inLanguage":"fr-FR","potentialAction":[{"@type":"ReadAction","target":["https:\/\/www.convertize.com\/fr\/presse\/"]}]},{"@type":"ImageObject","inLanguage":"fr-FR","@id":"https:\/\/www.convertize.com\/fr\/presse\/#primaryimage","url":"https:\/\/www.convertize.com\/fr\/wp-content\/uploads\/2021\/09\/illustration-press-and-media-1.png","contentUrl":"https:\/\/www.convertize.com\/fr\/wp-content\/uploads\/2021\/09\/illustration-press-and-media-1.png","width":1024,"height":826},{"@type":"WebSite","@id":"https:\/\/www.convertize.com\/fr\/#website","url":"https:\/\/www.convertize.com\/fr\/","name":"Convertize","description":"May 2026","potentialAction":[{"@type":"SearchAction","target":{"@type":"EntryPoint","urlTemplate":"https:\/\/www.convertize.com\/fr\/?s={search_term_string}"},"query-input":{"@type":"PropertyValueSpecification","valueRequired":true,"valueName":"search_term_string"}}],"inLanguage":"fr-FR"}]}},"_links":{"self":[{"href":"https:\/\/www.convertize.com\/fr\/wp-json\/wp\/v2\/pages\/21723"}],"collection":[{"href":"https:\/\/www.convertize.com\/fr\/wp-json\/wp\/v2\/pages"}],"about":[{"href":"https:\/\/www.convertize.com\/fr\/wp-json\/wp\/v2\/types\/page"}],"author":[{"embeddable":true,"href":"https:\/\/www.convertize.com\/fr\/wp-json\/wp\/v2\/users\/39"}],"replies":[{"embeddable":true,"href":"https:\/\/www.convertize.com\/fr\/wp-json\/wp\/v2\/comments?post=21723"}],"version-history":[{"count":6,"href":"https:\/\/www.convertize.com\/fr\/wp-json\/wp\/v2\/pages\/21723\/revisions"}],"predecessor-version":[{"id":21730,"href":"https:\/\/www.convertize.com\/fr\/wp-json\/wp\/v2\/pages\/21723\/revisions\/21730"}],"wp:featuredmedia":[{"embeddable":true,"href":"https:\/\/www.convertize.com\/fr\/wp-json\/wp\/v2\/media\/21726"}],"wp:attachment":[{"href":"https:\/\/www.convertize.com\/fr\/wp-json\/wp\/v2\/media?parent=21723"}],"wp:term":[{"taxonomy":"category","embeddable":true,"href":"https:\/\/www.convertize.com\/fr\/wp-json\/wp\/v2\/categories?post=21723"},{"taxonomy":"post_tag","embeddable":true,"href":"https:\/\/www.convertize.com\/fr\/wp-json\/wp\/v2\/tags?post=21723"}],"curies":[{"name":"wp","href":"https:\/\/api.w.org\/{rel}","templated":true}]}}